{"id":44484,"date":"2024-11-22T20:45:52","date_gmt":"2024-11-22T19:45:52","guid":{"rendered":"https:\/\/librairie7l.com\/?post_type=product&#038;p=44484"},"modified":"2026-04-10T18:54:13","modified_gmt":"2026-04-10T16:54:13","slug":"mark-rothko-fondation-louis-vuitton-2","status":"publish","type":"product","link":"https:\/\/librairie7l.com\/en\/produit\/mark-rothko-fondation-louis-vuitton-2\/","title":{"rendered":"MARK ROTHKO &#8211; FONDATION LOUIS VUITTON"},"content":{"rendered":"<p>Vous pouvez partager un article en cliquant sur les ic\u00f4nes de partage pr\u00e9sentes sur celui-ci. La reproduction totale ou partielle d&#8217;un article publi\u00e9 sur BeauxArts.com, sans l&#8217;autorisation \u00e9crite et pr\u00e9alable de Beaux Arts &amp; Cie, est strictement interdite. Pour plus d&#8217;informations, consultez nos mentions l\u00e9gales.<\/p>\n<p>L&#8217;artiste n&#8217;avait pas eu de r\u00e9trospective depuis celle que lui a consacr\u00e9e le mus\u00e9e d&#8217;art Moderne de Paris en 1999, et jamais de cette envergure. Rothko (1903-1970) est l&#8217;un des artistes de l&#8217;\u00e9cole de New York, un cercle de peintres qui a \u00e9merg\u00e9 dans les ann\u00e9es 1940\u00a0comme une nouvelle voix collective dans l&#8217;art am\u00e9ricain. Mais en 50\u00a0ans, il cr\u00e9e une oeuvre r\u00e9solument abstraite. Ce qui semble simple est en r\u00e9alit\u00e9 complexe\u00a0: les oeuvres de Rothko n&#8217;offrent pas qu&#8217;une sensation r\u00e9tinienne mais intellectuelle, voire spirituelle. L&#8217;artiste nous invite \u00e0 plonger dans une couleur diffuse, qui peut \u00eatre oppressante, joyeuse ou mystique. Aucun de ses titres n&#8217;est figuratif, laissant le spectateur libre de son interpr\u00e9tation. Par sa peinture, il met en abyme ses questionnements sur la condition humaine apr\u00e8s la Seconde Guerre mondiale. La mort et le tragique habitent bon nombre de ses oeuvres abstraites. La po\u00e9sie et la musique sont deux sources d&#8217;inspiration importante pour Rothko, autant que la philosophie. Son oeuvre atteint son apog\u00e9e avec la Chapelle Rothko. Beaux Arts \u00c9ditions revient sur l&#8217;ensemble de la carri\u00e8re et de l&#8217;oeuvre de Rothko et donne des cl\u00e9s de lecture et d&#8217;analyse d&#8217;une oeuvre profond\u00e9ment expressive.<\/p>\n","protected":false},"excerpt":{"rendered":"<p>Vous pouvez partager un article en cliquant sur les ic\u00f4nes de partage pr\u00e9sentes sur celui-ci. La reproduction totale ou partielle d&#8217;un article publi\u00e9 sur BeauxArts.com, sans l&#8217;autorisation \u00e9crite et pr\u00e9alable de Beaux Arts &amp; Cie, est strictement interdite. Pour plus d&#8217;informations, consultez nos mentions l\u00e9gales. L&#8217;artiste n&#8217;avait pas eu de r\u00e9trospective depuis celle que lui [&hellip;]<\/p>\n","protected":false},"featured_media":44482,"template":"","meta":[],"product_cat":[7364,2948],"product_tag":[],"acf":[],"yoast_head":"<!-- This site is optimized with the Yoast SEO plugin v20.11 - https:\/\/yoast.com\/wordpress\/plugins\/seo\/ -->\n<title>Mark Rothko - Fondation Louis Vuitton - Librairie 7L<\/title>\n<meta name=\"robots\" content=\"index, follow, max-snippet:-1, max-image-preview:large, max-video-preview:-1\" \/>\n<link rel=\"canonical\" href=\"https:\/\/librairie7l.com\/en\/produit\/mark-rothko-fondation-louis-vuitton-2\/\" \/>\n<meta property=\"og:locale\" content=\"en_US\" \/>\n<meta property=\"og:type\" content=\"article\" \/>\n<meta property=\"og:title\" content=\"Mark Rothko - Fondation Louis Vuitton - Librairie 7L\" \/>\n<meta property=\"og:description\" content=\"Vous pouvez partager un article en cliquant sur les ic\u00f4nes de partage pr\u00e9sentes sur celui-ci. La reproduction totale ou partielle d&#8217;un article publi\u00e9 sur BeauxArts.com, sans l&#8217;autorisation \u00e9crite et pr\u00e9alable de Beaux Arts &amp; Cie, est strictement interdite. Pour plus d&#8217;informations, consultez nos mentions l\u00e9gales. L&#8217;artiste n&#8217;avait pas eu de r\u00e9trospective depuis celle que lui [&hellip;]\" \/>\n<meta property=\"og:url\" content=\"https:\/\/librairie7l.com\/en\/produit\/mark-rothko-fondation-louis-vuitton-2\/\" \/>\n<meta property=\"og:site_name\" content=\"Librairie 7L\" \/>\n<meta property=\"article:modified_time\" content=\"2026-04-10T16:54:13+00:00\" \/>\n<meta property=\"og:image\" content=\"https:\/\/librairie7l.com\/wp-content\/uploads\/2023\/05\/9791020408570_1_75.jpg\" \/>\n\t<meta property=\"og:image:width\" content=\"600\" \/>\n\t<meta property=\"og:image:height\" content=\"777\" \/>\n\t<meta property=\"og:image:type\" content=\"image\/jpeg\" \/>\n<meta name=\"twitter:card\" content=\"summary_large_image\" \/>\n<meta name=\"twitter:label1\" content=\"Est. reading time\" \/>\n\t<meta name=\"twitter:data1\" content=\"1 minute\" \/>\n<script type=\"application\/ld+json\" class=\"yoast-schema-graph\">{\"@context\":\"https:\/\/schema.org\",\"@graph\":[{\"@type\":\"WebPage\",\"@id\":\"https:\/\/librairie7l.com\/en\/produit\/mark-rothko-fondation-louis-vuitton-2\/\",\"url\":\"https:\/\/librairie7l.com\/en\/produit\/mark-rothko-fondation-louis-vuitton-2\/\",\"name\":\"Mark Rothko - Fondation Louis Vuitton - Librairie 7L\",\"isPartOf\":{\"@id\":\"https:\/\/librairie7l.com\/en\/#website\"},\"datePublished\":\"2024-11-22T19:45:52+00:00\",\"dateModified\":\"2026-04-10T16:54:13+00:00\",\"breadcrumb\":{\"@id\":\"https:\/\/librairie7l.com\/en\/produit\/mark-rothko-fondation-louis-vuitton-2\/#breadcrumb\"},\"inLanguage\":\"en-US\",\"potentialAction\":[{\"@type\":\"ReadAction\",\"target\":[\"https:\/\/librairie7l.com\/en\/produit\/mark-rothko-fondation-louis-vuitton-2\/\"]}]},{\"@type\":\"BreadcrumbList\",\"@id\":\"https:\/\/librairie7l.com\/en\/produit\/mark-rothko-fondation-louis-vuitton-2\/#breadcrumb\",\"itemListElement\":[{\"@type\":\"ListItem\",\"position\":1,\"name\":\"Accueil\",\"item\":\"https:\/\/librairie7l.com\/en\/\"},{\"@type\":\"ListItem\",\"position\":2,\"name\":\"Shop\",\"item\":\"https:\/\/librairie7l.com\/en\/shop\/\"},{\"@type\":\"ListItem\",\"position\":3,\"name\":\"MARK ROTHKO &#8211; FONDATION LOUIS VUITTON\"}]},{\"@type\":\"WebSite\",\"@id\":\"https:\/\/librairie7l.com\/en\/#website\",\"url\":\"https:\/\/librairie7l.com\/en\/\",\"name\":\"Librairie 7L\",\"description\":\"Librairie fond\u00e9e en 1999 par Karl Lagerfeld \u00e0 Paris\",\"publisher\":{\"@id\":\"https:\/\/librairie7l.com\/en\/#organization\"},\"potentialAction\":[{\"@type\":\"SearchAction\",\"target\":{\"@type\":\"EntryPoint\",\"urlTemplate\":\"https:\/\/librairie7l.com\/en\/?s={search_term_string}\"},\"query-input\":\"required name=search_term_string\"}],\"inLanguage\":\"en-US\"},{\"@type\":\"Organization\",\"@id\":\"https:\/\/librairie7l.com\/en\/#organization\",\"name\":\"Librairie 7L\",\"url\":\"https:\/\/librairie7l.com\/en\/\",\"logo\":{\"@type\":\"ImageObject\",\"inLanguage\":\"en-US\",\"@id\":\"https:\/\/librairie7l.com\/en\/#\/schema\/logo\/image\/\",\"url\":\"https:\/\/librairie7l.com\/wp-content\/uploads\/2022\/08\/logo-1.png\",\"contentUrl\":\"https:\/\/librairie7l.com\/wp-content\/uploads\/2022\/08\/logo-1.png\",\"width\":227,\"height\":301,\"caption\":\"Librairie 7L\"},\"image\":{\"@id\":\"https:\/\/librairie7l.com\/en\/#\/schema\/logo\/image\/\"}}]}<\/script>\n<!-- \/ Yoast SEO plugin. -->","yoast_head_json":{"title":"Mark Rothko - Fondation Louis Vuitton - Librairie 7L","robots":{"index":"index","follow":"follow","max-snippet":"max-snippet:-1","max-image-preview":"max-image-preview:large","max-video-preview":"max-video-preview:-1"},"canonical":"https:\/\/librairie7l.com\/en\/produit\/mark-rothko-fondation-louis-vuitton-2\/","og_locale":"en_US","og_type":"article","og_title":"Mark Rothko - Fondation Louis Vuitton - Librairie 7L","og_description":"Vous pouvez partager un article en cliquant sur les ic\u00f4nes de partage pr\u00e9sentes sur celui-ci. La reproduction totale ou partielle d&#8217;un article publi\u00e9 sur BeauxArts.com, sans l&#8217;autorisation \u00e9crite et pr\u00e9alable de Beaux Arts &amp; Cie, est strictement interdite. Pour plus d&#8217;informations, consultez nos mentions l\u00e9gales. L&#8217;artiste n&#8217;avait pas eu de r\u00e9trospective depuis celle que lui [&hellip;]","og_url":"https:\/\/librairie7l.com\/en\/produit\/mark-rothko-fondation-louis-vuitton-2\/","og_site_name":"Librairie 7L","article_modified_time":"2026-04-10T16:54:13+00:00","og_image":[{"width":600,"height":777,"url":"https:\/\/librairie7l.com\/wp-content\/uploads\/2023\/05\/9791020408570_1_75.jpg","type":"image\/jpeg"}],"twitter_card":"summary_large_image","twitter_misc":{"Est. reading time":"1 minute"},"schema":{"@context":"https:\/\/schema.org","@graph":[{"@type":"WebPage","@id":"https:\/\/librairie7l.com\/en\/produit\/mark-rothko-fondation-louis-vuitton-2\/","url":"https:\/\/librairie7l.com\/en\/produit\/mark-rothko-fondation-louis-vuitton-2\/","name":"Mark Rothko - Fondation Louis Vuitton - Librairie 7L","isPartOf":{"@id":"https:\/\/librairie7l.com\/en\/#website"},"datePublished":"2024-11-22T19:45:52+00:00","dateModified":"2026-04-10T16:54:13+00:00","breadcrumb":{"@id":"https:\/\/librairie7l.com\/en\/produit\/mark-rothko-fondation-louis-vuitton-2\/#breadcrumb"},"inLanguage":"en-US","potentialAction":[{"@type":"ReadAction","target":["https:\/\/librairie7l.com\/en\/produit\/mark-rothko-fondation-louis-vuitton-2\/"]}]},{"@type":"BreadcrumbList","@id":"https:\/\/librairie7l.com\/en\/produit\/mark-rothko-fondation-louis-vuitton-2\/#breadcrumb","itemListElement":[{"@type":"ListItem","position":1,"name":"Accueil","item":"https:\/\/librairie7l.com\/en\/"},{"@type":"ListItem","position":2,"name":"Shop","item":"https:\/\/librairie7l.com\/en\/shop\/"},{"@type":"ListItem","position":3,"name":"MARK ROTHKO &#8211; FONDATION LOUIS VUITTON"}]},{"@type":"WebSite","@id":"https:\/\/librairie7l.com\/en\/#website","url":"https:\/\/librairie7l.com\/en\/","name":"Librairie 7L","description":"Librairie fond\u00e9e en 1999 par Karl Lagerfeld \u00e0 Paris","publisher":{"@id":"https:\/\/librairie7l.com\/en\/#organization"},"potentialAction":[{"@type":"SearchAction","target":{"@type":"EntryPoint","urlTemplate":"https:\/\/librairie7l.com\/en\/?s={search_term_string}"},"query-input":"required name=search_term_string"}],"inLanguage":"en-US"},{"@type":"Organization","@id":"https:\/\/librairie7l.com\/en\/#organization","name":"Librairie 7L","url":"https:\/\/librairie7l.com\/en\/","logo":{"@type":"ImageObject","inLanguage":"en-US","@id":"https:\/\/librairie7l.com\/en\/#\/schema\/logo\/image\/","url":"https:\/\/librairie7l.com\/wp-content\/uploads\/2022\/08\/logo-1.png","contentUrl":"https:\/\/librairie7l.com\/wp-content\/uploads\/2022\/08\/logo-1.png","width":227,"height":301,"caption":"Librairie 7L"},"image":{"@id":"https:\/\/librairie7l.com\/en\/#\/schema\/logo\/image\/"}}]}},"_links":{"self":[{"href":"https:\/\/librairie7l.com\/en\/wp-json\/wp\/v2\/product\/44484"}],"collection":[{"href":"https:\/\/librairie7l.com\/en\/wp-json\/wp\/v2\/product"}],"about":[{"href":"https:\/\/librairie7l.com\/en\/wp-json\/wp\/v2\/types\/product"}],"wp:featuredmedia":[{"embeddable":true,"href":"https:\/\/librairie7l.com\/en\/wp-json\/wp\/v2\/media\/44482"}],"wp:attachment":[{"href":"https:\/\/librairie7l.com\/en\/wp-json\/wp\/v2\/media?parent=44484"}],"wp:term":[{"taxonomy":"product_cat","embeddable":true,"href":"https:\/\/librairie7l.com\/en\/wp-json\/wp\/v2\/product_cat?post=44484"},{"taxonomy":"product_tag","embeddable":true,"href":"https:\/\/librairie7l.com\/en\/wp-json\/wp\/v2\/product_tag?post=44484"}],"curies":[{"name":"wp","href":"https:\/\/api.w.org\/{rel}","templated":true}]}}