{"id":44505,"date":"2024-11-23T17:46:39","date_gmt":"2024-11-23T16:46:39","guid":{"rendered":"https:\/\/librairie7l.com\/?post_type=product&#038;p=44505"},"modified":"2026-04-10T18:42:05","modified_gmt":"2026-04-10T16:42:05","slug":"au-dela-de-la-perse-et-de-larmenie-lorient-latin-et-la-decouverte-de-lasie-interieure-2","status":"publish","type":"product","link":"https:\/\/librairie7l.com\/en\/produit\/au-dela-de-la-perse-et-de-larmenie-lorient-latin-et-la-decouverte-de-lasie-interieure-2\/","title":{"rendered":"AU-DEL\u00c0 DE LA PERSE ET DE L&#8217;ARM\u00c9NIE ; L&#8217;ORIENT LATIN ET LA D\u00c9COUVERTE DE L&#8217;ASIE INT\u00c9RIEURE"},"content":{"rendered":"<p>En 1145, les \u00e9tats latins d&#8217;Orient fond\u00e9s par la croisade viennent d&#8217;\u00eatre \u00e9prouv\u00e9s par la perte d&#8217;Edesse quand ils apprennent, de source vraisemblablement chr\u00e9tienne la victoire remport\u00e9e par un roi chr\u00e9tien, le Pr\u00eatre Jean, sur un sultan musulman d&#8217;Asie centrale.<br \/>\nMoins de quatre-vingts ans plus tard, c&#8217;est \u00e9galement un texte \u00e9manant des chr\u00e9tiens orientaux qui leur annonce l&#8217;arriv\u00e9e des Mongols, pr\u00e9sent\u00e9s \u00e0 nouveau comme les sujets d&#8217;un roi chr\u00e9tien, David, anim\u00e9 du d\u00e9sir de leur porter secours. Lorsque la pr\u00e9sence mongole se pr\u00e9cise aux confins de la Perse et de l&#8217;Arm\u00e9nie, s&#8217;ouvre une p\u00e9riode o\u00f9 l&#8217;on recherche informations et contacts; les ambassadeurs envoy\u00e9s par le pape Innocent IV rapportent des donn\u00e9es sur les envahisseurs et le monde o\u00f9 ils se situent: orales chez Andr\u00e9 de Longjumeau, elles prennent chez Simon de Saint-Quentin la forme d&#8217;une &#8220;Histoire des Tartares&#8221; beaucoup plus compl\u00e8te, qui a trouv\u00e9 place dans l&#8217;encyclop\u00e9die de Vincent de Beauvais \u00e0 c\u00f4t\u00e9 d&#8217;une lettre \u00e9crite de Samarkand par le conn\u00e9table arm\u00e9nien Smbat.<br \/>\nLes Mongols \u00e9crivent \u00e0 Saint Louis au moment de sa croisade: ce sont leur conseiller, le moine Sim\u00e9on, le gouverneur de Perse Eljigide\u00ef, puis le khan H\u00fcleg\u00fc lui-m\u00eame qui, en 1262, offre son alliance militaire au roi de France, alliance qui se maintiendra pendant un demi-si\u00e8cle. Tout ceci se situe au moment o\u00f9 va s&#8217;ouvrir ce monde oriental rest\u00e9 longtemps inconnu. Les missionnaires, dont l&#8217;un, David d&#8217;Ashby, avait d\u00e9crit les moeurs des Tartares, et les marchands vont d\u00e9sormais s&#8217;aventurer sur ces routes nouvelles, ouvrant ainsi l&#8217;\u00e8re des grandes d\u00e9couvertes.<\/p>\n","protected":false},"excerpt":{"rendered":"<p>En 1145, les \u00e9tats latins d&#8217;Orient fond\u00e9s par la croisade viennent d&#8217;\u00eatre \u00e9prouv\u00e9s par la perte d&#8217;Edesse quand ils apprennent, de source vraisemblablement chr\u00e9tienne la victoire remport\u00e9e par un roi chr\u00e9tien, le Pr\u00eatre Jean, sur un sultan musulman d&#8217;Asie centrale. Moins de quatre-vingts ans plus tard, c&#8217;est \u00e9galement un texte \u00e9manant des chr\u00e9tiens orientaux qui [&hellip;]<\/p>\n","protected":false},"featured_media":44503,"template":"","meta":[],"product_cat":[7364,2948],"product_tag":[],"acf":[],"yoast_head":"<!-- This site is optimized with the Yoast SEO plugin v20.11 - https:\/\/yoast.com\/wordpress\/plugins\/seo\/ -->\n<title>Au-del\u00e0 de la Perse et de l&#039;Arm\u00e9nie ; l&#039;Orient latin et la d\u00e9couverte de l&#039;Asie int\u00e9rieure - Librairie 7L<\/title>\n<meta name=\"robots\" content=\"index, follow, max-snippet:-1, max-image-preview:large, max-video-preview:-1\" \/>\n<link rel=\"canonical\" href=\"https:\/\/librairie7l.com\/en\/produit\/au-dela-de-la-perse-et-de-larmenie-lorient-latin-et-la-decouverte-de-lasie-interieure-2\/\" \/>\n<meta property=\"og:locale\" content=\"en_US\" \/>\n<meta property=\"og:type\" content=\"article\" \/>\n<meta property=\"og:title\" content=\"Au-del\u00e0 de la Perse et de l&#039;Arm\u00e9nie ; l&#039;Orient latin et la d\u00e9couverte de l&#039;Asie int\u00e9rieure - Librairie 7L\" \/>\n<meta property=\"og:description\" content=\"En 1145, les \u00e9tats latins d&#8217;Orient fond\u00e9s par la croisade viennent d&#8217;\u00eatre \u00e9prouv\u00e9s par la perte d&#8217;Edesse quand ils apprennent, de source vraisemblablement chr\u00e9tienne la victoire remport\u00e9e par un roi chr\u00e9tien, le Pr\u00eatre Jean, sur un sultan musulman d&#8217;Asie centrale. Moins de quatre-vingts ans plus tard, c&#8217;est \u00e9galement un texte \u00e9manant des chr\u00e9tiens orientaux qui [&hellip;]\" \/>\n<meta property=\"og:url\" content=\"https:\/\/librairie7l.com\/en\/produit\/au-dela-de-la-perse-et-de-larmenie-lorient-latin-et-la-decouverte-de-lasie-interieure-2\/\" \/>\n<meta property=\"og:site_name\" content=\"Librairie 7L\" \/>\n<meta property=\"article:modified_time\" content=\"2026-04-10T16:42:05+00:00\" \/>\n<meta property=\"og:image\" content=\"https:\/\/librairie7l.com\/wp-content\/uploads\/2004\/07\/9782503517124_1_75.jpg\" \/>\n\t<meta property=\"og:image:width\" content=\"381\" \/>\n\t<meta property=\"og:image:height\" content=\"582\" \/>\n\t<meta property=\"og:image:type\" content=\"image\/jpeg\" \/>\n<meta name=\"twitter:card\" content=\"summary_large_image\" \/>\n<meta name=\"twitter:label1\" content=\"Est. reading time\" \/>\n\t<meta name=\"twitter:data1\" content=\"1 minute\" \/>\n<script type=\"application\/ld+json\" class=\"yoast-schema-graph\">{\"@context\":\"https:\/\/schema.org\",\"@graph\":[{\"@type\":\"WebPage\",\"@id\":\"https:\/\/librairie7l.com\/en\/produit\/au-dela-de-la-perse-et-de-larmenie-lorient-latin-et-la-decouverte-de-lasie-interieure-2\/\",\"url\":\"https:\/\/librairie7l.com\/en\/produit\/au-dela-de-la-perse-et-de-larmenie-lorient-latin-et-la-decouverte-de-lasie-interieure-2\/\",\"name\":\"Au-del\u00e0 de la Perse et de l'Arm\u00e9nie ; l'Orient latin et la d\u00e9couverte de l'Asie int\u00e9rieure - Librairie 7L\",\"isPartOf\":{\"@id\":\"https:\/\/librairie7l.com\/en\/#website\"},\"datePublished\":\"2024-11-23T16:46:39+00:00\",\"dateModified\":\"2026-04-10T16:42:05+00:00\",\"breadcrumb\":{\"@id\":\"https:\/\/librairie7l.com\/en\/produit\/au-dela-de-la-perse-et-de-larmenie-lorient-latin-et-la-decouverte-de-lasie-interieure-2\/#breadcrumb\"},\"inLanguage\":\"en-US\",\"potentialAction\":[{\"@type\":\"ReadAction\",\"target\":[\"https:\/\/librairie7l.com\/en\/produit\/au-dela-de-la-perse-et-de-larmenie-lorient-latin-et-la-decouverte-de-lasie-interieure-2\/\"]}]},{\"@type\":\"BreadcrumbList\",\"@id\":\"https:\/\/librairie7l.com\/en\/produit\/au-dela-de-la-perse-et-de-larmenie-lorient-latin-et-la-decouverte-de-lasie-interieure-2\/#breadcrumb\",\"itemListElement\":[{\"@type\":\"ListItem\",\"position\":1,\"name\":\"Accueil\",\"item\":\"https:\/\/librairie7l.com\/en\/\"},{\"@type\":\"ListItem\",\"position\":2,\"name\":\"Shop\",\"item\":\"https:\/\/librairie7l.com\/en\/shop\/\"},{\"@type\":\"ListItem\",\"position\":3,\"name\":\"AU-DEL\u00c0 DE LA PERSE ET DE L&#8217;ARM\u00c9NIE ; L&#8217;ORIENT LATIN ET LA D\u00c9COUVERTE DE L&#8217;ASIE INT\u00c9RIEURE\"}]},{\"@type\":\"WebSite\",\"@id\":\"https:\/\/librairie7l.com\/en\/#website\",\"url\":\"https:\/\/librairie7l.com\/en\/\",\"name\":\"Librairie 7L\",\"description\":\"Librairie fond\u00e9e en 1999 par Karl Lagerfeld \u00e0 Paris\",\"publisher\":{\"@id\":\"https:\/\/librairie7l.com\/en\/#organization\"},\"potentialAction\":[{\"@type\":\"SearchAction\",\"target\":{\"@type\":\"EntryPoint\",\"urlTemplate\":\"https:\/\/librairie7l.com\/en\/?s={search_term_string}\"},\"query-input\":\"required name=search_term_string\"}],\"inLanguage\":\"en-US\"},{\"@type\":\"Organization\",\"@id\":\"https:\/\/librairie7l.com\/en\/#organization\",\"name\":\"Librairie 7L\",\"url\":\"https:\/\/librairie7l.com\/en\/\",\"logo\":{\"@type\":\"ImageObject\",\"inLanguage\":\"en-US\",\"@id\":\"https:\/\/librairie7l.com\/en\/#\/schema\/logo\/image\/\",\"url\":\"https:\/\/librairie7l.com\/wp-content\/uploads\/2022\/08\/logo-1.png\",\"contentUrl\":\"https:\/\/librairie7l.com\/wp-content\/uploads\/2022\/08\/logo-1.png\",\"width\":227,\"height\":301,\"caption\":\"Librairie 7L\"},\"image\":{\"@id\":\"https:\/\/librairie7l.com\/en\/#\/schema\/logo\/image\/\"}}]}<\/script>\n<!-- \/ Yoast SEO plugin. -->","yoast_head_json":{"title":"Au-del\u00e0 de la Perse et de l'Arm\u00e9nie ; l'Orient latin et la d\u00e9couverte de l'Asie int\u00e9rieure - Librairie 7L","robots":{"index":"index","follow":"follow","max-snippet":"max-snippet:-1","max-image-preview":"max-image-preview:large","max-video-preview":"max-video-preview:-1"},"canonical":"https:\/\/librairie7l.com\/en\/produit\/au-dela-de-la-perse-et-de-larmenie-lorient-latin-et-la-decouverte-de-lasie-interieure-2\/","og_locale":"en_US","og_type":"article","og_title":"Au-del\u00e0 de la Perse et de l'Arm\u00e9nie ; l'Orient latin et la d\u00e9couverte de l'Asie int\u00e9rieure - Librairie 7L","og_description":"En 1145, les \u00e9tats latins d&#8217;Orient fond\u00e9s par la croisade viennent d&#8217;\u00eatre \u00e9prouv\u00e9s par la perte d&#8217;Edesse quand ils apprennent, de source vraisemblablement chr\u00e9tienne la victoire remport\u00e9e par un roi chr\u00e9tien, le Pr\u00eatre Jean, sur un sultan musulman d&#8217;Asie centrale. Moins de quatre-vingts ans plus tard, c&#8217;est \u00e9galement un texte \u00e9manant des chr\u00e9tiens orientaux qui [&hellip;]","og_url":"https:\/\/librairie7l.com\/en\/produit\/au-dela-de-la-perse-et-de-larmenie-lorient-latin-et-la-decouverte-de-lasie-interieure-2\/","og_site_name":"Librairie 7L","article_modified_time":"2026-04-10T16:42:05+00:00","og_image":[{"width":381,"height":582,"url":"https:\/\/librairie7l.com\/wp-content\/uploads\/2004\/07\/9782503517124_1_75.jpg","type":"image\/jpeg"}],"twitter_card":"summary_large_image","twitter_misc":{"Est. reading time":"1 minute"},"schema":{"@context":"https:\/\/schema.org","@graph":[{"@type":"WebPage","@id":"https:\/\/librairie7l.com\/en\/produit\/au-dela-de-la-perse-et-de-larmenie-lorient-latin-et-la-decouverte-de-lasie-interieure-2\/","url":"https:\/\/librairie7l.com\/en\/produit\/au-dela-de-la-perse-et-de-larmenie-lorient-latin-et-la-decouverte-de-lasie-interieure-2\/","name":"Au-del\u00e0 de la Perse et de l'Arm\u00e9nie ; l'Orient latin et la d\u00e9couverte de l'Asie int\u00e9rieure - Librairie 7L","isPartOf":{"@id":"https:\/\/librairie7l.com\/en\/#website"},"datePublished":"2024-11-23T16:46:39+00:00","dateModified":"2026-04-10T16:42:05+00:00","breadcrumb":{"@id":"https:\/\/librairie7l.com\/en\/produit\/au-dela-de-la-perse-et-de-larmenie-lorient-latin-et-la-decouverte-de-lasie-interieure-2\/#breadcrumb"},"inLanguage":"en-US","potentialAction":[{"@type":"ReadAction","target":["https:\/\/librairie7l.com\/en\/produit\/au-dela-de-la-perse-et-de-larmenie-lorient-latin-et-la-decouverte-de-lasie-interieure-2\/"]}]},{"@type":"BreadcrumbList","@id":"https:\/\/librairie7l.com\/en\/produit\/au-dela-de-la-perse-et-de-larmenie-lorient-latin-et-la-decouverte-de-lasie-interieure-2\/#breadcrumb","itemListElement":[{"@type":"ListItem","position":1,"name":"Accueil","item":"https:\/\/librairie7l.com\/en\/"},{"@type":"ListItem","position":2,"name":"Shop","item":"https:\/\/librairie7l.com\/en\/shop\/"},{"@type":"ListItem","position":3,"name":"AU-DEL\u00c0 DE LA PERSE ET DE L&#8217;ARM\u00c9NIE ; L&#8217;ORIENT LATIN ET LA D\u00c9COUVERTE DE L&#8217;ASIE INT\u00c9RIEURE"}]},{"@type":"WebSite","@id":"https:\/\/librairie7l.com\/en\/#website","url":"https:\/\/librairie7l.com\/en\/","name":"Librairie 7L","description":"Librairie fond\u00e9e en 1999 par Karl Lagerfeld \u00e0 Paris","publisher":{"@id":"https:\/\/librairie7l.com\/en\/#organization"},"potentialAction":[{"@type":"SearchAction","target":{"@type":"EntryPoint","urlTemplate":"https:\/\/librairie7l.com\/en\/?s={search_term_string}"},"query-input":"required name=search_term_string"}],"inLanguage":"en-US"},{"@type":"Organization","@id":"https:\/\/librairie7l.com\/en\/#organization","name":"Librairie 7L","url":"https:\/\/librairie7l.com\/en\/","logo":{"@type":"ImageObject","inLanguage":"en-US","@id":"https:\/\/librairie7l.com\/en\/#\/schema\/logo\/image\/","url":"https:\/\/librairie7l.com\/wp-content\/uploads\/2022\/08\/logo-1.png","contentUrl":"https:\/\/librairie7l.com\/wp-content\/uploads\/2022\/08\/logo-1.png","width":227,"height":301,"caption":"Librairie 7L"},"image":{"@id":"https:\/\/librairie7l.com\/en\/#\/schema\/logo\/image\/"}}]}},"_links":{"self":[{"href":"https:\/\/librairie7l.com\/en\/wp-json\/wp\/v2\/product\/44505"}],"collection":[{"href":"https:\/\/librairie7l.com\/en\/wp-json\/wp\/v2\/product"}],"about":[{"href":"https:\/\/librairie7l.com\/en\/wp-json\/wp\/v2\/types\/product"}],"wp:featuredmedia":[{"embeddable":true,"href":"https:\/\/librairie7l.com\/en\/wp-json\/wp\/v2\/media\/44503"}],"wp:attachment":[{"href":"https:\/\/librairie7l.com\/en\/wp-json\/wp\/v2\/media?parent=44505"}],"wp:term":[{"taxonomy":"product_cat","embeddable":true,"href":"https:\/\/librairie7l.com\/en\/wp-json\/wp\/v2\/product_cat?post=44505"},{"taxonomy":"product_tag","embeddable":true,"href":"https:\/\/librairie7l.com\/en\/wp-json\/wp\/v2\/product_tag?post=44505"}],"curies":[{"name":"wp","href":"https:\/\/api.w.org\/{rel}","templated":true}]}}