{"id":44530,"date":"2024-11-26T20:47:28","date_gmt":"2024-11-26T19:47:28","guid":{"rendered":"https:\/\/librairie7l.com\/?post_type=product&#038;p=44530"},"modified":"2026-05-02T12:05:55","modified_gmt":"2026-05-02T10:05:55","slug":"le-paul-bert-les-recettes-cultes-dun-vrai-bistrot-parisien-2","status":"publish","type":"product","link":"https:\/\/librairie7l.com\/en\/produit\/le-paul-bert-les-recettes-cultes-dun-vrai-bistrot-parisien-2\/","title":{"rendered":"LE PAUL BERT : LES RECETTES CULTES D&#8217;UN VRAI BISTROT PARISIEN"},"content":{"rendered":"<p>Le Paul Bert<br \/>\n\u00ab Ce livre est un peu la carte d&#8217;identit\u00e9 du Bistrot Paul Bert. Il tente d&#8217;expliquer comment d&#8217;un projet au d\u00e9part strictement professionnel nous sommes arriv\u00e9s, Gwen et moi, \u00e0 en faire un lieu si particulier.<br \/>\nNotre \u00e9tablissement est devenu au fil des ann\u00e9es une sorte de r\u00e9f\u00e9rence dans le milieu de la restauration. La chance nous a souri, nous \u00e9tions au bon endroit au bon moment et nous avons souvent crois\u00e9 les bonnes personnes.<br \/>\nMerci \u00e0 eux. \u00bb<\/p>\n","protected":false},"excerpt":{"rendered":"<p>Le Paul Bert \u00ab Ce livre est un peu la carte d&#8217;identit\u00e9 du Bistrot Paul Bert. Il tente d&#8217;expliquer comment d&#8217;un projet au d\u00e9part strictement professionnel nous sommes arriv\u00e9s, Gwen et moi, \u00e0 en faire un lieu si particulier. Notre \u00e9tablissement est devenu au fil des ann\u00e9es une sorte de r\u00e9f\u00e9rence dans le milieu de [&hellip;]<\/p>\n","protected":false},"featured_media":44528,"template":"","meta":[],"product_cat":[7364,2948],"product_tag":[],"acf":[],"yoast_head":"<!-- This site is optimized with the Yoast SEO plugin v20.11 - https:\/\/yoast.com\/wordpress\/plugins\/seo\/ -->\n<title>Le Paul Bert : Les recettes cultes d&#039;un vrai bistrot parisien - Librairie 7L<\/title>\n<meta name=\"robots\" content=\"index, follow, max-snippet:-1, max-image-preview:large, max-video-preview:-1\" \/>\n<link rel=\"canonical\" href=\"https:\/\/librairie7l.com\/en\/produit\/le-paul-bert-les-recettes-cultes-dun-vrai-bistrot-parisien-2\/\" \/>\n<meta property=\"og:locale\" content=\"en_US\" \/>\n<meta property=\"og:type\" content=\"article\" \/>\n<meta property=\"og:title\" content=\"Le Paul Bert : Les recettes cultes d&#039;un vrai bistrot parisien - Librairie 7L\" \/>\n<meta property=\"og:description\" content=\"Le Paul Bert \u00ab Ce livre est un peu la carte d&#8217;identit\u00e9 du Bistrot Paul Bert. Il tente d&#8217;expliquer comment d&#8217;un projet au d\u00e9part strictement professionnel nous sommes arriv\u00e9s, Gwen et moi, \u00e0 en faire un lieu si particulier. Notre \u00e9tablissement est devenu au fil des ann\u00e9es une sorte de r\u00e9f\u00e9rence dans le milieu de [&hellip;]\" \/>\n<meta property=\"og:url\" content=\"https:\/\/librairie7l.com\/en\/produit\/le-paul-bert-les-recettes-cultes-dun-vrai-bistrot-parisien-2\/\" \/>\n<meta property=\"og:site_name\" content=\"Librairie 7L\" \/>\n<meta property=\"article:modified_time\" content=\"2026-05-02T10:05:55+00:00\" \/>\n<meta property=\"og:image\" content=\"https:\/\/librairie7l.com\/wp-content\/uploads\/2024\/06\/9782017266211_1_75.jpg\" \/>\n\t<meta property=\"og:image:width\" content=\"600\" \/>\n\t<meta property=\"og:image:height\" content=\"822\" \/>\n\t<meta property=\"og:image:type\" content=\"image\/jpeg\" \/>\n<meta name=\"twitter:card\" content=\"summary_large_image\" \/>\n<script type=\"application\/ld+json\" class=\"yoast-schema-graph\">{\"@context\":\"https:\/\/schema.org\",\"@graph\":[{\"@type\":\"WebPage\",\"@id\":\"https:\/\/librairie7l.com\/en\/produit\/le-paul-bert-les-recettes-cultes-dun-vrai-bistrot-parisien-2\/\",\"url\":\"https:\/\/librairie7l.com\/en\/produit\/le-paul-bert-les-recettes-cultes-dun-vrai-bistrot-parisien-2\/\",\"name\":\"Le Paul Bert : Les recettes cultes d'un vrai bistrot parisien - Librairie 7L\",\"isPartOf\":{\"@id\":\"https:\/\/librairie7l.com\/en\/#website\"},\"datePublished\":\"2024-11-26T19:47:28+00:00\",\"dateModified\":\"2026-05-02T10:05:55+00:00\",\"breadcrumb\":{\"@id\":\"https:\/\/librairie7l.com\/en\/produit\/le-paul-bert-les-recettes-cultes-dun-vrai-bistrot-parisien-2\/#breadcrumb\"},\"inLanguage\":\"en-US\",\"potentialAction\":[{\"@type\":\"ReadAction\",\"target\":[\"https:\/\/librairie7l.com\/en\/produit\/le-paul-bert-les-recettes-cultes-dun-vrai-bistrot-parisien-2\/\"]}]},{\"@type\":\"BreadcrumbList\",\"@id\":\"https:\/\/librairie7l.com\/en\/produit\/le-paul-bert-les-recettes-cultes-dun-vrai-bistrot-parisien-2\/#breadcrumb\",\"itemListElement\":[{\"@type\":\"ListItem\",\"position\":1,\"name\":\"Accueil\",\"item\":\"https:\/\/librairie7l.com\/en\/\"},{\"@type\":\"ListItem\",\"position\":2,\"name\":\"Shop\",\"item\":\"https:\/\/librairie7l.com\/en\/shop\/\"},{\"@type\":\"ListItem\",\"position\":3,\"name\":\"LE PAUL BERT : LES RECETTES CULTES D&#8217;UN VRAI BISTROT PARISIEN\"}]},{\"@type\":\"WebSite\",\"@id\":\"https:\/\/librairie7l.com\/en\/#website\",\"url\":\"https:\/\/librairie7l.com\/en\/\",\"name\":\"Librairie 7L\",\"description\":\"Librairie fond\u00e9e en 1999 par Karl Lagerfeld \u00e0 Paris\",\"publisher\":{\"@id\":\"https:\/\/librairie7l.com\/en\/#organization\"},\"potentialAction\":[{\"@type\":\"SearchAction\",\"target\":{\"@type\":\"EntryPoint\",\"urlTemplate\":\"https:\/\/librairie7l.com\/en\/?s={search_term_string}\"},\"query-input\":\"required name=search_term_string\"}],\"inLanguage\":\"en-US\"},{\"@type\":\"Organization\",\"@id\":\"https:\/\/librairie7l.com\/en\/#organization\",\"name\":\"Librairie 7L\",\"url\":\"https:\/\/librairie7l.com\/en\/\",\"logo\":{\"@type\":\"ImageObject\",\"inLanguage\":\"en-US\",\"@id\":\"https:\/\/librairie7l.com\/en\/#\/schema\/logo\/image\/\",\"url\":\"https:\/\/librairie7l.com\/wp-content\/uploads\/2022\/08\/logo-1.png\",\"contentUrl\":\"https:\/\/librairie7l.com\/wp-content\/uploads\/2022\/08\/logo-1.png\",\"width\":227,\"height\":301,\"caption\":\"Librairie 7L\"},\"image\":{\"@id\":\"https:\/\/librairie7l.com\/en\/#\/schema\/logo\/image\/\"}}]}<\/script>\n<!-- \/ Yoast SEO plugin. -->","yoast_head_json":{"title":"Le Paul Bert : Les recettes cultes d'un vrai bistrot parisien - Librairie 7L","robots":{"index":"index","follow":"follow","max-snippet":"max-snippet:-1","max-image-preview":"max-image-preview:large","max-video-preview":"max-video-preview:-1"},"canonical":"https:\/\/librairie7l.com\/en\/produit\/le-paul-bert-les-recettes-cultes-dun-vrai-bistrot-parisien-2\/","og_locale":"en_US","og_type":"article","og_title":"Le Paul Bert : Les recettes cultes d'un vrai bistrot parisien - Librairie 7L","og_description":"Le Paul Bert \u00ab Ce livre est un peu la carte d&#8217;identit\u00e9 du Bistrot Paul Bert. Il tente d&#8217;expliquer comment d&#8217;un projet au d\u00e9part strictement professionnel nous sommes arriv\u00e9s, Gwen et moi, \u00e0 en faire un lieu si particulier. Notre \u00e9tablissement est devenu au fil des ann\u00e9es une sorte de r\u00e9f\u00e9rence dans le milieu de [&hellip;]","og_url":"https:\/\/librairie7l.com\/en\/produit\/le-paul-bert-les-recettes-cultes-dun-vrai-bistrot-parisien-2\/","og_site_name":"Librairie 7L","article_modified_time":"2026-05-02T10:05:55+00:00","og_image":[{"width":600,"height":822,"url":"https:\/\/librairie7l.com\/wp-content\/uploads\/2024\/06\/9782017266211_1_75.jpg","type":"image\/jpeg"}],"twitter_card":"summary_large_image","schema":{"@context":"https:\/\/schema.org","@graph":[{"@type":"WebPage","@id":"https:\/\/librairie7l.com\/en\/produit\/le-paul-bert-les-recettes-cultes-dun-vrai-bistrot-parisien-2\/","url":"https:\/\/librairie7l.com\/en\/produit\/le-paul-bert-les-recettes-cultes-dun-vrai-bistrot-parisien-2\/","name":"Le Paul Bert : Les recettes cultes d'un vrai bistrot parisien - Librairie 7L","isPartOf":{"@id":"https:\/\/librairie7l.com\/en\/#website"},"datePublished":"2024-11-26T19:47:28+00:00","dateModified":"2026-05-02T10:05:55+00:00","breadcrumb":{"@id":"https:\/\/librairie7l.com\/en\/produit\/le-paul-bert-les-recettes-cultes-dun-vrai-bistrot-parisien-2\/#breadcrumb"},"inLanguage":"en-US","potentialAction":[{"@type":"ReadAction","target":["https:\/\/librairie7l.com\/en\/produit\/le-paul-bert-les-recettes-cultes-dun-vrai-bistrot-parisien-2\/"]}]},{"@type":"BreadcrumbList","@id":"https:\/\/librairie7l.com\/en\/produit\/le-paul-bert-les-recettes-cultes-dun-vrai-bistrot-parisien-2\/#breadcrumb","itemListElement":[{"@type":"ListItem","position":1,"name":"Accueil","item":"https:\/\/librairie7l.com\/en\/"},{"@type":"ListItem","position":2,"name":"Shop","item":"https:\/\/librairie7l.com\/en\/shop\/"},{"@type":"ListItem","position":3,"name":"LE PAUL BERT : LES RECETTES CULTES D&#8217;UN VRAI BISTROT PARISIEN"}]},{"@type":"WebSite","@id":"https:\/\/librairie7l.com\/en\/#website","url":"https:\/\/librairie7l.com\/en\/","name":"Librairie 7L","description":"Librairie fond\u00e9e en 1999 par Karl Lagerfeld \u00e0 Paris","publisher":{"@id":"https:\/\/librairie7l.com\/en\/#organization"},"potentialAction":[{"@type":"SearchAction","target":{"@type":"EntryPoint","urlTemplate":"https:\/\/librairie7l.com\/en\/?s={search_term_string}"},"query-input":"required name=search_term_string"}],"inLanguage":"en-US"},{"@type":"Organization","@id":"https:\/\/librairie7l.com\/en\/#organization","name":"Librairie 7L","url":"https:\/\/librairie7l.com\/en\/","logo":{"@type":"ImageObject","inLanguage":"en-US","@id":"https:\/\/librairie7l.com\/en\/#\/schema\/logo\/image\/","url":"https:\/\/librairie7l.com\/wp-content\/uploads\/2022\/08\/logo-1.png","contentUrl":"https:\/\/librairie7l.com\/wp-content\/uploads\/2022\/08\/logo-1.png","width":227,"height":301,"caption":"Librairie 7L"},"image":{"@id":"https:\/\/librairie7l.com\/en\/#\/schema\/logo\/image\/"}}]}},"_links":{"self":[{"href":"https:\/\/librairie7l.com\/en\/wp-json\/wp\/v2\/product\/44530"}],"collection":[{"href":"https:\/\/librairie7l.com\/en\/wp-json\/wp\/v2\/product"}],"about":[{"href":"https:\/\/librairie7l.com\/en\/wp-json\/wp\/v2\/types\/product"}],"wp:featuredmedia":[{"embeddable":true,"href":"https:\/\/librairie7l.com\/en\/wp-json\/wp\/v2\/media\/44528"}],"wp:attachment":[{"href":"https:\/\/librairie7l.com\/en\/wp-json\/wp\/v2\/media?parent=44530"}],"wp:term":[{"taxonomy":"product_cat","embeddable":true,"href":"https:\/\/librairie7l.com\/en\/wp-json\/wp\/v2\/product_cat?post=44530"},{"taxonomy":"product_tag","embeddable":true,"href":"https:\/\/librairie7l.com\/en\/wp-json\/wp\/v2\/product_tag?post=44530"}],"curies":[{"name":"wp","href":"https:\/\/api.w.org\/{rel}","templated":true}]}}