{"id":44554,"date":"2024-11-27T09:17:56","date_gmt":"2024-11-27T08:17:56","guid":{"rendered":"https:\/\/librairie7l.com\/?post_type=product&#038;p=44554"},"modified":"2026-04-10T20:39:47","modified_gmt":"2026-04-10T18:39:47","slug":"iris-clert-singulierement-galeriste-2","status":"publish","type":"product","link":"https:\/\/librairie7l.com\/en\/produit\/iris-clert-singulierement-galeriste-2\/","title":{"rendered":"IRIS CLERT : SINGULI\u00c8REMENT GALERISTE"},"content":{"rendered":"<p>La post\u00e9rit\u00e9 d&#8217;Iris Clert repose sur la place consid\u00e9rable qu&#8217;elle a tenue dans la promotion de l&#8217;oeuvre d&#8217;Yves Klein et dans l&#8217;\u00e9mergence du groupe d&#8217;artistes des Nouveaux R\u00e9alistes. Pourtant, Iris Clert n&#8217;est-elle pas la premi\u00e8re galeriste \u00e0 avoir propos\u00e9 au public parisien des oeuvres d&#8217;Ad Reinhardt, Lucio Fontana et Leon Golub ? Puis, \u00e0 force de renouveler et de transgresser les m\u00e9thodes et pratiques habituellement assign\u00e9es \u00e0 sa profession, n&#8217;annonce-t-elle pas l&#8217;\u00e9lan pris par l&#8217;art vers la participation et l&#8217;\u00e9v\u00e9nementiel ? N&#8217;est-elle pas \u00e0 l&#8217;origine de v\u00e9ritables politiques culturelles ? N&#8217;a-t-elle pas \u00e9t\u00e9 elle-m\u00eame une artiste ? Aussi, \u00e0 force de se raconter et de s&#8217;identifier \u00e0 l&#8217;art, n&#8217;a-t-elle pas tent\u00e9 de se construire une mythologie personnelle, afin d&#8217;appara\u00eetre telle l&#8217;oeuvre de sa galerie ?<br \/>\nFaire de l&#8217;art une attitude de vie, provoquer, scandaliser, formuler des revendications ambigu\u00ebs, se jouer des normes, se fier \u00e0 son instinct plus qu&#8217;\u00e0 la raison, \u00eatre partout sans limites&#8230; voici les ambitions d&#8217;Iris Clert, elle qui affirmait : \u00ab J&#8217;ai un destin, je suis la messag\u00e8re des dieux, donc des artistes ! \u00bb<\/p>\n","protected":false},"excerpt":{"rendered":"<p>La post\u00e9rit\u00e9 d&#8217;Iris Clert repose sur la place consid\u00e9rable qu&#8217;elle a tenue dans la promotion de l&#8217;oeuvre d&#8217;Yves Klein et dans l&#8217;\u00e9mergence du groupe d&#8217;artistes des Nouveaux R\u00e9alistes. Pourtant, Iris Clert n&#8217;est-elle pas la premi\u00e8re galeriste \u00e0 avoir propos\u00e9 au public parisien des oeuvres d&#8217;Ad Reinhardt, Lucio Fontana et Leon Golub ? Puis, \u00e0 force [&hellip;]<\/p>\n","protected":false},"featured_media":44552,"template":"","meta":[],"product_cat":[2948],"product_tag":[],"acf":[],"yoast_head":"<!-- This site is optimized with the Yoast SEO plugin v20.11 - https:\/\/yoast.com\/wordpress\/plugins\/seo\/ -->\n<title>Iris Clert : singuli\u00e8rement galeriste - Librairie 7L<\/title>\n<meta name=\"robots\" content=\"index, follow, max-snippet:-1, max-image-preview:large, max-video-preview:-1\" \/>\n<link rel=\"canonical\" href=\"https:\/\/librairie7l.com\/en\/produit\/iris-clert-singulierement-galeriste-2\/\" \/>\n<meta property=\"og:locale\" content=\"en_US\" \/>\n<meta property=\"og:type\" content=\"article\" \/>\n<meta property=\"og:title\" content=\"Iris Clert : singuli\u00e8rement galeriste - Librairie 7L\" \/>\n<meta property=\"og:description\" content=\"La post\u00e9rit\u00e9 d&#8217;Iris Clert repose sur la place consid\u00e9rable qu&#8217;elle a tenue dans la promotion de l&#8217;oeuvre d&#8217;Yves Klein et dans l&#8217;\u00e9mergence du groupe d&#8217;artistes des Nouveaux R\u00e9alistes. Pourtant, Iris Clert n&#8217;est-elle pas la premi\u00e8re galeriste \u00e0 avoir propos\u00e9 au public parisien des oeuvres d&#8217;Ad Reinhardt, Lucio Fontana et Leon Golub ? Puis, \u00e0 force [&hellip;]\" \/>\n<meta property=\"og:url\" content=\"https:\/\/librairie7l.com\/en\/produit\/iris-clert-singulierement-galeriste-2\/\" \/>\n<meta property=\"og:site_name\" content=\"Librairie 7L\" \/>\n<meta property=\"article:modified_time\" content=\"2026-04-10T18:39:47+00:00\" \/>\n<meta property=\"og:image\" content=\"https:\/\/librairie7l.com\/wp-content\/uploads\/2024\/05\/9782378961916_1_75.jpg\" \/>\n\t<meta property=\"og:image:width\" content=\"600\" \/>\n\t<meta property=\"og:image:height\" content=\"872\" \/>\n\t<meta property=\"og:image:type\" content=\"image\/jpeg\" \/>\n<meta name=\"twitter:card\" content=\"summary_large_image\" \/>\n<meta name=\"twitter:label1\" content=\"Est. reading time\" \/>\n\t<meta name=\"twitter:data1\" content=\"1 minute\" \/>\n<script type=\"application\/ld+json\" class=\"yoast-schema-graph\">{\"@context\":\"https:\/\/schema.org\",\"@graph\":[{\"@type\":\"WebPage\",\"@id\":\"https:\/\/librairie7l.com\/en\/produit\/iris-clert-singulierement-galeriste-2\/\",\"url\":\"https:\/\/librairie7l.com\/en\/produit\/iris-clert-singulierement-galeriste-2\/\",\"name\":\"Iris Clert : singuli\u00e8rement galeriste - Librairie 7L\",\"isPartOf\":{\"@id\":\"https:\/\/librairie7l.com\/en\/#website\"},\"datePublished\":\"2024-11-27T08:17:56+00:00\",\"dateModified\":\"2026-04-10T18:39:47+00:00\",\"breadcrumb\":{\"@id\":\"https:\/\/librairie7l.com\/en\/produit\/iris-clert-singulierement-galeriste-2\/#breadcrumb\"},\"inLanguage\":\"en-US\",\"potentialAction\":[{\"@type\":\"ReadAction\",\"target\":[\"https:\/\/librairie7l.com\/en\/produit\/iris-clert-singulierement-galeriste-2\/\"]}]},{\"@type\":\"BreadcrumbList\",\"@id\":\"https:\/\/librairie7l.com\/en\/produit\/iris-clert-singulierement-galeriste-2\/#breadcrumb\",\"itemListElement\":[{\"@type\":\"ListItem\",\"position\":1,\"name\":\"Accueil\",\"item\":\"https:\/\/librairie7l.com\/en\/\"},{\"@type\":\"ListItem\",\"position\":2,\"name\":\"Shop\",\"item\":\"https:\/\/librairie7l.com\/en\/shop\/\"},{\"@type\":\"ListItem\",\"position\":3,\"name\":\"IRIS CLERT : SINGULI\u00c8REMENT GALERISTE\"}]},{\"@type\":\"WebSite\",\"@id\":\"https:\/\/librairie7l.com\/en\/#website\",\"url\":\"https:\/\/librairie7l.com\/en\/\",\"name\":\"Librairie 7L\",\"description\":\"Librairie fond\u00e9e en 1999 par Karl Lagerfeld \u00e0 Paris\",\"publisher\":{\"@id\":\"https:\/\/librairie7l.com\/en\/#organization\"},\"potentialAction\":[{\"@type\":\"SearchAction\",\"target\":{\"@type\":\"EntryPoint\",\"urlTemplate\":\"https:\/\/librairie7l.com\/en\/?s={search_term_string}\"},\"query-input\":\"required name=search_term_string\"}],\"inLanguage\":\"en-US\"},{\"@type\":\"Organization\",\"@id\":\"https:\/\/librairie7l.com\/en\/#organization\",\"name\":\"Librairie 7L\",\"url\":\"https:\/\/librairie7l.com\/en\/\",\"logo\":{\"@type\":\"ImageObject\",\"inLanguage\":\"en-US\",\"@id\":\"https:\/\/librairie7l.com\/en\/#\/schema\/logo\/image\/\",\"url\":\"https:\/\/librairie7l.com\/wp-content\/uploads\/2022\/08\/logo-1.png\",\"contentUrl\":\"https:\/\/librairie7l.com\/wp-content\/uploads\/2022\/08\/logo-1.png\",\"width\":227,\"height\":301,\"caption\":\"Librairie 7L\"},\"image\":{\"@id\":\"https:\/\/librairie7l.com\/en\/#\/schema\/logo\/image\/\"}}]}<\/script>\n<!-- \/ Yoast SEO plugin. -->","yoast_head_json":{"title":"Iris Clert : singuli\u00e8rement galeriste - Librairie 7L","robots":{"index":"index","follow":"follow","max-snippet":"max-snippet:-1","max-image-preview":"max-image-preview:large","max-video-preview":"max-video-preview:-1"},"canonical":"https:\/\/librairie7l.com\/en\/produit\/iris-clert-singulierement-galeriste-2\/","og_locale":"en_US","og_type":"article","og_title":"Iris Clert : singuli\u00e8rement galeriste - Librairie 7L","og_description":"La post\u00e9rit\u00e9 d&#8217;Iris Clert repose sur la place consid\u00e9rable qu&#8217;elle a tenue dans la promotion de l&#8217;oeuvre d&#8217;Yves Klein et dans l&#8217;\u00e9mergence du groupe d&#8217;artistes des Nouveaux R\u00e9alistes. Pourtant, Iris Clert n&#8217;est-elle pas la premi\u00e8re galeriste \u00e0 avoir propos\u00e9 au public parisien des oeuvres d&#8217;Ad Reinhardt, Lucio Fontana et Leon Golub ? Puis, \u00e0 force [&hellip;]","og_url":"https:\/\/librairie7l.com\/en\/produit\/iris-clert-singulierement-galeriste-2\/","og_site_name":"Librairie 7L","article_modified_time":"2026-04-10T18:39:47+00:00","og_image":[{"width":600,"height":872,"url":"https:\/\/librairie7l.com\/wp-content\/uploads\/2024\/05\/9782378961916_1_75.jpg","type":"image\/jpeg"}],"twitter_card":"summary_large_image","twitter_misc":{"Est. reading time":"1 minute"},"schema":{"@context":"https:\/\/schema.org","@graph":[{"@type":"WebPage","@id":"https:\/\/librairie7l.com\/en\/produit\/iris-clert-singulierement-galeriste-2\/","url":"https:\/\/librairie7l.com\/en\/produit\/iris-clert-singulierement-galeriste-2\/","name":"Iris Clert : singuli\u00e8rement galeriste - Librairie 7L","isPartOf":{"@id":"https:\/\/librairie7l.com\/en\/#website"},"datePublished":"2024-11-27T08:17:56+00:00","dateModified":"2026-04-10T18:39:47+00:00","breadcrumb":{"@id":"https:\/\/librairie7l.com\/en\/produit\/iris-clert-singulierement-galeriste-2\/#breadcrumb"},"inLanguage":"en-US","potentialAction":[{"@type":"ReadAction","target":["https:\/\/librairie7l.com\/en\/produit\/iris-clert-singulierement-galeriste-2\/"]}]},{"@type":"BreadcrumbList","@id":"https:\/\/librairie7l.com\/en\/produit\/iris-clert-singulierement-galeriste-2\/#breadcrumb","itemListElement":[{"@type":"ListItem","position":1,"name":"Accueil","item":"https:\/\/librairie7l.com\/en\/"},{"@type":"ListItem","position":2,"name":"Shop","item":"https:\/\/librairie7l.com\/en\/shop\/"},{"@type":"ListItem","position":3,"name":"IRIS CLERT : SINGULI\u00c8REMENT GALERISTE"}]},{"@type":"WebSite","@id":"https:\/\/librairie7l.com\/en\/#website","url":"https:\/\/librairie7l.com\/en\/","name":"Librairie 7L","description":"Librairie fond\u00e9e en 1999 par Karl Lagerfeld \u00e0 Paris","publisher":{"@id":"https:\/\/librairie7l.com\/en\/#organization"},"potentialAction":[{"@type":"SearchAction","target":{"@type":"EntryPoint","urlTemplate":"https:\/\/librairie7l.com\/en\/?s={search_term_string}"},"query-input":"required name=search_term_string"}],"inLanguage":"en-US"},{"@type":"Organization","@id":"https:\/\/librairie7l.com\/en\/#organization","name":"Librairie 7L","url":"https:\/\/librairie7l.com\/en\/","logo":{"@type":"ImageObject","inLanguage":"en-US","@id":"https:\/\/librairie7l.com\/en\/#\/schema\/logo\/image\/","url":"https:\/\/librairie7l.com\/wp-content\/uploads\/2022\/08\/logo-1.png","contentUrl":"https:\/\/librairie7l.com\/wp-content\/uploads\/2022\/08\/logo-1.png","width":227,"height":301,"caption":"Librairie 7L"},"image":{"@id":"https:\/\/librairie7l.com\/en\/#\/schema\/logo\/image\/"}}]}},"_links":{"self":[{"href":"https:\/\/librairie7l.com\/en\/wp-json\/wp\/v2\/product\/44554"}],"collection":[{"href":"https:\/\/librairie7l.com\/en\/wp-json\/wp\/v2\/product"}],"about":[{"href":"https:\/\/librairie7l.com\/en\/wp-json\/wp\/v2\/types\/product"}],"wp:featuredmedia":[{"embeddable":true,"href":"https:\/\/librairie7l.com\/en\/wp-json\/wp\/v2\/media\/44552"}],"wp:attachment":[{"href":"https:\/\/librairie7l.com\/en\/wp-json\/wp\/v2\/media?parent=44554"}],"wp:term":[{"taxonomy":"product_cat","embeddable":true,"href":"https:\/\/librairie7l.com\/en\/wp-json\/wp\/v2\/product_cat?post=44554"},{"taxonomy":"product_tag","embeddable":true,"href":"https:\/\/librairie7l.com\/en\/wp-json\/wp\/v2\/product_tag?post=44554"}],"curies":[{"name":"wp","href":"https:\/\/api.w.org\/{rel}","templated":true}]}}