{"id":44558,"date":"2024-11-27T09:17:59","date_gmt":"2024-11-27T08:17:59","guid":{"rendered":"https:\/\/librairie7l.com\/?post_type=product&#038;p=44558"},"modified":"2026-04-15T20:54:41","modified_gmt":"2026-04-15T18:54:41","slug":"front-unique-la-traversee-du-surrealisme-de-jean-jacques-lebel-2","status":"publish","type":"product","link":"https:\/\/librairie7l.com\/en\/produit\/front-unique-la-traversee-du-surrealisme-de-jean-jacques-lebel-2\/","title":{"rendered":"FRONT UNIQUE : LA TRAVERS\u00c9E DU SURR\u00c9ALISME DE JEAN-JACQUES LEBEL"},"content":{"rendered":"<p>La revue Front Unique (1955-1960) se pr\u00e9sente d&#8217;abord sous la forme de six grandes affiches couvertes de textes paraissant pour la premi\u00e8re fois en f\u00e9vrier 1955, \u00e0 l&#8217;occasion d&#8217;une exposition personnelle de Jean-Jacques Lebel \u00e0 Florence. Elle est l&#8217;organe d&#8217;expression d&#8217;un jeune artiste prenant part activement au mouvement fond\u00e9 en 1924, qu&#8217;il conna\u00eet intimement depuis l&#8217;enfance, puisque son p\u00e8re &#8211; Robert Lebel &#8211; partageait l&#8217;exil des surr\u00e9alistes, \u00e0 New York, durant la seconde guerre mondiale. Les diff\u00e9rentes livraisons de cette revue, l&#8217;entretien approfondi avec l&#8217;artiste, ainsi que les nombreux documents rares ou in\u00e9dits qui les accompagnent, permettent d&#8217;observer comment Jean-Jacques Lebel met en oeuvre et \u00e9largit, durant cette p\u00e9riode et au-del\u00e0, certaines des aspirations profondes du programme surr\u00e9aliste \u00e9labor\u00e9 par ses amis Andr\u00e9 Breton ou Benjamin P\u00e9ret.<br \/>\n\u00c0 travers Front Unique se dessine en creux un contexte politique et artistique en pleine transformation, \u00e0 la suite des diverses luttes anti-coloniales et des bouleversements cons\u00e9cutifs au processus de d\u00e9stalinisation. Au fil des ann\u00e9es 50 et 60, le groupe surr\u00e9aliste est travaill\u00e9 par des forces antagonistes, entre figement et aspiration au renouveau, ce qui conduit finalement \u00e0 l&#8217;exclusion de Jean-Jacques Lebel devenant une figure artistique majeure, notamment par la diffusion internationale du happening, et la cr\u00e9ation du festival Polyphonix.<br \/>\nCe livre raconte la travers\u00e9e par Jean-Jacques Lebel de ce puissant laboratoire d&#8217;id\u00e9es et d&#8217;exp\u00e9riences du surr\u00e9alisme aux c\u00f4t\u00e9s de nombreux autres artistes, po\u00e8tes ou penseurs qui ont apport\u00e9 leur contribution \u00e0 l&#8217;une des s\u00e9ries de Front unique, ou aux manifestations nomm\u00e9es Anti-Proc\u00e8s qui en sont l&#8217;\u00e9manation directe.<\/p>\n","protected":false},"excerpt":{"rendered":"<p>La revue Front Unique (1955-1960) se pr\u00e9sente d&#8217;abord sous la forme de six grandes affiches couvertes de textes paraissant pour la premi\u00e8re fois en f\u00e9vrier 1955, \u00e0 l&#8217;occasion d&#8217;une exposition personnelle de Jean-Jacques Lebel \u00e0 Florence. Elle est l&#8217;organe d&#8217;expression d&#8217;un jeune artiste prenant part activement au mouvement fond\u00e9 en 1924, qu&#8217;il conna\u00eet intimement depuis [&hellip;]<\/p>\n","protected":false},"featured_media":44556,"template":"","meta":[],"product_cat":[2948],"product_tag":[],"acf":[],"yoast_head":"<!-- This site is optimized with the Yoast SEO plugin v20.11 - https:\/\/yoast.com\/wordpress\/plugins\/seo\/ -->\n<title>Front Unique : La travers\u00e9e du surr\u00e9alisme de Jean-Jacques Lebel - Librairie 7L<\/title>\n<meta name=\"robots\" content=\"index, follow, max-snippet:-1, max-image-preview:large, max-video-preview:-1\" \/>\n<link rel=\"canonical\" href=\"https:\/\/librairie7l.com\/en\/produit\/front-unique-la-traversee-du-surrealisme-de-jean-jacques-lebel-2\/\" \/>\n<meta property=\"og:locale\" content=\"en_US\" \/>\n<meta property=\"og:type\" content=\"article\" \/>\n<meta property=\"og:title\" content=\"Front Unique : La travers\u00e9e du surr\u00e9alisme de Jean-Jacques Lebel - Librairie 7L\" \/>\n<meta property=\"og:description\" content=\"La revue Front Unique (1955-1960) se pr\u00e9sente d&#8217;abord sous la forme de six grandes affiches couvertes de textes paraissant pour la premi\u00e8re fois en f\u00e9vrier 1955, \u00e0 l&#8217;occasion d&#8217;une exposition personnelle de Jean-Jacques Lebel \u00e0 Florence. Elle est l&#8217;organe d&#8217;expression d&#8217;un jeune artiste prenant part activement au mouvement fond\u00e9 en 1924, qu&#8217;il conna\u00eet intimement depuis [&hellip;]\" \/>\n<meta property=\"og:url\" content=\"https:\/\/librairie7l.com\/en\/produit\/front-unique-la-traversee-du-surrealisme-de-jean-jacques-lebel-2\/\" \/>\n<meta property=\"og:site_name\" content=\"Librairie 7L\" \/>\n<meta property=\"article:modified_time\" content=\"2026-04-15T18:54:41+00:00\" \/>\n<meta property=\"og:image\" content=\"https:\/\/librairie7l.com\/wp-content\/uploads\/2024\/10\/9782378965372_1_75.jpg\" \/>\n\t<meta property=\"og:image:width\" content=\"600\" \/>\n\t<meta property=\"og:image:height\" content=\"837\" \/>\n\t<meta property=\"og:image:type\" content=\"image\/jpeg\" \/>\n<meta name=\"twitter:card\" content=\"summary_large_image\" \/>\n<meta name=\"twitter:label1\" content=\"Est. reading time\" \/>\n\t<meta name=\"twitter:data1\" content=\"1 minute\" \/>\n<script type=\"application\/ld+json\" class=\"yoast-schema-graph\">{\"@context\":\"https:\/\/schema.org\",\"@graph\":[{\"@type\":\"WebPage\",\"@id\":\"https:\/\/librairie7l.com\/en\/produit\/front-unique-la-traversee-du-surrealisme-de-jean-jacques-lebel-2\/\",\"url\":\"https:\/\/librairie7l.com\/en\/produit\/front-unique-la-traversee-du-surrealisme-de-jean-jacques-lebel-2\/\",\"name\":\"Front Unique : La travers\u00e9e du surr\u00e9alisme de Jean-Jacques Lebel - Librairie 7L\",\"isPartOf\":{\"@id\":\"https:\/\/librairie7l.com\/en\/#website\"},\"datePublished\":\"2024-11-27T08:17:59+00:00\",\"dateModified\":\"2026-04-15T18:54:41+00:00\",\"breadcrumb\":{\"@id\":\"https:\/\/librairie7l.com\/en\/produit\/front-unique-la-traversee-du-surrealisme-de-jean-jacques-lebel-2\/#breadcrumb\"},\"inLanguage\":\"en-US\",\"potentialAction\":[{\"@type\":\"ReadAction\",\"target\":[\"https:\/\/librairie7l.com\/en\/produit\/front-unique-la-traversee-du-surrealisme-de-jean-jacques-lebel-2\/\"]}]},{\"@type\":\"BreadcrumbList\",\"@id\":\"https:\/\/librairie7l.com\/en\/produit\/front-unique-la-traversee-du-surrealisme-de-jean-jacques-lebel-2\/#breadcrumb\",\"itemListElement\":[{\"@type\":\"ListItem\",\"position\":1,\"name\":\"Accueil\",\"item\":\"https:\/\/librairie7l.com\/en\/\"},{\"@type\":\"ListItem\",\"position\":2,\"name\":\"Shop\",\"item\":\"https:\/\/librairie7l.com\/en\/shop\/\"},{\"@type\":\"ListItem\",\"position\":3,\"name\":\"FRONT UNIQUE : LA TRAVERS\u00c9E DU SURR\u00c9ALISME DE JEAN-JACQUES LEBEL\"}]},{\"@type\":\"WebSite\",\"@id\":\"https:\/\/librairie7l.com\/en\/#website\",\"url\":\"https:\/\/librairie7l.com\/en\/\",\"name\":\"Librairie 7L\",\"description\":\"Librairie fond\u00e9e en 1999 par Karl Lagerfeld \u00e0 Paris\",\"publisher\":{\"@id\":\"https:\/\/librairie7l.com\/en\/#organization\"},\"potentialAction\":[{\"@type\":\"SearchAction\",\"target\":{\"@type\":\"EntryPoint\",\"urlTemplate\":\"https:\/\/librairie7l.com\/en\/?s={search_term_string}\"},\"query-input\":\"required name=search_term_string\"}],\"inLanguage\":\"en-US\"},{\"@type\":\"Organization\",\"@id\":\"https:\/\/librairie7l.com\/en\/#organization\",\"name\":\"Librairie 7L\",\"url\":\"https:\/\/librairie7l.com\/en\/\",\"logo\":{\"@type\":\"ImageObject\",\"inLanguage\":\"en-US\",\"@id\":\"https:\/\/librairie7l.com\/en\/#\/schema\/logo\/image\/\",\"url\":\"https:\/\/librairie7l.com\/wp-content\/uploads\/2022\/08\/logo-1.png\",\"contentUrl\":\"https:\/\/librairie7l.com\/wp-content\/uploads\/2022\/08\/logo-1.png\",\"width\":227,\"height\":301,\"caption\":\"Librairie 7L\"},\"image\":{\"@id\":\"https:\/\/librairie7l.com\/en\/#\/schema\/logo\/image\/\"}}]}<\/script>\n<!-- \/ Yoast SEO plugin. -->","yoast_head_json":{"title":"Front Unique : La travers\u00e9e du surr\u00e9alisme de Jean-Jacques Lebel - Librairie 7L","robots":{"index":"index","follow":"follow","max-snippet":"max-snippet:-1","max-image-preview":"max-image-preview:large","max-video-preview":"max-video-preview:-1"},"canonical":"https:\/\/librairie7l.com\/en\/produit\/front-unique-la-traversee-du-surrealisme-de-jean-jacques-lebel-2\/","og_locale":"en_US","og_type":"article","og_title":"Front Unique : La travers\u00e9e du surr\u00e9alisme de Jean-Jacques Lebel - Librairie 7L","og_description":"La revue Front Unique (1955-1960) se pr\u00e9sente d&#8217;abord sous la forme de six grandes affiches couvertes de textes paraissant pour la premi\u00e8re fois en f\u00e9vrier 1955, \u00e0 l&#8217;occasion d&#8217;une exposition personnelle de Jean-Jacques Lebel \u00e0 Florence. Elle est l&#8217;organe d&#8217;expression d&#8217;un jeune artiste prenant part activement au mouvement fond\u00e9 en 1924, qu&#8217;il conna\u00eet intimement depuis [&hellip;]","og_url":"https:\/\/librairie7l.com\/en\/produit\/front-unique-la-traversee-du-surrealisme-de-jean-jacques-lebel-2\/","og_site_name":"Librairie 7L","article_modified_time":"2026-04-15T18:54:41+00:00","og_image":[{"width":600,"height":837,"url":"https:\/\/librairie7l.com\/wp-content\/uploads\/2024\/10\/9782378965372_1_75.jpg","type":"image\/jpeg"}],"twitter_card":"summary_large_image","twitter_misc":{"Est. reading time":"1 minute"},"schema":{"@context":"https:\/\/schema.org","@graph":[{"@type":"WebPage","@id":"https:\/\/librairie7l.com\/en\/produit\/front-unique-la-traversee-du-surrealisme-de-jean-jacques-lebel-2\/","url":"https:\/\/librairie7l.com\/en\/produit\/front-unique-la-traversee-du-surrealisme-de-jean-jacques-lebel-2\/","name":"Front Unique : La travers\u00e9e du surr\u00e9alisme de Jean-Jacques Lebel - Librairie 7L","isPartOf":{"@id":"https:\/\/librairie7l.com\/en\/#website"},"datePublished":"2024-11-27T08:17:59+00:00","dateModified":"2026-04-15T18:54:41+00:00","breadcrumb":{"@id":"https:\/\/librairie7l.com\/en\/produit\/front-unique-la-traversee-du-surrealisme-de-jean-jacques-lebel-2\/#breadcrumb"},"inLanguage":"en-US","potentialAction":[{"@type":"ReadAction","target":["https:\/\/librairie7l.com\/en\/produit\/front-unique-la-traversee-du-surrealisme-de-jean-jacques-lebel-2\/"]}]},{"@type":"BreadcrumbList","@id":"https:\/\/librairie7l.com\/en\/produit\/front-unique-la-traversee-du-surrealisme-de-jean-jacques-lebel-2\/#breadcrumb","itemListElement":[{"@type":"ListItem","position":1,"name":"Accueil","item":"https:\/\/librairie7l.com\/en\/"},{"@type":"ListItem","position":2,"name":"Shop","item":"https:\/\/librairie7l.com\/en\/shop\/"},{"@type":"ListItem","position":3,"name":"FRONT UNIQUE : LA TRAVERS\u00c9E DU SURR\u00c9ALISME DE JEAN-JACQUES LEBEL"}]},{"@type":"WebSite","@id":"https:\/\/librairie7l.com\/en\/#website","url":"https:\/\/librairie7l.com\/en\/","name":"Librairie 7L","description":"Librairie fond\u00e9e en 1999 par Karl Lagerfeld \u00e0 Paris","publisher":{"@id":"https:\/\/librairie7l.com\/en\/#organization"},"potentialAction":[{"@type":"SearchAction","target":{"@type":"EntryPoint","urlTemplate":"https:\/\/librairie7l.com\/en\/?s={search_term_string}"},"query-input":"required name=search_term_string"}],"inLanguage":"en-US"},{"@type":"Organization","@id":"https:\/\/librairie7l.com\/en\/#organization","name":"Librairie 7L","url":"https:\/\/librairie7l.com\/en\/","logo":{"@type":"ImageObject","inLanguage":"en-US","@id":"https:\/\/librairie7l.com\/en\/#\/schema\/logo\/image\/","url":"https:\/\/librairie7l.com\/wp-content\/uploads\/2022\/08\/logo-1.png","contentUrl":"https:\/\/librairie7l.com\/wp-content\/uploads\/2022\/08\/logo-1.png","width":227,"height":301,"caption":"Librairie 7L"},"image":{"@id":"https:\/\/librairie7l.com\/en\/#\/schema\/logo\/image\/"}}]}},"_links":{"self":[{"href":"https:\/\/librairie7l.com\/en\/wp-json\/wp\/v2\/product\/44558"}],"collection":[{"href":"https:\/\/librairie7l.com\/en\/wp-json\/wp\/v2\/product"}],"about":[{"href":"https:\/\/librairie7l.com\/en\/wp-json\/wp\/v2\/types\/product"}],"wp:featuredmedia":[{"embeddable":true,"href":"https:\/\/librairie7l.com\/en\/wp-json\/wp\/v2\/media\/44556"}],"wp:attachment":[{"href":"https:\/\/librairie7l.com\/en\/wp-json\/wp\/v2\/media?parent=44558"}],"wp:term":[{"taxonomy":"product_cat","embeddable":true,"href":"https:\/\/librairie7l.com\/en\/wp-json\/wp\/v2\/product_cat?post=44558"},{"taxonomy":"product_tag","embeddable":true,"href":"https:\/\/librairie7l.com\/en\/wp-json\/wp\/v2\/product_tag?post=44558"}],"curies":[{"name":"wp","href":"https:\/\/api.w.org\/{rel}","templated":true}]}}