{"id":44562,"date":"2024-11-27T09:18:02","date_gmt":"2024-11-27T08:18:02","guid":{"rendered":"https:\/\/librairie7l.com\/?post_type=product&#038;p=44562"},"modified":"2026-04-05T07:42:20","modified_gmt":"2026-04-05T05:42:20","slug":"loft-law-the-last-of-new-york-citys-original-artist-lofts-2","status":"publish","type":"product","link":"https:\/\/librairie7l.com\/en\/produit\/loft-law-the-last-of-new-york-citys-original-artist-lofts-2\/","title":{"rendered":"LOFT LAW : THE LAST OF NEW YORK CITY&#8217;S ORIGINAL ARTIST LOFTS"},"content":{"rendered":"<p>Joshua Charow a consacr\u00e9 deux ann\u00e9es \u00e0 cr\u00e9er son premier livre de photographies sur les artistes vivant sous la protection de la loi sur les lofts. Cette loi, promulgu\u00e9e en 1982 (article 7-C de la Multiple Dwelling Law), a permis de prot\u00e9ger et de stabiliser les loyers de milliers d&#8217;artistes qui vivaient ill\u00e9galement dans des lofts \u00e0 vocation commerciale et industrielle dans des quartiers comme Soho, Tribeca et Bowery, apr\u00e8s que l&#8217;industrie manufacturi\u00e8re a largement quitt\u00e9 Manhattan. Il y a deux ans, il a trouv\u00e9 une carte des b\u00e2timents prot\u00e9g\u00e9s restants, a sonn\u00e9 \u00e0 des centaines de portes et a photographi\u00e9 et interview\u00e9 plus de 50 artistes qui vivent encore aujourd&#8217;hui dans ces incroyables lofts. \u00c0 l&#8217;heure o\u00f9 New York fait face \u00e0 un nombre sans pr\u00e9c\u00e9dent d&#8217;espaces commerciaux vacants, cette incroyable histoire in\u00e9dite tombe \u00e0 point nomm\u00e9.<\/p>\n","protected":false},"excerpt":{"rendered":"<p>Joshua Charow a consacr\u00e9 deux ann\u00e9es \u00e0 cr\u00e9er son premier livre de photographies sur les artistes vivant sous la protection de la loi sur les lofts. Cette loi, promulgu\u00e9e en 1982 (article 7-C de la Multiple Dwelling Law), a permis de prot\u00e9ger et de stabiliser les loyers de milliers d&#8217;artistes qui vivaient ill\u00e9galement dans des [&hellip;]<\/p>\n","protected":false},"featured_media":44560,"template":"","meta":[],"product_cat":[2948],"product_tag":[],"acf":[],"yoast_head":"<!-- This site is optimized with the Yoast SEO plugin v20.11 - https:\/\/yoast.com\/wordpress\/plugins\/seo\/ -->\n<title>Loft Law : The Last of New York City&#039;s Original Artist Lofts - Librairie 7L<\/title>\n<meta name=\"robots\" content=\"index, follow, max-snippet:-1, max-image-preview:large, max-video-preview:-1\" \/>\n<link rel=\"canonical\" href=\"https:\/\/librairie7l.com\/en\/produit\/loft-law-the-last-of-new-york-citys-original-artist-lofts-2\/\" \/>\n<meta property=\"og:locale\" content=\"en_US\" \/>\n<meta property=\"og:type\" content=\"article\" \/>\n<meta property=\"og:title\" content=\"Loft Law : The Last of New York City&#039;s Original Artist Lofts - Librairie 7L\" \/>\n<meta property=\"og:description\" content=\"Joshua Charow a consacr\u00e9 deux ann\u00e9es \u00e0 cr\u00e9er son premier livre de photographies sur les artistes vivant sous la protection de la loi sur les lofts. Cette loi, promulgu\u00e9e en 1982 (article 7-C de la Multiple Dwelling Law), a permis de prot\u00e9ger et de stabiliser les loyers de milliers d&#8217;artistes qui vivaient ill\u00e9galement dans des [&hellip;]\" \/>\n<meta property=\"og:url\" content=\"https:\/\/librairie7l.com\/en\/produit\/loft-law-the-last-of-new-york-citys-original-artist-lofts-2\/\" \/>\n<meta property=\"og:site_name\" content=\"Librairie 7L\" \/>\n<meta property=\"article:modified_time\" content=\"2026-04-05T05:42:20+00:00\" \/>\n<meta property=\"og:image\" content=\"https:\/\/librairie7l.com\/wp-content\/uploads\/2024\/03\/9788862088152_1_75.jpg\" \/>\n\t<meta property=\"og:image:width\" content=\"600\" \/>\n\t<meta property=\"og:image:height\" content=\"713\" \/>\n\t<meta property=\"og:image:type\" content=\"image\/jpeg\" \/>\n<meta name=\"twitter:card\" content=\"summary_large_image\" \/>\n<meta name=\"twitter:label1\" content=\"Est. reading time\" \/>\n\t<meta name=\"twitter:data1\" content=\"1 minute\" \/>\n<script type=\"application\/ld+json\" class=\"yoast-schema-graph\">{\"@context\":\"https:\/\/schema.org\",\"@graph\":[{\"@type\":\"WebPage\",\"@id\":\"https:\/\/librairie7l.com\/en\/produit\/loft-law-the-last-of-new-york-citys-original-artist-lofts-2\/\",\"url\":\"https:\/\/librairie7l.com\/en\/produit\/loft-law-the-last-of-new-york-citys-original-artist-lofts-2\/\",\"name\":\"Loft Law : The Last of New York City's Original Artist Lofts - Librairie 7L\",\"isPartOf\":{\"@id\":\"https:\/\/librairie7l.com\/en\/#website\"},\"datePublished\":\"2024-11-27T08:18:02+00:00\",\"dateModified\":\"2026-04-05T05:42:20+00:00\",\"breadcrumb\":{\"@id\":\"https:\/\/librairie7l.com\/en\/produit\/loft-law-the-last-of-new-york-citys-original-artist-lofts-2\/#breadcrumb\"},\"inLanguage\":\"en-US\",\"potentialAction\":[{\"@type\":\"ReadAction\",\"target\":[\"https:\/\/librairie7l.com\/en\/produit\/loft-law-the-last-of-new-york-citys-original-artist-lofts-2\/\"]}]},{\"@type\":\"BreadcrumbList\",\"@id\":\"https:\/\/librairie7l.com\/en\/produit\/loft-law-the-last-of-new-york-citys-original-artist-lofts-2\/#breadcrumb\",\"itemListElement\":[{\"@type\":\"ListItem\",\"position\":1,\"name\":\"Accueil\",\"item\":\"https:\/\/librairie7l.com\/en\/\"},{\"@type\":\"ListItem\",\"position\":2,\"name\":\"Shop\",\"item\":\"https:\/\/librairie7l.com\/en\/shop\/\"},{\"@type\":\"ListItem\",\"position\":3,\"name\":\"LOFT LAW : THE LAST OF NEW YORK CITY&#8217;S ORIGINAL ARTIST LOFTS\"}]},{\"@type\":\"WebSite\",\"@id\":\"https:\/\/librairie7l.com\/en\/#website\",\"url\":\"https:\/\/librairie7l.com\/en\/\",\"name\":\"Librairie 7L\",\"description\":\"Librairie fond\u00e9e en 1999 par Karl Lagerfeld \u00e0 Paris\",\"publisher\":{\"@id\":\"https:\/\/librairie7l.com\/en\/#organization\"},\"potentialAction\":[{\"@type\":\"SearchAction\",\"target\":{\"@type\":\"EntryPoint\",\"urlTemplate\":\"https:\/\/librairie7l.com\/en\/?s={search_term_string}\"},\"query-input\":\"required name=search_term_string\"}],\"inLanguage\":\"en-US\"},{\"@type\":\"Organization\",\"@id\":\"https:\/\/librairie7l.com\/en\/#organization\",\"name\":\"Librairie 7L\",\"url\":\"https:\/\/librairie7l.com\/en\/\",\"logo\":{\"@type\":\"ImageObject\",\"inLanguage\":\"en-US\",\"@id\":\"https:\/\/librairie7l.com\/en\/#\/schema\/logo\/image\/\",\"url\":\"https:\/\/librairie7l.com\/wp-content\/uploads\/2022\/08\/logo-1.png\",\"contentUrl\":\"https:\/\/librairie7l.com\/wp-content\/uploads\/2022\/08\/logo-1.png\",\"width\":227,\"height\":301,\"caption\":\"Librairie 7L\"},\"image\":{\"@id\":\"https:\/\/librairie7l.com\/en\/#\/schema\/logo\/image\/\"}}]}<\/script>\n<!-- \/ Yoast SEO plugin. -->","yoast_head_json":{"title":"Loft Law : The Last of New York City's Original Artist Lofts - Librairie 7L","robots":{"index":"index","follow":"follow","max-snippet":"max-snippet:-1","max-image-preview":"max-image-preview:large","max-video-preview":"max-video-preview:-1"},"canonical":"https:\/\/librairie7l.com\/en\/produit\/loft-law-the-last-of-new-york-citys-original-artist-lofts-2\/","og_locale":"en_US","og_type":"article","og_title":"Loft Law : The Last of New York City's Original Artist Lofts - Librairie 7L","og_description":"Joshua Charow a consacr\u00e9 deux ann\u00e9es \u00e0 cr\u00e9er son premier livre de photographies sur les artistes vivant sous la protection de la loi sur les lofts. Cette loi, promulgu\u00e9e en 1982 (article 7-C de la Multiple Dwelling Law), a permis de prot\u00e9ger et de stabiliser les loyers de milliers d&#8217;artistes qui vivaient ill\u00e9galement dans des [&hellip;]","og_url":"https:\/\/librairie7l.com\/en\/produit\/loft-law-the-last-of-new-york-citys-original-artist-lofts-2\/","og_site_name":"Librairie 7L","article_modified_time":"2026-04-05T05:42:20+00:00","og_image":[{"width":600,"height":713,"url":"https:\/\/librairie7l.com\/wp-content\/uploads\/2024\/03\/9788862088152_1_75.jpg","type":"image\/jpeg"}],"twitter_card":"summary_large_image","twitter_misc":{"Est. reading time":"1 minute"},"schema":{"@context":"https:\/\/schema.org","@graph":[{"@type":"WebPage","@id":"https:\/\/librairie7l.com\/en\/produit\/loft-law-the-last-of-new-york-citys-original-artist-lofts-2\/","url":"https:\/\/librairie7l.com\/en\/produit\/loft-law-the-last-of-new-york-citys-original-artist-lofts-2\/","name":"Loft Law : The Last of New York City's Original Artist Lofts - Librairie 7L","isPartOf":{"@id":"https:\/\/librairie7l.com\/en\/#website"},"datePublished":"2024-11-27T08:18:02+00:00","dateModified":"2026-04-05T05:42:20+00:00","breadcrumb":{"@id":"https:\/\/librairie7l.com\/en\/produit\/loft-law-the-last-of-new-york-citys-original-artist-lofts-2\/#breadcrumb"},"inLanguage":"en-US","potentialAction":[{"@type":"ReadAction","target":["https:\/\/librairie7l.com\/en\/produit\/loft-law-the-last-of-new-york-citys-original-artist-lofts-2\/"]}]},{"@type":"BreadcrumbList","@id":"https:\/\/librairie7l.com\/en\/produit\/loft-law-the-last-of-new-york-citys-original-artist-lofts-2\/#breadcrumb","itemListElement":[{"@type":"ListItem","position":1,"name":"Accueil","item":"https:\/\/librairie7l.com\/en\/"},{"@type":"ListItem","position":2,"name":"Shop","item":"https:\/\/librairie7l.com\/en\/shop\/"},{"@type":"ListItem","position":3,"name":"LOFT LAW : THE LAST OF NEW YORK CITY&#8217;S ORIGINAL ARTIST LOFTS"}]},{"@type":"WebSite","@id":"https:\/\/librairie7l.com\/en\/#website","url":"https:\/\/librairie7l.com\/en\/","name":"Librairie 7L","description":"Librairie fond\u00e9e en 1999 par Karl Lagerfeld \u00e0 Paris","publisher":{"@id":"https:\/\/librairie7l.com\/en\/#organization"},"potentialAction":[{"@type":"SearchAction","target":{"@type":"EntryPoint","urlTemplate":"https:\/\/librairie7l.com\/en\/?s={search_term_string}"},"query-input":"required name=search_term_string"}],"inLanguage":"en-US"},{"@type":"Organization","@id":"https:\/\/librairie7l.com\/en\/#organization","name":"Librairie 7L","url":"https:\/\/librairie7l.com\/en\/","logo":{"@type":"ImageObject","inLanguage":"en-US","@id":"https:\/\/librairie7l.com\/en\/#\/schema\/logo\/image\/","url":"https:\/\/librairie7l.com\/wp-content\/uploads\/2022\/08\/logo-1.png","contentUrl":"https:\/\/librairie7l.com\/wp-content\/uploads\/2022\/08\/logo-1.png","width":227,"height":301,"caption":"Librairie 7L"},"image":{"@id":"https:\/\/librairie7l.com\/en\/#\/schema\/logo\/image\/"}}]}},"_links":{"self":[{"href":"https:\/\/librairie7l.com\/en\/wp-json\/wp\/v2\/product\/44562"}],"collection":[{"href":"https:\/\/librairie7l.com\/en\/wp-json\/wp\/v2\/product"}],"about":[{"href":"https:\/\/librairie7l.com\/en\/wp-json\/wp\/v2\/types\/product"}],"wp:featuredmedia":[{"embeddable":true,"href":"https:\/\/librairie7l.com\/en\/wp-json\/wp\/v2\/media\/44560"}],"wp:attachment":[{"href":"https:\/\/librairie7l.com\/en\/wp-json\/wp\/v2\/media?parent=44562"}],"wp:term":[{"taxonomy":"product_cat","embeddable":true,"href":"https:\/\/librairie7l.com\/en\/wp-json\/wp\/v2\/product_cat?post=44562"},{"taxonomy":"product_tag","embeddable":true,"href":"https:\/\/librairie7l.com\/en\/wp-json\/wp\/v2\/product_tag?post=44562"}],"curies":[{"name":"wp","href":"https:\/\/api.w.org\/{rel}","templated":true}]}}