{"id":44566,"date":"2024-11-27T09:18:05","date_gmt":"2024-11-27T08:18:05","guid":{"rendered":"https:\/\/librairie7l.com\/?post_type=product&#038;p=44566"},"modified":"2026-04-10T20:39:57","modified_gmt":"2026-04-10T18:39:57","slug":"lart-dans-la-vie-le-constructivisme-sovietique-dans-les-textes-2","status":"publish","type":"product","link":"https:\/\/librairie7l.com\/en\/produit\/lart-dans-la-vie-le-constructivisme-sovietique-dans-les-textes-2\/","title":{"rendered":"L&#8217;ART DANS LA VIE : LE CONSTRUCTIVISME SOVI\u00c9TIQUE DANS LES TEXTES"},"content":{"rendered":"<p>Au d\u00e9but des ann\u00e9es 1920, en Union sovi\u00e9tique, le constructivisme invente un art pour le plus grand nombre, tourn\u00e9 vers le futur, concret, fonctionnel, en lien direct avec la vie, \u00e0 rebours des courants qui le voyaient comme un univers autonome offert \u00e0 la contemplation. La peinture de chevalet doit c\u00e9der la place \u00e0 l&#8217;affiche, la litt\u00e9rature \u00e0 la presse, le th\u00e9\u00e2tre aux actions de masses.<br \/>\nCe recueil rassemble manifestes, \u00e9crits d&#8217;artistes et de th\u00e9oriciens parfois d\u00e9j\u00e0 connus en fran\u00e7ais, donn\u00e9s ici dans une nouvelle traduction, ainsi que de tr\u00e8s nombreux textes in\u00e9dits, collect\u00e9s au fil d&#8217;ann\u00e9es de recherches. Il ne se cantonne pas aux formes d&#8217;art les plus \u00e9tudi\u00e9es, mais investit des champs n\u00e9glig\u00e9s comme le mouvement ou la musique, et met en valeur des textes de femmes jusque-l\u00e0 ignor\u00e9es pour leur apport th\u00e9orique. Il importe aussi de restituer la dimension utopique du mouvement, y compris dans ses expressions les plus radicales. L&#8217;iconographie montre comment les th\u00e9ories \u00e9voqu\u00e9es s&#8217;animent et s&#8217;incarnent dans la pratique. Chaque section est introduite par un sp\u00e9cialiste du champ consid\u00e9r\u00e9. L&#8217;important appareil critique et les nombreuses illustrations permettent d&#8217;accompagner le lecteur dans l&#8217;univers foisonnant de cette p\u00e9riode unique pour l&#8217;histoire mondiale de l&#8217;art.<br \/>\nCette contribution majeure \u00e0 l&#8217;\u00e9tude des avant-gardes sovi\u00e9tiques t\u00e9moigne d&#8217;une diversit\u00e9 plus grande qu&#8217;on ne l&#8217;imaginait, d&#8217;une inventivit\u00e9 et d&#8217;une soif de changement qui ont ensuite \u00e9t\u00e9 \u00e9cras\u00e9es par le stalinisme.<\/p>\n","protected":false},"excerpt":{"rendered":"<p>Au d\u00e9but des ann\u00e9es 1920, en Union sovi\u00e9tique, le constructivisme invente un art pour le plus grand nombre, tourn\u00e9 vers le futur, concret, fonctionnel, en lien direct avec la vie, \u00e0 rebours des courants qui le voyaient comme un univers autonome offert \u00e0 la contemplation. La peinture de chevalet doit c\u00e9der la place \u00e0 l&#8217;affiche, [&hellip;]<\/p>\n","protected":false},"featured_media":44564,"template":"","meta":[],"product_cat":[2948],"product_tag":[],"acf":[],"yoast_head":"<!-- This site is optimized with the Yoast SEO plugin v20.11 - https:\/\/yoast.com\/wordpress\/plugins\/seo\/ -->\n<title>L&#039;Art dans la vie : Le constructivisme sovi\u00e9tique dans les textes - Librairie 7L<\/title>\n<meta name=\"robots\" content=\"index, follow, max-snippet:-1, max-image-preview:large, max-video-preview:-1\" \/>\n<link rel=\"canonical\" href=\"https:\/\/librairie7l.com\/en\/produit\/lart-dans-la-vie-le-constructivisme-sovietique-dans-les-textes-2\/\" \/>\n<meta property=\"og:locale\" content=\"en_US\" \/>\n<meta property=\"og:type\" content=\"article\" \/>\n<meta property=\"og:title\" content=\"L&#039;Art dans la vie : Le constructivisme sovi\u00e9tique dans les textes - Librairie 7L\" \/>\n<meta property=\"og:description\" content=\"Au d\u00e9but des ann\u00e9es 1920, en Union sovi\u00e9tique, le constructivisme invente un art pour le plus grand nombre, tourn\u00e9 vers le futur, concret, fonctionnel, en lien direct avec la vie, \u00e0 rebours des courants qui le voyaient comme un univers autonome offert \u00e0 la contemplation. La peinture de chevalet doit c\u00e9der la place \u00e0 l&#8217;affiche, [&hellip;]\" \/>\n<meta property=\"og:url\" content=\"https:\/\/librairie7l.com\/en\/produit\/lart-dans-la-vie-le-constructivisme-sovietique-dans-les-textes-2\/\" \/>\n<meta property=\"og:site_name\" content=\"Librairie 7L\" \/>\n<meta property=\"article:modified_time\" content=\"2026-04-10T18:39:57+00:00\" \/>\n<meta property=\"og:image\" content=\"https:\/\/librairie7l.com\/wp-content\/uploads\/2024\/10\/9782378960353_1_75.jpg\" \/>\n\t<meta property=\"og:image:width\" content=\"600\" \/>\n\t<meta property=\"og:image:height\" content=\"917\" \/>\n\t<meta property=\"og:image:type\" content=\"image\/jpeg\" \/>\n<meta name=\"twitter:card\" content=\"summary_large_image\" \/>\n<meta name=\"twitter:label1\" content=\"Est. reading time\" \/>\n\t<meta name=\"twitter:data1\" content=\"1 minute\" \/>\n<script type=\"application\/ld+json\" class=\"yoast-schema-graph\">{\"@context\":\"https:\/\/schema.org\",\"@graph\":[{\"@type\":\"WebPage\",\"@id\":\"https:\/\/librairie7l.com\/en\/produit\/lart-dans-la-vie-le-constructivisme-sovietique-dans-les-textes-2\/\",\"url\":\"https:\/\/librairie7l.com\/en\/produit\/lart-dans-la-vie-le-constructivisme-sovietique-dans-les-textes-2\/\",\"name\":\"L'Art dans la vie : Le constructivisme sovi\u00e9tique dans les textes - Librairie 7L\",\"isPartOf\":{\"@id\":\"https:\/\/librairie7l.com\/en\/#website\"},\"datePublished\":\"2024-11-27T08:18:05+00:00\",\"dateModified\":\"2026-04-10T18:39:57+00:00\",\"breadcrumb\":{\"@id\":\"https:\/\/librairie7l.com\/en\/produit\/lart-dans-la-vie-le-constructivisme-sovietique-dans-les-textes-2\/#breadcrumb\"},\"inLanguage\":\"en-US\",\"potentialAction\":[{\"@type\":\"ReadAction\",\"target\":[\"https:\/\/librairie7l.com\/en\/produit\/lart-dans-la-vie-le-constructivisme-sovietique-dans-les-textes-2\/\"]}]},{\"@type\":\"BreadcrumbList\",\"@id\":\"https:\/\/librairie7l.com\/en\/produit\/lart-dans-la-vie-le-constructivisme-sovietique-dans-les-textes-2\/#breadcrumb\",\"itemListElement\":[{\"@type\":\"ListItem\",\"position\":1,\"name\":\"Accueil\",\"item\":\"https:\/\/librairie7l.com\/en\/\"},{\"@type\":\"ListItem\",\"position\":2,\"name\":\"Shop\",\"item\":\"https:\/\/librairie7l.com\/en\/shop\/\"},{\"@type\":\"ListItem\",\"position\":3,\"name\":\"L&#8217;ART DANS LA VIE : LE CONSTRUCTIVISME SOVI\u00c9TIQUE DANS LES TEXTES\"}]},{\"@type\":\"WebSite\",\"@id\":\"https:\/\/librairie7l.com\/en\/#website\",\"url\":\"https:\/\/librairie7l.com\/en\/\",\"name\":\"Librairie 7L\",\"description\":\"Librairie fond\u00e9e en 1999 par Karl Lagerfeld \u00e0 Paris\",\"publisher\":{\"@id\":\"https:\/\/librairie7l.com\/en\/#organization\"},\"potentialAction\":[{\"@type\":\"SearchAction\",\"target\":{\"@type\":\"EntryPoint\",\"urlTemplate\":\"https:\/\/librairie7l.com\/en\/?s={search_term_string}\"},\"query-input\":\"required name=search_term_string\"}],\"inLanguage\":\"en-US\"},{\"@type\":\"Organization\",\"@id\":\"https:\/\/librairie7l.com\/en\/#organization\",\"name\":\"Librairie 7L\",\"url\":\"https:\/\/librairie7l.com\/en\/\",\"logo\":{\"@type\":\"ImageObject\",\"inLanguage\":\"en-US\",\"@id\":\"https:\/\/librairie7l.com\/en\/#\/schema\/logo\/image\/\",\"url\":\"https:\/\/librairie7l.com\/wp-content\/uploads\/2022\/08\/logo-1.png\",\"contentUrl\":\"https:\/\/librairie7l.com\/wp-content\/uploads\/2022\/08\/logo-1.png\",\"width\":227,\"height\":301,\"caption\":\"Librairie 7L\"},\"image\":{\"@id\":\"https:\/\/librairie7l.com\/en\/#\/schema\/logo\/image\/\"}}]}<\/script>\n<!-- \/ Yoast SEO plugin. -->","yoast_head_json":{"title":"L'Art dans la vie : Le constructivisme sovi\u00e9tique dans les textes - Librairie 7L","robots":{"index":"index","follow":"follow","max-snippet":"max-snippet:-1","max-image-preview":"max-image-preview:large","max-video-preview":"max-video-preview:-1"},"canonical":"https:\/\/librairie7l.com\/en\/produit\/lart-dans-la-vie-le-constructivisme-sovietique-dans-les-textes-2\/","og_locale":"en_US","og_type":"article","og_title":"L'Art dans la vie : Le constructivisme sovi\u00e9tique dans les textes - Librairie 7L","og_description":"Au d\u00e9but des ann\u00e9es 1920, en Union sovi\u00e9tique, le constructivisme invente un art pour le plus grand nombre, tourn\u00e9 vers le futur, concret, fonctionnel, en lien direct avec la vie, \u00e0 rebours des courants qui le voyaient comme un univers autonome offert \u00e0 la contemplation. La peinture de chevalet doit c\u00e9der la place \u00e0 l&#8217;affiche, [&hellip;]","og_url":"https:\/\/librairie7l.com\/en\/produit\/lart-dans-la-vie-le-constructivisme-sovietique-dans-les-textes-2\/","og_site_name":"Librairie 7L","article_modified_time":"2026-04-10T18:39:57+00:00","og_image":[{"width":600,"height":917,"url":"https:\/\/librairie7l.com\/wp-content\/uploads\/2024\/10\/9782378960353_1_75.jpg","type":"image\/jpeg"}],"twitter_card":"summary_large_image","twitter_misc":{"Est. reading time":"1 minute"},"schema":{"@context":"https:\/\/schema.org","@graph":[{"@type":"WebPage","@id":"https:\/\/librairie7l.com\/en\/produit\/lart-dans-la-vie-le-constructivisme-sovietique-dans-les-textes-2\/","url":"https:\/\/librairie7l.com\/en\/produit\/lart-dans-la-vie-le-constructivisme-sovietique-dans-les-textes-2\/","name":"L'Art dans la vie : Le constructivisme sovi\u00e9tique dans les textes - Librairie 7L","isPartOf":{"@id":"https:\/\/librairie7l.com\/en\/#website"},"datePublished":"2024-11-27T08:18:05+00:00","dateModified":"2026-04-10T18:39:57+00:00","breadcrumb":{"@id":"https:\/\/librairie7l.com\/en\/produit\/lart-dans-la-vie-le-constructivisme-sovietique-dans-les-textes-2\/#breadcrumb"},"inLanguage":"en-US","potentialAction":[{"@type":"ReadAction","target":["https:\/\/librairie7l.com\/en\/produit\/lart-dans-la-vie-le-constructivisme-sovietique-dans-les-textes-2\/"]}]},{"@type":"BreadcrumbList","@id":"https:\/\/librairie7l.com\/en\/produit\/lart-dans-la-vie-le-constructivisme-sovietique-dans-les-textes-2\/#breadcrumb","itemListElement":[{"@type":"ListItem","position":1,"name":"Accueil","item":"https:\/\/librairie7l.com\/en\/"},{"@type":"ListItem","position":2,"name":"Shop","item":"https:\/\/librairie7l.com\/en\/shop\/"},{"@type":"ListItem","position":3,"name":"L&#8217;ART DANS LA VIE : LE CONSTRUCTIVISME SOVI\u00c9TIQUE DANS LES TEXTES"}]},{"@type":"WebSite","@id":"https:\/\/librairie7l.com\/en\/#website","url":"https:\/\/librairie7l.com\/en\/","name":"Librairie 7L","description":"Librairie fond\u00e9e en 1999 par Karl Lagerfeld \u00e0 Paris","publisher":{"@id":"https:\/\/librairie7l.com\/en\/#organization"},"potentialAction":[{"@type":"SearchAction","target":{"@type":"EntryPoint","urlTemplate":"https:\/\/librairie7l.com\/en\/?s={search_term_string}"},"query-input":"required name=search_term_string"}],"inLanguage":"en-US"},{"@type":"Organization","@id":"https:\/\/librairie7l.com\/en\/#organization","name":"Librairie 7L","url":"https:\/\/librairie7l.com\/en\/","logo":{"@type":"ImageObject","inLanguage":"en-US","@id":"https:\/\/librairie7l.com\/en\/#\/schema\/logo\/image\/","url":"https:\/\/librairie7l.com\/wp-content\/uploads\/2022\/08\/logo-1.png","contentUrl":"https:\/\/librairie7l.com\/wp-content\/uploads\/2022\/08\/logo-1.png","width":227,"height":301,"caption":"Librairie 7L"},"image":{"@id":"https:\/\/librairie7l.com\/en\/#\/schema\/logo\/image\/"}}]}},"_links":{"self":[{"href":"https:\/\/librairie7l.com\/en\/wp-json\/wp\/v2\/product\/44566"}],"collection":[{"href":"https:\/\/librairie7l.com\/en\/wp-json\/wp\/v2\/product"}],"about":[{"href":"https:\/\/librairie7l.com\/en\/wp-json\/wp\/v2\/types\/product"}],"wp:featuredmedia":[{"embeddable":true,"href":"https:\/\/librairie7l.com\/en\/wp-json\/wp\/v2\/media\/44564"}],"wp:attachment":[{"href":"https:\/\/librairie7l.com\/en\/wp-json\/wp\/v2\/media?parent=44566"}],"wp:term":[{"taxonomy":"product_cat","embeddable":true,"href":"https:\/\/librairie7l.com\/en\/wp-json\/wp\/v2\/product_cat?post=44566"},{"taxonomy":"product_tag","embeddable":true,"href":"https:\/\/librairie7l.com\/en\/wp-json\/wp\/v2\/product_tag?post=44566"}],"curies":[{"name":"wp","href":"https:\/\/api.w.org\/{rel}","templated":true}]}}