{"id":44570,"date":"2024-11-27T09:18:10","date_gmt":"2024-11-27T08:18:10","guid":{"rendered":"https:\/\/librairie7l.com\/?post_type=product&#038;p=44570"},"modified":"2026-04-10T20:39:47","modified_gmt":"2026-04-10T18:39:47","slug":"chez-marguerite-duras-2","status":"publish","type":"product","link":"https:\/\/librairie7l.com\/en\/produit\/chez-marguerite-duras-2\/","title":{"rendered":"CHEZ MARGUERITE DURAS"},"content":{"rendered":"<p>Les lieux de vie de Marguerite Duras photographi\u00e9s par Catherine Faux, proche de Marguerite Duras et compagne de son fils, Jean Mascolo.<br \/>\n  Photographies sensibles et intimes des int\u00e9rieurs<br \/>\n  Livre unique. Photos originales et in\u00e9dites<br \/>\n  Expositions concomitantes \u00e0 la sortie du livre  <\/p>\n<p>Les lieux de Marguerite Duras, Neauphle-le-Ch\u00e2teau, Les Roches Noires \u00e0 Trouville&#8230; &#8221; demeurent dans le sillage de celle qui les a occup\u00e9s, &#8221; comme des \u00e2mes, \u00e0 se rappeler, \u00e0 attendre, \u00e0 esp\u00e9rer &#8220;, non comme des mausol\u00e9es glac\u00e9s, mais comme des fr\u00e9missements spirituels, porteurs d&#8217;une gr\u00e2ce toujours intacte (&#8230;) Duras absente mais infiniment pr\u00e9sente dans l&#8217;\u00e9vocation de ces lieux qu&#8217;elle aimait.&#8221; <\/p>\n<p> L&#8217;oeil de Catherine Faux, depuis longtemps familier de l&#8217;univers durassien, a su capter ces choses-l\u00e0, indicibles et immat\u00e9rielles.<\/p>\n<p> Les pi\u00e8ces que Catherine Faux a photographi\u00e9es, les coins et les recoins, les d\u00e9tails et les fen\u00eatres qui ouvrent sur le jardin, parviennent \u00e0 retenir l&#8217;histoire nocturne et lumineuse \u00e0 la fois, souveraine en tout cas, de Marguerite Duras. L&#8217;\u00e9motion surgit \u00e0 chaque photographie parce qu&#8217;elle r\u00e9ussit \u00e0 atteindre au plus vrai de ce que Duras nous a toujours rapport\u00e9 et confi\u00e9 : l&#8217;\u00e9criture atteinte dans le d\u00e9pouillement, la tendresse des tissus fan\u00e9s, et peut-\u00eatre m\u00eame la trace de son corps sur le petit canap\u00e9 d&#8217;appoint&#8230; &#8221;<br \/>\n (Alain Vircondelet)<\/p>\n","protected":false},"excerpt":{"rendered":"<p>Les lieux de vie de Marguerite Duras photographi\u00e9s par Catherine Faux, proche de Marguerite Duras et compagne de son fils, Jean Mascolo. Photographies sensibles et intimes des int\u00e9rieurs Livre unique. Photos originales et in\u00e9dites Expositions concomitantes \u00e0 la sortie du livre Les lieux de Marguerite Duras, Neauphle-le-Ch\u00e2teau, Les Roches Noires \u00e0 Trouville&#8230; &#8221; demeurent dans [&hellip;]<\/p>\n","protected":false},"featured_media":44568,"template":"","meta":[],"product_cat":[2948],"product_tag":[],"acf":[],"yoast_head":"<!-- This site is optimized with the Yoast SEO plugin v20.11 - https:\/\/yoast.com\/wordpress\/plugins\/seo\/ -->\n<title>Chez Marguerite Duras - Librairie 7L<\/title>\n<meta name=\"robots\" content=\"index, follow, max-snippet:-1, max-image-preview:large, max-video-preview:-1\" \/>\n<link rel=\"canonical\" href=\"https:\/\/librairie7l.com\/en\/produit\/chez-marguerite-duras-2\/\" \/>\n<meta property=\"og:locale\" content=\"en_US\" \/>\n<meta property=\"og:type\" content=\"article\" \/>\n<meta property=\"og:title\" content=\"Chez Marguerite Duras - Librairie 7L\" \/>\n<meta property=\"og:description\" content=\"Les lieux de vie de Marguerite Duras photographi\u00e9s par Catherine Faux, proche de Marguerite Duras et compagne de son fils, Jean Mascolo. Photographies sensibles et intimes des int\u00e9rieurs Livre unique. Photos originales et in\u00e9dites Expositions concomitantes \u00e0 la sortie du livre Les lieux de Marguerite Duras, Neauphle-le-Ch\u00e2teau, Les Roches Noires \u00e0 Trouville&#8230; &#8221; demeurent dans [&hellip;]\" \/>\n<meta property=\"og:url\" content=\"https:\/\/librairie7l.com\/en\/produit\/chez-marguerite-duras-2\/\" \/>\n<meta property=\"og:site_name\" content=\"Librairie 7L\" \/>\n<meta property=\"article:modified_time\" content=\"2026-04-10T18:39:47+00:00\" \/>\n<meta property=\"og:image\" content=\"https:\/\/librairie7l.com\/wp-content\/uploads\/2024\/06\/9791031206233_1_75.jpg\" \/>\n\t<meta property=\"og:image:width\" content=\"600\" \/>\n\t<meta property=\"og:image:height\" content=\"761\" \/>\n\t<meta property=\"og:image:type\" content=\"image\/jpeg\" \/>\n<meta name=\"twitter:card\" content=\"summary_large_image\" \/>\n<meta name=\"twitter:label1\" content=\"Est. reading time\" \/>\n\t<meta name=\"twitter:data1\" content=\"1 minute\" \/>\n<script type=\"application\/ld+json\" class=\"yoast-schema-graph\">{\"@context\":\"https:\/\/schema.org\",\"@graph\":[{\"@type\":\"WebPage\",\"@id\":\"https:\/\/librairie7l.com\/en\/produit\/chez-marguerite-duras-2\/\",\"url\":\"https:\/\/librairie7l.com\/en\/produit\/chez-marguerite-duras-2\/\",\"name\":\"Chez Marguerite Duras - Librairie 7L\",\"isPartOf\":{\"@id\":\"https:\/\/librairie7l.com\/en\/#website\"},\"datePublished\":\"2024-11-27T08:18:10+00:00\",\"dateModified\":\"2026-04-10T18:39:47+00:00\",\"breadcrumb\":{\"@id\":\"https:\/\/librairie7l.com\/en\/produit\/chez-marguerite-duras-2\/#breadcrumb\"},\"inLanguage\":\"en-US\",\"potentialAction\":[{\"@type\":\"ReadAction\",\"target\":[\"https:\/\/librairie7l.com\/en\/produit\/chez-marguerite-duras-2\/\"]}]},{\"@type\":\"BreadcrumbList\",\"@id\":\"https:\/\/librairie7l.com\/en\/produit\/chez-marguerite-duras-2\/#breadcrumb\",\"itemListElement\":[{\"@type\":\"ListItem\",\"position\":1,\"name\":\"Accueil\",\"item\":\"https:\/\/librairie7l.com\/en\/\"},{\"@type\":\"ListItem\",\"position\":2,\"name\":\"Shop\",\"item\":\"https:\/\/librairie7l.com\/en\/shop\/\"},{\"@type\":\"ListItem\",\"position\":3,\"name\":\"CHEZ MARGUERITE DURAS\"}]},{\"@type\":\"WebSite\",\"@id\":\"https:\/\/librairie7l.com\/en\/#website\",\"url\":\"https:\/\/librairie7l.com\/en\/\",\"name\":\"Librairie 7L\",\"description\":\"Librairie fond\u00e9e en 1999 par Karl Lagerfeld \u00e0 Paris\",\"publisher\":{\"@id\":\"https:\/\/librairie7l.com\/en\/#organization\"},\"potentialAction\":[{\"@type\":\"SearchAction\",\"target\":{\"@type\":\"EntryPoint\",\"urlTemplate\":\"https:\/\/librairie7l.com\/en\/?s={search_term_string}\"},\"query-input\":\"required name=search_term_string\"}],\"inLanguage\":\"en-US\"},{\"@type\":\"Organization\",\"@id\":\"https:\/\/librairie7l.com\/en\/#organization\",\"name\":\"Librairie 7L\",\"url\":\"https:\/\/librairie7l.com\/en\/\",\"logo\":{\"@type\":\"ImageObject\",\"inLanguage\":\"en-US\",\"@id\":\"https:\/\/librairie7l.com\/en\/#\/schema\/logo\/image\/\",\"url\":\"https:\/\/librairie7l.com\/wp-content\/uploads\/2022\/08\/logo-1.png\",\"contentUrl\":\"https:\/\/librairie7l.com\/wp-content\/uploads\/2022\/08\/logo-1.png\",\"width\":227,\"height\":301,\"caption\":\"Librairie 7L\"},\"image\":{\"@id\":\"https:\/\/librairie7l.com\/en\/#\/schema\/logo\/image\/\"}}]}<\/script>\n<!-- \/ Yoast SEO plugin. -->","yoast_head_json":{"title":"Chez Marguerite Duras - Librairie 7L","robots":{"index":"index","follow":"follow","max-snippet":"max-snippet:-1","max-image-preview":"max-image-preview:large","max-video-preview":"max-video-preview:-1"},"canonical":"https:\/\/librairie7l.com\/en\/produit\/chez-marguerite-duras-2\/","og_locale":"en_US","og_type":"article","og_title":"Chez Marguerite Duras - Librairie 7L","og_description":"Les lieux de vie de Marguerite Duras photographi\u00e9s par Catherine Faux, proche de Marguerite Duras et compagne de son fils, Jean Mascolo. Photographies sensibles et intimes des int\u00e9rieurs Livre unique. Photos originales et in\u00e9dites Expositions concomitantes \u00e0 la sortie du livre Les lieux de Marguerite Duras, Neauphle-le-Ch\u00e2teau, Les Roches Noires \u00e0 Trouville&#8230; &#8221; demeurent dans [&hellip;]","og_url":"https:\/\/librairie7l.com\/en\/produit\/chez-marguerite-duras-2\/","og_site_name":"Librairie 7L","article_modified_time":"2026-04-10T18:39:47+00:00","og_image":[{"width":600,"height":761,"url":"https:\/\/librairie7l.com\/wp-content\/uploads\/2024\/06\/9791031206233_1_75.jpg","type":"image\/jpeg"}],"twitter_card":"summary_large_image","twitter_misc":{"Est. reading time":"1 minute"},"schema":{"@context":"https:\/\/schema.org","@graph":[{"@type":"WebPage","@id":"https:\/\/librairie7l.com\/en\/produit\/chez-marguerite-duras-2\/","url":"https:\/\/librairie7l.com\/en\/produit\/chez-marguerite-duras-2\/","name":"Chez Marguerite Duras - Librairie 7L","isPartOf":{"@id":"https:\/\/librairie7l.com\/en\/#website"},"datePublished":"2024-11-27T08:18:10+00:00","dateModified":"2026-04-10T18:39:47+00:00","breadcrumb":{"@id":"https:\/\/librairie7l.com\/en\/produit\/chez-marguerite-duras-2\/#breadcrumb"},"inLanguage":"en-US","potentialAction":[{"@type":"ReadAction","target":["https:\/\/librairie7l.com\/en\/produit\/chez-marguerite-duras-2\/"]}]},{"@type":"BreadcrumbList","@id":"https:\/\/librairie7l.com\/en\/produit\/chez-marguerite-duras-2\/#breadcrumb","itemListElement":[{"@type":"ListItem","position":1,"name":"Accueil","item":"https:\/\/librairie7l.com\/en\/"},{"@type":"ListItem","position":2,"name":"Shop","item":"https:\/\/librairie7l.com\/en\/shop\/"},{"@type":"ListItem","position":3,"name":"CHEZ MARGUERITE DURAS"}]},{"@type":"WebSite","@id":"https:\/\/librairie7l.com\/en\/#website","url":"https:\/\/librairie7l.com\/en\/","name":"Librairie 7L","description":"Librairie fond\u00e9e en 1999 par Karl Lagerfeld \u00e0 Paris","publisher":{"@id":"https:\/\/librairie7l.com\/en\/#organization"},"potentialAction":[{"@type":"SearchAction","target":{"@type":"EntryPoint","urlTemplate":"https:\/\/librairie7l.com\/en\/?s={search_term_string}"},"query-input":"required name=search_term_string"}],"inLanguage":"en-US"},{"@type":"Organization","@id":"https:\/\/librairie7l.com\/en\/#organization","name":"Librairie 7L","url":"https:\/\/librairie7l.com\/en\/","logo":{"@type":"ImageObject","inLanguage":"en-US","@id":"https:\/\/librairie7l.com\/en\/#\/schema\/logo\/image\/","url":"https:\/\/librairie7l.com\/wp-content\/uploads\/2022\/08\/logo-1.png","contentUrl":"https:\/\/librairie7l.com\/wp-content\/uploads\/2022\/08\/logo-1.png","width":227,"height":301,"caption":"Librairie 7L"},"image":{"@id":"https:\/\/librairie7l.com\/en\/#\/schema\/logo\/image\/"}}]}},"_links":{"self":[{"href":"https:\/\/librairie7l.com\/en\/wp-json\/wp\/v2\/product\/44570"}],"collection":[{"href":"https:\/\/librairie7l.com\/en\/wp-json\/wp\/v2\/product"}],"about":[{"href":"https:\/\/librairie7l.com\/en\/wp-json\/wp\/v2\/types\/product"}],"wp:featuredmedia":[{"embeddable":true,"href":"https:\/\/librairie7l.com\/en\/wp-json\/wp\/v2\/media\/44568"}],"wp:attachment":[{"href":"https:\/\/librairie7l.com\/en\/wp-json\/wp\/v2\/media?parent=44570"}],"wp:term":[{"taxonomy":"product_cat","embeddable":true,"href":"https:\/\/librairie7l.com\/en\/wp-json\/wp\/v2\/product_cat?post=44570"},{"taxonomy":"product_tag","embeddable":true,"href":"https:\/\/librairie7l.com\/en\/wp-json\/wp\/v2\/product_tag?post=44570"}],"curies":[{"name":"wp","href":"https:\/\/api.w.org\/{rel}","templated":true}]}}