{"id":44574,"date":"2024-11-27T09:18:14","date_gmt":"2024-11-27T08:18:14","guid":{"rendered":"https:\/\/librairie7l.com\/?post_type=product&#038;p=44574"},"modified":"2026-04-08T14:21:07","modified_gmt":"2026-04-08T12:21:07","slug":"lee-miller-une-vie-sans-filtre-2","status":"publish","type":"product","link":"https:\/\/librairie7l.com\/en\/produit\/lee-miller-une-vie-sans-filtre-2\/","title":{"rendered":"LEE MILLER : UNE VIE SANS FILTRE"},"content":{"rendered":"<p>Mannequin et photographe, muse et reporter, femme lib\u00e9r\u00e9e, Lee Miller fut \u00e9galement la premi\u00e8re correspondante de guerre am\u00e9ricaine. Carolyn Burke r\u00e9v\u00e8le ici comment celle qui inspira Man Ray, Cocteau et Picasso a pu aussi photographier sans faillir les horreurs de Buchenwald et de Dachau.<br \/>\nBurke restitue toute la verve et l&#8217;\u00e9nergie de Miller : des traumatismes de sa petite enfance \u00e0 ses mariages peu conventionnels, du mannequinat pour Vogue \u00e0 la reconnaissance de son oeuvre photographique en passant par son immersion dans les milieux artistiques internationaux. Cette histoire &#8211; richement illustr\u00e9e &#8211; d&#8217;art et de beaut\u00e9, de sexe et de pouvoir, de modernisme et de surr\u00e9alisme, met en lumi\u00e8re le parcours exceptionnel d&#8217;une femme pass\u00e9e du statut d&#8217;objet d&#8217;art \u00e0 celui d&#8217;artiste.<\/p>\n<p>Carolyn Burke est biographe, critique d&#8217;art et traductrice. C&#8217;est \u00e0 Paris, o\u00f9 elle a v\u00e9cu pendant plusieurs ann\u00e9es, qu&#8217;elle a fait la connaissance de Lee Miller, juste avant sa mort. Elle vit en Californie.<\/p>\n<p>Traduit de l&#8217;anglais (Etats-Unis) par Marie-Claude Rideau<\/p>\n","protected":false},"excerpt":{"rendered":"<p>Mannequin et photographe, muse et reporter, femme lib\u00e9r\u00e9e, Lee Miller fut \u00e9galement la premi\u00e8re correspondante de guerre am\u00e9ricaine. Carolyn Burke r\u00e9v\u00e8le ici comment celle qui inspira Man Ray, Cocteau et Picasso a pu aussi photographier sans faillir les horreurs de Buchenwald et de Dachau. Burke restitue toute la verve et l&#8217;\u00e9nergie de Miller : des [&hellip;]<\/p>\n","protected":false},"featured_media":44572,"template":"","meta":[],"product_cat":[2948],"product_tag":[],"acf":[],"yoast_head":"<!-- This site is optimized with the Yoast SEO plugin v20.11 - https:\/\/yoast.com\/wordpress\/plugins\/seo\/ -->\n<title>Lee Miller : une vie sans filtre - Librairie 7L<\/title>\n<meta name=\"robots\" content=\"index, follow, max-snippet:-1, max-image-preview:large, max-video-preview:-1\" \/>\n<link rel=\"canonical\" href=\"https:\/\/librairie7l.com\/en\/produit\/lee-miller-une-vie-sans-filtre-2\/\" \/>\n<meta property=\"og:locale\" content=\"en_US\" \/>\n<meta property=\"og:type\" content=\"article\" \/>\n<meta property=\"og:title\" content=\"Lee Miller : une vie sans filtre - Librairie 7L\" \/>\n<meta property=\"og:description\" content=\"Mannequin et photographe, muse et reporter, femme lib\u00e9r\u00e9e, Lee Miller fut \u00e9galement la premi\u00e8re correspondante de guerre am\u00e9ricaine. Carolyn Burke r\u00e9v\u00e8le ici comment celle qui inspira Man Ray, Cocteau et Picasso a pu aussi photographier sans faillir les horreurs de Buchenwald et de Dachau. Burke restitue toute la verve et l&#8217;\u00e9nergie de Miller : des [&hellip;]\" \/>\n<meta property=\"og:url\" content=\"https:\/\/librairie7l.com\/en\/produit\/lee-miller-une-vie-sans-filtre-2\/\" \/>\n<meta property=\"og:site_name\" content=\"Librairie 7L\" \/>\n<meta property=\"article:modified_time\" content=\"2026-04-08T12:21:07+00:00\" \/>\n<meta property=\"og:image\" content=\"https:\/\/librairie7l.com\/wp-content\/uploads\/2023\/01\/9782380944198_1_75.jpg\" \/>\n\t<meta property=\"og:image:width\" content=\"600\" \/>\n\t<meta property=\"og:image:height\" content=\"902\" \/>\n\t<meta property=\"og:image:type\" content=\"image\/jpeg\" \/>\n<meta name=\"twitter:card\" content=\"summary_large_image\" \/>\n<meta name=\"twitter:label1\" content=\"Est. reading time\" \/>\n\t<meta name=\"twitter:data1\" content=\"1 minute\" \/>\n<script type=\"application\/ld+json\" class=\"yoast-schema-graph\">{\"@context\":\"https:\/\/schema.org\",\"@graph\":[{\"@type\":\"WebPage\",\"@id\":\"https:\/\/librairie7l.com\/en\/produit\/lee-miller-une-vie-sans-filtre-2\/\",\"url\":\"https:\/\/librairie7l.com\/en\/produit\/lee-miller-une-vie-sans-filtre-2\/\",\"name\":\"Lee Miller : une vie sans filtre - Librairie 7L\",\"isPartOf\":{\"@id\":\"https:\/\/librairie7l.com\/en\/#website\"},\"datePublished\":\"2024-11-27T08:18:14+00:00\",\"dateModified\":\"2026-04-08T12:21:07+00:00\",\"breadcrumb\":{\"@id\":\"https:\/\/librairie7l.com\/en\/produit\/lee-miller-une-vie-sans-filtre-2\/#breadcrumb\"},\"inLanguage\":\"en-US\",\"potentialAction\":[{\"@type\":\"ReadAction\",\"target\":[\"https:\/\/librairie7l.com\/en\/produit\/lee-miller-une-vie-sans-filtre-2\/\"]}]},{\"@type\":\"BreadcrumbList\",\"@id\":\"https:\/\/librairie7l.com\/en\/produit\/lee-miller-une-vie-sans-filtre-2\/#breadcrumb\",\"itemListElement\":[{\"@type\":\"ListItem\",\"position\":1,\"name\":\"Accueil\",\"item\":\"https:\/\/librairie7l.com\/en\/\"},{\"@type\":\"ListItem\",\"position\":2,\"name\":\"Shop\",\"item\":\"https:\/\/librairie7l.com\/en\/shop\/\"},{\"@type\":\"ListItem\",\"position\":3,\"name\":\"LEE MILLER : UNE VIE SANS FILTRE\"}]},{\"@type\":\"WebSite\",\"@id\":\"https:\/\/librairie7l.com\/en\/#website\",\"url\":\"https:\/\/librairie7l.com\/en\/\",\"name\":\"Librairie 7L\",\"description\":\"Librairie fond\u00e9e en 1999 par Karl Lagerfeld \u00e0 Paris\",\"publisher\":{\"@id\":\"https:\/\/librairie7l.com\/en\/#organization\"},\"potentialAction\":[{\"@type\":\"SearchAction\",\"target\":{\"@type\":\"EntryPoint\",\"urlTemplate\":\"https:\/\/librairie7l.com\/en\/?s={search_term_string}\"},\"query-input\":\"required name=search_term_string\"}],\"inLanguage\":\"en-US\"},{\"@type\":\"Organization\",\"@id\":\"https:\/\/librairie7l.com\/en\/#organization\",\"name\":\"Librairie 7L\",\"url\":\"https:\/\/librairie7l.com\/en\/\",\"logo\":{\"@type\":\"ImageObject\",\"inLanguage\":\"en-US\",\"@id\":\"https:\/\/librairie7l.com\/en\/#\/schema\/logo\/image\/\",\"url\":\"https:\/\/librairie7l.com\/wp-content\/uploads\/2022\/08\/logo-1.png\",\"contentUrl\":\"https:\/\/librairie7l.com\/wp-content\/uploads\/2022\/08\/logo-1.png\",\"width\":227,\"height\":301,\"caption\":\"Librairie 7L\"},\"image\":{\"@id\":\"https:\/\/librairie7l.com\/en\/#\/schema\/logo\/image\/\"}}]}<\/script>\n<!-- \/ Yoast SEO plugin. -->","yoast_head_json":{"title":"Lee Miller : une vie sans filtre - Librairie 7L","robots":{"index":"index","follow":"follow","max-snippet":"max-snippet:-1","max-image-preview":"max-image-preview:large","max-video-preview":"max-video-preview:-1"},"canonical":"https:\/\/librairie7l.com\/en\/produit\/lee-miller-une-vie-sans-filtre-2\/","og_locale":"en_US","og_type":"article","og_title":"Lee Miller : une vie sans filtre - Librairie 7L","og_description":"Mannequin et photographe, muse et reporter, femme lib\u00e9r\u00e9e, Lee Miller fut \u00e9galement la premi\u00e8re correspondante de guerre am\u00e9ricaine. Carolyn Burke r\u00e9v\u00e8le ici comment celle qui inspira Man Ray, Cocteau et Picasso a pu aussi photographier sans faillir les horreurs de Buchenwald et de Dachau. Burke restitue toute la verve et l&#8217;\u00e9nergie de Miller : des [&hellip;]","og_url":"https:\/\/librairie7l.com\/en\/produit\/lee-miller-une-vie-sans-filtre-2\/","og_site_name":"Librairie 7L","article_modified_time":"2026-04-08T12:21:07+00:00","og_image":[{"width":600,"height":902,"url":"https:\/\/librairie7l.com\/wp-content\/uploads\/2023\/01\/9782380944198_1_75.jpg","type":"image\/jpeg"}],"twitter_card":"summary_large_image","twitter_misc":{"Est. reading time":"1 minute"},"schema":{"@context":"https:\/\/schema.org","@graph":[{"@type":"WebPage","@id":"https:\/\/librairie7l.com\/en\/produit\/lee-miller-une-vie-sans-filtre-2\/","url":"https:\/\/librairie7l.com\/en\/produit\/lee-miller-une-vie-sans-filtre-2\/","name":"Lee Miller : une vie sans filtre - Librairie 7L","isPartOf":{"@id":"https:\/\/librairie7l.com\/en\/#website"},"datePublished":"2024-11-27T08:18:14+00:00","dateModified":"2026-04-08T12:21:07+00:00","breadcrumb":{"@id":"https:\/\/librairie7l.com\/en\/produit\/lee-miller-une-vie-sans-filtre-2\/#breadcrumb"},"inLanguage":"en-US","potentialAction":[{"@type":"ReadAction","target":["https:\/\/librairie7l.com\/en\/produit\/lee-miller-une-vie-sans-filtre-2\/"]}]},{"@type":"BreadcrumbList","@id":"https:\/\/librairie7l.com\/en\/produit\/lee-miller-une-vie-sans-filtre-2\/#breadcrumb","itemListElement":[{"@type":"ListItem","position":1,"name":"Accueil","item":"https:\/\/librairie7l.com\/en\/"},{"@type":"ListItem","position":2,"name":"Shop","item":"https:\/\/librairie7l.com\/en\/shop\/"},{"@type":"ListItem","position":3,"name":"LEE MILLER : UNE VIE SANS FILTRE"}]},{"@type":"WebSite","@id":"https:\/\/librairie7l.com\/en\/#website","url":"https:\/\/librairie7l.com\/en\/","name":"Librairie 7L","description":"Librairie fond\u00e9e en 1999 par Karl Lagerfeld \u00e0 Paris","publisher":{"@id":"https:\/\/librairie7l.com\/en\/#organization"},"potentialAction":[{"@type":"SearchAction","target":{"@type":"EntryPoint","urlTemplate":"https:\/\/librairie7l.com\/en\/?s={search_term_string}"},"query-input":"required name=search_term_string"}],"inLanguage":"en-US"},{"@type":"Organization","@id":"https:\/\/librairie7l.com\/en\/#organization","name":"Librairie 7L","url":"https:\/\/librairie7l.com\/en\/","logo":{"@type":"ImageObject","inLanguage":"en-US","@id":"https:\/\/librairie7l.com\/en\/#\/schema\/logo\/image\/","url":"https:\/\/librairie7l.com\/wp-content\/uploads\/2022\/08\/logo-1.png","contentUrl":"https:\/\/librairie7l.com\/wp-content\/uploads\/2022\/08\/logo-1.png","width":227,"height":301,"caption":"Librairie 7L"},"image":{"@id":"https:\/\/librairie7l.com\/en\/#\/schema\/logo\/image\/"}}]}},"_links":{"self":[{"href":"https:\/\/librairie7l.com\/en\/wp-json\/wp\/v2\/product\/44574"}],"collection":[{"href":"https:\/\/librairie7l.com\/en\/wp-json\/wp\/v2\/product"}],"about":[{"href":"https:\/\/librairie7l.com\/en\/wp-json\/wp\/v2\/types\/product"}],"wp:featuredmedia":[{"embeddable":true,"href":"https:\/\/librairie7l.com\/en\/wp-json\/wp\/v2\/media\/44572"}],"wp:attachment":[{"href":"https:\/\/librairie7l.com\/en\/wp-json\/wp\/v2\/media?parent=44574"}],"wp:term":[{"taxonomy":"product_cat","embeddable":true,"href":"https:\/\/librairie7l.com\/en\/wp-json\/wp\/v2\/product_cat?post=44574"},{"taxonomy":"product_tag","embeddable":true,"href":"https:\/\/librairie7l.com\/en\/wp-json\/wp\/v2\/product_tag?post=44574"}],"curies":[{"name":"wp","href":"https:\/\/api.w.org\/{rel}","templated":true}]}}