{"id":44584,"date":"2024-11-28T09:17:39","date_gmt":"2024-11-28T08:17:39","guid":{"rendered":"https:\/\/librairie7l.com\/?post_type=product&#038;p=44584"},"modified":"2026-04-10T07:06:11","modified_gmt":"2026-04-10T05:06:11","slug":"la-collection-francis-meyer-coffret-2-livres-2","status":"publish","type":"product","link":"https:\/\/librairie7l.com\/en\/produit\/la-collection-francis-meyer-coffret-2-livres-2\/","title":{"rendered":"LA COLLECTION FRANCIS MEYER (COFFRET 2 LIVRES)"},"content":{"rendered":"<p>Collectionneur exigeant, Francis Meyer a rassembl\u00e9 avec discr\u00e9tion plus de 200 pi\u00e8ces d&#8217;\u00c9mile Gall\u00e9 et Daum parmi les plus importants exemples de ces deux grands noms. La collection, rassembl\u00e9e dans la villa Elfenau de Bienne, permet de comprendre les cheminements artistiques, techniques et symboliques qu&#8217;ont suivi les artistes, dont les cr\u00e9ations se situent au sommet de l&#8217;art du verre, refl\u00e8te l&#8217;engouement pour l&#8217;artisanat et l&#8217;art d\u00e9coratif de la Belle \u00c9poque, et t\u00e9moigne de l&#8217;esth\u00e9tique raffin\u00e9e de cette p\u00e9riode artistique embl\u00e9matique du d\u00e9but du XXe si\u00e8cle.<br \/>\nR\u00e9dig\u00e9 par des sp\u00e9cialistes de renomm\u00e9e internationale, ce beau coffret conjugue technique et p\u00e9dagogie pour le plus grand plaisir des amateurs curieux et des connaisseurs de l&#8217;Art Nouveau et de l&#8217;Art D\u00e9co. Il comprend deux ouvrages de 432 pages et 112 pages, richement illustr\u00e9s de photographies couleur de la collection.<\/p>\n","protected":false},"excerpt":{"rendered":"<p>Collectionneur exigeant, Francis Meyer a rassembl\u00e9 avec discr\u00e9tion plus de 200 pi\u00e8ces d&#8217;\u00c9mile Gall\u00e9 et Daum parmi les plus importants exemples de ces deux grands noms. La collection, rassembl\u00e9e dans la villa Elfenau de Bienne, permet de comprendre les cheminements artistiques, techniques et symboliques qu&#8217;ont suivi les artistes, dont les cr\u00e9ations se situent au sommet [&hellip;]<\/p>\n","protected":false},"featured_media":51244,"template":"","meta":[],"product_cat":[2948,2952],"product_tag":[],"acf":[],"yoast_head":"<!-- This site is optimized with the Yoast SEO plugin v20.11 - https:\/\/yoast.com\/wordpress\/plugins\/seo\/ -->\n<title>LA COLLECTION FRANCIS MEYER (COFFRET 2 LIVRES) - Librairie 7L<\/title>\n<meta name=\"robots\" content=\"index, follow, max-snippet:-1, max-image-preview:large, max-video-preview:-1\" \/>\n<link rel=\"canonical\" href=\"https:\/\/librairie7l.com\/en\/produit\/la-collection-francis-meyer-coffret-2-livres-2\/\" \/>\n<meta property=\"og:locale\" content=\"en_US\" \/>\n<meta property=\"og:type\" content=\"article\" \/>\n<meta property=\"og:title\" content=\"LA COLLECTION FRANCIS MEYER (COFFRET 2 LIVRES) - Librairie 7L\" \/>\n<meta property=\"og:description\" content=\"Collectionneur exigeant, Francis Meyer a rassembl\u00e9 avec discr\u00e9tion plus de 200 pi\u00e8ces d&#8217;\u00c9mile Gall\u00e9 et Daum parmi les plus importants exemples de ces deux grands noms. La collection, rassembl\u00e9e dans la villa Elfenau de Bienne, permet de comprendre les cheminements artistiques, techniques et symboliques qu&#8217;ont suivi les artistes, dont les cr\u00e9ations se situent au sommet [&hellip;]\" \/>\n<meta property=\"og:url\" content=\"https:\/\/librairie7l.com\/en\/produit\/la-collection-francis-meyer-coffret-2-livres-2\/\" \/>\n<meta property=\"og:site_name\" content=\"Librairie 7L\" \/>\n<meta property=\"article:modified_time\" content=\"2026-04-10T05:06:11+00:00\" \/>\n<meta name=\"twitter:card\" content=\"summary_large_image\" \/>\n<meta name=\"twitter:label1\" content=\"Est. reading time\" \/>\n\t<meta name=\"twitter:data1\" content=\"1 minute\" \/>\n<script type=\"application\/ld+json\" class=\"yoast-schema-graph\">{\"@context\":\"https:\/\/schema.org\",\"@graph\":[{\"@type\":\"WebPage\",\"@id\":\"https:\/\/librairie7l.com\/en\/produit\/la-collection-francis-meyer-coffret-2-livres-2\/\",\"url\":\"https:\/\/librairie7l.com\/en\/produit\/la-collection-francis-meyer-coffret-2-livres-2\/\",\"name\":\"LA COLLECTION FRANCIS MEYER (COFFRET 2 LIVRES) - Librairie 7L\",\"isPartOf\":{\"@id\":\"https:\/\/librairie7l.com\/en\/#website\"},\"datePublished\":\"2024-11-28T08:17:39+00:00\",\"dateModified\":\"2026-04-10T05:06:11+00:00\",\"breadcrumb\":{\"@id\":\"https:\/\/librairie7l.com\/en\/produit\/la-collection-francis-meyer-coffret-2-livres-2\/#breadcrumb\"},\"inLanguage\":\"en-US\",\"potentialAction\":[{\"@type\":\"ReadAction\",\"target\":[\"https:\/\/librairie7l.com\/en\/produit\/la-collection-francis-meyer-coffret-2-livres-2\/\"]}]},{\"@type\":\"BreadcrumbList\",\"@id\":\"https:\/\/librairie7l.com\/en\/produit\/la-collection-francis-meyer-coffret-2-livres-2\/#breadcrumb\",\"itemListElement\":[{\"@type\":\"ListItem\",\"position\":1,\"name\":\"Accueil\",\"item\":\"https:\/\/librairie7l.com\/en\/\"},{\"@type\":\"ListItem\",\"position\":2,\"name\":\"Shop\",\"item\":\"https:\/\/librairie7l.com\/en\/shop\/\"},{\"@type\":\"ListItem\",\"position\":3,\"name\":\"LA COLLECTION FRANCIS MEYER (COFFRET 2 LIVRES)\"}]},{\"@type\":\"WebSite\",\"@id\":\"https:\/\/librairie7l.com\/en\/#website\",\"url\":\"https:\/\/librairie7l.com\/en\/\",\"name\":\"Librairie 7L\",\"description\":\"Librairie fond\u00e9e en 1999 par Karl Lagerfeld \u00e0 Paris\",\"publisher\":{\"@id\":\"https:\/\/librairie7l.com\/en\/#organization\"},\"potentialAction\":[{\"@type\":\"SearchAction\",\"target\":{\"@type\":\"EntryPoint\",\"urlTemplate\":\"https:\/\/librairie7l.com\/en\/?s={search_term_string}\"},\"query-input\":\"required name=search_term_string\"}],\"inLanguage\":\"en-US\"},{\"@type\":\"Organization\",\"@id\":\"https:\/\/librairie7l.com\/en\/#organization\",\"name\":\"Librairie 7L\",\"url\":\"https:\/\/librairie7l.com\/en\/\",\"logo\":{\"@type\":\"ImageObject\",\"inLanguage\":\"en-US\",\"@id\":\"https:\/\/librairie7l.com\/en\/#\/schema\/logo\/image\/\",\"url\":\"https:\/\/librairie7l.com\/wp-content\/uploads\/2022\/08\/logo-1.png\",\"contentUrl\":\"https:\/\/librairie7l.com\/wp-content\/uploads\/2022\/08\/logo-1.png\",\"width\":227,\"height\":301,\"caption\":\"Librairie 7L\"},\"image\":{\"@id\":\"https:\/\/librairie7l.com\/en\/#\/schema\/logo\/image\/\"}}]}<\/script>\n<!-- \/ Yoast SEO plugin. -->","yoast_head_json":{"title":"LA COLLECTION FRANCIS MEYER (COFFRET 2 LIVRES) - Librairie 7L","robots":{"index":"index","follow":"follow","max-snippet":"max-snippet:-1","max-image-preview":"max-image-preview:large","max-video-preview":"max-video-preview:-1"},"canonical":"https:\/\/librairie7l.com\/en\/produit\/la-collection-francis-meyer-coffret-2-livres-2\/","og_locale":"en_US","og_type":"article","og_title":"LA COLLECTION FRANCIS MEYER (COFFRET 2 LIVRES) - Librairie 7L","og_description":"Collectionneur exigeant, Francis Meyer a rassembl\u00e9 avec discr\u00e9tion plus de 200 pi\u00e8ces d&#8217;\u00c9mile Gall\u00e9 et Daum parmi les plus importants exemples de ces deux grands noms. La collection, rassembl\u00e9e dans la villa Elfenau de Bienne, permet de comprendre les cheminements artistiques, techniques et symboliques qu&#8217;ont suivi les artistes, dont les cr\u00e9ations se situent au sommet [&hellip;]","og_url":"https:\/\/librairie7l.com\/en\/produit\/la-collection-francis-meyer-coffret-2-livres-2\/","og_site_name":"Librairie 7L","article_modified_time":"2026-04-10T05:06:11+00:00","twitter_card":"summary_large_image","twitter_misc":{"Est. reading time":"1 minute"},"schema":{"@context":"https:\/\/schema.org","@graph":[{"@type":"WebPage","@id":"https:\/\/librairie7l.com\/en\/produit\/la-collection-francis-meyer-coffret-2-livres-2\/","url":"https:\/\/librairie7l.com\/en\/produit\/la-collection-francis-meyer-coffret-2-livres-2\/","name":"LA COLLECTION FRANCIS MEYER (COFFRET 2 LIVRES) - Librairie 7L","isPartOf":{"@id":"https:\/\/librairie7l.com\/en\/#website"},"datePublished":"2024-11-28T08:17:39+00:00","dateModified":"2026-04-10T05:06:11+00:00","breadcrumb":{"@id":"https:\/\/librairie7l.com\/en\/produit\/la-collection-francis-meyer-coffret-2-livres-2\/#breadcrumb"},"inLanguage":"en-US","potentialAction":[{"@type":"ReadAction","target":["https:\/\/librairie7l.com\/en\/produit\/la-collection-francis-meyer-coffret-2-livres-2\/"]}]},{"@type":"BreadcrumbList","@id":"https:\/\/librairie7l.com\/en\/produit\/la-collection-francis-meyer-coffret-2-livres-2\/#breadcrumb","itemListElement":[{"@type":"ListItem","position":1,"name":"Accueil","item":"https:\/\/librairie7l.com\/en\/"},{"@type":"ListItem","position":2,"name":"Shop","item":"https:\/\/librairie7l.com\/en\/shop\/"},{"@type":"ListItem","position":3,"name":"LA COLLECTION FRANCIS MEYER (COFFRET 2 LIVRES)"}]},{"@type":"WebSite","@id":"https:\/\/librairie7l.com\/en\/#website","url":"https:\/\/librairie7l.com\/en\/","name":"Librairie 7L","description":"Librairie fond\u00e9e en 1999 par Karl Lagerfeld \u00e0 Paris","publisher":{"@id":"https:\/\/librairie7l.com\/en\/#organization"},"potentialAction":[{"@type":"SearchAction","target":{"@type":"EntryPoint","urlTemplate":"https:\/\/librairie7l.com\/en\/?s={search_term_string}"},"query-input":"required name=search_term_string"}],"inLanguage":"en-US"},{"@type":"Organization","@id":"https:\/\/librairie7l.com\/en\/#organization","name":"Librairie 7L","url":"https:\/\/librairie7l.com\/en\/","logo":{"@type":"ImageObject","inLanguage":"en-US","@id":"https:\/\/librairie7l.com\/en\/#\/schema\/logo\/image\/","url":"https:\/\/librairie7l.com\/wp-content\/uploads\/2022\/08\/logo-1.png","contentUrl":"https:\/\/librairie7l.com\/wp-content\/uploads\/2022\/08\/logo-1.png","width":227,"height":301,"caption":"Librairie 7L"},"image":{"@id":"https:\/\/librairie7l.com\/en\/#\/schema\/logo\/image\/"}}]}},"_links":{"self":[{"href":"https:\/\/librairie7l.com\/en\/wp-json\/wp\/v2\/product\/44584"}],"collection":[{"href":"https:\/\/librairie7l.com\/en\/wp-json\/wp\/v2\/product"}],"about":[{"href":"https:\/\/librairie7l.com\/en\/wp-json\/wp\/v2\/types\/product"}],"wp:featuredmedia":[{"embeddable":true,"href":"https:\/\/librairie7l.com\/en\/wp-json\/wp\/v2\/media\/51244"}],"wp:attachment":[{"href":"https:\/\/librairie7l.com\/en\/wp-json\/wp\/v2\/media?parent=44584"}],"wp:term":[{"taxonomy":"product_cat","embeddable":true,"href":"https:\/\/librairie7l.com\/en\/wp-json\/wp\/v2\/product_cat?post=44584"},{"taxonomy":"product_tag","embeddable":true,"href":"https:\/\/librairie7l.com\/en\/wp-json\/wp\/v2\/product_tag?post=44584"}],"curies":[{"name":"wp","href":"https:\/\/api.w.org\/{rel}","templated":true}]}}