{"id":44590,"date":"2024-11-28T09:17:46","date_gmt":"2024-11-28T08:17:46","guid":{"rendered":"https:\/\/librairie7l.com\/?post_type=product&#038;p=44590"},"modified":"2026-04-17T03:24:59","modified_gmt":"2026-04-17T01:24:59","slug":"le-fanteme-de-larchitecte-2","status":"publish","type":"product","link":"https:\/\/librairie7l.com\/en\/produit\/le-fanteme-de-larchitecte-2\/","title":{"rendered":"LE FANT\u00caME DE L&#8217;ARCHITECTE"},"content":{"rendered":"<p>M\u00eame chez les plus grands et les plus renomm\u00e9s des architectes, le succ\u00e8s n&#8217;est pas toujours au rendez-vous : des projets \u00ab de coeur \u00bb restent lettre morte, des b\u00e2timents sont d\u00e9molis, des obstacles se dressent les uns apr\u00e8s les autres&#8230; causant chez leurs auteurs d\u00e9ceptions, sentiments d&#8217;\u00e9chec personnel, voire blessures profondes. Parus \u00e0 l&#8217;origine sous forme de chroniques dans Lib\u00e9ration, dix \u00e9pisodes de cette histoire m\u00e9connue de l&#8217;architecture ont \u00e9t\u00e9 d\u00e9velopp\u00e9s et document\u00e9s \u00e0 l&#8217;occasion de cet ouvrage. Largement illustr\u00e9es, et \u00e9crites d&#8217;une plume sachant manier l&#8217;intrigue, ces histoires vraies tendent \u00e0 l&#8217;architecture un miroir inhabituel, plein d&#8217;humanit\u00e9. Une lecture \u00e9mouvante et passionnante qui d\u00e9voile le \u00ab c\u00f4t\u00e9 obscur \u00bb de cette pratique et de l&#8217;univers de ses fant\u00f4mes.<\/p>\n","protected":false},"excerpt":{"rendered":"<p>M\u00eame chez les plus grands et les plus renomm\u00e9s des architectes, le succ\u00e8s n&#8217;est pas toujours au rendez-vous : des projets \u00ab de coeur \u00bb restent lettre morte, des b\u00e2timents sont d\u00e9molis, des obstacles se dressent les uns apr\u00e8s les autres&#8230; causant chez leurs auteurs d\u00e9ceptions, sentiments d&#8217;\u00e9chec personnel, voire blessures profondes. Parus \u00e0 l&#8217;origine [&hellip;]<\/p>\n","protected":false},"featured_media":44588,"template":"","meta":[],"product_cat":[2948,2950],"product_tag":[],"acf":[],"yoast_head":"<!-- This site is optimized with the Yoast SEO plugin v20.11 - https:\/\/yoast.com\/wordpress\/plugins\/seo\/ -->\n<title>Le fant\u00eame de l&#039;architecte - Librairie 7L<\/title>\n<meta name=\"robots\" content=\"index, follow, max-snippet:-1, max-image-preview:large, max-video-preview:-1\" \/>\n<link rel=\"canonical\" href=\"https:\/\/librairie7l.com\/en\/produit\/le-fanteme-de-larchitecte-2\/\" \/>\n<meta property=\"og:locale\" content=\"en_US\" \/>\n<meta property=\"og:type\" content=\"article\" \/>\n<meta property=\"og:title\" content=\"Le fant\u00eame de l&#039;architecte - Librairie 7L\" \/>\n<meta property=\"og:description\" content=\"M\u00eame chez les plus grands et les plus renomm\u00e9s des architectes, le succ\u00e8s n&#8217;est pas toujours au rendez-vous : des projets \u00ab de coeur \u00bb restent lettre morte, des b\u00e2timents sont d\u00e9molis, des obstacles se dressent les uns apr\u00e8s les autres&#8230; causant chez leurs auteurs d\u00e9ceptions, sentiments d&#8217;\u00e9chec personnel, voire blessures profondes. Parus \u00e0 l&#8217;origine [&hellip;]\" \/>\n<meta property=\"og:url\" content=\"https:\/\/librairie7l.com\/en\/produit\/le-fanteme-de-larchitecte-2\/\" \/>\n<meta property=\"og:site_name\" content=\"Librairie 7L\" \/>\n<meta property=\"article:modified_time\" content=\"2026-04-17T01:24:59+00:00\" \/>\n<meta property=\"og:image\" content=\"https:\/\/librairie7l.com\/wp-content\/uploads\/2024\/06\/9782863644553_1_75.jpg\" \/>\n\t<meta property=\"og:image:width\" content=\"600\" \/>\n\t<meta property=\"og:image:height\" content=\"873\" \/>\n\t<meta property=\"og:image:type\" content=\"image\/jpeg\" \/>\n<meta name=\"twitter:card\" content=\"summary_large_image\" \/>\n<meta name=\"twitter:label1\" content=\"Est. reading time\" \/>\n\t<meta name=\"twitter:data1\" content=\"1 minute\" \/>\n<script type=\"application\/ld+json\" class=\"yoast-schema-graph\">{\"@context\":\"https:\/\/schema.org\",\"@graph\":[{\"@type\":\"WebPage\",\"@id\":\"https:\/\/librairie7l.com\/en\/produit\/le-fanteme-de-larchitecte-2\/\",\"url\":\"https:\/\/librairie7l.com\/en\/produit\/le-fanteme-de-larchitecte-2\/\",\"name\":\"Le fant\u00eame de l'architecte - Librairie 7L\",\"isPartOf\":{\"@id\":\"https:\/\/librairie7l.com\/en\/#website\"},\"datePublished\":\"2024-11-28T08:17:46+00:00\",\"dateModified\":\"2026-04-17T01:24:59+00:00\",\"breadcrumb\":{\"@id\":\"https:\/\/librairie7l.com\/en\/produit\/le-fanteme-de-larchitecte-2\/#breadcrumb\"},\"inLanguage\":\"en-US\",\"potentialAction\":[{\"@type\":\"ReadAction\",\"target\":[\"https:\/\/librairie7l.com\/en\/produit\/le-fanteme-de-larchitecte-2\/\"]}]},{\"@type\":\"BreadcrumbList\",\"@id\":\"https:\/\/librairie7l.com\/en\/produit\/le-fanteme-de-larchitecte-2\/#breadcrumb\",\"itemListElement\":[{\"@type\":\"ListItem\",\"position\":1,\"name\":\"Accueil\",\"item\":\"https:\/\/librairie7l.com\/en\/\"},{\"@type\":\"ListItem\",\"position\":2,\"name\":\"Shop\",\"item\":\"https:\/\/librairie7l.com\/en\/shop\/\"},{\"@type\":\"ListItem\",\"position\":3,\"name\":\"LE FANT\u00caME DE L&#8217;ARCHITECTE\"}]},{\"@type\":\"WebSite\",\"@id\":\"https:\/\/librairie7l.com\/en\/#website\",\"url\":\"https:\/\/librairie7l.com\/en\/\",\"name\":\"Librairie 7L\",\"description\":\"Librairie fond\u00e9e en 1999 par Karl Lagerfeld \u00e0 Paris\",\"publisher\":{\"@id\":\"https:\/\/librairie7l.com\/en\/#organization\"},\"potentialAction\":[{\"@type\":\"SearchAction\",\"target\":{\"@type\":\"EntryPoint\",\"urlTemplate\":\"https:\/\/librairie7l.com\/en\/?s={search_term_string}\"},\"query-input\":\"required name=search_term_string\"}],\"inLanguage\":\"en-US\"},{\"@type\":\"Organization\",\"@id\":\"https:\/\/librairie7l.com\/en\/#organization\",\"name\":\"Librairie 7L\",\"url\":\"https:\/\/librairie7l.com\/en\/\",\"logo\":{\"@type\":\"ImageObject\",\"inLanguage\":\"en-US\",\"@id\":\"https:\/\/librairie7l.com\/en\/#\/schema\/logo\/image\/\",\"url\":\"https:\/\/librairie7l.com\/wp-content\/uploads\/2022\/08\/logo-1.png\",\"contentUrl\":\"https:\/\/librairie7l.com\/wp-content\/uploads\/2022\/08\/logo-1.png\",\"width\":227,\"height\":301,\"caption\":\"Librairie 7L\"},\"image\":{\"@id\":\"https:\/\/librairie7l.com\/en\/#\/schema\/logo\/image\/\"}}]}<\/script>\n<!-- \/ Yoast SEO plugin. -->","yoast_head_json":{"title":"Le fant\u00eame de l'architecte - Librairie 7L","robots":{"index":"index","follow":"follow","max-snippet":"max-snippet:-1","max-image-preview":"max-image-preview:large","max-video-preview":"max-video-preview:-1"},"canonical":"https:\/\/librairie7l.com\/en\/produit\/le-fanteme-de-larchitecte-2\/","og_locale":"en_US","og_type":"article","og_title":"Le fant\u00eame de l'architecte - Librairie 7L","og_description":"M\u00eame chez les plus grands et les plus renomm\u00e9s des architectes, le succ\u00e8s n&#8217;est pas toujours au rendez-vous : des projets \u00ab de coeur \u00bb restent lettre morte, des b\u00e2timents sont d\u00e9molis, des obstacles se dressent les uns apr\u00e8s les autres&#8230; causant chez leurs auteurs d\u00e9ceptions, sentiments d&#8217;\u00e9chec personnel, voire blessures profondes. Parus \u00e0 l&#8217;origine [&hellip;]","og_url":"https:\/\/librairie7l.com\/en\/produit\/le-fanteme-de-larchitecte-2\/","og_site_name":"Librairie 7L","article_modified_time":"2026-04-17T01:24:59+00:00","og_image":[{"width":600,"height":873,"url":"https:\/\/librairie7l.com\/wp-content\/uploads\/2024\/06\/9782863644553_1_75.jpg","type":"image\/jpeg"}],"twitter_card":"summary_large_image","twitter_misc":{"Est. reading time":"1 minute"},"schema":{"@context":"https:\/\/schema.org","@graph":[{"@type":"WebPage","@id":"https:\/\/librairie7l.com\/en\/produit\/le-fanteme-de-larchitecte-2\/","url":"https:\/\/librairie7l.com\/en\/produit\/le-fanteme-de-larchitecte-2\/","name":"Le fant\u00eame de l'architecte - Librairie 7L","isPartOf":{"@id":"https:\/\/librairie7l.com\/en\/#website"},"datePublished":"2024-11-28T08:17:46+00:00","dateModified":"2026-04-17T01:24:59+00:00","breadcrumb":{"@id":"https:\/\/librairie7l.com\/en\/produit\/le-fanteme-de-larchitecte-2\/#breadcrumb"},"inLanguage":"en-US","potentialAction":[{"@type":"ReadAction","target":["https:\/\/librairie7l.com\/en\/produit\/le-fanteme-de-larchitecte-2\/"]}]},{"@type":"BreadcrumbList","@id":"https:\/\/librairie7l.com\/en\/produit\/le-fanteme-de-larchitecte-2\/#breadcrumb","itemListElement":[{"@type":"ListItem","position":1,"name":"Accueil","item":"https:\/\/librairie7l.com\/en\/"},{"@type":"ListItem","position":2,"name":"Shop","item":"https:\/\/librairie7l.com\/en\/shop\/"},{"@type":"ListItem","position":3,"name":"LE FANT\u00caME DE L&#8217;ARCHITECTE"}]},{"@type":"WebSite","@id":"https:\/\/librairie7l.com\/en\/#website","url":"https:\/\/librairie7l.com\/en\/","name":"Librairie 7L","description":"Librairie fond\u00e9e en 1999 par Karl Lagerfeld \u00e0 Paris","publisher":{"@id":"https:\/\/librairie7l.com\/en\/#organization"},"potentialAction":[{"@type":"SearchAction","target":{"@type":"EntryPoint","urlTemplate":"https:\/\/librairie7l.com\/en\/?s={search_term_string}"},"query-input":"required name=search_term_string"}],"inLanguage":"en-US"},{"@type":"Organization","@id":"https:\/\/librairie7l.com\/en\/#organization","name":"Librairie 7L","url":"https:\/\/librairie7l.com\/en\/","logo":{"@type":"ImageObject","inLanguage":"en-US","@id":"https:\/\/librairie7l.com\/en\/#\/schema\/logo\/image\/","url":"https:\/\/librairie7l.com\/wp-content\/uploads\/2022\/08\/logo-1.png","contentUrl":"https:\/\/librairie7l.com\/wp-content\/uploads\/2022\/08\/logo-1.png","width":227,"height":301,"caption":"Librairie 7L"},"image":{"@id":"https:\/\/librairie7l.com\/en\/#\/schema\/logo\/image\/"}}]}},"_links":{"self":[{"href":"https:\/\/librairie7l.com\/en\/wp-json\/wp\/v2\/product\/44590"}],"collection":[{"href":"https:\/\/librairie7l.com\/en\/wp-json\/wp\/v2\/product"}],"about":[{"href":"https:\/\/librairie7l.com\/en\/wp-json\/wp\/v2\/types\/product"}],"wp:featuredmedia":[{"embeddable":true,"href":"https:\/\/librairie7l.com\/en\/wp-json\/wp\/v2\/media\/44588"}],"wp:attachment":[{"href":"https:\/\/librairie7l.com\/en\/wp-json\/wp\/v2\/media?parent=44590"}],"wp:term":[{"taxonomy":"product_cat","embeddable":true,"href":"https:\/\/librairie7l.com\/en\/wp-json\/wp\/v2\/product_cat?post=44590"},{"taxonomy":"product_tag","embeddable":true,"href":"https:\/\/librairie7l.com\/en\/wp-json\/wp\/v2\/product_tag?post=44590"}],"curies":[{"name":"wp","href":"https:\/\/api.w.org\/{rel}","templated":true}]}}