{"id":44594,"date":"2024-11-28T09:17:49","date_gmt":"2024-11-28T08:17:49","guid":{"rendered":"https:\/\/librairie7l.com\/?post_type=product&#038;p=44594"},"modified":"2026-05-05T12:39:36","modified_gmt":"2026-05-05T10:39:36","slug":"ange-laurent-de-la-live-de-jully-1725-1779-un-grand-amateur-a-lepoque-des-lumieres-2","status":"publish","type":"product","link":"https:\/\/librairie7l.com\/en\/produit\/ange-laurent-de-la-live-de-jully-1725-1779-un-grand-amateur-a-lepoque-des-lumieres-2\/","title":{"rendered":"ANGE LAURENT DE LA LIVE DE JULLY (1725-1779) : UN GRAND AMATEUR \u00c0 L&#8217;\u00c9POQUE DES LUMI\u00c8RES"},"content":{"rendered":"<p>Ange Laurent de La Live de Jully fut l&#8217;une des figures les plus brillantes et les plus attachantes du monde des grands amateurs fran\u00e7ais de la seconde moiti\u00e9 du XVIIIe si\u00e8cle. M\u00e9c\u00e8ne et ami des artistes de son temps, collectionneur, graveur, musicien et historien, il fut \u00e9lu, tr\u00e8s jeune, membre honoraire ou associ\u00e9 libre de l&#8217;Acad\u00e9mie royale de peinture et de sculpture, en raison de la qualit\u00e9 des collections qu&#8217;il avait r\u00e9unies et aussi de ses capacit\u00e9s artistiques.<br \/>\nAvec le concours des meilleurs sp\u00e9cialistes, cet ouvrage a pour ambition d&#8217;embrasser l&#8217;ensemble des collections de ce \u00ab d\u00e9nicheur de talents \u00bb dans des domaines tr\u00e8s divers &#8211; peintures, arts graphiques, sculptures, mobilier et objets d&#8217;art, livres, coquilles, instruments de musique&#8230; -, collections qui constituent autant de t\u00e9moignages de son immense curiosit\u00e9, de son ouverture d&#8217;esprit et de sa g\u00e9n\u00e9rosit\u00e9 envers les artistes. Il met \u00e9galement en lumi\u00e8re les milieux familial et intellectuel si stimulants dans lesquels il a baign\u00e9 et qui expliquent, \u00e0 bien des \u00e9gards, la formation de son go\u00fbt si raffin\u00e9 et de son extr\u00eame sensibilit\u00e9 artistique.<\/p>\n","protected":false},"excerpt":{"rendered":"<p>Ange Laurent de La Live de Jully fut l&#8217;une des figures les plus brillantes et les plus attachantes du monde des grands amateurs fran\u00e7ais de la seconde moiti\u00e9 du XVIIIe si\u00e8cle. M\u00e9c\u00e8ne et ami des artistes de son temps, collectionneur, graveur, musicien et historien, il fut \u00e9lu, tr\u00e8s jeune, membre honoraire ou associ\u00e9 libre de [&hellip;]<\/p>\n","protected":false},"featured_media":44592,"template":"","meta":[],"product_cat":[2948,2953],"product_tag":[],"acf":[],"yoast_head":"<!-- This site is optimized with the Yoast SEO plugin v20.11 - https:\/\/yoast.com\/wordpress\/plugins\/seo\/ -->\n<title>Ange Laurent de La Live de Jully (1725-1779) : Un grand amateur \u00e0 l&#039;\u00e9poque des Lumi\u00e8res - Librairie 7L<\/title>\n<meta name=\"robots\" content=\"index, follow, max-snippet:-1, max-image-preview:large, max-video-preview:-1\" \/>\n<link rel=\"canonical\" href=\"https:\/\/librairie7l.com\/en\/produit\/ange-laurent-de-la-live-de-jully-1725-1779-un-grand-amateur-a-lepoque-des-lumieres-2\/\" \/>\n<meta property=\"og:locale\" content=\"en_US\" \/>\n<meta property=\"og:type\" content=\"article\" \/>\n<meta property=\"og:title\" content=\"Ange Laurent de La Live de Jully (1725-1779) : Un grand amateur \u00e0 l&#039;\u00e9poque des Lumi\u00e8res - Librairie 7L\" \/>\n<meta property=\"og:description\" content=\"Ange Laurent de La Live de Jully fut l&#8217;une des figures les plus brillantes et les plus attachantes du monde des grands amateurs fran\u00e7ais de la seconde moiti\u00e9 du XVIIIe si\u00e8cle. M\u00e9c\u00e8ne et ami des artistes de son temps, collectionneur, graveur, musicien et historien, il fut \u00e9lu, tr\u00e8s jeune, membre honoraire ou associ\u00e9 libre de [&hellip;]\" \/>\n<meta property=\"og:url\" content=\"https:\/\/librairie7l.com\/en\/produit\/ange-laurent-de-la-live-de-jully-1725-1779-un-grand-amateur-a-lepoque-des-lumieres-2\/\" \/>\n<meta property=\"og:site_name\" content=\"Librairie 7L\" \/>\n<meta property=\"article:modified_time\" content=\"2026-05-05T10:39:36+00:00\" \/>\n<meta property=\"og:image\" content=\"https:\/\/librairie7l.com\/wp-content\/uploads\/2023\/05\/9782359064186_1_75.jpg\" \/>\n\t<meta property=\"og:image:width\" content=\"600\" \/>\n\t<meta property=\"og:image:height\" content=\"732\" \/>\n\t<meta property=\"og:image:type\" content=\"image\/jpeg\" \/>\n<meta name=\"twitter:card\" content=\"summary_large_image\" \/>\n<meta name=\"twitter:label1\" content=\"Est. reading time\" \/>\n\t<meta name=\"twitter:data1\" content=\"1 minute\" \/>\n<script type=\"application\/ld+json\" class=\"yoast-schema-graph\">{\"@context\":\"https:\/\/schema.org\",\"@graph\":[{\"@type\":\"WebPage\",\"@id\":\"https:\/\/librairie7l.com\/en\/produit\/ange-laurent-de-la-live-de-jully-1725-1779-un-grand-amateur-a-lepoque-des-lumieres-2\/\",\"url\":\"https:\/\/librairie7l.com\/en\/produit\/ange-laurent-de-la-live-de-jully-1725-1779-un-grand-amateur-a-lepoque-des-lumieres-2\/\",\"name\":\"Ange Laurent de La Live de Jully (1725-1779) : Un grand amateur \u00e0 l'\u00e9poque des Lumi\u00e8res - Librairie 7L\",\"isPartOf\":{\"@id\":\"https:\/\/librairie7l.com\/en\/#website\"},\"datePublished\":\"2024-11-28T08:17:49+00:00\",\"dateModified\":\"2026-05-05T10:39:36+00:00\",\"breadcrumb\":{\"@id\":\"https:\/\/librairie7l.com\/en\/produit\/ange-laurent-de-la-live-de-jully-1725-1779-un-grand-amateur-a-lepoque-des-lumieres-2\/#breadcrumb\"},\"inLanguage\":\"en-US\",\"potentialAction\":[{\"@type\":\"ReadAction\",\"target\":[\"https:\/\/librairie7l.com\/en\/produit\/ange-laurent-de-la-live-de-jully-1725-1779-un-grand-amateur-a-lepoque-des-lumieres-2\/\"]}]},{\"@type\":\"BreadcrumbList\",\"@id\":\"https:\/\/librairie7l.com\/en\/produit\/ange-laurent-de-la-live-de-jully-1725-1779-un-grand-amateur-a-lepoque-des-lumieres-2\/#breadcrumb\",\"itemListElement\":[{\"@type\":\"ListItem\",\"position\":1,\"name\":\"Accueil\",\"item\":\"https:\/\/librairie7l.com\/en\/\"},{\"@type\":\"ListItem\",\"position\":2,\"name\":\"Shop\",\"item\":\"https:\/\/librairie7l.com\/en\/shop\/\"},{\"@type\":\"ListItem\",\"position\":3,\"name\":\"ANGE LAURENT DE LA LIVE DE JULLY (1725-1779) : UN GRAND AMATEUR \u00c0 L&#8217;\u00c9POQUE DES LUMI\u00c8RES\"}]},{\"@type\":\"WebSite\",\"@id\":\"https:\/\/librairie7l.com\/en\/#website\",\"url\":\"https:\/\/librairie7l.com\/en\/\",\"name\":\"Librairie 7L\",\"description\":\"Librairie fond\u00e9e en 1999 par Karl Lagerfeld \u00e0 Paris\",\"publisher\":{\"@id\":\"https:\/\/librairie7l.com\/en\/#organization\"},\"potentialAction\":[{\"@type\":\"SearchAction\",\"target\":{\"@type\":\"EntryPoint\",\"urlTemplate\":\"https:\/\/librairie7l.com\/en\/?s={search_term_string}\"},\"query-input\":\"required name=search_term_string\"}],\"inLanguage\":\"en-US\"},{\"@type\":\"Organization\",\"@id\":\"https:\/\/librairie7l.com\/en\/#organization\",\"name\":\"Librairie 7L\",\"url\":\"https:\/\/librairie7l.com\/en\/\",\"logo\":{\"@type\":\"ImageObject\",\"inLanguage\":\"en-US\",\"@id\":\"https:\/\/librairie7l.com\/en\/#\/schema\/logo\/image\/\",\"url\":\"https:\/\/librairie7l.com\/wp-content\/uploads\/2022\/08\/logo-1.png\",\"contentUrl\":\"https:\/\/librairie7l.com\/wp-content\/uploads\/2022\/08\/logo-1.png\",\"width\":227,\"height\":301,\"caption\":\"Librairie 7L\"},\"image\":{\"@id\":\"https:\/\/librairie7l.com\/en\/#\/schema\/logo\/image\/\"}}]}<\/script>\n<!-- \/ Yoast SEO plugin. -->","yoast_head_json":{"title":"Ange Laurent de La Live de Jully (1725-1779) : Un grand amateur \u00e0 l'\u00e9poque des Lumi\u00e8res - Librairie 7L","robots":{"index":"index","follow":"follow","max-snippet":"max-snippet:-1","max-image-preview":"max-image-preview:large","max-video-preview":"max-video-preview:-1"},"canonical":"https:\/\/librairie7l.com\/en\/produit\/ange-laurent-de-la-live-de-jully-1725-1779-un-grand-amateur-a-lepoque-des-lumieres-2\/","og_locale":"en_US","og_type":"article","og_title":"Ange Laurent de La Live de Jully (1725-1779) : Un grand amateur \u00e0 l'\u00e9poque des Lumi\u00e8res - Librairie 7L","og_description":"Ange Laurent de La Live de Jully fut l&#8217;une des figures les plus brillantes et les plus attachantes du monde des grands amateurs fran\u00e7ais de la seconde moiti\u00e9 du XVIIIe si\u00e8cle. M\u00e9c\u00e8ne et ami des artistes de son temps, collectionneur, graveur, musicien et historien, il fut \u00e9lu, tr\u00e8s jeune, membre honoraire ou associ\u00e9 libre de [&hellip;]","og_url":"https:\/\/librairie7l.com\/en\/produit\/ange-laurent-de-la-live-de-jully-1725-1779-un-grand-amateur-a-lepoque-des-lumieres-2\/","og_site_name":"Librairie 7L","article_modified_time":"2026-05-05T10:39:36+00:00","og_image":[{"width":600,"height":732,"url":"https:\/\/librairie7l.com\/wp-content\/uploads\/2023\/05\/9782359064186_1_75.jpg","type":"image\/jpeg"}],"twitter_card":"summary_large_image","twitter_misc":{"Est. reading time":"1 minute"},"schema":{"@context":"https:\/\/schema.org","@graph":[{"@type":"WebPage","@id":"https:\/\/librairie7l.com\/en\/produit\/ange-laurent-de-la-live-de-jully-1725-1779-un-grand-amateur-a-lepoque-des-lumieres-2\/","url":"https:\/\/librairie7l.com\/en\/produit\/ange-laurent-de-la-live-de-jully-1725-1779-un-grand-amateur-a-lepoque-des-lumieres-2\/","name":"Ange Laurent de La Live de Jully (1725-1779) : Un grand amateur \u00e0 l'\u00e9poque des Lumi\u00e8res - Librairie 7L","isPartOf":{"@id":"https:\/\/librairie7l.com\/en\/#website"},"datePublished":"2024-11-28T08:17:49+00:00","dateModified":"2026-05-05T10:39:36+00:00","breadcrumb":{"@id":"https:\/\/librairie7l.com\/en\/produit\/ange-laurent-de-la-live-de-jully-1725-1779-un-grand-amateur-a-lepoque-des-lumieres-2\/#breadcrumb"},"inLanguage":"en-US","potentialAction":[{"@type":"ReadAction","target":["https:\/\/librairie7l.com\/en\/produit\/ange-laurent-de-la-live-de-jully-1725-1779-un-grand-amateur-a-lepoque-des-lumieres-2\/"]}]},{"@type":"BreadcrumbList","@id":"https:\/\/librairie7l.com\/en\/produit\/ange-laurent-de-la-live-de-jully-1725-1779-un-grand-amateur-a-lepoque-des-lumieres-2\/#breadcrumb","itemListElement":[{"@type":"ListItem","position":1,"name":"Accueil","item":"https:\/\/librairie7l.com\/en\/"},{"@type":"ListItem","position":2,"name":"Shop","item":"https:\/\/librairie7l.com\/en\/shop\/"},{"@type":"ListItem","position":3,"name":"ANGE LAURENT DE LA LIVE DE JULLY (1725-1779) : UN GRAND AMATEUR \u00c0 L&#8217;\u00c9POQUE DES LUMI\u00c8RES"}]},{"@type":"WebSite","@id":"https:\/\/librairie7l.com\/en\/#website","url":"https:\/\/librairie7l.com\/en\/","name":"Librairie 7L","description":"Librairie fond\u00e9e en 1999 par Karl Lagerfeld \u00e0 Paris","publisher":{"@id":"https:\/\/librairie7l.com\/en\/#organization"},"potentialAction":[{"@type":"SearchAction","target":{"@type":"EntryPoint","urlTemplate":"https:\/\/librairie7l.com\/en\/?s={search_term_string}"},"query-input":"required name=search_term_string"}],"inLanguage":"en-US"},{"@type":"Organization","@id":"https:\/\/librairie7l.com\/en\/#organization","name":"Librairie 7L","url":"https:\/\/librairie7l.com\/en\/","logo":{"@type":"ImageObject","inLanguage":"en-US","@id":"https:\/\/librairie7l.com\/en\/#\/schema\/logo\/image\/","url":"https:\/\/librairie7l.com\/wp-content\/uploads\/2022\/08\/logo-1.png","contentUrl":"https:\/\/librairie7l.com\/wp-content\/uploads\/2022\/08\/logo-1.png","width":227,"height":301,"caption":"Librairie 7L"},"image":{"@id":"https:\/\/librairie7l.com\/en\/#\/schema\/logo\/image\/"}}]}},"_links":{"self":[{"href":"https:\/\/librairie7l.com\/en\/wp-json\/wp\/v2\/product\/44594"}],"collection":[{"href":"https:\/\/librairie7l.com\/en\/wp-json\/wp\/v2\/product"}],"about":[{"href":"https:\/\/librairie7l.com\/en\/wp-json\/wp\/v2\/types\/product"}],"wp:featuredmedia":[{"embeddable":true,"href":"https:\/\/librairie7l.com\/en\/wp-json\/wp\/v2\/media\/44592"}],"wp:attachment":[{"href":"https:\/\/librairie7l.com\/en\/wp-json\/wp\/v2\/media?parent=44594"}],"wp:term":[{"taxonomy":"product_cat","embeddable":true,"href":"https:\/\/librairie7l.com\/en\/wp-json\/wp\/v2\/product_cat?post=44594"},{"taxonomy":"product_tag","embeddable":true,"href":"https:\/\/librairie7l.com\/en\/wp-json\/wp\/v2\/product_tag?post=44594"}],"curies":[{"name":"wp","href":"https:\/\/api.w.org\/{rel}","templated":true}]}}