{"id":44602,"date":"2024-11-28T09:17:56","date_gmt":"2024-11-28T08:17:56","guid":{"rendered":"https:\/\/librairie7l.com\/?post_type=product&#038;p=44602"},"modified":"2026-04-17T02:12:55","modified_gmt":"2026-04-17T00:12:55","slug":"charpente-japonaise-arts-et-techniques-2","status":"publish","type":"product","link":"https:\/\/librairie7l.com\/en\/produit\/charpente-japonaise-arts-et-techniques-2\/","title":{"rendered":"CHARPENTE JAPONAISE : ARTS ET TECHNIQUES"},"content":{"rendered":"<p>Fruit de deux ans de travail, d&#8217;observation et de dialogue avec les mia-daikku, artisans charpentiers constructeurs de temples, cet ouvrage pr\u00e9sente les grands savoir-faire de la charpente japonaise traditionnelle. L&#8217;auteur, Compagnon charpentier du devoir, y retranscrit   au pays du soleil levant. Dans une premi\u00e8re partie d\u00e9di\u00e9e \u00e0 la mise en oeuvre des bois, il d\u00e9crit une soixantaine d&#8217;assemblages sp\u00e9cifiques, ainsi que diff\u00e9rentes techniques de contreventements, fondations, planchers, toits et palissades. Sont ensuite abord\u00e9s les outils japonais (rabots, scies et ciseaux \u00e0 bois), avec un chapitre entier consacr\u00e9 \u00e0 l&#8217;aff\u00fbtage des lames et \u00e0 leur fabrication. Pour finir, l&#8217;ouvrage s&#8217;int\u00e9resse au trac\u00e9 traditionnel sur l&#8217;\u00e9pure avec l&#8217;\u00e9querre japonaise. Une vingtaine de trac\u00e9s de pannes, empannons, ar\u00eatiers et sabli\u00e8res sont d\u00e9taill\u00e9s pas \u00e0 pas.<\/p>\n","protected":false},"excerpt":{"rendered":"<p>Fruit de deux ans de travail, d&#8217;observation et de dialogue avec les mia-daikku, artisans charpentiers constructeurs de temples, cet ouvrage pr\u00e9sente les grands savoir-faire de la charpente japonaise traditionnelle. L&#8217;auteur, Compagnon charpentier du devoir, y retranscrit au pays du soleil levant. Dans une premi\u00e8re partie d\u00e9di\u00e9e \u00e0 la mise en oeuvre des bois, il d\u00e9crit [&hellip;]<\/p>\n","protected":false},"featured_media":44600,"template":"","meta":[],"product_cat":[2948,2950],"product_tag":[],"acf":[],"yoast_head":"<!-- This site is optimized with the Yoast SEO plugin v20.11 - https:\/\/yoast.com\/wordpress\/plugins\/seo\/ -->\n<title>Charpente japonaise : Arts et techniques - Librairie 7L<\/title>\n<meta name=\"robots\" content=\"index, follow, max-snippet:-1, max-image-preview:large, max-video-preview:-1\" \/>\n<link rel=\"canonical\" href=\"https:\/\/librairie7l.com\/en\/produit\/charpente-japonaise-arts-et-techniques-2\/\" \/>\n<meta property=\"og:locale\" content=\"en_US\" \/>\n<meta property=\"og:type\" content=\"article\" \/>\n<meta property=\"og:title\" content=\"Charpente japonaise : Arts et techniques - Librairie 7L\" \/>\n<meta property=\"og:description\" content=\"Fruit de deux ans de travail, d&#8217;observation et de dialogue avec les mia-daikku, artisans charpentiers constructeurs de temples, cet ouvrage pr\u00e9sente les grands savoir-faire de la charpente japonaise traditionnelle. L&#8217;auteur, Compagnon charpentier du devoir, y retranscrit au pays du soleil levant. Dans une premi\u00e8re partie d\u00e9di\u00e9e \u00e0 la mise en oeuvre des bois, il d\u00e9crit [&hellip;]\" \/>\n<meta property=\"og:url\" content=\"https:\/\/librairie7l.com\/en\/produit\/charpente-japonaise-arts-et-techniques-2\/\" \/>\n<meta property=\"og:site_name\" content=\"Librairie 7L\" \/>\n<meta property=\"article:modified_time\" content=\"2026-04-17T00:12:55+00:00\" \/>\n<meta property=\"og:image\" content=\"https:\/\/librairie7l.com\/wp-content\/uploads\/2024\/05\/9782851012692_1_75.jpg\" \/>\n\t<meta property=\"og:image:width\" content=\"600\" \/>\n\t<meta property=\"og:image:height\" content=\"800\" \/>\n\t<meta property=\"og:image:type\" content=\"image\/jpeg\" \/>\n<meta name=\"twitter:card\" content=\"summary_large_image\" \/>\n<meta name=\"twitter:label1\" content=\"Est. reading time\" \/>\n\t<meta name=\"twitter:data1\" content=\"1 minute\" \/>\n<script type=\"application\/ld+json\" class=\"yoast-schema-graph\">{\"@context\":\"https:\/\/schema.org\",\"@graph\":[{\"@type\":\"WebPage\",\"@id\":\"https:\/\/librairie7l.com\/en\/produit\/charpente-japonaise-arts-et-techniques-2\/\",\"url\":\"https:\/\/librairie7l.com\/en\/produit\/charpente-japonaise-arts-et-techniques-2\/\",\"name\":\"Charpente japonaise : Arts et techniques - Librairie 7L\",\"isPartOf\":{\"@id\":\"https:\/\/librairie7l.com\/en\/#website\"},\"datePublished\":\"2024-11-28T08:17:56+00:00\",\"dateModified\":\"2026-04-17T00:12:55+00:00\",\"breadcrumb\":{\"@id\":\"https:\/\/librairie7l.com\/en\/produit\/charpente-japonaise-arts-et-techniques-2\/#breadcrumb\"},\"inLanguage\":\"en-US\",\"potentialAction\":[{\"@type\":\"ReadAction\",\"target\":[\"https:\/\/librairie7l.com\/en\/produit\/charpente-japonaise-arts-et-techniques-2\/\"]}]},{\"@type\":\"BreadcrumbList\",\"@id\":\"https:\/\/librairie7l.com\/en\/produit\/charpente-japonaise-arts-et-techniques-2\/#breadcrumb\",\"itemListElement\":[{\"@type\":\"ListItem\",\"position\":1,\"name\":\"Accueil\",\"item\":\"https:\/\/librairie7l.com\/en\/\"},{\"@type\":\"ListItem\",\"position\":2,\"name\":\"Shop\",\"item\":\"https:\/\/librairie7l.com\/en\/shop\/\"},{\"@type\":\"ListItem\",\"position\":3,\"name\":\"CHARPENTE JAPONAISE : ARTS ET TECHNIQUES\"}]},{\"@type\":\"WebSite\",\"@id\":\"https:\/\/librairie7l.com\/en\/#website\",\"url\":\"https:\/\/librairie7l.com\/en\/\",\"name\":\"Librairie 7L\",\"description\":\"Librairie fond\u00e9e en 1999 par Karl Lagerfeld \u00e0 Paris\",\"publisher\":{\"@id\":\"https:\/\/librairie7l.com\/en\/#organization\"},\"potentialAction\":[{\"@type\":\"SearchAction\",\"target\":{\"@type\":\"EntryPoint\",\"urlTemplate\":\"https:\/\/librairie7l.com\/en\/?s={search_term_string}\"},\"query-input\":\"required name=search_term_string\"}],\"inLanguage\":\"en-US\"},{\"@type\":\"Organization\",\"@id\":\"https:\/\/librairie7l.com\/en\/#organization\",\"name\":\"Librairie 7L\",\"url\":\"https:\/\/librairie7l.com\/en\/\",\"logo\":{\"@type\":\"ImageObject\",\"inLanguage\":\"en-US\",\"@id\":\"https:\/\/librairie7l.com\/en\/#\/schema\/logo\/image\/\",\"url\":\"https:\/\/librairie7l.com\/wp-content\/uploads\/2022\/08\/logo-1.png\",\"contentUrl\":\"https:\/\/librairie7l.com\/wp-content\/uploads\/2022\/08\/logo-1.png\",\"width\":227,\"height\":301,\"caption\":\"Librairie 7L\"},\"image\":{\"@id\":\"https:\/\/librairie7l.com\/en\/#\/schema\/logo\/image\/\"}}]}<\/script>\n<!-- \/ Yoast SEO plugin. -->","yoast_head_json":{"title":"Charpente japonaise : Arts et techniques - Librairie 7L","robots":{"index":"index","follow":"follow","max-snippet":"max-snippet:-1","max-image-preview":"max-image-preview:large","max-video-preview":"max-video-preview:-1"},"canonical":"https:\/\/librairie7l.com\/en\/produit\/charpente-japonaise-arts-et-techniques-2\/","og_locale":"en_US","og_type":"article","og_title":"Charpente japonaise : Arts et techniques - Librairie 7L","og_description":"Fruit de deux ans de travail, d&#8217;observation et de dialogue avec les mia-daikku, artisans charpentiers constructeurs de temples, cet ouvrage pr\u00e9sente les grands savoir-faire de la charpente japonaise traditionnelle. L&#8217;auteur, Compagnon charpentier du devoir, y retranscrit au pays du soleil levant. Dans une premi\u00e8re partie d\u00e9di\u00e9e \u00e0 la mise en oeuvre des bois, il d\u00e9crit [&hellip;]","og_url":"https:\/\/librairie7l.com\/en\/produit\/charpente-japonaise-arts-et-techniques-2\/","og_site_name":"Librairie 7L","article_modified_time":"2026-04-17T00:12:55+00:00","og_image":[{"width":600,"height":800,"url":"https:\/\/librairie7l.com\/wp-content\/uploads\/2024\/05\/9782851012692_1_75.jpg","type":"image\/jpeg"}],"twitter_card":"summary_large_image","twitter_misc":{"Est. reading time":"1 minute"},"schema":{"@context":"https:\/\/schema.org","@graph":[{"@type":"WebPage","@id":"https:\/\/librairie7l.com\/en\/produit\/charpente-japonaise-arts-et-techniques-2\/","url":"https:\/\/librairie7l.com\/en\/produit\/charpente-japonaise-arts-et-techniques-2\/","name":"Charpente japonaise : Arts et techniques - Librairie 7L","isPartOf":{"@id":"https:\/\/librairie7l.com\/en\/#website"},"datePublished":"2024-11-28T08:17:56+00:00","dateModified":"2026-04-17T00:12:55+00:00","breadcrumb":{"@id":"https:\/\/librairie7l.com\/en\/produit\/charpente-japonaise-arts-et-techniques-2\/#breadcrumb"},"inLanguage":"en-US","potentialAction":[{"@type":"ReadAction","target":["https:\/\/librairie7l.com\/en\/produit\/charpente-japonaise-arts-et-techniques-2\/"]}]},{"@type":"BreadcrumbList","@id":"https:\/\/librairie7l.com\/en\/produit\/charpente-japonaise-arts-et-techniques-2\/#breadcrumb","itemListElement":[{"@type":"ListItem","position":1,"name":"Accueil","item":"https:\/\/librairie7l.com\/en\/"},{"@type":"ListItem","position":2,"name":"Shop","item":"https:\/\/librairie7l.com\/en\/shop\/"},{"@type":"ListItem","position":3,"name":"CHARPENTE JAPONAISE : ARTS ET TECHNIQUES"}]},{"@type":"WebSite","@id":"https:\/\/librairie7l.com\/en\/#website","url":"https:\/\/librairie7l.com\/en\/","name":"Librairie 7L","description":"Librairie fond\u00e9e en 1999 par Karl Lagerfeld \u00e0 Paris","publisher":{"@id":"https:\/\/librairie7l.com\/en\/#organization"},"potentialAction":[{"@type":"SearchAction","target":{"@type":"EntryPoint","urlTemplate":"https:\/\/librairie7l.com\/en\/?s={search_term_string}"},"query-input":"required name=search_term_string"}],"inLanguage":"en-US"},{"@type":"Organization","@id":"https:\/\/librairie7l.com\/en\/#organization","name":"Librairie 7L","url":"https:\/\/librairie7l.com\/en\/","logo":{"@type":"ImageObject","inLanguage":"en-US","@id":"https:\/\/librairie7l.com\/en\/#\/schema\/logo\/image\/","url":"https:\/\/librairie7l.com\/wp-content\/uploads\/2022\/08\/logo-1.png","contentUrl":"https:\/\/librairie7l.com\/wp-content\/uploads\/2022\/08\/logo-1.png","width":227,"height":301,"caption":"Librairie 7L"},"image":{"@id":"https:\/\/librairie7l.com\/en\/#\/schema\/logo\/image\/"}}]}},"_links":{"self":[{"href":"https:\/\/librairie7l.com\/en\/wp-json\/wp\/v2\/product\/44602"}],"collection":[{"href":"https:\/\/librairie7l.com\/en\/wp-json\/wp\/v2\/product"}],"about":[{"href":"https:\/\/librairie7l.com\/en\/wp-json\/wp\/v2\/types\/product"}],"wp:featuredmedia":[{"embeddable":true,"href":"https:\/\/librairie7l.com\/en\/wp-json\/wp\/v2\/media\/44600"}],"wp:attachment":[{"href":"https:\/\/librairie7l.com\/en\/wp-json\/wp\/v2\/media?parent=44602"}],"wp:term":[{"taxonomy":"product_cat","embeddable":true,"href":"https:\/\/librairie7l.com\/en\/wp-json\/wp\/v2\/product_cat?post=44602"},{"taxonomy":"product_tag","embeddable":true,"href":"https:\/\/librairie7l.com\/en\/wp-json\/wp\/v2\/product_tag?post=44602"}],"curies":[{"name":"wp","href":"https:\/\/api.w.org\/{rel}","templated":true}]}}