{"id":44610,"date":"2024-11-28T09:18:01","date_gmt":"2024-11-28T08:18:01","guid":{"rendered":"https:\/\/librairie7l.com\/?post_type=product&#038;p=44610"},"modified":"2026-04-17T02:14:27","modified_gmt":"2026-04-17T00:14:27","slug":"louise-bourgeois-pablo-picasso-anatomies-of-desire-2","status":"publish","type":"product","link":"https:\/\/librairie7l.com\/en\/produit\/louise-bourgeois-pablo-picasso-anatomies-of-desire-2\/","title":{"rendered":"LOUISE BOURGEOIS &AMP; PABLO PICASSO ANATOMIES OF DESIRE"},"content":{"rendered":"<p>Ce catalogue accompagne une exposition \u00e0 la galerie Hauser &amp; Wirth qui met en regard les travaux de Louise Bourgeois et Pablo Picasso. Cette comparaison inattendue se fonde sur l&#8217;attrait des deux artistes pour les formes archa\u00efques et primitives, ainsi que leur exploration des figures de la fertilit\u00e9 et de la f\u00e9condit\u00e9. Plus tard dans leur \u00e9volution artistique, tous deux se sont consacr\u00e9 \u00e0 leur mani\u00e8re \u00e0 une exploration de l&#8217;\u00e9rotisme, de la sexualit\u00e9 et de l&#8217;intimit\u00e9.<\/p>\n","protected":false},"excerpt":{"rendered":"<p>Ce catalogue accompagne une exposition \u00e0 la galerie Hauser &amp; Wirth qui met en regard les travaux de Louise Bourgeois et Pablo Picasso. Cette comparaison inattendue se fonde sur l&#8217;attrait des deux artistes pour les formes archa\u00efques et primitives, ainsi que leur exploration des figures de la fertilit\u00e9 et de la f\u00e9condit\u00e9. Plus tard dans [&hellip;]<\/p>\n","protected":false},"featured_media":44608,"template":"","meta":[],"product_cat":[2948,2953],"product_tag":[],"acf":[],"yoast_head":"<!-- This site is optimized with the Yoast SEO plugin v20.11 - https:\/\/yoast.com\/wordpress\/plugins\/seo\/ -->\n<title>Louise bourgeois &amp; pablo picasso anatomies of desire - Librairie 7L<\/title>\n<meta name=\"robots\" content=\"index, follow, max-snippet:-1, max-image-preview:large, max-video-preview:-1\" \/>\n<link rel=\"canonical\" href=\"https:\/\/librairie7l.com\/en\/produit\/louise-bourgeois-pablo-picasso-anatomies-of-desire-2\/\" \/>\n<meta property=\"og:locale\" content=\"en_US\" \/>\n<meta property=\"og:type\" content=\"article\" \/>\n<meta property=\"og:title\" content=\"Louise bourgeois &amp; pablo picasso anatomies of desire - Librairie 7L\" \/>\n<meta property=\"og:description\" content=\"Ce catalogue accompagne une exposition \u00e0 la galerie Hauser &amp; Wirth qui met en regard les travaux de Louise Bourgeois et Pablo Picasso. Cette comparaison inattendue se fonde sur l&#8217;attrait des deux artistes pour les formes archa\u00efques et primitives, ainsi que leur exploration des figures de la fertilit\u00e9 et de la f\u00e9condit\u00e9. Plus tard dans [&hellip;]\" \/>\n<meta property=\"og:url\" content=\"https:\/\/librairie7l.com\/en\/produit\/louise-bourgeois-pablo-picasso-anatomies-of-desire-2\/\" \/>\n<meta property=\"og:site_name\" content=\"Librairie 7L\" \/>\n<meta property=\"article:modified_time\" content=\"2026-04-17T00:14:27+00:00\" \/>\n<meta property=\"og:image\" content=\"https:\/\/librairie7l.com\/wp-content\/uploads\/2019\/06\/9783906915371_1_75.jpg\" \/>\n\t<meta property=\"og:image:width\" content=\"600\" \/>\n\t<meta property=\"og:image:height\" content=\"788\" \/>\n\t<meta property=\"og:image:type\" content=\"image\/jpeg\" \/>\n<meta name=\"twitter:card\" content=\"summary_large_image\" \/>\n<script type=\"application\/ld+json\" class=\"yoast-schema-graph\">{\"@context\":\"https:\/\/schema.org\",\"@graph\":[{\"@type\":\"WebPage\",\"@id\":\"https:\/\/librairie7l.com\/en\/produit\/louise-bourgeois-pablo-picasso-anatomies-of-desire-2\/\",\"url\":\"https:\/\/librairie7l.com\/en\/produit\/louise-bourgeois-pablo-picasso-anatomies-of-desire-2\/\",\"name\":\"Louise bourgeois &amp; pablo picasso anatomies of desire - Librairie 7L\",\"isPartOf\":{\"@id\":\"https:\/\/librairie7l.com\/en\/#website\"},\"datePublished\":\"2024-11-28T08:18:01+00:00\",\"dateModified\":\"2026-04-17T00:14:27+00:00\",\"breadcrumb\":{\"@id\":\"https:\/\/librairie7l.com\/en\/produit\/louise-bourgeois-pablo-picasso-anatomies-of-desire-2\/#breadcrumb\"},\"inLanguage\":\"en-US\",\"potentialAction\":[{\"@type\":\"ReadAction\",\"target\":[\"https:\/\/librairie7l.com\/en\/produit\/louise-bourgeois-pablo-picasso-anatomies-of-desire-2\/\"]}]},{\"@type\":\"BreadcrumbList\",\"@id\":\"https:\/\/librairie7l.com\/en\/produit\/louise-bourgeois-pablo-picasso-anatomies-of-desire-2\/#breadcrumb\",\"itemListElement\":[{\"@type\":\"ListItem\",\"position\":1,\"name\":\"Accueil\",\"item\":\"https:\/\/librairie7l.com\/en\/\"},{\"@type\":\"ListItem\",\"position\":2,\"name\":\"Shop\",\"item\":\"https:\/\/librairie7l.com\/en\/shop\/\"},{\"@type\":\"ListItem\",\"position\":3,\"name\":\"LOUISE BOURGEOIS &AMP; PABLO PICASSO ANATOMIES OF DESIRE\"}]},{\"@type\":\"WebSite\",\"@id\":\"https:\/\/librairie7l.com\/en\/#website\",\"url\":\"https:\/\/librairie7l.com\/en\/\",\"name\":\"Librairie 7L\",\"description\":\"Librairie fond\u00e9e en 1999 par Karl Lagerfeld \u00e0 Paris\",\"publisher\":{\"@id\":\"https:\/\/librairie7l.com\/en\/#organization\"},\"potentialAction\":[{\"@type\":\"SearchAction\",\"target\":{\"@type\":\"EntryPoint\",\"urlTemplate\":\"https:\/\/librairie7l.com\/en\/?s={search_term_string}\"},\"query-input\":\"required name=search_term_string\"}],\"inLanguage\":\"en-US\"},{\"@type\":\"Organization\",\"@id\":\"https:\/\/librairie7l.com\/en\/#organization\",\"name\":\"Librairie 7L\",\"url\":\"https:\/\/librairie7l.com\/en\/\",\"logo\":{\"@type\":\"ImageObject\",\"inLanguage\":\"en-US\",\"@id\":\"https:\/\/librairie7l.com\/en\/#\/schema\/logo\/image\/\",\"url\":\"https:\/\/librairie7l.com\/wp-content\/uploads\/2022\/08\/logo-1.png\",\"contentUrl\":\"https:\/\/librairie7l.com\/wp-content\/uploads\/2022\/08\/logo-1.png\",\"width\":227,\"height\":301,\"caption\":\"Librairie 7L\"},\"image\":{\"@id\":\"https:\/\/librairie7l.com\/en\/#\/schema\/logo\/image\/\"}}]}<\/script>\n<!-- \/ Yoast SEO plugin. -->","yoast_head_json":{"title":"Louise bourgeois &amp; pablo picasso anatomies of desire - Librairie 7L","robots":{"index":"index","follow":"follow","max-snippet":"max-snippet:-1","max-image-preview":"max-image-preview:large","max-video-preview":"max-video-preview:-1"},"canonical":"https:\/\/librairie7l.com\/en\/produit\/louise-bourgeois-pablo-picasso-anatomies-of-desire-2\/","og_locale":"en_US","og_type":"article","og_title":"Louise bourgeois &amp; pablo picasso anatomies of desire - Librairie 7L","og_description":"Ce catalogue accompagne une exposition \u00e0 la galerie Hauser &amp; Wirth qui met en regard les travaux de Louise Bourgeois et Pablo Picasso. Cette comparaison inattendue se fonde sur l&#8217;attrait des deux artistes pour les formes archa\u00efques et primitives, ainsi que leur exploration des figures de la fertilit\u00e9 et de la f\u00e9condit\u00e9. Plus tard dans [&hellip;]","og_url":"https:\/\/librairie7l.com\/en\/produit\/louise-bourgeois-pablo-picasso-anatomies-of-desire-2\/","og_site_name":"Librairie 7L","article_modified_time":"2026-04-17T00:14:27+00:00","og_image":[{"width":600,"height":788,"url":"https:\/\/librairie7l.com\/wp-content\/uploads\/2019\/06\/9783906915371_1_75.jpg","type":"image\/jpeg"}],"twitter_card":"summary_large_image","schema":{"@context":"https:\/\/schema.org","@graph":[{"@type":"WebPage","@id":"https:\/\/librairie7l.com\/en\/produit\/louise-bourgeois-pablo-picasso-anatomies-of-desire-2\/","url":"https:\/\/librairie7l.com\/en\/produit\/louise-bourgeois-pablo-picasso-anatomies-of-desire-2\/","name":"Louise bourgeois &amp; pablo picasso anatomies of desire - Librairie 7L","isPartOf":{"@id":"https:\/\/librairie7l.com\/en\/#website"},"datePublished":"2024-11-28T08:18:01+00:00","dateModified":"2026-04-17T00:14:27+00:00","breadcrumb":{"@id":"https:\/\/librairie7l.com\/en\/produit\/louise-bourgeois-pablo-picasso-anatomies-of-desire-2\/#breadcrumb"},"inLanguage":"en-US","potentialAction":[{"@type":"ReadAction","target":["https:\/\/librairie7l.com\/en\/produit\/louise-bourgeois-pablo-picasso-anatomies-of-desire-2\/"]}]},{"@type":"BreadcrumbList","@id":"https:\/\/librairie7l.com\/en\/produit\/louise-bourgeois-pablo-picasso-anatomies-of-desire-2\/#breadcrumb","itemListElement":[{"@type":"ListItem","position":1,"name":"Accueil","item":"https:\/\/librairie7l.com\/en\/"},{"@type":"ListItem","position":2,"name":"Shop","item":"https:\/\/librairie7l.com\/en\/shop\/"},{"@type":"ListItem","position":3,"name":"LOUISE BOURGEOIS &AMP; PABLO PICASSO ANATOMIES OF DESIRE"}]},{"@type":"WebSite","@id":"https:\/\/librairie7l.com\/en\/#website","url":"https:\/\/librairie7l.com\/en\/","name":"Librairie 7L","description":"Librairie fond\u00e9e en 1999 par Karl Lagerfeld \u00e0 Paris","publisher":{"@id":"https:\/\/librairie7l.com\/en\/#organization"},"potentialAction":[{"@type":"SearchAction","target":{"@type":"EntryPoint","urlTemplate":"https:\/\/librairie7l.com\/en\/?s={search_term_string}"},"query-input":"required name=search_term_string"}],"inLanguage":"en-US"},{"@type":"Organization","@id":"https:\/\/librairie7l.com\/en\/#organization","name":"Librairie 7L","url":"https:\/\/librairie7l.com\/en\/","logo":{"@type":"ImageObject","inLanguage":"en-US","@id":"https:\/\/librairie7l.com\/en\/#\/schema\/logo\/image\/","url":"https:\/\/librairie7l.com\/wp-content\/uploads\/2022\/08\/logo-1.png","contentUrl":"https:\/\/librairie7l.com\/wp-content\/uploads\/2022\/08\/logo-1.png","width":227,"height":301,"caption":"Librairie 7L"},"image":{"@id":"https:\/\/librairie7l.com\/en\/#\/schema\/logo\/image\/"}}]}},"_links":{"self":[{"href":"https:\/\/librairie7l.com\/en\/wp-json\/wp\/v2\/product\/44610"}],"collection":[{"href":"https:\/\/librairie7l.com\/en\/wp-json\/wp\/v2\/product"}],"about":[{"href":"https:\/\/librairie7l.com\/en\/wp-json\/wp\/v2\/types\/product"}],"wp:featuredmedia":[{"embeddable":true,"href":"https:\/\/librairie7l.com\/en\/wp-json\/wp\/v2\/media\/44608"}],"wp:attachment":[{"href":"https:\/\/librairie7l.com\/en\/wp-json\/wp\/v2\/media?parent=44610"}],"wp:term":[{"taxonomy":"product_cat","embeddable":true,"href":"https:\/\/librairie7l.com\/en\/wp-json\/wp\/v2\/product_cat?post=44610"},{"taxonomy":"product_tag","embeddable":true,"href":"https:\/\/librairie7l.com\/en\/wp-json\/wp\/v2\/product_tag?post=44610"}],"curies":[{"name":"wp","href":"https:\/\/api.w.org\/{rel}","templated":true}]}}