{"id":44628,"date":"2024-11-28T17:18:35","date_gmt":"2024-11-28T16:18:35","guid":{"rendered":"https:\/\/librairie7l.com\/?post_type=product&#038;p=44628"},"modified":"2026-05-02T13:32:33","modified_gmt":"2026-05-02T11:32:33","slug":"le-style-chanel-2","status":"publish","type":"product","link":"https:\/\/librairie7l.com\/en\/produit\/le-style-chanel-2\/","title":{"rendered":"LE STYLE CHANEL"},"content":{"rendered":"<p>Rares sont les Maisons plus c\u00e9l\u00e8bres ou plus pris\u00e9es \u00e0 travers le monde. Le nom CHANEL r\u00e9sonne de fa\u00e7on famili\u00e8re, m\u00eame pour les plus novices en mati\u00e8re de mode. Pour beaucoup, son logo compos\u00e9 de deux C entrelac\u00e9s incarne l&#8217;un des symboles de la haute couture, empreint de prestige et de glamour. Mais que savez-vous de celle qui fut \u00e0 l&#8217;origine de cette Maison et des principes qui ont pr\u00e9sid\u00e9 \u00e0 sa cr\u00e9ation ?<\/p>\n","protected":false},"excerpt":{"rendered":"<p>Rares sont les Maisons plus c\u00e9l\u00e8bres ou plus pris\u00e9es \u00e0 travers le monde. Le nom CHANEL r\u00e9sonne de fa\u00e7on famili\u00e8re, m\u00eame pour les plus novices en mati\u00e8re de mode. Pour beaucoup, son logo compos\u00e9 de deux C entrelac\u00e9s incarne l&#8217;un des symboles de la haute couture, empreint de prestige et de glamour. Mais que savez-vous [&hellip;]<\/p>\n","protected":false},"featured_media":44626,"template":"","meta":[],"product_cat":[7364,2948],"product_tag":[],"acf":[],"yoast_head":"<!-- This site is optimized with the Yoast SEO plugin v20.11 - https:\/\/yoast.com\/wordpress\/plugins\/seo\/ -->\n<title>Le Style Chanel - Librairie 7L<\/title>\n<meta name=\"robots\" content=\"index, follow, max-snippet:-1, max-image-preview:large, max-video-preview:-1\" \/>\n<link rel=\"canonical\" href=\"https:\/\/librairie7l.com\/en\/produit\/le-style-chanel-2\/\" \/>\n<meta property=\"og:locale\" content=\"en_US\" \/>\n<meta property=\"og:type\" content=\"article\" \/>\n<meta property=\"og:title\" content=\"Le Style Chanel - Librairie 7L\" \/>\n<meta property=\"og:description\" content=\"Rares sont les Maisons plus c\u00e9l\u00e8bres ou plus pris\u00e9es \u00e0 travers le monde. Le nom CHANEL r\u00e9sonne de fa\u00e7on famili\u00e8re, m\u00eame pour les plus novices en mati\u00e8re de mode. Pour beaucoup, son logo compos\u00e9 de deux C entrelac\u00e9s incarne l&#8217;un des symboles de la haute couture, empreint de prestige et de glamour. Mais que savez-vous [&hellip;]\" \/>\n<meta property=\"og:url\" content=\"https:\/\/librairie7l.com\/en\/produit\/le-style-chanel-2\/\" \/>\n<meta property=\"og:site_name\" content=\"Librairie 7L\" \/>\n<meta property=\"article:modified_time\" content=\"2026-05-02T11:32:33+00:00\" \/>\n<meta property=\"og:image\" content=\"https:\/\/librairie7l.com\/wp-content\/uploads\/2024\/01\/9782036058248_1_75.jpg\" \/>\n\t<meta property=\"og:image:width\" content=\"600\" \/>\n\t<meta property=\"og:image:height\" content=\"777\" \/>\n\t<meta property=\"og:image:type\" content=\"image\/jpeg\" \/>\n<meta name=\"twitter:card\" content=\"summary_large_image\" \/>\n<script type=\"application\/ld+json\" class=\"yoast-schema-graph\">{\"@context\":\"https:\/\/schema.org\",\"@graph\":[{\"@type\":\"WebPage\",\"@id\":\"https:\/\/librairie7l.com\/en\/produit\/le-style-chanel-2\/\",\"url\":\"https:\/\/librairie7l.com\/en\/produit\/le-style-chanel-2\/\",\"name\":\"Le Style Chanel - Librairie 7L\",\"isPartOf\":{\"@id\":\"https:\/\/librairie7l.com\/en\/#website\"},\"datePublished\":\"2024-11-28T16:18:35+00:00\",\"dateModified\":\"2026-05-02T11:32:33+00:00\",\"breadcrumb\":{\"@id\":\"https:\/\/librairie7l.com\/en\/produit\/le-style-chanel-2\/#breadcrumb\"},\"inLanguage\":\"en-US\",\"potentialAction\":[{\"@type\":\"ReadAction\",\"target\":[\"https:\/\/librairie7l.com\/en\/produit\/le-style-chanel-2\/\"]}]},{\"@type\":\"BreadcrumbList\",\"@id\":\"https:\/\/librairie7l.com\/en\/produit\/le-style-chanel-2\/#breadcrumb\",\"itemListElement\":[{\"@type\":\"ListItem\",\"position\":1,\"name\":\"Accueil\",\"item\":\"https:\/\/librairie7l.com\/en\/\"},{\"@type\":\"ListItem\",\"position\":2,\"name\":\"Shop\",\"item\":\"https:\/\/librairie7l.com\/en\/shop\/\"},{\"@type\":\"ListItem\",\"position\":3,\"name\":\"LE STYLE CHANEL\"}]},{\"@type\":\"WebSite\",\"@id\":\"https:\/\/librairie7l.com\/en\/#website\",\"url\":\"https:\/\/librairie7l.com\/en\/\",\"name\":\"Librairie 7L\",\"description\":\"Librairie fond\u00e9e en 1999 par Karl Lagerfeld \u00e0 Paris\",\"publisher\":{\"@id\":\"https:\/\/librairie7l.com\/en\/#organization\"},\"potentialAction\":[{\"@type\":\"SearchAction\",\"target\":{\"@type\":\"EntryPoint\",\"urlTemplate\":\"https:\/\/librairie7l.com\/en\/?s={search_term_string}\"},\"query-input\":\"required name=search_term_string\"}],\"inLanguage\":\"en-US\"},{\"@type\":\"Organization\",\"@id\":\"https:\/\/librairie7l.com\/en\/#organization\",\"name\":\"Librairie 7L\",\"url\":\"https:\/\/librairie7l.com\/en\/\",\"logo\":{\"@type\":\"ImageObject\",\"inLanguage\":\"en-US\",\"@id\":\"https:\/\/librairie7l.com\/en\/#\/schema\/logo\/image\/\",\"url\":\"https:\/\/librairie7l.com\/wp-content\/uploads\/2022\/08\/logo-1.png\",\"contentUrl\":\"https:\/\/librairie7l.com\/wp-content\/uploads\/2022\/08\/logo-1.png\",\"width\":227,\"height\":301,\"caption\":\"Librairie 7L\"},\"image\":{\"@id\":\"https:\/\/librairie7l.com\/en\/#\/schema\/logo\/image\/\"}}]}<\/script>\n<!-- \/ Yoast SEO plugin. -->","yoast_head_json":{"title":"Le Style Chanel - Librairie 7L","robots":{"index":"index","follow":"follow","max-snippet":"max-snippet:-1","max-image-preview":"max-image-preview:large","max-video-preview":"max-video-preview:-1"},"canonical":"https:\/\/librairie7l.com\/en\/produit\/le-style-chanel-2\/","og_locale":"en_US","og_type":"article","og_title":"Le Style Chanel - Librairie 7L","og_description":"Rares sont les Maisons plus c\u00e9l\u00e8bres ou plus pris\u00e9es \u00e0 travers le monde. Le nom CHANEL r\u00e9sonne de fa\u00e7on famili\u00e8re, m\u00eame pour les plus novices en mati\u00e8re de mode. Pour beaucoup, son logo compos\u00e9 de deux C entrelac\u00e9s incarne l&#8217;un des symboles de la haute couture, empreint de prestige et de glamour. Mais que savez-vous [&hellip;]","og_url":"https:\/\/librairie7l.com\/en\/produit\/le-style-chanel-2\/","og_site_name":"Librairie 7L","article_modified_time":"2026-05-02T11:32:33+00:00","og_image":[{"width":600,"height":777,"url":"https:\/\/librairie7l.com\/wp-content\/uploads\/2024\/01\/9782036058248_1_75.jpg","type":"image\/jpeg"}],"twitter_card":"summary_large_image","schema":{"@context":"https:\/\/schema.org","@graph":[{"@type":"WebPage","@id":"https:\/\/librairie7l.com\/en\/produit\/le-style-chanel-2\/","url":"https:\/\/librairie7l.com\/en\/produit\/le-style-chanel-2\/","name":"Le Style Chanel - Librairie 7L","isPartOf":{"@id":"https:\/\/librairie7l.com\/en\/#website"},"datePublished":"2024-11-28T16:18:35+00:00","dateModified":"2026-05-02T11:32:33+00:00","breadcrumb":{"@id":"https:\/\/librairie7l.com\/en\/produit\/le-style-chanel-2\/#breadcrumb"},"inLanguage":"en-US","potentialAction":[{"@type":"ReadAction","target":["https:\/\/librairie7l.com\/en\/produit\/le-style-chanel-2\/"]}]},{"@type":"BreadcrumbList","@id":"https:\/\/librairie7l.com\/en\/produit\/le-style-chanel-2\/#breadcrumb","itemListElement":[{"@type":"ListItem","position":1,"name":"Accueil","item":"https:\/\/librairie7l.com\/en\/"},{"@type":"ListItem","position":2,"name":"Shop","item":"https:\/\/librairie7l.com\/en\/shop\/"},{"@type":"ListItem","position":3,"name":"LE STYLE CHANEL"}]},{"@type":"WebSite","@id":"https:\/\/librairie7l.com\/en\/#website","url":"https:\/\/librairie7l.com\/en\/","name":"Librairie 7L","description":"Librairie fond\u00e9e en 1999 par Karl Lagerfeld \u00e0 Paris","publisher":{"@id":"https:\/\/librairie7l.com\/en\/#organization"},"potentialAction":[{"@type":"SearchAction","target":{"@type":"EntryPoint","urlTemplate":"https:\/\/librairie7l.com\/en\/?s={search_term_string}"},"query-input":"required name=search_term_string"}],"inLanguage":"en-US"},{"@type":"Organization","@id":"https:\/\/librairie7l.com\/en\/#organization","name":"Librairie 7L","url":"https:\/\/librairie7l.com\/en\/","logo":{"@type":"ImageObject","inLanguage":"en-US","@id":"https:\/\/librairie7l.com\/en\/#\/schema\/logo\/image\/","url":"https:\/\/librairie7l.com\/wp-content\/uploads\/2022\/08\/logo-1.png","contentUrl":"https:\/\/librairie7l.com\/wp-content\/uploads\/2022\/08\/logo-1.png","width":227,"height":301,"caption":"Librairie 7L"},"image":{"@id":"https:\/\/librairie7l.com\/en\/#\/schema\/logo\/image\/"}}]}},"_links":{"self":[{"href":"https:\/\/librairie7l.com\/en\/wp-json\/wp\/v2\/product\/44628"}],"collection":[{"href":"https:\/\/librairie7l.com\/en\/wp-json\/wp\/v2\/product"}],"about":[{"href":"https:\/\/librairie7l.com\/en\/wp-json\/wp\/v2\/types\/product"}],"wp:featuredmedia":[{"embeddable":true,"href":"https:\/\/librairie7l.com\/en\/wp-json\/wp\/v2\/media\/44626"}],"wp:attachment":[{"href":"https:\/\/librairie7l.com\/en\/wp-json\/wp\/v2\/media?parent=44628"}],"wp:term":[{"taxonomy":"product_cat","embeddable":true,"href":"https:\/\/librairie7l.com\/en\/wp-json\/wp\/v2\/product_cat?post=44628"},{"taxonomy":"product_tag","embeddable":true,"href":"https:\/\/librairie7l.com\/en\/wp-json\/wp\/v2\/product_tag?post=44628"}],"curies":[{"name":"wp","href":"https:\/\/api.w.org\/{rel}","templated":true}]}}