{"id":44640,"date":"2024-11-28T21:25:49","date_gmt":"2024-11-28T20:25:49","guid":{"rendered":"https:\/\/librairie7l.com\/?post_type=product&#038;p=44640"},"modified":"2026-05-02T15:03:26","modified_gmt":"2026-05-02T13:03:26","slug":"francis-bacon-en-morceaux-choisis-2","status":"publish","type":"product","link":"https:\/\/librairie7l.com\/en\/produit\/francis-bacon-en-morceaux-choisis-2\/","title":{"rendered":"FRANCIS BACON, EN MORCEAUX CHOISIS"},"content":{"rendered":"<p>Que conna\u00eet-on vraiment de la peinture de Francis Bacon (1909- 1992) ? Des corps tordus, des visages d\u00e9chir\u00e9s, des bouches grandes ouvertes, des couleurs suaves et criardes, et tout ce que lui-m\u00eame a pu con er lors des nombreuses interviews qu&#8217;il a accord\u00e9es.<br \/>\nMais, que se passait-il vraiment lorsqu&#8217;il peignait ? Quel sens donnait-il aux formes apparues sur ses toiles et pourquoi tant d&#8217;\u00e9motion s&#8217;en d\u00e9gaget- il ?<br \/>\nPour tenter de le d\u00e9couvrir, l&#8217;auteur a choisi d&#8217;aborder ses oeuvres lat\u00e9ralement, en les fr\u00f4lant, en en retenant des indices signi catifs &#8211; une ampoule \u00e9lectrique, une ombre, une seringue, un miroir, etc. -, autant de \u00ab motifs \u00bb chers au peintre et qui prennent tous un sens dans son univers.<\/p>\n","protected":false},"excerpt":{"rendered":"<p>Que conna\u00eet-on vraiment de la peinture de Francis Bacon (1909- 1992) ? Des corps tordus, des visages d\u00e9chir\u00e9s, des bouches grandes ouvertes, des couleurs suaves et criardes, et tout ce que lui-m\u00eame a pu con er lors des nombreuses interviews qu&#8217;il a accord\u00e9es. Mais, que se passait-il vraiment lorsqu&#8217;il peignait ? Quel sens donnait-il aux [&hellip;]<\/p>\n","protected":false},"featured_media":44638,"template":"","meta":[],"product_cat":[7364,2948],"product_tag":[],"acf":[],"yoast_head":"<!-- This site is optimized with the Yoast SEO plugin v20.11 - https:\/\/yoast.com\/wordpress\/plugins\/seo\/ -->\n<title>Francis Bacon, en morceaux choisis - Librairie 7L<\/title>\n<meta name=\"robots\" content=\"index, follow, max-snippet:-1, max-image-preview:large, max-video-preview:-1\" \/>\n<link rel=\"canonical\" href=\"https:\/\/librairie7l.com\/en\/produit\/francis-bacon-en-morceaux-choisis-2\/\" \/>\n<meta property=\"og:locale\" content=\"en_US\" \/>\n<meta property=\"og:type\" content=\"article\" \/>\n<meta property=\"og:title\" content=\"Francis Bacon, en morceaux choisis - Librairie 7L\" \/>\n<meta property=\"og:description\" content=\"Que conna\u00eet-on vraiment de la peinture de Francis Bacon (1909- 1992) ? Des corps tordus, des visages d\u00e9chir\u00e9s, des bouches grandes ouvertes, des couleurs suaves et criardes, et tout ce que lui-m\u00eame a pu con er lors des nombreuses interviews qu&#8217;il a accord\u00e9es. Mais, que se passait-il vraiment lorsqu&#8217;il peignait ? Quel sens donnait-il aux [&hellip;]\" \/>\n<meta property=\"og:url\" content=\"https:\/\/librairie7l.com\/en\/produit\/francis-bacon-en-morceaux-choisis-2\/\" \/>\n<meta property=\"og:site_name\" content=\"Librairie 7L\" \/>\n<meta property=\"article:modified_time\" content=\"2026-05-02T13:03:26+00:00\" \/>\n<meta property=\"og:image\" content=\"https:\/\/librairie7l.com\/wp-content\/uploads\/2019\/06\/9791094176528_1_75.jpg\" \/>\n\t<meta property=\"og:image:width\" content=\"510\" \/>\n\t<meta property=\"og:image:height\" content=\"699\" \/>\n\t<meta property=\"og:image:type\" content=\"image\/jpeg\" \/>\n<meta name=\"twitter:card\" content=\"summary_large_image\" \/>\n<meta name=\"twitter:label1\" content=\"Est. reading time\" \/>\n\t<meta name=\"twitter:data1\" content=\"1 minute\" \/>\n<script type=\"application\/ld+json\" class=\"yoast-schema-graph\">{\"@context\":\"https:\/\/schema.org\",\"@graph\":[{\"@type\":\"WebPage\",\"@id\":\"https:\/\/librairie7l.com\/en\/produit\/francis-bacon-en-morceaux-choisis-2\/\",\"url\":\"https:\/\/librairie7l.com\/en\/produit\/francis-bacon-en-morceaux-choisis-2\/\",\"name\":\"Francis Bacon, en morceaux choisis - Librairie 7L\",\"isPartOf\":{\"@id\":\"https:\/\/librairie7l.com\/en\/#website\"},\"datePublished\":\"2024-11-28T20:25:49+00:00\",\"dateModified\":\"2026-05-02T13:03:26+00:00\",\"breadcrumb\":{\"@id\":\"https:\/\/librairie7l.com\/en\/produit\/francis-bacon-en-morceaux-choisis-2\/#breadcrumb\"},\"inLanguage\":\"en-US\",\"potentialAction\":[{\"@type\":\"ReadAction\",\"target\":[\"https:\/\/librairie7l.com\/en\/produit\/francis-bacon-en-morceaux-choisis-2\/\"]}]},{\"@type\":\"BreadcrumbList\",\"@id\":\"https:\/\/librairie7l.com\/en\/produit\/francis-bacon-en-morceaux-choisis-2\/#breadcrumb\",\"itemListElement\":[{\"@type\":\"ListItem\",\"position\":1,\"name\":\"Accueil\",\"item\":\"https:\/\/librairie7l.com\/en\/\"},{\"@type\":\"ListItem\",\"position\":2,\"name\":\"Shop\",\"item\":\"https:\/\/librairie7l.com\/en\/shop\/\"},{\"@type\":\"ListItem\",\"position\":3,\"name\":\"FRANCIS BACON, EN MORCEAUX CHOISIS\"}]},{\"@type\":\"WebSite\",\"@id\":\"https:\/\/librairie7l.com\/en\/#website\",\"url\":\"https:\/\/librairie7l.com\/en\/\",\"name\":\"Librairie 7L\",\"description\":\"Librairie fond\u00e9e en 1999 par Karl Lagerfeld \u00e0 Paris\",\"publisher\":{\"@id\":\"https:\/\/librairie7l.com\/en\/#organization\"},\"potentialAction\":[{\"@type\":\"SearchAction\",\"target\":{\"@type\":\"EntryPoint\",\"urlTemplate\":\"https:\/\/librairie7l.com\/en\/?s={search_term_string}\"},\"query-input\":\"required name=search_term_string\"}],\"inLanguage\":\"en-US\"},{\"@type\":\"Organization\",\"@id\":\"https:\/\/librairie7l.com\/en\/#organization\",\"name\":\"Librairie 7L\",\"url\":\"https:\/\/librairie7l.com\/en\/\",\"logo\":{\"@type\":\"ImageObject\",\"inLanguage\":\"en-US\",\"@id\":\"https:\/\/librairie7l.com\/en\/#\/schema\/logo\/image\/\",\"url\":\"https:\/\/librairie7l.com\/wp-content\/uploads\/2022\/08\/logo-1.png\",\"contentUrl\":\"https:\/\/librairie7l.com\/wp-content\/uploads\/2022\/08\/logo-1.png\",\"width\":227,\"height\":301,\"caption\":\"Librairie 7L\"},\"image\":{\"@id\":\"https:\/\/librairie7l.com\/en\/#\/schema\/logo\/image\/\"}}]}<\/script>\n<!-- \/ Yoast SEO plugin. -->","yoast_head_json":{"title":"Francis Bacon, en morceaux choisis - Librairie 7L","robots":{"index":"index","follow":"follow","max-snippet":"max-snippet:-1","max-image-preview":"max-image-preview:large","max-video-preview":"max-video-preview:-1"},"canonical":"https:\/\/librairie7l.com\/en\/produit\/francis-bacon-en-morceaux-choisis-2\/","og_locale":"en_US","og_type":"article","og_title":"Francis Bacon, en morceaux choisis - Librairie 7L","og_description":"Que conna\u00eet-on vraiment de la peinture de Francis Bacon (1909- 1992) ? Des corps tordus, des visages d\u00e9chir\u00e9s, des bouches grandes ouvertes, des couleurs suaves et criardes, et tout ce que lui-m\u00eame a pu con er lors des nombreuses interviews qu&#8217;il a accord\u00e9es. Mais, que se passait-il vraiment lorsqu&#8217;il peignait ? Quel sens donnait-il aux [&hellip;]","og_url":"https:\/\/librairie7l.com\/en\/produit\/francis-bacon-en-morceaux-choisis-2\/","og_site_name":"Librairie 7L","article_modified_time":"2026-05-02T13:03:26+00:00","og_image":[{"width":510,"height":699,"url":"https:\/\/librairie7l.com\/wp-content\/uploads\/2019\/06\/9791094176528_1_75.jpg","type":"image\/jpeg"}],"twitter_card":"summary_large_image","twitter_misc":{"Est. reading time":"1 minute"},"schema":{"@context":"https:\/\/schema.org","@graph":[{"@type":"WebPage","@id":"https:\/\/librairie7l.com\/en\/produit\/francis-bacon-en-morceaux-choisis-2\/","url":"https:\/\/librairie7l.com\/en\/produit\/francis-bacon-en-morceaux-choisis-2\/","name":"Francis Bacon, en morceaux choisis - Librairie 7L","isPartOf":{"@id":"https:\/\/librairie7l.com\/en\/#website"},"datePublished":"2024-11-28T20:25:49+00:00","dateModified":"2026-05-02T13:03:26+00:00","breadcrumb":{"@id":"https:\/\/librairie7l.com\/en\/produit\/francis-bacon-en-morceaux-choisis-2\/#breadcrumb"},"inLanguage":"en-US","potentialAction":[{"@type":"ReadAction","target":["https:\/\/librairie7l.com\/en\/produit\/francis-bacon-en-morceaux-choisis-2\/"]}]},{"@type":"BreadcrumbList","@id":"https:\/\/librairie7l.com\/en\/produit\/francis-bacon-en-morceaux-choisis-2\/#breadcrumb","itemListElement":[{"@type":"ListItem","position":1,"name":"Accueil","item":"https:\/\/librairie7l.com\/en\/"},{"@type":"ListItem","position":2,"name":"Shop","item":"https:\/\/librairie7l.com\/en\/shop\/"},{"@type":"ListItem","position":3,"name":"FRANCIS BACON, EN MORCEAUX CHOISIS"}]},{"@type":"WebSite","@id":"https:\/\/librairie7l.com\/en\/#website","url":"https:\/\/librairie7l.com\/en\/","name":"Librairie 7L","description":"Librairie fond\u00e9e en 1999 par Karl Lagerfeld \u00e0 Paris","publisher":{"@id":"https:\/\/librairie7l.com\/en\/#organization"},"potentialAction":[{"@type":"SearchAction","target":{"@type":"EntryPoint","urlTemplate":"https:\/\/librairie7l.com\/en\/?s={search_term_string}"},"query-input":"required name=search_term_string"}],"inLanguage":"en-US"},{"@type":"Organization","@id":"https:\/\/librairie7l.com\/en\/#organization","name":"Librairie 7L","url":"https:\/\/librairie7l.com\/en\/","logo":{"@type":"ImageObject","inLanguage":"en-US","@id":"https:\/\/librairie7l.com\/en\/#\/schema\/logo\/image\/","url":"https:\/\/librairie7l.com\/wp-content\/uploads\/2022\/08\/logo-1.png","contentUrl":"https:\/\/librairie7l.com\/wp-content\/uploads\/2022\/08\/logo-1.png","width":227,"height":301,"caption":"Librairie 7L"},"image":{"@id":"https:\/\/librairie7l.com\/en\/#\/schema\/logo\/image\/"}}]}},"_links":{"self":[{"href":"https:\/\/librairie7l.com\/en\/wp-json\/wp\/v2\/product\/44640"}],"collection":[{"href":"https:\/\/librairie7l.com\/en\/wp-json\/wp\/v2\/product"}],"about":[{"href":"https:\/\/librairie7l.com\/en\/wp-json\/wp\/v2\/types\/product"}],"wp:featuredmedia":[{"embeddable":true,"href":"https:\/\/librairie7l.com\/en\/wp-json\/wp\/v2\/media\/44638"}],"wp:attachment":[{"href":"https:\/\/librairie7l.com\/en\/wp-json\/wp\/v2\/media?parent=44640"}],"wp:term":[{"taxonomy":"product_cat","embeddable":true,"href":"https:\/\/librairie7l.com\/en\/wp-json\/wp\/v2\/product_cat?post=44640"},{"taxonomy":"product_tag","embeddable":true,"href":"https:\/\/librairie7l.com\/en\/wp-json\/wp\/v2\/product_tag?post=44640"}],"curies":[{"name":"wp","href":"https:\/\/api.w.org\/{rel}","templated":true}]}}