{"id":44647,"date":"2024-11-29T05:39:50","date_gmt":"2024-11-29T04:39:50","guid":{"rendered":"https:\/\/librairie7l.com\/?post_type=product&#038;p=44647"},"modified":"2026-04-08T16:13:14","modified_gmt":"2026-04-08T14:13:14","slug":"mirages-2","status":"publish","type":"product","link":"https:\/\/librairie7l.com\/en\/produit\/mirages-2\/","title":{"rendered":"MIRAGES"},"content":{"rendered":"<p>Les portraits intimes et in\u00e9dits de la compagne de la peintre am\u00e9ricaine.<br \/>\nPubli\u00e9e \u00e0 l&#8217;occasion de la premi\u00e8re exposition personnelle en Italie de l&#8217;artiste am\u00e9ricaine Jenna Gribbon, projet con\u00e7u sp\u00e9cialement pour la Collezione Maramotti, cette monographie rassemble une vaste iconographie et des essais de l&#8217;historienne de l&#8217;art et commissaire Flavia Frigeri et de l&#8217;\u00e9crivain Alexandra Kleeman.<br \/>\nLe sujet central des oeuvres de l&#8217;exposition est la partenaire de l&#8217;artiste, la musicienne Mackenzie Scott (alias TORRES). Le sujet est d\u00e9peint dans des couleurs vives et avec des coups de pinceau fluides et sensuels qui font que l&#8217;environnement se confond presque avec son corps &#8211; un corps qui est refl\u00e9t\u00e9, fa\u00e7onn\u00e9, scrut\u00e9, rendu plus grand que nature &#8211; exp\u00e9rimentant une \u00e9chelle et des compositions enti\u00e8rement nouvelles pour l&#8217;artiste. Alors que dans les tableaux plus grands, l&#8217;\u00e9nergie visuelle des images rayonne \u00e0 distance, les formes devenant presque abstraites \u00e0 mesure que l&#8217;on s&#8217;approche de la surface de la toile, les oeuvres plus petites exigent la proximit\u00e9, un mouvement intime vers et dans l&#8217;oeuvre afin d&#8217;en saisir les d\u00e9tails et la narration. En tant que repr\u00e9sentations uniques d&#8217;un univers f\u00e9minin o\u00f9 la beaut\u00e9 et le plaisir constituent des outils politiques pour abattre les structures patriarcales et h\u00e9t\u00e9rosexuelles, ses oeuvres engagent les spectateurs en tant que participants actifs dans les relations complexes du regard.<\/p>\n","protected":false},"excerpt":{"rendered":"<p>Les portraits intimes et in\u00e9dits de la compagne de la peintre am\u00e9ricaine. Publi\u00e9e \u00e0 l&#8217;occasion de la premi\u00e8re exposition personnelle en Italie de l&#8217;artiste am\u00e9ricaine Jenna Gribbon, projet con\u00e7u sp\u00e9cialement pour la Collezione Maramotti, cette monographie rassemble une vaste iconographie et des essais de l&#8217;historienne de l&#8217;art et commissaire Flavia Frigeri et de l&#8217;\u00e9crivain Alexandra [&hellip;]<\/p>\n","protected":false},"featured_media":44645,"template":"","meta":[],"product_cat":[7364,2948],"product_tag":[],"acf":[],"yoast_head":"<!-- This site is optimized with the Yoast SEO plugin v20.11 - https:\/\/yoast.com\/wordpress\/plugins\/seo\/ -->\n<title>Mirages - Librairie 7L<\/title>\n<meta name=\"robots\" content=\"index, follow, max-snippet:-1, max-image-preview:large, max-video-preview:-1\" \/>\n<link rel=\"canonical\" href=\"https:\/\/librairie7l.com\/en\/produit\/mirages-2\/\" \/>\n<meta property=\"og:locale\" content=\"en_US\" \/>\n<meta property=\"og:type\" content=\"article\" \/>\n<meta property=\"og:title\" content=\"Mirages - Librairie 7L\" \/>\n<meta property=\"og:description\" content=\"Les portraits intimes et in\u00e9dits de la compagne de la peintre am\u00e9ricaine. Publi\u00e9e \u00e0 l&#8217;occasion de la premi\u00e8re exposition personnelle en Italie de l&#8217;artiste am\u00e9ricaine Jenna Gribbon, projet con\u00e7u sp\u00e9cialement pour la Collezione Maramotti, cette monographie rassemble une vaste iconographie et des essais de l&#8217;historienne de l&#8217;art et commissaire Flavia Frigeri et de l&#8217;\u00e9crivain Alexandra [&hellip;]\" \/>\n<meta property=\"og:url\" content=\"https:\/\/librairie7l.com\/en\/produit\/mirages-2\/\" \/>\n<meta property=\"og:site_name\" content=\"Librairie 7L\" \/>\n<meta property=\"article:modified_time\" content=\"2026-04-08T14:13:14+00:00\" \/>\n<meta property=\"og:image\" content=\"https:\/\/librairie7l.com\/wp-content\/uploads\/2023\/02\/9791280579379_1_75.jpg\" \/>\n\t<meta property=\"og:image:width\" content=\"600\" \/>\n\t<meta property=\"og:image:height\" content=\"800\" \/>\n\t<meta property=\"og:image:type\" content=\"image\/jpeg\" \/>\n<meta name=\"twitter:card\" content=\"summary_large_image\" \/>\n<meta name=\"twitter:label1\" content=\"Est. reading time\" \/>\n\t<meta name=\"twitter:data1\" content=\"1 minute\" \/>\n<script type=\"application\/ld+json\" class=\"yoast-schema-graph\">{\"@context\":\"https:\/\/schema.org\",\"@graph\":[{\"@type\":\"WebPage\",\"@id\":\"https:\/\/librairie7l.com\/en\/produit\/mirages-2\/\",\"url\":\"https:\/\/librairie7l.com\/en\/produit\/mirages-2\/\",\"name\":\"Mirages - Librairie 7L\",\"isPartOf\":{\"@id\":\"https:\/\/librairie7l.com\/en\/#website\"},\"datePublished\":\"2024-11-29T04:39:50+00:00\",\"dateModified\":\"2026-04-08T14:13:14+00:00\",\"breadcrumb\":{\"@id\":\"https:\/\/librairie7l.com\/en\/produit\/mirages-2\/#breadcrumb\"},\"inLanguage\":\"en-US\",\"potentialAction\":[{\"@type\":\"ReadAction\",\"target\":[\"https:\/\/librairie7l.com\/en\/produit\/mirages-2\/\"]}]},{\"@type\":\"BreadcrumbList\",\"@id\":\"https:\/\/librairie7l.com\/en\/produit\/mirages-2\/#breadcrumb\",\"itemListElement\":[{\"@type\":\"ListItem\",\"position\":1,\"name\":\"Accueil\",\"item\":\"https:\/\/librairie7l.com\/en\/\"},{\"@type\":\"ListItem\",\"position\":2,\"name\":\"Shop\",\"item\":\"https:\/\/librairie7l.com\/en\/shop\/\"},{\"@type\":\"ListItem\",\"position\":3,\"name\":\"MIRAGES\"}]},{\"@type\":\"WebSite\",\"@id\":\"https:\/\/librairie7l.com\/en\/#website\",\"url\":\"https:\/\/librairie7l.com\/en\/\",\"name\":\"Librairie 7L\",\"description\":\"Librairie fond\u00e9e en 1999 par Karl Lagerfeld \u00e0 Paris\",\"publisher\":{\"@id\":\"https:\/\/librairie7l.com\/en\/#organization\"},\"potentialAction\":[{\"@type\":\"SearchAction\",\"target\":{\"@type\":\"EntryPoint\",\"urlTemplate\":\"https:\/\/librairie7l.com\/en\/?s={search_term_string}\"},\"query-input\":\"required name=search_term_string\"}],\"inLanguage\":\"en-US\"},{\"@type\":\"Organization\",\"@id\":\"https:\/\/librairie7l.com\/en\/#organization\",\"name\":\"Librairie 7L\",\"url\":\"https:\/\/librairie7l.com\/en\/\",\"logo\":{\"@type\":\"ImageObject\",\"inLanguage\":\"en-US\",\"@id\":\"https:\/\/librairie7l.com\/en\/#\/schema\/logo\/image\/\",\"url\":\"https:\/\/librairie7l.com\/wp-content\/uploads\/2022\/08\/logo-1.png\",\"contentUrl\":\"https:\/\/librairie7l.com\/wp-content\/uploads\/2022\/08\/logo-1.png\",\"width\":227,\"height\":301,\"caption\":\"Librairie 7L\"},\"image\":{\"@id\":\"https:\/\/librairie7l.com\/en\/#\/schema\/logo\/image\/\"}}]}<\/script>\n<!-- \/ Yoast SEO plugin. -->","yoast_head_json":{"title":"Mirages - Librairie 7L","robots":{"index":"index","follow":"follow","max-snippet":"max-snippet:-1","max-image-preview":"max-image-preview:large","max-video-preview":"max-video-preview:-1"},"canonical":"https:\/\/librairie7l.com\/en\/produit\/mirages-2\/","og_locale":"en_US","og_type":"article","og_title":"Mirages - Librairie 7L","og_description":"Les portraits intimes et in\u00e9dits de la compagne de la peintre am\u00e9ricaine. Publi\u00e9e \u00e0 l&#8217;occasion de la premi\u00e8re exposition personnelle en Italie de l&#8217;artiste am\u00e9ricaine Jenna Gribbon, projet con\u00e7u sp\u00e9cialement pour la Collezione Maramotti, cette monographie rassemble une vaste iconographie et des essais de l&#8217;historienne de l&#8217;art et commissaire Flavia Frigeri et de l&#8217;\u00e9crivain Alexandra [&hellip;]","og_url":"https:\/\/librairie7l.com\/en\/produit\/mirages-2\/","og_site_name":"Librairie 7L","article_modified_time":"2026-04-08T14:13:14+00:00","og_image":[{"width":600,"height":800,"url":"https:\/\/librairie7l.com\/wp-content\/uploads\/2023\/02\/9791280579379_1_75.jpg","type":"image\/jpeg"}],"twitter_card":"summary_large_image","twitter_misc":{"Est. reading time":"1 minute"},"schema":{"@context":"https:\/\/schema.org","@graph":[{"@type":"WebPage","@id":"https:\/\/librairie7l.com\/en\/produit\/mirages-2\/","url":"https:\/\/librairie7l.com\/en\/produit\/mirages-2\/","name":"Mirages - Librairie 7L","isPartOf":{"@id":"https:\/\/librairie7l.com\/en\/#website"},"datePublished":"2024-11-29T04:39:50+00:00","dateModified":"2026-04-08T14:13:14+00:00","breadcrumb":{"@id":"https:\/\/librairie7l.com\/en\/produit\/mirages-2\/#breadcrumb"},"inLanguage":"en-US","potentialAction":[{"@type":"ReadAction","target":["https:\/\/librairie7l.com\/en\/produit\/mirages-2\/"]}]},{"@type":"BreadcrumbList","@id":"https:\/\/librairie7l.com\/en\/produit\/mirages-2\/#breadcrumb","itemListElement":[{"@type":"ListItem","position":1,"name":"Accueil","item":"https:\/\/librairie7l.com\/en\/"},{"@type":"ListItem","position":2,"name":"Shop","item":"https:\/\/librairie7l.com\/en\/shop\/"},{"@type":"ListItem","position":3,"name":"MIRAGES"}]},{"@type":"WebSite","@id":"https:\/\/librairie7l.com\/en\/#website","url":"https:\/\/librairie7l.com\/en\/","name":"Librairie 7L","description":"Librairie fond\u00e9e en 1999 par Karl Lagerfeld \u00e0 Paris","publisher":{"@id":"https:\/\/librairie7l.com\/en\/#organization"},"potentialAction":[{"@type":"SearchAction","target":{"@type":"EntryPoint","urlTemplate":"https:\/\/librairie7l.com\/en\/?s={search_term_string}"},"query-input":"required name=search_term_string"}],"inLanguage":"en-US"},{"@type":"Organization","@id":"https:\/\/librairie7l.com\/en\/#organization","name":"Librairie 7L","url":"https:\/\/librairie7l.com\/en\/","logo":{"@type":"ImageObject","inLanguage":"en-US","@id":"https:\/\/librairie7l.com\/en\/#\/schema\/logo\/image\/","url":"https:\/\/librairie7l.com\/wp-content\/uploads\/2022\/08\/logo-1.png","contentUrl":"https:\/\/librairie7l.com\/wp-content\/uploads\/2022\/08\/logo-1.png","width":227,"height":301,"caption":"Librairie 7L"},"image":{"@id":"https:\/\/librairie7l.com\/en\/#\/schema\/logo\/image\/"}}]}},"_links":{"self":[{"href":"https:\/\/librairie7l.com\/en\/wp-json\/wp\/v2\/product\/44647"}],"collection":[{"href":"https:\/\/librairie7l.com\/en\/wp-json\/wp\/v2\/product"}],"about":[{"href":"https:\/\/librairie7l.com\/en\/wp-json\/wp\/v2\/types\/product"}],"wp:featuredmedia":[{"embeddable":true,"href":"https:\/\/librairie7l.com\/en\/wp-json\/wp\/v2\/media\/44645"}],"wp:attachment":[{"href":"https:\/\/librairie7l.com\/en\/wp-json\/wp\/v2\/media?parent=44647"}],"wp:term":[{"taxonomy":"product_cat","embeddable":true,"href":"https:\/\/librairie7l.com\/en\/wp-json\/wp\/v2\/product_cat?post=44647"},{"taxonomy":"product_tag","embeddable":true,"href":"https:\/\/librairie7l.com\/en\/wp-json\/wp\/v2\/product_tag?post=44647"}],"curies":[{"name":"wp","href":"https:\/\/api.w.org\/{rel}","templated":true}]}}