{"id":44659,"date":"2024-11-29T09:17:50","date_gmt":"2024-11-29T08:17:50","guid":{"rendered":"https:\/\/librairie7l.com\/?post_type=product&#038;p=44659"},"modified":"2026-05-03T06:48:45","modified_gmt":"2026-05-03T04:48:45","slug":"les-jardins-de-william-christie-enchantements-2","status":"publish","type":"product","link":"https:\/\/librairie7l.com\/en\/produit\/les-jardins-de-william-christie-enchantements-2\/","title":{"rendered":"LES JARDINS DE WILLIAM CHRISTIE. ENCHANTEMENTS"},"content":{"rendered":"<p>A Thir\u00e9 en Vend\u00e9e, aux confins du Bocage et de la Plaine, William Christie, claveciniste, chef d&#8217;orchestre, fondateur des Arts Florissants, membre de l&#8217;Acad\u00e9mie des beaux-arts, a cr\u00e9\u00e9, autour d&#8217;une demeure de la fin de la Renaissance \u00e0 laquelle il a redonn\u00e9 toutes ses lettres de noblesse, un microcosme enchant\u00e9 o\u00f9 la musique, l&#8217;esprit baroque, l&#8217;art des jardins port\u00e9 \u00e0 son plus haut point, la passion du patrimoine et le talent de transmettre se fondent en une m\u00eame aventure au long cours : de la naissance d&#8217;un r\u00eave \u00e0 son accomplissement, dans une qu\u00eate incessante de la beaut\u00e9, sous le signe de la passion et du partage.<br \/>\nDu Logis aux jardins, du Festival au Quartier des artistes, des vieilles pierres amoureusement restaur\u00e9es aux rives champ\u00eatres de la Smagne, ce domaine qui n&#8217;aura jamais fini de nous enchanter, \u00e0 l&#8217;image de son cr\u00e9ateur, r\u00e9v\u00e8le, au fil des pages de ce beau livre, ses multiples facettes, des plus chatoyantes aux plus secr\u00e8tes, entre \u00e9rudition et cr\u00e9ativit\u00e9, entre utopie et po\u00e9sie, entre rigueur et fantaisie. C\u00f4t\u00e9 cour et c\u00f4t\u00e9 jardin, nous voici invit\u00e9s \u00e0 une f\u00eate toujours recommenc\u00e9e, dans l&#8217;univers d&#8217;un musicien d&#8217;exception dont le ma\u00eetre mot reste l&#8217;\u00e9motion.<\/p>\n","protected":false},"excerpt":{"rendered":"<p>A Thir\u00e9 en Vend\u00e9e, aux confins du Bocage et de la Plaine, William Christie, claveciniste, chef d&#8217;orchestre, fondateur des Arts Florissants, membre de l&#8217;Acad\u00e9mie des beaux-arts, a cr\u00e9\u00e9, autour d&#8217;une demeure de la fin de la Renaissance \u00e0 laquelle il a redonn\u00e9 toutes ses lettres de noblesse, un microcosme enchant\u00e9 o\u00f9 la musique, l&#8217;esprit baroque, [&hellip;]<\/p>\n","protected":false},"featured_media":44657,"template":"","meta":[],"product_cat":[2948],"product_tag":[],"acf":[],"yoast_head":"<!-- This site is optimized with the Yoast SEO plugin v20.11 - https:\/\/yoast.com\/wordpress\/plugins\/seo\/ -->\n<title>Les jardins de William Christie. Enchantements - Librairie 7L<\/title>\n<meta name=\"robots\" content=\"index, follow, max-snippet:-1, max-image-preview:large, max-video-preview:-1\" \/>\n<link rel=\"canonical\" href=\"https:\/\/librairie7l.com\/en\/produit\/les-jardins-de-william-christie-enchantements-2\/\" \/>\n<meta property=\"og:locale\" content=\"en_US\" \/>\n<meta property=\"og:type\" content=\"article\" \/>\n<meta property=\"og:title\" content=\"Les jardins de William Christie. Enchantements - Librairie 7L\" \/>\n<meta property=\"og:description\" content=\"A Thir\u00e9 en Vend\u00e9e, aux confins du Bocage et de la Plaine, William Christie, claveciniste, chef d&#8217;orchestre, fondateur des Arts Florissants, membre de l&#8217;Acad\u00e9mie des beaux-arts, a cr\u00e9\u00e9, autour d&#8217;une demeure de la fin de la Renaissance \u00e0 laquelle il a redonn\u00e9 toutes ses lettres de noblesse, un microcosme enchant\u00e9 o\u00f9 la musique, l&#8217;esprit baroque, [&hellip;]\" \/>\n<meta property=\"og:url\" content=\"https:\/\/librairie7l.com\/en\/produit\/les-jardins-de-william-christie-enchantements-2\/\" \/>\n<meta property=\"og:site_name\" content=\"Librairie 7L\" \/>\n<meta property=\"article:modified_time\" content=\"2026-05-03T04:48:45+00:00\" \/>\n<meta property=\"og:image\" content=\"https:\/\/librairie7l.com\/wp-content\/uploads\/2024\/06\/9791095551102_1_75.jpg\" \/>\n\t<meta property=\"og:image:width\" content=\"600\" \/>\n\t<meta property=\"og:image:height\" content=\"811\" \/>\n\t<meta property=\"og:image:type\" content=\"image\/jpeg\" \/>\n<meta name=\"twitter:card\" content=\"summary_large_image\" \/>\n<meta name=\"twitter:label1\" content=\"Est. reading time\" \/>\n\t<meta name=\"twitter:data1\" content=\"1 minute\" \/>\n<script type=\"application\/ld+json\" class=\"yoast-schema-graph\">{\"@context\":\"https:\/\/schema.org\",\"@graph\":[{\"@type\":\"WebPage\",\"@id\":\"https:\/\/librairie7l.com\/en\/produit\/les-jardins-de-william-christie-enchantements-2\/\",\"url\":\"https:\/\/librairie7l.com\/en\/produit\/les-jardins-de-william-christie-enchantements-2\/\",\"name\":\"Les jardins de William Christie. Enchantements - Librairie 7L\",\"isPartOf\":{\"@id\":\"https:\/\/librairie7l.com\/en\/#website\"},\"datePublished\":\"2024-11-29T08:17:50+00:00\",\"dateModified\":\"2026-05-03T04:48:45+00:00\",\"breadcrumb\":{\"@id\":\"https:\/\/librairie7l.com\/en\/produit\/les-jardins-de-william-christie-enchantements-2\/#breadcrumb\"},\"inLanguage\":\"en-US\",\"potentialAction\":[{\"@type\":\"ReadAction\",\"target\":[\"https:\/\/librairie7l.com\/en\/produit\/les-jardins-de-william-christie-enchantements-2\/\"]}]},{\"@type\":\"BreadcrumbList\",\"@id\":\"https:\/\/librairie7l.com\/en\/produit\/les-jardins-de-william-christie-enchantements-2\/#breadcrumb\",\"itemListElement\":[{\"@type\":\"ListItem\",\"position\":1,\"name\":\"Accueil\",\"item\":\"https:\/\/librairie7l.com\/en\/\"},{\"@type\":\"ListItem\",\"position\":2,\"name\":\"Shop\",\"item\":\"https:\/\/librairie7l.com\/en\/shop\/\"},{\"@type\":\"ListItem\",\"position\":3,\"name\":\"LES JARDINS DE WILLIAM CHRISTIE. ENCHANTEMENTS\"}]},{\"@type\":\"WebSite\",\"@id\":\"https:\/\/librairie7l.com\/en\/#website\",\"url\":\"https:\/\/librairie7l.com\/en\/\",\"name\":\"Librairie 7L\",\"description\":\"Librairie fond\u00e9e en 1999 par Karl Lagerfeld \u00e0 Paris\",\"publisher\":{\"@id\":\"https:\/\/librairie7l.com\/en\/#organization\"},\"potentialAction\":[{\"@type\":\"SearchAction\",\"target\":{\"@type\":\"EntryPoint\",\"urlTemplate\":\"https:\/\/librairie7l.com\/en\/?s={search_term_string}\"},\"query-input\":\"required name=search_term_string\"}],\"inLanguage\":\"en-US\"},{\"@type\":\"Organization\",\"@id\":\"https:\/\/librairie7l.com\/en\/#organization\",\"name\":\"Librairie 7L\",\"url\":\"https:\/\/librairie7l.com\/en\/\",\"logo\":{\"@type\":\"ImageObject\",\"inLanguage\":\"en-US\",\"@id\":\"https:\/\/librairie7l.com\/en\/#\/schema\/logo\/image\/\",\"url\":\"https:\/\/librairie7l.com\/wp-content\/uploads\/2022\/08\/logo-1.png\",\"contentUrl\":\"https:\/\/librairie7l.com\/wp-content\/uploads\/2022\/08\/logo-1.png\",\"width\":227,\"height\":301,\"caption\":\"Librairie 7L\"},\"image\":{\"@id\":\"https:\/\/librairie7l.com\/en\/#\/schema\/logo\/image\/\"}}]}<\/script>\n<!-- \/ Yoast SEO plugin. -->","yoast_head_json":{"title":"Les jardins de William Christie. Enchantements - Librairie 7L","robots":{"index":"index","follow":"follow","max-snippet":"max-snippet:-1","max-image-preview":"max-image-preview:large","max-video-preview":"max-video-preview:-1"},"canonical":"https:\/\/librairie7l.com\/en\/produit\/les-jardins-de-william-christie-enchantements-2\/","og_locale":"en_US","og_type":"article","og_title":"Les jardins de William Christie. Enchantements - Librairie 7L","og_description":"A Thir\u00e9 en Vend\u00e9e, aux confins du Bocage et de la Plaine, William Christie, claveciniste, chef d&#8217;orchestre, fondateur des Arts Florissants, membre de l&#8217;Acad\u00e9mie des beaux-arts, a cr\u00e9\u00e9, autour d&#8217;une demeure de la fin de la Renaissance \u00e0 laquelle il a redonn\u00e9 toutes ses lettres de noblesse, un microcosme enchant\u00e9 o\u00f9 la musique, l&#8217;esprit baroque, [&hellip;]","og_url":"https:\/\/librairie7l.com\/en\/produit\/les-jardins-de-william-christie-enchantements-2\/","og_site_name":"Librairie 7L","article_modified_time":"2026-05-03T04:48:45+00:00","og_image":[{"width":600,"height":811,"url":"https:\/\/librairie7l.com\/wp-content\/uploads\/2024\/06\/9791095551102_1_75.jpg","type":"image\/jpeg"}],"twitter_card":"summary_large_image","twitter_misc":{"Est. reading time":"1 minute"},"schema":{"@context":"https:\/\/schema.org","@graph":[{"@type":"WebPage","@id":"https:\/\/librairie7l.com\/en\/produit\/les-jardins-de-william-christie-enchantements-2\/","url":"https:\/\/librairie7l.com\/en\/produit\/les-jardins-de-william-christie-enchantements-2\/","name":"Les jardins de William Christie. Enchantements - Librairie 7L","isPartOf":{"@id":"https:\/\/librairie7l.com\/en\/#website"},"datePublished":"2024-11-29T08:17:50+00:00","dateModified":"2026-05-03T04:48:45+00:00","breadcrumb":{"@id":"https:\/\/librairie7l.com\/en\/produit\/les-jardins-de-william-christie-enchantements-2\/#breadcrumb"},"inLanguage":"en-US","potentialAction":[{"@type":"ReadAction","target":["https:\/\/librairie7l.com\/en\/produit\/les-jardins-de-william-christie-enchantements-2\/"]}]},{"@type":"BreadcrumbList","@id":"https:\/\/librairie7l.com\/en\/produit\/les-jardins-de-william-christie-enchantements-2\/#breadcrumb","itemListElement":[{"@type":"ListItem","position":1,"name":"Accueil","item":"https:\/\/librairie7l.com\/en\/"},{"@type":"ListItem","position":2,"name":"Shop","item":"https:\/\/librairie7l.com\/en\/shop\/"},{"@type":"ListItem","position":3,"name":"LES JARDINS DE WILLIAM CHRISTIE. ENCHANTEMENTS"}]},{"@type":"WebSite","@id":"https:\/\/librairie7l.com\/en\/#website","url":"https:\/\/librairie7l.com\/en\/","name":"Librairie 7L","description":"Librairie fond\u00e9e en 1999 par Karl Lagerfeld \u00e0 Paris","publisher":{"@id":"https:\/\/librairie7l.com\/en\/#organization"},"potentialAction":[{"@type":"SearchAction","target":{"@type":"EntryPoint","urlTemplate":"https:\/\/librairie7l.com\/en\/?s={search_term_string}"},"query-input":"required name=search_term_string"}],"inLanguage":"en-US"},{"@type":"Organization","@id":"https:\/\/librairie7l.com\/en\/#organization","name":"Librairie 7L","url":"https:\/\/librairie7l.com\/en\/","logo":{"@type":"ImageObject","inLanguage":"en-US","@id":"https:\/\/librairie7l.com\/en\/#\/schema\/logo\/image\/","url":"https:\/\/librairie7l.com\/wp-content\/uploads\/2022\/08\/logo-1.png","contentUrl":"https:\/\/librairie7l.com\/wp-content\/uploads\/2022\/08\/logo-1.png","width":227,"height":301,"caption":"Librairie 7L"},"image":{"@id":"https:\/\/librairie7l.com\/en\/#\/schema\/logo\/image\/"}}]}},"_links":{"self":[{"href":"https:\/\/librairie7l.com\/en\/wp-json\/wp\/v2\/product\/44659"}],"collection":[{"href":"https:\/\/librairie7l.com\/en\/wp-json\/wp\/v2\/product"}],"about":[{"href":"https:\/\/librairie7l.com\/en\/wp-json\/wp\/v2\/types\/product"}],"wp:featuredmedia":[{"embeddable":true,"href":"https:\/\/librairie7l.com\/en\/wp-json\/wp\/v2\/media\/44657"}],"wp:attachment":[{"href":"https:\/\/librairie7l.com\/en\/wp-json\/wp\/v2\/media?parent=44659"}],"wp:term":[{"taxonomy":"product_cat","embeddable":true,"href":"https:\/\/librairie7l.com\/en\/wp-json\/wp\/v2\/product_cat?post=44659"},{"taxonomy":"product_tag","embeddable":true,"href":"https:\/\/librairie7l.com\/en\/wp-json\/wp\/v2\/product_tag?post=44659"}],"curies":[{"name":"wp","href":"https:\/\/api.w.org\/{rel}","templated":true}]}}