{"id":44673,"date":"2024-11-30T07:30:46","date_gmt":"2024-11-30T06:30:46","guid":{"rendered":"https:\/\/librairie7l.com\/?post_type=product&#038;p=44673"},"modified":"2026-05-03T00:05:49","modified_gmt":"2026-05-02T22:05:49","slug":"street-art-edition-2024-2","status":"publish","type":"product","link":"https:\/\/librairie7l.com\/en\/produit\/street-art-edition-2024-2\/","title":{"rendered":"STREET ART (\u00c9DITION 2024)"},"content":{"rendered":"<p>Les plus grands artistes livrent leurs secrets dans un beau livre richement illustr\u00e9.<\/p>\n<p>Depuis de nombreuses ann\u00e9es, le street art a conquis le monde, se lib\u00e9rant des barri\u00e8res du langage, de la culture, de la religion et par-dessus tout, des limites \u00e9conomiques. Le street art est pr\u00e9sent \u00e0 chaque coin de rue et s&#8217;\u00e9tend m\u00eame dans des lieux n\u00e9glig\u00e9s et isol\u00e9s, partout o\u00f9 il peut toucher le monde sans discrimination. C&#8217;est un art d\u00e9mocratique, libre, sauvage et sensuel.<\/p>\n<p>Alessandra dresse le portrait de 24 des plus grands artistes muraux en leur consacrant \u00e0 chacun une dizaine de pages, avec leur histoire, leur t\u00e9moignage et bien s\u00fbr de nombreuses reproductions de leurs cr\u00e9ations.<\/p>\n<p>Avec, pour ne citer qu&#8217;eux : Banksy, Sheppard Fairey, C215, Evol, Roa, Swoon, Alex Vau&#8230;<\/p>\n","protected":false},"excerpt":{"rendered":"<p>Les plus grands artistes livrent leurs secrets dans un beau livre richement illustr\u00e9. Depuis de nombreuses ann\u00e9es, le street art a conquis le monde, se lib\u00e9rant des barri\u00e8res du langage, de la culture, de la religion et par-dessus tout, des limites \u00e9conomiques. Le street art est pr\u00e9sent \u00e0 chaque coin de rue et s&#8217;\u00e9tend m\u00eame [&hellip;]<\/p>\n","protected":false},"featured_media":44671,"template":"","meta":[],"product_cat":[7364,2948],"product_tag":[],"acf":[],"yoast_head":"<!-- This site is optimized with the Yoast SEO plugin v20.11 - https:\/\/yoast.com\/wordpress\/plugins\/seo\/ -->\n<title>Street Art (\u00e9dition 2024) - Librairie 7L<\/title>\n<meta name=\"robots\" content=\"index, follow, max-snippet:-1, max-image-preview:large, max-video-preview:-1\" \/>\n<link rel=\"canonical\" href=\"https:\/\/librairie7l.com\/en\/produit\/street-art-edition-2024-2\/\" \/>\n<meta property=\"og:locale\" content=\"en_US\" \/>\n<meta property=\"og:type\" content=\"article\" \/>\n<meta property=\"og:title\" content=\"Street Art (\u00e9dition 2024) - Librairie 7L\" \/>\n<meta property=\"og:description\" content=\"Les plus grands artistes livrent leurs secrets dans un beau livre richement illustr\u00e9. Depuis de nombreuses ann\u00e9es, le street art a conquis le monde, se lib\u00e9rant des barri\u00e8res du langage, de la culture, de la religion et par-dessus tout, des limites \u00e9conomiques. Le street art est pr\u00e9sent \u00e0 chaque coin de rue et s&#8217;\u00e9tend m\u00eame [&hellip;]\" \/>\n<meta property=\"og:url\" content=\"https:\/\/librairie7l.com\/en\/produit\/street-art-edition-2024-2\/\" \/>\n<meta property=\"og:site_name\" content=\"Librairie 7L\" \/>\n<meta property=\"article:modified_time\" content=\"2026-05-02T22:05:49+00:00\" \/>\n<meta property=\"og:image\" content=\"https:\/\/librairie7l.com\/wp-content\/uploads\/2024\/06\/9782755678147_1_75.jpg\" \/>\n\t<meta property=\"og:image:width\" content=\"600\" \/>\n\t<meta property=\"og:image:height\" content=\"619\" \/>\n\t<meta property=\"og:image:type\" content=\"image\/jpeg\" \/>\n<meta name=\"twitter:card\" content=\"summary_large_image\" \/>\n<meta name=\"twitter:label1\" content=\"Est. reading time\" \/>\n\t<meta name=\"twitter:data1\" content=\"1 minute\" \/>\n<script type=\"application\/ld+json\" class=\"yoast-schema-graph\">{\"@context\":\"https:\/\/schema.org\",\"@graph\":[{\"@type\":\"WebPage\",\"@id\":\"https:\/\/librairie7l.com\/en\/produit\/street-art-edition-2024-2\/\",\"url\":\"https:\/\/librairie7l.com\/en\/produit\/street-art-edition-2024-2\/\",\"name\":\"Street Art (\u00e9dition 2024) - Librairie 7L\",\"isPartOf\":{\"@id\":\"https:\/\/librairie7l.com\/en\/#website\"},\"datePublished\":\"2024-11-30T06:30:46+00:00\",\"dateModified\":\"2026-05-02T22:05:49+00:00\",\"breadcrumb\":{\"@id\":\"https:\/\/librairie7l.com\/en\/produit\/street-art-edition-2024-2\/#breadcrumb\"},\"inLanguage\":\"en-US\",\"potentialAction\":[{\"@type\":\"ReadAction\",\"target\":[\"https:\/\/librairie7l.com\/en\/produit\/street-art-edition-2024-2\/\"]}]},{\"@type\":\"BreadcrumbList\",\"@id\":\"https:\/\/librairie7l.com\/en\/produit\/street-art-edition-2024-2\/#breadcrumb\",\"itemListElement\":[{\"@type\":\"ListItem\",\"position\":1,\"name\":\"Accueil\",\"item\":\"https:\/\/librairie7l.com\/en\/\"},{\"@type\":\"ListItem\",\"position\":2,\"name\":\"Shop\",\"item\":\"https:\/\/librairie7l.com\/en\/shop\/\"},{\"@type\":\"ListItem\",\"position\":3,\"name\":\"STREET ART (\u00c9DITION 2024)\"}]},{\"@type\":\"WebSite\",\"@id\":\"https:\/\/librairie7l.com\/en\/#website\",\"url\":\"https:\/\/librairie7l.com\/en\/\",\"name\":\"Librairie 7L\",\"description\":\"Librairie fond\u00e9e en 1999 par Karl Lagerfeld \u00e0 Paris\",\"publisher\":{\"@id\":\"https:\/\/librairie7l.com\/en\/#organization\"},\"potentialAction\":[{\"@type\":\"SearchAction\",\"target\":{\"@type\":\"EntryPoint\",\"urlTemplate\":\"https:\/\/librairie7l.com\/en\/?s={search_term_string}\"},\"query-input\":\"required name=search_term_string\"}],\"inLanguage\":\"en-US\"},{\"@type\":\"Organization\",\"@id\":\"https:\/\/librairie7l.com\/en\/#organization\",\"name\":\"Librairie 7L\",\"url\":\"https:\/\/librairie7l.com\/en\/\",\"logo\":{\"@type\":\"ImageObject\",\"inLanguage\":\"en-US\",\"@id\":\"https:\/\/librairie7l.com\/en\/#\/schema\/logo\/image\/\",\"url\":\"https:\/\/librairie7l.com\/wp-content\/uploads\/2022\/08\/logo-1.png\",\"contentUrl\":\"https:\/\/librairie7l.com\/wp-content\/uploads\/2022\/08\/logo-1.png\",\"width\":227,\"height\":301,\"caption\":\"Librairie 7L\"},\"image\":{\"@id\":\"https:\/\/librairie7l.com\/en\/#\/schema\/logo\/image\/\"}}]}<\/script>\n<!-- \/ Yoast SEO plugin. -->","yoast_head_json":{"title":"Street Art (\u00e9dition 2024) - Librairie 7L","robots":{"index":"index","follow":"follow","max-snippet":"max-snippet:-1","max-image-preview":"max-image-preview:large","max-video-preview":"max-video-preview:-1"},"canonical":"https:\/\/librairie7l.com\/en\/produit\/street-art-edition-2024-2\/","og_locale":"en_US","og_type":"article","og_title":"Street Art (\u00e9dition 2024) - Librairie 7L","og_description":"Les plus grands artistes livrent leurs secrets dans un beau livre richement illustr\u00e9. Depuis de nombreuses ann\u00e9es, le street art a conquis le monde, se lib\u00e9rant des barri\u00e8res du langage, de la culture, de la religion et par-dessus tout, des limites \u00e9conomiques. Le street art est pr\u00e9sent \u00e0 chaque coin de rue et s&#8217;\u00e9tend m\u00eame [&hellip;]","og_url":"https:\/\/librairie7l.com\/en\/produit\/street-art-edition-2024-2\/","og_site_name":"Librairie 7L","article_modified_time":"2026-05-02T22:05:49+00:00","og_image":[{"width":600,"height":619,"url":"https:\/\/librairie7l.com\/wp-content\/uploads\/2024\/06\/9782755678147_1_75.jpg","type":"image\/jpeg"}],"twitter_card":"summary_large_image","twitter_misc":{"Est. reading time":"1 minute"},"schema":{"@context":"https:\/\/schema.org","@graph":[{"@type":"WebPage","@id":"https:\/\/librairie7l.com\/en\/produit\/street-art-edition-2024-2\/","url":"https:\/\/librairie7l.com\/en\/produit\/street-art-edition-2024-2\/","name":"Street Art (\u00e9dition 2024) - Librairie 7L","isPartOf":{"@id":"https:\/\/librairie7l.com\/en\/#website"},"datePublished":"2024-11-30T06:30:46+00:00","dateModified":"2026-05-02T22:05:49+00:00","breadcrumb":{"@id":"https:\/\/librairie7l.com\/en\/produit\/street-art-edition-2024-2\/#breadcrumb"},"inLanguage":"en-US","potentialAction":[{"@type":"ReadAction","target":["https:\/\/librairie7l.com\/en\/produit\/street-art-edition-2024-2\/"]}]},{"@type":"BreadcrumbList","@id":"https:\/\/librairie7l.com\/en\/produit\/street-art-edition-2024-2\/#breadcrumb","itemListElement":[{"@type":"ListItem","position":1,"name":"Accueil","item":"https:\/\/librairie7l.com\/en\/"},{"@type":"ListItem","position":2,"name":"Shop","item":"https:\/\/librairie7l.com\/en\/shop\/"},{"@type":"ListItem","position":3,"name":"STREET ART (\u00c9DITION 2024)"}]},{"@type":"WebSite","@id":"https:\/\/librairie7l.com\/en\/#website","url":"https:\/\/librairie7l.com\/en\/","name":"Librairie 7L","description":"Librairie fond\u00e9e en 1999 par Karl Lagerfeld \u00e0 Paris","publisher":{"@id":"https:\/\/librairie7l.com\/en\/#organization"},"potentialAction":[{"@type":"SearchAction","target":{"@type":"EntryPoint","urlTemplate":"https:\/\/librairie7l.com\/en\/?s={search_term_string}"},"query-input":"required name=search_term_string"}],"inLanguage":"en-US"},{"@type":"Organization","@id":"https:\/\/librairie7l.com\/en\/#organization","name":"Librairie 7L","url":"https:\/\/librairie7l.com\/en\/","logo":{"@type":"ImageObject","inLanguage":"en-US","@id":"https:\/\/librairie7l.com\/en\/#\/schema\/logo\/image\/","url":"https:\/\/librairie7l.com\/wp-content\/uploads\/2022\/08\/logo-1.png","contentUrl":"https:\/\/librairie7l.com\/wp-content\/uploads\/2022\/08\/logo-1.png","width":227,"height":301,"caption":"Librairie 7L"},"image":{"@id":"https:\/\/librairie7l.com\/en\/#\/schema\/logo\/image\/"}}]}},"_links":{"self":[{"href":"https:\/\/librairie7l.com\/en\/wp-json\/wp\/v2\/product\/44673"}],"collection":[{"href":"https:\/\/librairie7l.com\/en\/wp-json\/wp\/v2\/product"}],"about":[{"href":"https:\/\/librairie7l.com\/en\/wp-json\/wp\/v2\/types\/product"}],"wp:featuredmedia":[{"embeddable":true,"href":"https:\/\/librairie7l.com\/en\/wp-json\/wp\/v2\/media\/44671"}],"wp:attachment":[{"href":"https:\/\/librairie7l.com\/en\/wp-json\/wp\/v2\/media?parent=44673"}],"wp:term":[{"taxonomy":"product_cat","embeddable":true,"href":"https:\/\/librairie7l.com\/en\/wp-json\/wp\/v2\/product_cat?post=44673"},{"taxonomy":"product_tag","embeddable":true,"href":"https:\/\/librairie7l.com\/en\/wp-json\/wp\/v2\/product_tag?post=44673"}],"curies":[{"name":"wp","href":"https:\/\/api.w.org\/{rel}","templated":true}]}}