{"id":44680,"date":"2024-11-30T09:17:40","date_gmt":"2024-11-30T08:17:40","guid":{"rendered":"https:\/\/librairie7l.com\/?post_type=product&#038;p=44680"},"modified":"2026-04-17T03:26:12","modified_gmt":"2026-04-17T01:26:12","slug":"nicolas-floc-h-la-couleur-de-leau-2","status":"publish","type":"product","link":"https:\/\/librairie7l.com\/en\/produit\/nicolas-floc-h-la-couleur-de-leau-2\/","title":{"rendered":"NICOLAS FLOC H : LA COULEUR DE L&#8217;EAU"},"content":{"rendered":"<p>L&#8217;\u00e9tude de la couleur de l&#8217;oc\u00e9an permet de comprendre et de caract\u00e9riser les variations biologiques du milieu. Les modifications de la couleur de l&#8217;oc\u00e9an sont induites par les variations de concentrations des \u00e9l\u00e9ments optiquement significatifs des eaux de surface, et en premier lieu le phytoplancton, mais aussi les substances organiques dissoutes, et les particules min\u00e9rales. \u00c0 partir de la couleur, on peut donc d\u00e9terminer la composition biog\u00e9ochimique des eaux, ainsi que le type de phytoplancton pr\u00e9sent. Le phytoplancton n&#8217;est pas seulement vital pour les esp\u00e8ces marines mais \u00e9galement pour l&#8217;ensemble des esp\u00e8ces de la plan\u00e8te. Il joue un r\u00f4le essentiel dans la r\u00e9gulation du climat, l&#8217;absorption et le stockage du CO2 et la production d&#8217;oxyg\u00e8ne. L&#8217;oc\u00e9an \u00e0 lui seul assimile 25% du CO2 et produit plus de la moiti\u00e9 de l&#8217;oxyg\u00e8ne, il est le r\u00e9gulateur de l&#8217;\u00e9quilibre plan\u00e9taire, en interaction permanente avec la terre, les glaces et l&#8217;atmosph\u00e8re. Mais cet \u00e9quilibre repose en partie sur ce qui produit la couleur, c&#8217;est-\u00e0-dire le vivant dans l&#8217;oc\u00e9an.<\/p>\n","protected":false},"excerpt":{"rendered":"<p>L&#8217;\u00e9tude de la couleur de l&#8217;oc\u00e9an permet de comprendre et de caract\u00e9riser les variations biologiques du milieu. Les modifications de la couleur de l&#8217;oc\u00e9an sont induites par les variations de concentrations des \u00e9l\u00e9ments optiquement significatifs des eaux de surface, et en premier lieu le phytoplancton, mais aussi les substances organiques dissoutes, et les particules min\u00e9rales. [&hellip;]<\/p>\n","protected":false},"featured_media":44678,"template":"","meta":[],"product_cat":[2948],"product_tag":[],"acf":[],"yoast_head":"<!-- This site is optimized with the Yoast SEO plugin v20.11 - https:\/\/yoast.com\/wordpress\/plugins\/seo\/ -->\n<title>Nicolas Floc h : La couleur de l&#039;eau - Librairie 7L<\/title>\n<meta name=\"robots\" content=\"index, follow, max-snippet:-1, max-image-preview:large, max-video-preview:-1\" \/>\n<link rel=\"canonical\" href=\"https:\/\/librairie7l.com\/en\/produit\/nicolas-floc-h-la-couleur-de-leau-2\/\" \/>\n<meta property=\"og:locale\" content=\"en_US\" \/>\n<meta property=\"og:type\" content=\"article\" \/>\n<meta property=\"og:title\" content=\"Nicolas Floc h : La couleur de l&#039;eau - Librairie 7L\" \/>\n<meta property=\"og:description\" content=\"L&#8217;\u00e9tude de la couleur de l&#8217;oc\u00e9an permet de comprendre et de caract\u00e9riser les variations biologiques du milieu. Les modifications de la couleur de l&#8217;oc\u00e9an sont induites par les variations de concentrations des \u00e9l\u00e9ments optiquement significatifs des eaux de surface, et en premier lieu le phytoplancton, mais aussi les substances organiques dissoutes, et les particules min\u00e9rales. [&hellip;]\" \/>\n<meta property=\"og:url\" content=\"https:\/\/librairie7l.com\/en\/produit\/nicolas-floc-h-la-couleur-de-leau-2\/\" \/>\n<meta property=\"og:site_name\" content=\"Librairie 7L\" \/>\n<meta property=\"article:modified_time\" content=\"2026-04-17T01:26:12+00:00\" \/>\n<meta property=\"og:image\" content=\"https:\/\/librairie7l.com\/wp-content\/uploads\/2024\/01\/9791094060469_1_75.jpg\" \/>\n\t<meta property=\"og:image:width\" content=\"385\" \/>\n\t<meta property=\"og:image:height\" content=\"500\" \/>\n\t<meta property=\"og:image:type\" content=\"image\/jpeg\" \/>\n<meta name=\"twitter:card\" content=\"summary_large_image\" \/>\n<meta name=\"twitter:label1\" content=\"Est. reading time\" \/>\n\t<meta name=\"twitter:data1\" content=\"1 minute\" \/>\n<script type=\"application\/ld+json\" class=\"yoast-schema-graph\">{\"@context\":\"https:\/\/schema.org\",\"@graph\":[{\"@type\":\"WebPage\",\"@id\":\"https:\/\/librairie7l.com\/en\/produit\/nicolas-floc-h-la-couleur-de-leau-2\/\",\"url\":\"https:\/\/librairie7l.com\/en\/produit\/nicolas-floc-h-la-couleur-de-leau-2\/\",\"name\":\"Nicolas Floc h : La couleur de l'eau - Librairie 7L\",\"isPartOf\":{\"@id\":\"https:\/\/librairie7l.com\/en\/#website\"},\"datePublished\":\"2024-11-30T08:17:40+00:00\",\"dateModified\":\"2026-04-17T01:26:12+00:00\",\"breadcrumb\":{\"@id\":\"https:\/\/librairie7l.com\/en\/produit\/nicolas-floc-h-la-couleur-de-leau-2\/#breadcrumb\"},\"inLanguage\":\"en-US\",\"potentialAction\":[{\"@type\":\"ReadAction\",\"target\":[\"https:\/\/librairie7l.com\/en\/produit\/nicolas-floc-h-la-couleur-de-leau-2\/\"]}]},{\"@type\":\"BreadcrumbList\",\"@id\":\"https:\/\/librairie7l.com\/en\/produit\/nicolas-floc-h-la-couleur-de-leau-2\/#breadcrumb\",\"itemListElement\":[{\"@type\":\"ListItem\",\"position\":1,\"name\":\"Accueil\",\"item\":\"https:\/\/librairie7l.com\/en\/\"},{\"@type\":\"ListItem\",\"position\":2,\"name\":\"Shop\",\"item\":\"https:\/\/librairie7l.com\/en\/shop\/\"},{\"@type\":\"ListItem\",\"position\":3,\"name\":\"NICOLAS FLOC H : LA COULEUR DE L&#8217;EAU\"}]},{\"@type\":\"WebSite\",\"@id\":\"https:\/\/librairie7l.com\/en\/#website\",\"url\":\"https:\/\/librairie7l.com\/en\/\",\"name\":\"Librairie 7L\",\"description\":\"Librairie fond\u00e9e en 1999 par Karl Lagerfeld \u00e0 Paris\",\"publisher\":{\"@id\":\"https:\/\/librairie7l.com\/en\/#organization\"},\"potentialAction\":[{\"@type\":\"SearchAction\",\"target\":{\"@type\":\"EntryPoint\",\"urlTemplate\":\"https:\/\/librairie7l.com\/en\/?s={search_term_string}\"},\"query-input\":\"required name=search_term_string\"}],\"inLanguage\":\"en-US\"},{\"@type\":\"Organization\",\"@id\":\"https:\/\/librairie7l.com\/en\/#organization\",\"name\":\"Librairie 7L\",\"url\":\"https:\/\/librairie7l.com\/en\/\",\"logo\":{\"@type\":\"ImageObject\",\"inLanguage\":\"en-US\",\"@id\":\"https:\/\/librairie7l.com\/en\/#\/schema\/logo\/image\/\",\"url\":\"https:\/\/librairie7l.com\/wp-content\/uploads\/2022\/08\/logo-1.png\",\"contentUrl\":\"https:\/\/librairie7l.com\/wp-content\/uploads\/2022\/08\/logo-1.png\",\"width\":227,\"height\":301,\"caption\":\"Librairie 7L\"},\"image\":{\"@id\":\"https:\/\/librairie7l.com\/en\/#\/schema\/logo\/image\/\"}}]}<\/script>\n<!-- \/ Yoast SEO plugin. -->","yoast_head_json":{"title":"Nicolas Floc h : La couleur de l'eau - Librairie 7L","robots":{"index":"index","follow":"follow","max-snippet":"max-snippet:-1","max-image-preview":"max-image-preview:large","max-video-preview":"max-video-preview:-1"},"canonical":"https:\/\/librairie7l.com\/en\/produit\/nicolas-floc-h-la-couleur-de-leau-2\/","og_locale":"en_US","og_type":"article","og_title":"Nicolas Floc h : La couleur de l'eau - Librairie 7L","og_description":"L&#8217;\u00e9tude de la couleur de l&#8217;oc\u00e9an permet de comprendre et de caract\u00e9riser les variations biologiques du milieu. Les modifications de la couleur de l&#8217;oc\u00e9an sont induites par les variations de concentrations des \u00e9l\u00e9ments optiquement significatifs des eaux de surface, et en premier lieu le phytoplancton, mais aussi les substances organiques dissoutes, et les particules min\u00e9rales. [&hellip;]","og_url":"https:\/\/librairie7l.com\/en\/produit\/nicolas-floc-h-la-couleur-de-leau-2\/","og_site_name":"Librairie 7L","article_modified_time":"2026-04-17T01:26:12+00:00","og_image":[{"width":385,"height":500,"url":"https:\/\/librairie7l.com\/wp-content\/uploads\/2024\/01\/9791094060469_1_75.jpg","type":"image\/jpeg"}],"twitter_card":"summary_large_image","twitter_misc":{"Est. reading time":"1 minute"},"schema":{"@context":"https:\/\/schema.org","@graph":[{"@type":"WebPage","@id":"https:\/\/librairie7l.com\/en\/produit\/nicolas-floc-h-la-couleur-de-leau-2\/","url":"https:\/\/librairie7l.com\/en\/produit\/nicolas-floc-h-la-couleur-de-leau-2\/","name":"Nicolas Floc h : La couleur de l'eau - Librairie 7L","isPartOf":{"@id":"https:\/\/librairie7l.com\/en\/#website"},"datePublished":"2024-11-30T08:17:40+00:00","dateModified":"2026-04-17T01:26:12+00:00","breadcrumb":{"@id":"https:\/\/librairie7l.com\/en\/produit\/nicolas-floc-h-la-couleur-de-leau-2\/#breadcrumb"},"inLanguage":"en-US","potentialAction":[{"@type":"ReadAction","target":["https:\/\/librairie7l.com\/en\/produit\/nicolas-floc-h-la-couleur-de-leau-2\/"]}]},{"@type":"BreadcrumbList","@id":"https:\/\/librairie7l.com\/en\/produit\/nicolas-floc-h-la-couleur-de-leau-2\/#breadcrumb","itemListElement":[{"@type":"ListItem","position":1,"name":"Accueil","item":"https:\/\/librairie7l.com\/en\/"},{"@type":"ListItem","position":2,"name":"Shop","item":"https:\/\/librairie7l.com\/en\/shop\/"},{"@type":"ListItem","position":3,"name":"NICOLAS FLOC H : LA COULEUR DE L&#8217;EAU"}]},{"@type":"WebSite","@id":"https:\/\/librairie7l.com\/en\/#website","url":"https:\/\/librairie7l.com\/en\/","name":"Librairie 7L","description":"Librairie fond\u00e9e en 1999 par Karl Lagerfeld \u00e0 Paris","publisher":{"@id":"https:\/\/librairie7l.com\/en\/#organization"},"potentialAction":[{"@type":"SearchAction","target":{"@type":"EntryPoint","urlTemplate":"https:\/\/librairie7l.com\/en\/?s={search_term_string}"},"query-input":"required name=search_term_string"}],"inLanguage":"en-US"},{"@type":"Organization","@id":"https:\/\/librairie7l.com\/en\/#organization","name":"Librairie 7L","url":"https:\/\/librairie7l.com\/en\/","logo":{"@type":"ImageObject","inLanguage":"en-US","@id":"https:\/\/librairie7l.com\/en\/#\/schema\/logo\/image\/","url":"https:\/\/librairie7l.com\/wp-content\/uploads\/2022\/08\/logo-1.png","contentUrl":"https:\/\/librairie7l.com\/wp-content\/uploads\/2022\/08\/logo-1.png","width":227,"height":301,"caption":"Librairie 7L"},"image":{"@id":"https:\/\/librairie7l.com\/en\/#\/schema\/logo\/image\/"}}]}},"_links":{"self":[{"href":"https:\/\/librairie7l.com\/en\/wp-json\/wp\/v2\/product\/44680"}],"collection":[{"href":"https:\/\/librairie7l.com\/en\/wp-json\/wp\/v2\/product"}],"about":[{"href":"https:\/\/librairie7l.com\/en\/wp-json\/wp\/v2\/types\/product"}],"wp:featuredmedia":[{"embeddable":true,"href":"https:\/\/librairie7l.com\/en\/wp-json\/wp\/v2\/media\/44678"}],"wp:attachment":[{"href":"https:\/\/librairie7l.com\/en\/wp-json\/wp\/v2\/media?parent=44680"}],"wp:term":[{"taxonomy":"product_cat","embeddable":true,"href":"https:\/\/librairie7l.com\/en\/wp-json\/wp\/v2\/product_cat?post=44680"},{"taxonomy":"product_tag","embeddable":true,"href":"https:\/\/librairie7l.com\/en\/wp-json\/wp\/v2\/product_tag?post=44680"}],"curies":[{"name":"wp","href":"https:\/\/api.w.org\/{rel}","templated":true}]}}