{"id":44682,"date":"2024-11-30T09:17:42","date_gmt":"2024-11-30T08:17:42","guid":{"rendered":"https:\/\/librairie7l.com\/?post_type=product&#038;p=44682"},"modified":"2026-04-08T05:09:34","modified_gmt":"2026-04-08T03:09:34","slug":"pierre-paulin-2","status":"publish","type":"product","link":"https:\/\/librairie7l.com\/en\/produit\/pierre-paulin-2\/","title":{"rendered":"PIERRE PAULIN"},"content":{"rendered":"<p>Le cr\u00e9ateur avant-gardiste fran\u00e7ais qui a marqu\u00e9 l&#8217;histoire du design des ann\u00e9es 1970.<\/p>\n<p>Pierre Paulin (1927-2009) fut un designer hors norme, hors cadre, suivant son instinct sur les chemins escarp\u00e9s de la cr\u00e9ativit\u00e9. Il fut le premier \u00e0 faire entrer les d\u00e9cors de la modernit\u00e9 \u00e0 l&#8217;\u00c9lys\u00e9e, ses fauteuils Tongue, Ribbon ou Groovy vintage sont cultes, ses syst\u00e8mes de mobilier modulable sont aujourd&#8217;hui collectionn\u00e9s par les amateurs d&#8217;art. Il dessina des assises sculpturales \u00e0 coup de tubes, de mousse et de textiles housse aux couleurs pop comme des collections artisanales destin\u00e9es \u00e0 l&#8217;exercice du pouvoir; des produits industriels comme des espaces qui, m\u00e9tamorphosant les volumes, laissaient parler l&#8217;\u00e9poque. En un demi-si\u00e8cle, il a accompli l&#8217;exploit d&#8217;interroger toutes les facettes du design avec un talent qui r\u00e9sonne encore aujourd&#8217;hui.<\/p>\n","protected":false},"excerpt":{"rendered":"<p>Le cr\u00e9ateur avant-gardiste fran\u00e7ais qui a marqu\u00e9 l&#8217;histoire du design des ann\u00e9es 1970. Pierre Paulin (1927-2009) fut un designer hors norme, hors cadre, suivant son instinct sur les chemins escarp\u00e9s de la cr\u00e9ativit\u00e9. Il fut le premier \u00e0 faire entrer les d\u00e9cors de la modernit\u00e9 \u00e0 l&#8217;\u00c9lys\u00e9e, ses fauteuils Tongue, Ribbon ou Groovy vintage sont [&hellip;]<\/p>\n","protected":false},"featured_media":46298,"template":"","meta":[],"product_cat":[2948],"product_tag":[],"acf":[],"yoast_head":"<!-- This site is optimized with the Yoast SEO plugin v20.11 - https:\/\/yoast.com\/wordpress\/plugins\/seo\/ -->\n<title>Pierre Paulin - Librairie 7L<\/title>\n<meta name=\"robots\" content=\"index, follow, max-snippet:-1, max-image-preview:large, max-video-preview:-1\" \/>\n<link rel=\"canonical\" href=\"https:\/\/librairie7l.com\/en\/produit\/pierre-paulin-2\/\" \/>\n<meta property=\"og:locale\" content=\"en_US\" \/>\n<meta property=\"og:type\" content=\"article\" \/>\n<meta property=\"og:title\" content=\"Pierre Paulin - Librairie 7L\" \/>\n<meta property=\"og:description\" content=\"Le cr\u00e9ateur avant-gardiste fran\u00e7ais qui a marqu\u00e9 l&#8217;histoire du design des ann\u00e9es 1970. Pierre Paulin (1927-2009) fut un designer hors norme, hors cadre, suivant son instinct sur les chemins escarp\u00e9s de la cr\u00e9ativit\u00e9. Il fut le premier \u00e0 faire entrer les d\u00e9cors de la modernit\u00e9 \u00e0 l&#8217;\u00c9lys\u00e9e, ses fauteuils Tongue, Ribbon ou Groovy vintage sont [&hellip;]\" \/>\n<meta property=\"og:url\" content=\"https:\/\/librairie7l.com\/en\/produit\/pierre-paulin-2\/\" \/>\n<meta property=\"og:site_name\" content=\"Librairie 7L\" \/>\n<meta property=\"article:modified_time\" content=\"2026-04-08T03:09:34+00:00\" \/>\n<meta name=\"twitter:card\" content=\"summary_large_image\" \/>\n<meta name=\"twitter:label1\" content=\"Est. reading time\" \/>\n\t<meta name=\"twitter:data1\" content=\"1 minute\" \/>\n<script type=\"application\/ld+json\" class=\"yoast-schema-graph\">{\"@context\":\"https:\/\/schema.org\",\"@graph\":[{\"@type\":\"WebPage\",\"@id\":\"https:\/\/librairie7l.com\/en\/produit\/pierre-paulin-2\/\",\"url\":\"https:\/\/librairie7l.com\/en\/produit\/pierre-paulin-2\/\",\"name\":\"Pierre Paulin - Librairie 7L\",\"isPartOf\":{\"@id\":\"https:\/\/librairie7l.com\/en\/#website\"},\"datePublished\":\"2024-11-30T08:17:42+00:00\",\"dateModified\":\"2026-04-08T03:09:34+00:00\",\"breadcrumb\":{\"@id\":\"https:\/\/librairie7l.com\/en\/produit\/pierre-paulin-2\/#breadcrumb\"},\"inLanguage\":\"en-US\",\"potentialAction\":[{\"@type\":\"ReadAction\",\"target\":[\"https:\/\/librairie7l.com\/en\/produit\/pierre-paulin-2\/\"]}]},{\"@type\":\"BreadcrumbList\",\"@id\":\"https:\/\/librairie7l.com\/en\/produit\/pierre-paulin-2\/#breadcrumb\",\"itemListElement\":[{\"@type\":\"ListItem\",\"position\":1,\"name\":\"Accueil\",\"item\":\"https:\/\/librairie7l.com\/en\/\"},{\"@type\":\"ListItem\",\"position\":2,\"name\":\"Shop\",\"item\":\"https:\/\/librairie7l.com\/en\/shop\/\"},{\"@type\":\"ListItem\",\"position\":3,\"name\":\"PIERRE PAULIN\"}]},{\"@type\":\"WebSite\",\"@id\":\"https:\/\/librairie7l.com\/en\/#website\",\"url\":\"https:\/\/librairie7l.com\/en\/\",\"name\":\"Librairie 7L\",\"description\":\"Librairie fond\u00e9e en 1999 par Karl Lagerfeld \u00e0 Paris\",\"publisher\":{\"@id\":\"https:\/\/librairie7l.com\/en\/#organization\"},\"potentialAction\":[{\"@type\":\"SearchAction\",\"target\":{\"@type\":\"EntryPoint\",\"urlTemplate\":\"https:\/\/librairie7l.com\/en\/?s={search_term_string}\"},\"query-input\":\"required name=search_term_string\"}],\"inLanguage\":\"en-US\"},{\"@type\":\"Organization\",\"@id\":\"https:\/\/librairie7l.com\/en\/#organization\",\"name\":\"Librairie 7L\",\"url\":\"https:\/\/librairie7l.com\/en\/\",\"logo\":{\"@type\":\"ImageObject\",\"inLanguage\":\"en-US\",\"@id\":\"https:\/\/librairie7l.com\/en\/#\/schema\/logo\/image\/\",\"url\":\"https:\/\/librairie7l.com\/wp-content\/uploads\/2022\/08\/logo-1.png\",\"contentUrl\":\"https:\/\/librairie7l.com\/wp-content\/uploads\/2022\/08\/logo-1.png\",\"width\":227,\"height\":301,\"caption\":\"Librairie 7L\"},\"image\":{\"@id\":\"https:\/\/librairie7l.com\/en\/#\/schema\/logo\/image\/\"}}]}<\/script>\n<!-- \/ Yoast SEO plugin. -->","yoast_head_json":{"title":"Pierre Paulin - Librairie 7L","robots":{"index":"index","follow":"follow","max-snippet":"max-snippet:-1","max-image-preview":"max-image-preview:large","max-video-preview":"max-video-preview:-1"},"canonical":"https:\/\/librairie7l.com\/en\/produit\/pierre-paulin-2\/","og_locale":"en_US","og_type":"article","og_title":"Pierre Paulin - Librairie 7L","og_description":"Le cr\u00e9ateur avant-gardiste fran\u00e7ais qui a marqu\u00e9 l&#8217;histoire du design des ann\u00e9es 1970. Pierre Paulin (1927-2009) fut un designer hors norme, hors cadre, suivant son instinct sur les chemins escarp\u00e9s de la cr\u00e9ativit\u00e9. Il fut le premier \u00e0 faire entrer les d\u00e9cors de la modernit\u00e9 \u00e0 l&#8217;\u00c9lys\u00e9e, ses fauteuils Tongue, Ribbon ou Groovy vintage sont [&hellip;]","og_url":"https:\/\/librairie7l.com\/en\/produit\/pierre-paulin-2\/","og_site_name":"Librairie 7L","article_modified_time":"2026-04-08T03:09:34+00:00","twitter_card":"summary_large_image","twitter_misc":{"Est. reading time":"1 minute"},"schema":{"@context":"https:\/\/schema.org","@graph":[{"@type":"WebPage","@id":"https:\/\/librairie7l.com\/en\/produit\/pierre-paulin-2\/","url":"https:\/\/librairie7l.com\/en\/produit\/pierre-paulin-2\/","name":"Pierre Paulin - Librairie 7L","isPartOf":{"@id":"https:\/\/librairie7l.com\/en\/#website"},"datePublished":"2024-11-30T08:17:42+00:00","dateModified":"2026-04-08T03:09:34+00:00","breadcrumb":{"@id":"https:\/\/librairie7l.com\/en\/produit\/pierre-paulin-2\/#breadcrumb"},"inLanguage":"en-US","potentialAction":[{"@type":"ReadAction","target":["https:\/\/librairie7l.com\/en\/produit\/pierre-paulin-2\/"]}]},{"@type":"BreadcrumbList","@id":"https:\/\/librairie7l.com\/en\/produit\/pierre-paulin-2\/#breadcrumb","itemListElement":[{"@type":"ListItem","position":1,"name":"Accueil","item":"https:\/\/librairie7l.com\/en\/"},{"@type":"ListItem","position":2,"name":"Shop","item":"https:\/\/librairie7l.com\/en\/shop\/"},{"@type":"ListItem","position":3,"name":"PIERRE PAULIN"}]},{"@type":"WebSite","@id":"https:\/\/librairie7l.com\/en\/#website","url":"https:\/\/librairie7l.com\/en\/","name":"Librairie 7L","description":"Librairie fond\u00e9e en 1999 par Karl Lagerfeld \u00e0 Paris","publisher":{"@id":"https:\/\/librairie7l.com\/en\/#organization"},"potentialAction":[{"@type":"SearchAction","target":{"@type":"EntryPoint","urlTemplate":"https:\/\/librairie7l.com\/en\/?s={search_term_string}"},"query-input":"required name=search_term_string"}],"inLanguage":"en-US"},{"@type":"Organization","@id":"https:\/\/librairie7l.com\/en\/#organization","name":"Librairie 7L","url":"https:\/\/librairie7l.com\/en\/","logo":{"@type":"ImageObject","inLanguage":"en-US","@id":"https:\/\/librairie7l.com\/en\/#\/schema\/logo\/image\/","url":"https:\/\/librairie7l.com\/wp-content\/uploads\/2022\/08\/logo-1.png","contentUrl":"https:\/\/librairie7l.com\/wp-content\/uploads\/2022\/08\/logo-1.png","width":227,"height":301,"caption":"Librairie 7L"},"image":{"@id":"https:\/\/librairie7l.com\/en\/#\/schema\/logo\/image\/"}}]}},"_links":{"self":[{"href":"https:\/\/librairie7l.com\/en\/wp-json\/wp\/v2\/product\/44682"}],"collection":[{"href":"https:\/\/librairie7l.com\/en\/wp-json\/wp\/v2\/product"}],"about":[{"href":"https:\/\/librairie7l.com\/en\/wp-json\/wp\/v2\/types\/product"}],"wp:featuredmedia":[{"embeddable":true,"href":"https:\/\/librairie7l.com\/en\/wp-json\/wp\/v2\/media\/46298"}],"wp:attachment":[{"href":"https:\/\/librairie7l.com\/en\/wp-json\/wp\/v2\/media?parent=44682"}],"wp:term":[{"taxonomy":"product_cat","embeddable":true,"href":"https:\/\/librairie7l.com\/en\/wp-json\/wp\/v2\/product_cat?post=44682"},{"taxonomy":"product_tag","embeddable":true,"href":"https:\/\/librairie7l.com\/en\/wp-json\/wp\/v2\/product_tag?post=44682"}],"curies":[{"name":"wp","href":"https:\/\/api.w.org\/{rel}","templated":true}]}}