{"id":44686,"date":"2024-11-30T09:17:45","date_gmt":"2024-11-30T08:17:45","guid":{"rendered":"https:\/\/librairie7l.com\/?post_type=product&#038;p=44686"},"modified":"2026-05-03T05:15:34","modified_gmt":"2026-05-03T03:15:34","slug":"oscar-niemeyer-2","status":"publish","type":"product","link":"https:\/\/librairie7l.com\/en\/produit\/oscar-niemeyer-2\/","title":{"rendered":"OSCAR NIEMEYER"},"content":{"rendered":"<p>D\u00e9couvrez le ma\u00eetre de l&#8217;architecture br\u00e9silienne.<\/p>\n<p>Peu d&#8217;architectes ont eu, comme Oscar Niemeyer (1907-2012), la chance d&#8217;\u00e9difier une ville, qui plus est une capitale: Brasilia, cit\u00e9 futuriste aux formes ondulantes, \u00e9clatantes et sensuelles.<\/p>\n<p>Au fil de sa carri\u00e8re, de Rio de Janeiro \u00e0 Paris, de New York \u00e0 Milan, ce surdou\u00e9 du b\u00e9ton, des d\u00f4mes et des colonnes a construit des dizaines de mus\u00e9es, minist\u00e8res, logements, villas, meubles et sculptures&#8230; On lui doit, notamment, le si\u00e8ge du Parti communiste fran\u00e7ais \u00e0 Paris ou la Maison de la culture du Havre. Celui que tout un peuple appelait simplement Oscar est rest\u00e9 actif jusqu&#8217;\u00e0 sa disparition \u00e0 l&#8217;\u00e2ge de 105 ans, de quoi b\u00e2tir un si\u00e8cle d&#8217;ic\u00f4nes modernes.<\/p>\n","protected":false},"excerpt":{"rendered":"<p>D\u00e9couvrez le ma\u00eetre de l&#8217;architecture br\u00e9silienne. Peu d&#8217;architectes ont eu, comme Oscar Niemeyer (1907-2012), la chance d&#8217;\u00e9difier une ville, qui plus est une capitale: Brasilia, cit\u00e9 futuriste aux formes ondulantes, \u00e9clatantes et sensuelles. Au fil de sa carri\u00e8re, de Rio de Janeiro \u00e0 Paris, de New York \u00e0 Milan, ce surdou\u00e9 du b\u00e9ton, des d\u00f4mes [&hellip;]<\/p>\n","protected":false},"featured_media":44684,"template":"","meta":[],"product_cat":[2948],"product_tag":[],"acf":[],"yoast_head":"<!-- This site is optimized with the Yoast SEO plugin v20.11 - https:\/\/yoast.com\/wordpress\/plugins\/seo\/ -->\n<title>Oscar Niemeyer - Librairie 7L<\/title>\n<meta name=\"robots\" content=\"index, follow, max-snippet:-1, max-image-preview:large, max-video-preview:-1\" \/>\n<link rel=\"canonical\" href=\"https:\/\/librairie7l.com\/en\/produit\/oscar-niemeyer-2\/\" \/>\n<meta property=\"og:locale\" content=\"en_US\" \/>\n<meta property=\"og:type\" content=\"article\" \/>\n<meta property=\"og:title\" content=\"Oscar Niemeyer - Librairie 7L\" \/>\n<meta property=\"og:description\" content=\"D\u00e9couvrez le ma\u00eetre de l&#8217;architecture br\u00e9silienne. Peu d&#8217;architectes ont eu, comme Oscar Niemeyer (1907-2012), la chance d&#8217;\u00e9difier une ville, qui plus est une capitale: Brasilia, cit\u00e9 futuriste aux formes ondulantes, \u00e9clatantes et sensuelles. Au fil de sa carri\u00e8re, de Rio de Janeiro \u00e0 Paris, de New York \u00e0 Milan, ce surdou\u00e9 du b\u00e9ton, des d\u00f4mes [&hellip;]\" \/>\n<meta property=\"og:url\" content=\"https:\/\/librairie7l.com\/en\/produit\/oscar-niemeyer-2\/\" \/>\n<meta property=\"og:site_name\" content=\"Librairie 7L\" \/>\n<meta property=\"article:modified_time\" content=\"2026-05-03T03:15:34+00:00\" \/>\n<meta property=\"og:image\" content=\"https:\/\/librairie7l.com\/wp-content\/uploads\/2024\/06\/9791037512543_1_75.jpg\" \/>\n\t<meta property=\"og:image:width\" content=\"600\" \/>\n\t<meta property=\"og:image:height\" content=\"812\" \/>\n\t<meta property=\"og:image:type\" content=\"image\/jpeg\" \/>\n<meta name=\"twitter:card\" content=\"summary_large_image\" \/>\n<meta name=\"twitter:label1\" content=\"Est. reading time\" \/>\n\t<meta name=\"twitter:data1\" content=\"1 minute\" \/>\n<script type=\"application\/ld+json\" class=\"yoast-schema-graph\">{\"@context\":\"https:\/\/schema.org\",\"@graph\":[{\"@type\":\"WebPage\",\"@id\":\"https:\/\/librairie7l.com\/en\/produit\/oscar-niemeyer-2\/\",\"url\":\"https:\/\/librairie7l.com\/en\/produit\/oscar-niemeyer-2\/\",\"name\":\"Oscar Niemeyer - Librairie 7L\",\"isPartOf\":{\"@id\":\"https:\/\/librairie7l.com\/en\/#website\"},\"datePublished\":\"2024-11-30T08:17:45+00:00\",\"dateModified\":\"2026-05-03T03:15:34+00:00\",\"breadcrumb\":{\"@id\":\"https:\/\/librairie7l.com\/en\/produit\/oscar-niemeyer-2\/#breadcrumb\"},\"inLanguage\":\"en-US\",\"potentialAction\":[{\"@type\":\"ReadAction\",\"target\":[\"https:\/\/librairie7l.com\/en\/produit\/oscar-niemeyer-2\/\"]}]},{\"@type\":\"BreadcrumbList\",\"@id\":\"https:\/\/librairie7l.com\/en\/produit\/oscar-niemeyer-2\/#breadcrumb\",\"itemListElement\":[{\"@type\":\"ListItem\",\"position\":1,\"name\":\"Accueil\",\"item\":\"https:\/\/librairie7l.com\/en\/\"},{\"@type\":\"ListItem\",\"position\":2,\"name\":\"Shop\",\"item\":\"https:\/\/librairie7l.com\/en\/shop\/\"},{\"@type\":\"ListItem\",\"position\":3,\"name\":\"OSCAR NIEMEYER\"}]},{\"@type\":\"WebSite\",\"@id\":\"https:\/\/librairie7l.com\/en\/#website\",\"url\":\"https:\/\/librairie7l.com\/en\/\",\"name\":\"Librairie 7L\",\"description\":\"Librairie fond\u00e9e en 1999 par Karl Lagerfeld \u00e0 Paris\",\"publisher\":{\"@id\":\"https:\/\/librairie7l.com\/en\/#organization\"},\"potentialAction\":[{\"@type\":\"SearchAction\",\"target\":{\"@type\":\"EntryPoint\",\"urlTemplate\":\"https:\/\/librairie7l.com\/en\/?s={search_term_string}\"},\"query-input\":\"required name=search_term_string\"}],\"inLanguage\":\"en-US\"},{\"@type\":\"Organization\",\"@id\":\"https:\/\/librairie7l.com\/en\/#organization\",\"name\":\"Librairie 7L\",\"url\":\"https:\/\/librairie7l.com\/en\/\",\"logo\":{\"@type\":\"ImageObject\",\"inLanguage\":\"en-US\",\"@id\":\"https:\/\/librairie7l.com\/en\/#\/schema\/logo\/image\/\",\"url\":\"https:\/\/librairie7l.com\/wp-content\/uploads\/2022\/08\/logo-1.png\",\"contentUrl\":\"https:\/\/librairie7l.com\/wp-content\/uploads\/2022\/08\/logo-1.png\",\"width\":227,\"height\":301,\"caption\":\"Librairie 7L\"},\"image\":{\"@id\":\"https:\/\/librairie7l.com\/en\/#\/schema\/logo\/image\/\"}}]}<\/script>\n<!-- \/ Yoast SEO plugin. -->","yoast_head_json":{"title":"Oscar Niemeyer - Librairie 7L","robots":{"index":"index","follow":"follow","max-snippet":"max-snippet:-1","max-image-preview":"max-image-preview:large","max-video-preview":"max-video-preview:-1"},"canonical":"https:\/\/librairie7l.com\/en\/produit\/oscar-niemeyer-2\/","og_locale":"en_US","og_type":"article","og_title":"Oscar Niemeyer - Librairie 7L","og_description":"D\u00e9couvrez le ma\u00eetre de l&#8217;architecture br\u00e9silienne. Peu d&#8217;architectes ont eu, comme Oscar Niemeyer (1907-2012), la chance d&#8217;\u00e9difier une ville, qui plus est une capitale: Brasilia, cit\u00e9 futuriste aux formes ondulantes, \u00e9clatantes et sensuelles. Au fil de sa carri\u00e8re, de Rio de Janeiro \u00e0 Paris, de New York \u00e0 Milan, ce surdou\u00e9 du b\u00e9ton, des d\u00f4mes [&hellip;]","og_url":"https:\/\/librairie7l.com\/en\/produit\/oscar-niemeyer-2\/","og_site_name":"Librairie 7L","article_modified_time":"2026-05-03T03:15:34+00:00","og_image":[{"width":600,"height":812,"url":"https:\/\/librairie7l.com\/wp-content\/uploads\/2024\/06\/9791037512543_1_75.jpg","type":"image\/jpeg"}],"twitter_card":"summary_large_image","twitter_misc":{"Est. reading time":"1 minute"},"schema":{"@context":"https:\/\/schema.org","@graph":[{"@type":"WebPage","@id":"https:\/\/librairie7l.com\/en\/produit\/oscar-niemeyer-2\/","url":"https:\/\/librairie7l.com\/en\/produit\/oscar-niemeyer-2\/","name":"Oscar Niemeyer - Librairie 7L","isPartOf":{"@id":"https:\/\/librairie7l.com\/en\/#website"},"datePublished":"2024-11-30T08:17:45+00:00","dateModified":"2026-05-03T03:15:34+00:00","breadcrumb":{"@id":"https:\/\/librairie7l.com\/en\/produit\/oscar-niemeyer-2\/#breadcrumb"},"inLanguage":"en-US","potentialAction":[{"@type":"ReadAction","target":["https:\/\/librairie7l.com\/en\/produit\/oscar-niemeyer-2\/"]}]},{"@type":"BreadcrumbList","@id":"https:\/\/librairie7l.com\/en\/produit\/oscar-niemeyer-2\/#breadcrumb","itemListElement":[{"@type":"ListItem","position":1,"name":"Accueil","item":"https:\/\/librairie7l.com\/en\/"},{"@type":"ListItem","position":2,"name":"Shop","item":"https:\/\/librairie7l.com\/en\/shop\/"},{"@type":"ListItem","position":3,"name":"OSCAR NIEMEYER"}]},{"@type":"WebSite","@id":"https:\/\/librairie7l.com\/en\/#website","url":"https:\/\/librairie7l.com\/en\/","name":"Librairie 7L","description":"Librairie fond\u00e9e en 1999 par Karl Lagerfeld \u00e0 Paris","publisher":{"@id":"https:\/\/librairie7l.com\/en\/#organization"},"potentialAction":[{"@type":"SearchAction","target":{"@type":"EntryPoint","urlTemplate":"https:\/\/librairie7l.com\/en\/?s={search_term_string}"},"query-input":"required name=search_term_string"}],"inLanguage":"en-US"},{"@type":"Organization","@id":"https:\/\/librairie7l.com\/en\/#organization","name":"Librairie 7L","url":"https:\/\/librairie7l.com\/en\/","logo":{"@type":"ImageObject","inLanguage":"en-US","@id":"https:\/\/librairie7l.com\/en\/#\/schema\/logo\/image\/","url":"https:\/\/librairie7l.com\/wp-content\/uploads\/2022\/08\/logo-1.png","contentUrl":"https:\/\/librairie7l.com\/wp-content\/uploads\/2022\/08\/logo-1.png","width":227,"height":301,"caption":"Librairie 7L"},"image":{"@id":"https:\/\/librairie7l.com\/en\/#\/schema\/logo\/image\/"}}]}},"_links":{"self":[{"href":"https:\/\/librairie7l.com\/en\/wp-json\/wp\/v2\/product\/44686"}],"collection":[{"href":"https:\/\/librairie7l.com\/en\/wp-json\/wp\/v2\/product"}],"about":[{"href":"https:\/\/librairie7l.com\/en\/wp-json\/wp\/v2\/types\/product"}],"wp:featuredmedia":[{"embeddable":true,"href":"https:\/\/librairie7l.com\/en\/wp-json\/wp\/v2\/media\/44684"}],"wp:attachment":[{"href":"https:\/\/librairie7l.com\/en\/wp-json\/wp\/v2\/media?parent=44686"}],"wp:term":[{"taxonomy":"product_cat","embeddable":true,"href":"https:\/\/librairie7l.com\/en\/wp-json\/wp\/v2\/product_cat?post=44686"},{"taxonomy":"product_tag","embeddable":true,"href":"https:\/\/librairie7l.com\/en\/wp-json\/wp\/v2\/product_tag?post=44686"}],"curies":[{"name":"wp","href":"https:\/\/api.w.org\/{rel}","templated":true}]}}