{"id":44695,"date":"2024-12-01T09:17:34","date_gmt":"2024-12-01T08:17:34","guid":{"rendered":"https:\/\/librairie7l.com\/?post_type=product&#038;p=44695"},"modified":"2026-04-05T19:44:04","modified_gmt":"2026-04-05T17:44:04","slug":"little-book-of-vivienne-westwood-lhistoire-dune-creatrice-de-legende-2","status":"publish","type":"product","link":"https:\/\/librairie7l.com\/en\/produit\/little-book-of-vivienne-westwood-lhistoire-dune-creatrice-de-legende-2\/","title":{"rendered":"LITTLE BOOK OF VIVIENNE WESTWOOD : L&#8217;HISTOIRE D&#8217;UNE CR\u00c9ATRICE DE L\u00c9GENDE"},"content":{"rendered":"<p>Une Dame, une cr\u00e9atrice, une punk, une rebelle&#8230; Vivienne Westwood \u00e9tait tout cela et bien plus encore.<\/p>\n<p>Principale architecte de l&#8217;\u00e8re punk des ann\u00e9es 1970, l&#8217;inimitable Vivienne Westwood a refus\u00e9 de prendre la mode trop au s\u00e9rieux, trouvant des moyens uniques et saisissants de renverser la tradition et de remettre en question le statu quo.<\/p>\n<p>Mais son impact sur l&#8217;industrie ne se limite pas \u00e0 des T-shirts d\u00e9chir\u00e9s. Ma\u00eetre de la couture et ma\u00eetresse de la corseterie, elle a d\u00e9construit la mode de rue et parodi\u00e9 les looks anglais en leur ajoutant des tailles serr\u00e9es, des frous-frous ainsi qu&#8217;en d\u00e9livrant une interpr\u00e9tation loufoque du tartan et du tweed.<\/p>\n<p>Sa client\u00e8le compte des noms c\u00e9l\u00e8bres \u00e0 l&#8217;instar de Dita Von Teese, FKA Twigs et Doja Cat. Ses cr\u00e9ations embl\u00e9matiques ont figur\u00e9 dans le manga japonais Nana, et apr\u00e8s avoir captiv\u00e9 la g\u00e9n\u00e9ration TikTok, ses pi\u00e8ces vintage sont aujourd&#8217;hui virales.<\/p>\n<p>Jusqu&#8217;au-boutiste du punk, dans la mode comme en politique, Vivienne Westwood restera une ic\u00f4ne de la mode et du f\u00e9minisme pour les g\u00e9n\u00e9rations \u00e0 venir.<\/p>\n","protected":false},"excerpt":{"rendered":"<p>Une Dame, une cr\u00e9atrice, une punk, une rebelle&#8230; Vivienne Westwood \u00e9tait tout cela et bien plus encore. Principale architecte de l&#8217;\u00e8re punk des ann\u00e9es 1970, l&#8217;inimitable Vivienne Westwood a refus\u00e9 de prendre la mode trop au s\u00e9rieux, trouvant des moyens uniques et saisissants de renverser la tradition et de remettre en question le statu quo. [&hellip;]<\/p>\n","protected":false},"featured_media":44693,"template":"","meta":[],"product_cat":[2948,2957],"product_tag":[],"acf":[],"yoast_head":"<!-- This site is optimized with the Yoast SEO plugin v20.11 - https:\/\/yoast.com\/wordpress\/plugins\/seo\/ -->\n<title>Little book of Vivienne Westwood : L&#039;histoire d&#039;une cr\u00e9atrice de l\u00e9gende - Librairie 7L<\/title>\n<meta name=\"robots\" content=\"index, follow, max-snippet:-1, max-image-preview:large, max-video-preview:-1\" \/>\n<link rel=\"canonical\" href=\"https:\/\/librairie7l.com\/en\/produit\/little-book-of-vivienne-westwood-lhistoire-dune-creatrice-de-legende-2\/\" \/>\n<meta property=\"og:locale\" content=\"en_US\" \/>\n<meta property=\"og:type\" content=\"article\" \/>\n<meta property=\"og:title\" content=\"Little book of Vivienne Westwood : L&#039;histoire d&#039;une cr\u00e9atrice de l\u00e9gende - Librairie 7L\" \/>\n<meta property=\"og:description\" content=\"Une Dame, une cr\u00e9atrice, une punk, une rebelle&#8230; Vivienne Westwood \u00e9tait tout cela et bien plus encore. Principale architecte de l&#8217;\u00e8re punk des ann\u00e9es 1970, l&#8217;inimitable Vivienne Westwood a refus\u00e9 de prendre la mode trop au s\u00e9rieux, trouvant des moyens uniques et saisissants de renverser la tradition et de remettre en question le statu quo. [&hellip;]\" \/>\n<meta property=\"og:url\" content=\"https:\/\/librairie7l.com\/en\/produit\/little-book-of-vivienne-westwood-lhistoire-dune-creatrice-de-legende-2\/\" \/>\n<meta property=\"og:site_name\" content=\"Librairie 7L\" \/>\n<meta property=\"article:modified_time\" content=\"2026-04-05T17:44:04+00:00\" \/>\n<meta property=\"og:image\" content=\"https:\/\/librairie7l.com\/wp-content\/uploads\/2023\/12\/9782809920345_1_75.jpg\" \/>\n\t<meta property=\"og:image:width\" content=\"600\" \/>\n\t<meta property=\"og:image:height\" content=\"864\" \/>\n\t<meta property=\"og:image:type\" content=\"image\/jpeg\" \/>\n<meta name=\"twitter:card\" content=\"summary_large_image\" \/>\n<meta name=\"twitter:label1\" content=\"Est. reading time\" \/>\n\t<meta name=\"twitter:data1\" content=\"1 minute\" \/>\n<script type=\"application\/ld+json\" class=\"yoast-schema-graph\">{\"@context\":\"https:\/\/schema.org\",\"@graph\":[{\"@type\":\"WebPage\",\"@id\":\"https:\/\/librairie7l.com\/en\/produit\/little-book-of-vivienne-westwood-lhistoire-dune-creatrice-de-legende-2\/\",\"url\":\"https:\/\/librairie7l.com\/en\/produit\/little-book-of-vivienne-westwood-lhistoire-dune-creatrice-de-legende-2\/\",\"name\":\"Little book of Vivienne Westwood : L'histoire d'une cr\u00e9atrice de l\u00e9gende - Librairie 7L\",\"isPartOf\":{\"@id\":\"https:\/\/librairie7l.com\/en\/#website\"},\"datePublished\":\"2024-12-01T08:17:34+00:00\",\"dateModified\":\"2026-04-05T17:44:04+00:00\",\"breadcrumb\":{\"@id\":\"https:\/\/librairie7l.com\/en\/produit\/little-book-of-vivienne-westwood-lhistoire-dune-creatrice-de-legende-2\/#breadcrumb\"},\"inLanguage\":\"en-US\",\"potentialAction\":[{\"@type\":\"ReadAction\",\"target\":[\"https:\/\/librairie7l.com\/en\/produit\/little-book-of-vivienne-westwood-lhistoire-dune-creatrice-de-legende-2\/\"]}]},{\"@type\":\"BreadcrumbList\",\"@id\":\"https:\/\/librairie7l.com\/en\/produit\/little-book-of-vivienne-westwood-lhistoire-dune-creatrice-de-legende-2\/#breadcrumb\",\"itemListElement\":[{\"@type\":\"ListItem\",\"position\":1,\"name\":\"Accueil\",\"item\":\"https:\/\/librairie7l.com\/en\/\"},{\"@type\":\"ListItem\",\"position\":2,\"name\":\"Shop\",\"item\":\"https:\/\/librairie7l.com\/en\/shop\/\"},{\"@type\":\"ListItem\",\"position\":3,\"name\":\"LITTLE BOOK OF VIVIENNE WESTWOOD : L&#8217;HISTOIRE D&#8217;UNE CR\u00c9ATRICE DE L\u00c9GENDE\"}]},{\"@type\":\"WebSite\",\"@id\":\"https:\/\/librairie7l.com\/en\/#website\",\"url\":\"https:\/\/librairie7l.com\/en\/\",\"name\":\"Librairie 7L\",\"description\":\"Librairie fond\u00e9e en 1999 par Karl Lagerfeld \u00e0 Paris\",\"publisher\":{\"@id\":\"https:\/\/librairie7l.com\/en\/#organization\"},\"potentialAction\":[{\"@type\":\"SearchAction\",\"target\":{\"@type\":\"EntryPoint\",\"urlTemplate\":\"https:\/\/librairie7l.com\/en\/?s={search_term_string}\"},\"query-input\":\"required name=search_term_string\"}],\"inLanguage\":\"en-US\"},{\"@type\":\"Organization\",\"@id\":\"https:\/\/librairie7l.com\/en\/#organization\",\"name\":\"Librairie 7L\",\"url\":\"https:\/\/librairie7l.com\/en\/\",\"logo\":{\"@type\":\"ImageObject\",\"inLanguage\":\"en-US\",\"@id\":\"https:\/\/librairie7l.com\/en\/#\/schema\/logo\/image\/\",\"url\":\"https:\/\/librairie7l.com\/wp-content\/uploads\/2022\/08\/logo-1.png\",\"contentUrl\":\"https:\/\/librairie7l.com\/wp-content\/uploads\/2022\/08\/logo-1.png\",\"width\":227,\"height\":301,\"caption\":\"Librairie 7L\"},\"image\":{\"@id\":\"https:\/\/librairie7l.com\/en\/#\/schema\/logo\/image\/\"}}]}<\/script>\n<!-- \/ Yoast SEO plugin. -->","yoast_head_json":{"title":"Little book of Vivienne Westwood : L'histoire d'une cr\u00e9atrice de l\u00e9gende - Librairie 7L","robots":{"index":"index","follow":"follow","max-snippet":"max-snippet:-1","max-image-preview":"max-image-preview:large","max-video-preview":"max-video-preview:-1"},"canonical":"https:\/\/librairie7l.com\/en\/produit\/little-book-of-vivienne-westwood-lhistoire-dune-creatrice-de-legende-2\/","og_locale":"en_US","og_type":"article","og_title":"Little book of Vivienne Westwood : L'histoire d'une cr\u00e9atrice de l\u00e9gende - Librairie 7L","og_description":"Une Dame, une cr\u00e9atrice, une punk, une rebelle&#8230; Vivienne Westwood \u00e9tait tout cela et bien plus encore. Principale architecte de l&#8217;\u00e8re punk des ann\u00e9es 1970, l&#8217;inimitable Vivienne Westwood a refus\u00e9 de prendre la mode trop au s\u00e9rieux, trouvant des moyens uniques et saisissants de renverser la tradition et de remettre en question le statu quo. [&hellip;]","og_url":"https:\/\/librairie7l.com\/en\/produit\/little-book-of-vivienne-westwood-lhistoire-dune-creatrice-de-legende-2\/","og_site_name":"Librairie 7L","article_modified_time":"2026-04-05T17:44:04+00:00","og_image":[{"width":600,"height":864,"url":"https:\/\/librairie7l.com\/wp-content\/uploads\/2023\/12\/9782809920345_1_75.jpg","type":"image\/jpeg"}],"twitter_card":"summary_large_image","twitter_misc":{"Est. reading time":"1 minute"},"schema":{"@context":"https:\/\/schema.org","@graph":[{"@type":"WebPage","@id":"https:\/\/librairie7l.com\/en\/produit\/little-book-of-vivienne-westwood-lhistoire-dune-creatrice-de-legende-2\/","url":"https:\/\/librairie7l.com\/en\/produit\/little-book-of-vivienne-westwood-lhistoire-dune-creatrice-de-legende-2\/","name":"Little book of Vivienne Westwood : L'histoire d'une cr\u00e9atrice de l\u00e9gende - Librairie 7L","isPartOf":{"@id":"https:\/\/librairie7l.com\/en\/#website"},"datePublished":"2024-12-01T08:17:34+00:00","dateModified":"2026-04-05T17:44:04+00:00","breadcrumb":{"@id":"https:\/\/librairie7l.com\/en\/produit\/little-book-of-vivienne-westwood-lhistoire-dune-creatrice-de-legende-2\/#breadcrumb"},"inLanguage":"en-US","potentialAction":[{"@type":"ReadAction","target":["https:\/\/librairie7l.com\/en\/produit\/little-book-of-vivienne-westwood-lhistoire-dune-creatrice-de-legende-2\/"]}]},{"@type":"BreadcrumbList","@id":"https:\/\/librairie7l.com\/en\/produit\/little-book-of-vivienne-westwood-lhistoire-dune-creatrice-de-legende-2\/#breadcrumb","itemListElement":[{"@type":"ListItem","position":1,"name":"Accueil","item":"https:\/\/librairie7l.com\/en\/"},{"@type":"ListItem","position":2,"name":"Shop","item":"https:\/\/librairie7l.com\/en\/shop\/"},{"@type":"ListItem","position":3,"name":"LITTLE BOOK OF VIVIENNE WESTWOOD : L&#8217;HISTOIRE D&#8217;UNE CR\u00c9ATRICE DE L\u00c9GENDE"}]},{"@type":"WebSite","@id":"https:\/\/librairie7l.com\/en\/#website","url":"https:\/\/librairie7l.com\/en\/","name":"Librairie 7L","description":"Librairie fond\u00e9e en 1999 par Karl Lagerfeld \u00e0 Paris","publisher":{"@id":"https:\/\/librairie7l.com\/en\/#organization"},"potentialAction":[{"@type":"SearchAction","target":{"@type":"EntryPoint","urlTemplate":"https:\/\/librairie7l.com\/en\/?s={search_term_string}"},"query-input":"required name=search_term_string"}],"inLanguage":"en-US"},{"@type":"Organization","@id":"https:\/\/librairie7l.com\/en\/#organization","name":"Librairie 7L","url":"https:\/\/librairie7l.com\/en\/","logo":{"@type":"ImageObject","inLanguage":"en-US","@id":"https:\/\/librairie7l.com\/en\/#\/schema\/logo\/image\/","url":"https:\/\/librairie7l.com\/wp-content\/uploads\/2022\/08\/logo-1.png","contentUrl":"https:\/\/librairie7l.com\/wp-content\/uploads\/2022\/08\/logo-1.png","width":227,"height":301,"caption":"Librairie 7L"},"image":{"@id":"https:\/\/librairie7l.com\/en\/#\/schema\/logo\/image\/"}}]}},"_links":{"self":[{"href":"https:\/\/librairie7l.com\/en\/wp-json\/wp\/v2\/product\/44695"}],"collection":[{"href":"https:\/\/librairie7l.com\/en\/wp-json\/wp\/v2\/product"}],"about":[{"href":"https:\/\/librairie7l.com\/en\/wp-json\/wp\/v2\/types\/product"}],"wp:featuredmedia":[{"embeddable":true,"href":"https:\/\/librairie7l.com\/en\/wp-json\/wp\/v2\/media\/44693"}],"wp:attachment":[{"href":"https:\/\/librairie7l.com\/en\/wp-json\/wp\/v2\/media?parent=44695"}],"wp:term":[{"taxonomy":"product_cat","embeddable":true,"href":"https:\/\/librairie7l.com\/en\/wp-json\/wp\/v2\/product_cat?post=44695"},{"taxonomy":"product_tag","embeddable":true,"href":"https:\/\/librairie7l.com\/en\/wp-json\/wp\/v2\/product_tag?post=44695"}],"curies":[{"name":"wp","href":"https:\/\/api.w.org\/{rel}","templated":true}]}}