{"id":44703,"date":"2024-12-01T09:17:40","date_gmt":"2024-12-01T08:17:40","guid":{"rendered":"https:\/\/librairie7l.com\/?post_type=product&#038;p=44703"},"modified":"2026-04-10T22:24:17","modified_gmt":"2026-04-10T20:24:17","slug":"little-book-of-givenchy-lhistoire-dune-maison-de-mode-mythique-2","status":"publish","type":"product","link":"https:\/\/librairie7l.com\/en\/produit\/little-book-of-givenchy-lhistoire-dune-maison-de-mode-mythique-2\/","title":{"rendered":"LITTLE BOOK OF GIVENCHY : L&#8217;HISTOIRE D&#8217;UNE MAISON DE MODE MYTHIQUE"},"content":{"rendered":"<p>Ce livre superbement illustr\u00e9 explore l&#8217;histoire de la marque, depuis sa cr\u00e9ation en 1952 jusqu&#8217;\u00e0 sa direction et ses cr\u00e9ations actuelles.<\/p>\n<p>&#8220;C&#8217;est une chose fabuleuse de donner vie au tissu, de faire bouger quelque chose, l&#8217;harmonie des couleurs&#8221;, confiait Hubert de Givenchy.<\/p>\n<p>Depuis l&#8217;apparition d&#8217;Audrey Hepburn un croissant \u00e0 la main dans sa petite robe noire en 1961 dans le film Breakfast At Tiffany&#8217;s, Givenchy est devenu le nec plus ultra de l&#8217;\u00e9l\u00e9gance.<\/p>\n<p>De la duchesse de Sussex \u00e0 Kendall Jenner, qui adorent toutes le romantisme et la sophistication d&#8217;une pi\u00e8ce Givenchy, ses lignes amples, \u00e9pur\u00e9es et ses silhouettes classiques et f\u00e9minines ont conquis les femmes du monde entier.<\/p>\n<p>Alors m\u00eame qu&#8217;il se consid\u00e9rait plus sculpteur que designer, Hubert de Givenchy est parvenu \u00e0 cr\u00e9er une maison de mode intemporelle.<\/p>\n<p>\u00c0 travers une s\u00e9lection soigneuse des cr\u00e9ations les plus abouties, de d\u00e9tails en gros plan et de moments de mode cl\u00e9s, ce livre met en lumi\u00e8re le monde \u00e9blouissant de Givenchy.<\/p>\n","protected":false},"excerpt":{"rendered":"<p>Ce livre superbement illustr\u00e9 explore l&#8217;histoire de la marque, depuis sa cr\u00e9ation en 1952 jusqu&#8217;\u00e0 sa direction et ses cr\u00e9ations actuelles. &#8220;C&#8217;est une chose fabuleuse de donner vie au tissu, de faire bouger quelque chose, l&#8217;harmonie des couleurs&#8221;, confiait Hubert de Givenchy. Depuis l&#8217;apparition d&#8217;Audrey Hepburn un croissant \u00e0 la main dans sa petite robe [&hellip;]<\/p>\n","protected":false},"featured_media":44701,"template":"","meta":[],"product_cat":[2948,2957],"product_tag":[],"acf":[],"yoast_head":"<!-- This site is optimized with the Yoast SEO plugin v20.11 - https:\/\/yoast.com\/wordpress\/plugins\/seo\/ -->\n<title>Little book of Givenchy : L&#039;histoire d&#039;une maison de mode mythique - Librairie 7L<\/title>\n<meta name=\"robots\" content=\"index, follow, max-snippet:-1, max-image-preview:large, max-video-preview:-1\" \/>\n<link rel=\"canonical\" href=\"https:\/\/librairie7l.com\/en\/produit\/little-book-of-givenchy-lhistoire-dune-maison-de-mode-mythique-2\/\" \/>\n<meta property=\"og:locale\" content=\"en_US\" \/>\n<meta property=\"og:type\" content=\"article\" \/>\n<meta property=\"og:title\" content=\"Little book of Givenchy : L&#039;histoire d&#039;une maison de mode mythique - Librairie 7L\" \/>\n<meta property=\"og:description\" content=\"Ce livre superbement illustr\u00e9 explore l&#8217;histoire de la marque, depuis sa cr\u00e9ation en 1952 jusqu&#8217;\u00e0 sa direction et ses cr\u00e9ations actuelles. &#8220;C&#8217;est une chose fabuleuse de donner vie au tissu, de faire bouger quelque chose, l&#8217;harmonie des couleurs&#8221;, confiait Hubert de Givenchy. Depuis l&#8217;apparition d&#8217;Audrey Hepburn un croissant \u00e0 la main dans sa petite robe [&hellip;]\" \/>\n<meta property=\"og:url\" content=\"https:\/\/librairie7l.com\/en\/produit\/little-book-of-givenchy-lhistoire-dune-maison-de-mode-mythique-2\/\" \/>\n<meta property=\"og:site_name\" content=\"Librairie 7L\" \/>\n<meta property=\"article:modified_time\" content=\"2026-04-10T20:24:17+00:00\" \/>\n<meta property=\"og:image\" content=\"https:\/\/librairie7l.com\/wp-content\/uploads\/2024\/02\/9782809920338_1_75.jpg\" \/>\n\t<meta property=\"og:image:width\" content=\"600\" \/>\n\t<meta property=\"og:image:height\" content=\"854\" \/>\n\t<meta property=\"og:image:type\" content=\"image\/jpeg\" \/>\n<meta name=\"twitter:card\" content=\"summary_large_image\" \/>\n<meta name=\"twitter:label1\" content=\"Est. reading time\" \/>\n\t<meta name=\"twitter:data1\" content=\"1 minute\" \/>\n<script type=\"application\/ld+json\" class=\"yoast-schema-graph\">{\"@context\":\"https:\/\/schema.org\",\"@graph\":[{\"@type\":\"WebPage\",\"@id\":\"https:\/\/librairie7l.com\/en\/produit\/little-book-of-givenchy-lhistoire-dune-maison-de-mode-mythique-2\/\",\"url\":\"https:\/\/librairie7l.com\/en\/produit\/little-book-of-givenchy-lhistoire-dune-maison-de-mode-mythique-2\/\",\"name\":\"Little book of Givenchy : L'histoire d'une maison de mode mythique - Librairie 7L\",\"isPartOf\":{\"@id\":\"https:\/\/librairie7l.com\/en\/#website\"},\"datePublished\":\"2024-12-01T08:17:40+00:00\",\"dateModified\":\"2026-04-10T20:24:17+00:00\",\"breadcrumb\":{\"@id\":\"https:\/\/librairie7l.com\/en\/produit\/little-book-of-givenchy-lhistoire-dune-maison-de-mode-mythique-2\/#breadcrumb\"},\"inLanguage\":\"en-US\",\"potentialAction\":[{\"@type\":\"ReadAction\",\"target\":[\"https:\/\/librairie7l.com\/en\/produit\/little-book-of-givenchy-lhistoire-dune-maison-de-mode-mythique-2\/\"]}]},{\"@type\":\"BreadcrumbList\",\"@id\":\"https:\/\/librairie7l.com\/en\/produit\/little-book-of-givenchy-lhistoire-dune-maison-de-mode-mythique-2\/#breadcrumb\",\"itemListElement\":[{\"@type\":\"ListItem\",\"position\":1,\"name\":\"Accueil\",\"item\":\"https:\/\/librairie7l.com\/en\/\"},{\"@type\":\"ListItem\",\"position\":2,\"name\":\"Shop\",\"item\":\"https:\/\/librairie7l.com\/en\/shop\/\"},{\"@type\":\"ListItem\",\"position\":3,\"name\":\"LITTLE BOOK OF GIVENCHY : L&#8217;HISTOIRE D&#8217;UNE MAISON DE MODE MYTHIQUE\"}]},{\"@type\":\"WebSite\",\"@id\":\"https:\/\/librairie7l.com\/en\/#website\",\"url\":\"https:\/\/librairie7l.com\/en\/\",\"name\":\"Librairie 7L\",\"description\":\"Librairie fond\u00e9e en 1999 par Karl Lagerfeld \u00e0 Paris\",\"publisher\":{\"@id\":\"https:\/\/librairie7l.com\/en\/#organization\"},\"potentialAction\":[{\"@type\":\"SearchAction\",\"target\":{\"@type\":\"EntryPoint\",\"urlTemplate\":\"https:\/\/librairie7l.com\/en\/?s={search_term_string}\"},\"query-input\":\"required name=search_term_string\"}],\"inLanguage\":\"en-US\"},{\"@type\":\"Organization\",\"@id\":\"https:\/\/librairie7l.com\/en\/#organization\",\"name\":\"Librairie 7L\",\"url\":\"https:\/\/librairie7l.com\/en\/\",\"logo\":{\"@type\":\"ImageObject\",\"inLanguage\":\"en-US\",\"@id\":\"https:\/\/librairie7l.com\/en\/#\/schema\/logo\/image\/\",\"url\":\"https:\/\/librairie7l.com\/wp-content\/uploads\/2022\/08\/logo-1.png\",\"contentUrl\":\"https:\/\/librairie7l.com\/wp-content\/uploads\/2022\/08\/logo-1.png\",\"width\":227,\"height\":301,\"caption\":\"Librairie 7L\"},\"image\":{\"@id\":\"https:\/\/librairie7l.com\/en\/#\/schema\/logo\/image\/\"}}]}<\/script>\n<!-- \/ Yoast SEO plugin. -->","yoast_head_json":{"title":"Little book of Givenchy : L'histoire d'une maison de mode mythique - Librairie 7L","robots":{"index":"index","follow":"follow","max-snippet":"max-snippet:-1","max-image-preview":"max-image-preview:large","max-video-preview":"max-video-preview:-1"},"canonical":"https:\/\/librairie7l.com\/en\/produit\/little-book-of-givenchy-lhistoire-dune-maison-de-mode-mythique-2\/","og_locale":"en_US","og_type":"article","og_title":"Little book of Givenchy : L'histoire d'une maison de mode mythique - Librairie 7L","og_description":"Ce livre superbement illustr\u00e9 explore l&#8217;histoire de la marque, depuis sa cr\u00e9ation en 1952 jusqu&#8217;\u00e0 sa direction et ses cr\u00e9ations actuelles. &#8220;C&#8217;est une chose fabuleuse de donner vie au tissu, de faire bouger quelque chose, l&#8217;harmonie des couleurs&#8221;, confiait Hubert de Givenchy. Depuis l&#8217;apparition d&#8217;Audrey Hepburn un croissant \u00e0 la main dans sa petite robe [&hellip;]","og_url":"https:\/\/librairie7l.com\/en\/produit\/little-book-of-givenchy-lhistoire-dune-maison-de-mode-mythique-2\/","og_site_name":"Librairie 7L","article_modified_time":"2026-04-10T20:24:17+00:00","og_image":[{"width":600,"height":854,"url":"https:\/\/librairie7l.com\/wp-content\/uploads\/2024\/02\/9782809920338_1_75.jpg","type":"image\/jpeg"}],"twitter_card":"summary_large_image","twitter_misc":{"Est. reading time":"1 minute"},"schema":{"@context":"https:\/\/schema.org","@graph":[{"@type":"WebPage","@id":"https:\/\/librairie7l.com\/en\/produit\/little-book-of-givenchy-lhistoire-dune-maison-de-mode-mythique-2\/","url":"https:\/\/librairie7l.com\/en\/produit\/little-book-of-givenchy-lhistoire-dune-maison-de-mode-mythique-2\/","name":"Little book of Givenchy : L'histoire d'une maison de mode mythique - Librairie 7L","isPartOf":{"@id":"https:\/\/librairie7l.com\/en\/#website"},"datePublished":"2024-12-01T08:17:40+00:00","dateModified":"2026-04-10T20:24:17+00:00","breadcrumb":{"@id":"https:\/\/librairie7l.com\/en\/produit\/little-book-of-givenchy-lhistoire-dune-maison-de-mode-mythique-2\/#breadcrumb"},"inLanguage":"en-US","potentialAction":[{"@type":"ReadAction","target":["https:\/\/librairie7l.com\/en\/produit\/little-book-of-givenchy-lhistoire-dune-maison-de-mode-mythique-2\/"]}]},{"@type":"BreadcrumbList","@id":"https:\/\/librairie7l.com\/en\/produit\/little-book-of-givenchy-lhistoire-dune-maison-de-mode-mythique-2\/#breadcrumb","itemListElement":[{"@type":"ListItem","position":1,"name":"Accueil","item":"https:\/\/librairie7l.com\/en\/"},{"@type":"ListItem","position":2,"name":"Shop","item":"https:\/\/librairie7l.com\/en\/shop\/"},{"@type":"ListItem","position":3,"name":"LITTLE BOOK OF GIVENCHY : L&#8217;HISTOIRE D&#8217;UNE MAISON DE MODE MYTHIQUE"}]},{"@type":"WebSite","@id":"https:\/\/librairie7l.com\/en\/#website","url":"https:\/\/librairie7l.com\/en\/","name":"Librairie 7L","description":"Librairie fond\u00e9e en 1999 par Karl Lagerfeld \u00e0 Paris","publisher":{"@id":"https:\/\/librairie7l.com\/en\/#organization"},"potentialAction":[{"@type":"SearchAction","target":{"@type":"EntryPoint","urlTemplate":"https:\/\/librairie7l.com\/en\/?s={search_term_string}"},"query-input":"required name=search_term_string"}],"inLanguage":"en-US"},{"@type":"Organization","@id":"https:\/\/librairie7l.com\/en\/#organization","name":"Librairie 7L","url":"https:\/\/librairie7l.com\/en\/","logo":{"@type":"ImageObject","inLanguage":"en-US","@id":"https:\/\/librairie7l.com\/en\/#\/schema\/logo\/image\/","url":"https:\/\/librairie7l.com\/wp-content\/uploads\/2022\/08\/logo-1.png","contentUrl":"https:\/\/librairie7l.com\/wp-content\/uploads\/2022\/08\/logo-1.png","width":227,"height":301,"caption":"Librairie 7L"},"image":{"@id":"https:\/\/librairie7l.com\/en\/#\/schema\/logo\/image\/"}}]}},"_links":{"self":[{"href":"https:\/\/librairie7l.com\/en\/wp-json\/wp\/v2\/product\/44703"}],"collection":[{"href":"https:\/\/librairie7l.com\/en\/wp-json\/wp\/v2\/product"}],"about":[{"href":"https:\/\/librairie7l.com\/en\/wp-json\/wp\/v2\/types\/product"}],"wp:featuredmedia":[{"embeddable":true,"href":"https:\/\/librairie7l.com\/en\/wp-json\/wp\/v2\/media\/44701"}],"wp:attachment":[{"href":"https:\/\/librairie7l.com\/en\/wp-json\/wp\/v2\/media?parent=44703"}],"wp:term":[{"taxonomy":"product_cat","embeddable":true,"href":"https:\/\/librairie7l.com\/en\/wp-json\/wp\/v2\/product_cat?post=44703"},{"taxonomy":"product_tag","embeddable":true,"href":"https:\/\/librairie7l.com\/en\/wp-json\/wp\/v2\/product_tag?post=44703"}],"curies":[{"name":"wp","href":"https:\/\/api.w.org\/{rel}","templated":true}]}}