{"id":44707,"date":"2024-12-01T09:17:43","date_gmt":"2024-12-01T08:17:43","guid":{"rendered":"https:\/\/librairie7l.com\/?post_type=product&#038;p=44707"},"modified":"2026-04-25T16:45:56","modified_gmt":"2026-04-25T14:45:56","slug":"little-book-of-christian-louboutin-lhistoire-dun-createur-de-legende-2","status":"publish","type":"product","link":"https:\/\/librairie7l.com\/en\/produit\/little-book-of-christian-louboutin-lhistoire-dun-createur-de-legende-2\/","title":{"rendered":"LITTLE BOOK OF CHRISTIAN LOUBOUTIN : L&#8217;HISTOIRE D&#8217;UN CR\u00c9ATEUR DE L\u00c9GENDE"},"content":{"rendered":"<p>D\u00e9couvrez les coulisses de la maison Louboutin et les grands noms qui ont fait sa l\u00e9gende !<br \/>\n&#8221; Une femme peut porter un sac, mais c&#8217;est la chaussure qui porte la femme &#8221; &#8211; Christian Louboutin.<\/p>\n<p>Parmi les cr\u00e9ateurs de chaussures de luxe, il y en a un dont les cr\u00e9ations sont imm\u00e9diatement reconnaissables : Christian Louboutin. Ses semelles rouges embl\u00e9matiques peuvent \u00eatre vues partout, du tapis rouge, du grand \u00e9cran et des podiums aux rues des villes du monde entier.<\/p>\n<p>De ses d\u00e9buts \u00e0 Paris \u00e0 la fondation de sa premi\u00e8re boutique en 1992 et du tapis rouge \u00e0 sa domination mondiale sur le march\u00e9 de la chaussure de luxe, &#8221; Little Book of Christian Louboutin&#8221; retrace la mont\u00e9e du cr\u00e9ateur de chaussures le plus c\u00e9l\u00e8bre au monde. Les images de ses cr\u00e9ations pass\u00e9es et pr\u00e9sentes sont accompagn\u00e9es d&#8217;un texte captivant, d\u00e9crivant la mont\u00e9e et la mont\u00e9e du roi du design de chaussures. Un livre illustr\u00e9 au format de poche retra\u00e7ant la mont\u00e9e en puissance du cr\u00e9ateur de chaussures le plus c\u00e9l\u00e8bre au monde.<\/p>\n<p>Darla-Jane Gilroy est directrice de programme \u00e0 la School of Design and Technology du London College of Fashion. Auparavant, elle \u00e9tait chef de cours du baccalaur\u00e9at en chaussures et accessoires Cordwainers et tutrice principale en chaussures et accessoires au Royal College of Art, et en tant que cr\u00e9atrice de mode, son travail a \u00e9t\u00e9 expos\u00e9 au V&amp;A. Elle vit \u00e0 Londres.<\/p>\n","protected":false},"excerpt":{"rendered":"<p>D\u00e9couvrez les coulisses de la maison Louboutin et les grands noms qui ont fait sa l\u00e9gende ! &#8221; Une femme peut porter un sac, mais c&#8217;est la chaussure qui porte la femme &#8221; &#8211; Christian Louboutin. Parmi les cr\u00e9ateurs de chaussures de luxe, il y en a un dont les cr\u00e9ations sont imm\u00e9diatement reconnaissables : [&hellip;]<\/p>\n","protected":false},"featured_media":44705,"template":"","meta":[],"product_cat":[2948,2957],"product_tag":[],"acf":[],"yoast_head":"<!-- This site is optimized with the Yoast SEO plugin v20.11 - https:\/\/yoast.com\/wordpress\/plugins\/seo\/ -->\n<title>Little book of Christian Louboutin : L&#039;histoire d&#039;un cr\u00e9ateur de l\u00e9gende - Librairie 7L<\/title>\n<meta name=\"robots\" content=\"index, follow, max-snippet:-1, max-image-preview:large, max-video-preview:-1\" \/>\n<link rel=\"canonical\" href=\"https:\/\/librairie7l.com\/en\/produit\/little-book-of-christian-louboutin-lhistoire-dun-createur-de-legende-2\/\" \/>\n<meta property=\"og:locale\" content=\"en_US\" \/>\n<meta property=\"og:type\" content=\"article\" \/>\n<meta property=\"og:title\" content=\"Little book of Christian Louboutin : L&#039;histoire d&#039;un cr\u00e9ateur de l\u00e9gende - Librairie 7L\" \/>\n<meta property=\"og:description\" content=\"D\u00e9couvrez les coulisses de la maison Louboutin et les grands noms qui ont fait sa l\u00e9gende ! &#8221; Une femme peut porter un sac, mais c&#8217;est la chaussure qui porte la femme &#8221; &#8211; Christian Louboutin. Parmi les cr\u00e9ateurs de chaussures de luxe, il y en a un dont les cr\u00e9ations sont imm\u00e9diatement reconnaissables : [&hellip;]\" \/>\n<meta property=\"og:url\" content=\"https:\/\/librairie7l.com\/en\/produit\/little-book-of-christian-louboutin-lhistoire-dun-createur-de-legende-2\/\" \/>\n<meta property=\"og:site_name\" content=\"Librairie 7L\" \/>\n<meta property=\"article:modified_time\" content=\"2026-04-25T14:45:56+00:00\" \/>\n<meta property=\"og:image\" content=\"https:\/\/librairie7l.com\/wp-content\/uploads\/2024\/02\/9782809920314_1_75.jpg\" \/>\n\t<meta property=\"og:image:width\" content=\"400\" \/>\n\t<meta property=\"og:image:height\" content=\"556\" \/>\n\t<meta property=\"og:image:type\" content=\"image\/jpeg\" \/>\n<meta name=\"twitter:card\" content=\"summary_large_image\" \/>\n<meta name=\"twitter:label1\" content=\"Est. reading time\" \/>\n\t<meta name=\"twitter:data1\" content=\"1 minute\" \/>\n<script type=\"application\/ld+json\" class=\"yoast-schema-graph\">{\"@context\":\"https:\/\/schema.org\",\"@graph\":[{\"@type\":\"WebPage\",\"@id\":\"https:\/\/librairie7l.com\/en\/produit\/little-book-of-christian-louboutin-lhistoire-dun-createur-de-legende-2\/\",\"url\":\"https:\/\/librairie7l.com\/en\/produit\/little-book-of-christian-louboutin-lhistoire-dun-createur-de-legende-2\/\",\"name\":\"Little book of Christian Louboutin : L'histoire d'un cr\u00e9ateur de l\u00e9gende - Librairie 7L\",\"isPartOf\":{\"@id\":\"https:\/\/librairie7l.com\/en\/#website\"},\"datePublished\":\"2024-12-01T08:17:43+00:00\",\"dateModified\":\"2026-04-25T14:45:56+00:00\",\"breadcrumb\":{\"@id\":\"https:\/\/librairie7l.com\/en\/produit\/little-book-of-christian-louboutin-lhistoire-dun-createur-de-legende-2\/#breadcrumb\"},\"inLanguage\":\"en-US\",\"potentialAction\":[{\"@type\":\"ReadAction\",\"target\":[\"https:\/\/librairie7l.com\/en\/produit\/little-book-of-christian-louboutin-lhistoire-dun-createur-de-legende-2\/\"]}]},{\"@type\":\"BreadcrumbList\",\"@id\":\"https:\/\/librairie7l.com\/en\/produit\/little-book-of-christian-louboutin-lhistoire-dun-createur-de-legende-2\/#breadcrumb\",\"itemListElement\":[{\"@type\":\"ListItem\",\"position\":1,\"name\":\"Accueil\",\"item\":\"https:\/\/librairie7l.com\/en\/\"},{\"@type\":\"ListItem\",\"position\":2,\"name\":\"Shop\",\"item\":\"https:\/\/librairie7l.com\/en\/shop\/\"},{\"@type\":\"ListItem\",\"position\":3,\"name\":\"LITTLE BOOK OF CHRISTIAN LOUBOUTIN : L&#8217;HISTOIRE D&#8217;UN CR\u00c9ATEUR DE L\u00c9GENDE\"}]},{\"@type\":\"WebSite\",\"@id\":\"https:\/\/librairie7l.com\/en\/#website\",\"url\":\"https:\/\/librairie7l.com\/en\/\",\"name\":\"Librairie 7L\",\"description\":\"Librairie fond\u00e9e en 1999 par Karl Lagerfeld \u00e0 Paris\",\"publisher\":{\"@id\":\"https:\/\/librairie7l.com\/en\/#organization\"},\"potentialAction\":[{\"@type\":\"SearchAction\",\"target\":{\"@type\":\"EntryPoint\",\"urlTemplate\":\"https:\/\/librairie7l.com\/en\/?s={search_term_string}\"},\"query-input\":\"required name=search_term_string\"}],\"inLanguage\":\"en-US\"},{\"@type\":\"Organization\",\"@id\":\"https:\/\/librairie7l.com\/en\/#organization\",\"name\":\"Librairie 7L\",\"url\":\"https:\/\/librairie7l.com\/en\/\",\"logo\":{\"@type\":\"ImageObject\",\"inLanguage\":\"en-US\",\"@id\":\"https:\/\/librairie7l.com\/en\/#\/schema\/logo\/image\/\",\"url\":\"https:\/\/librairie7l.com\/wp-content\/uploads\/2022\/08\/logo-1.png\",\"contentUrl\":\"https:\/\/librairie7l.com\/wp-content\/uploads\/2022\/08\/logo-1.png\",\"width\":227,\"height\":301,\"caption\":\"Librairie 7L\"},\"image\":{\"@id\":\"https:\/\/librairie7l.com\/en\/#\/schema\/logo\/image\/\"}}]}<\/script>\n<!-- \/ Yoast SEO plugin. -->","yoast_head_json":{"title":"Little book of Christian Louboutin : L'histoire d'un cr\u00e9ateur de l\u00e9gende - Librairie 7L","robots":{"index":"index","follow":"follow","max-snippet":"max-snippet:-1","max-image-preview":"max-image-preview:large","max-video-preview":"max-video-preview:-1"},"canonical":"https:\/\/librairie7l.com\/en\/produit\/little-book-of-christian-louboutin-lhistoire-dun-createur-de-legende-2\/","og_locale":"en_US","og_type":"article","og_title":"Little book of Christian Louboutin : L'histoire d'un cr\u00e9ateur de l\u00e9gende - Librairie 7L","og_description":"D\u00e9couvrez les coulisses de la maison Louboutin et les grands noms qui ont fait sa l\u00e9gende ! &#8221; Une femme peut porter un sac, mais c&#8217;est la chaussure qui porte la femme &#8221; &#8211; Christian Louboutin. Parmi les cr\u00e9ateurs de chaussures de luxe, il y en a un dont les cr\u00e9ations sont imm\u00e9diatement reconnaissables : [&hellip;]","og_url":"https:\/\/librairie7l.com\/en\/produit\/little-book-of-christian-louboutin-lhistoire-dun-createur-de-legende-2\/","og_site_name":"Librairie 7L","article_modified_time":"2026-04-25T14:45:56+00:00","og_image":[{"width":400,"height":556,"url":"https:\/\/librairie7l.com\/wp-content\/uploads\/2024\/02\/9782809920314_1_75.jpg","type":"image\/jpeg"}],"twitter_card":"summary_large_image","twitter_misc":{"Est. reading time":"1 minute"},"schema":{"@context":"https:\/\/schema.org","@graph":[{"@type":"WebPage","@id":"https:\/\/librairie7l.com\/en\/produit\/little-book-of-christian-louboutin-lhistoire-dun-createur-de-legende-2\/","url":"https:\/\/librairie7l.com\/en\/produit\/little-book-of-christian-louboutin-lhistoire-dun-createur-de-legende-2\/","name":"Little book of Christian Louboutin : L'histoire d'un cr\u00e9ateur de l\u00e9gende - Librairie 7L","isPartOf":{"@id":"https:\/\/librairie7l.com\/en\/#website"},"datePublished":"2024-12-01T08:17:43+00:00","dateModified":"2026-04-25T14:45:56+00:00","breadcrumb":{"@id":"https:\/\/librairie7l.com\/en\/produit\/little-book-of-christian-louboutin-lhistoire-dun-createur-de-legende-2\/#breadcrumb"},"inLanguage":"en-US","potentialAction":[{"@type":"ReadAction","target":["https:\/\/librairie7l.com\/en\/produit\/little-book-of-christian-louboutin-lhistoire-dun-createur-de-legende-2\/"]}]},{"@type":"BreadcrumbList","@id":"https:\/\/librairie7l.com\/en\/produit\/little-book-of-christian-louboutin-lhistoire-dun-createur-de-legende-2\/#breadcrumb","itemListElement":[{"@type":"ListItem","position":1,"name":"Accueil","item":"https:\/\/librairie7l.com\/en\/"},{"@type":"ListItem","position":2,"name":"Shop","item":"https:\/\/librairie7l.com\/en\/shop\/"},{"@type":"ListItem","position":3,"name":"LITTLE BOOK OF CHRISTIAN LOUBOUTIN : L&#8217;HISTOIRE D&#8217;UN CR\u00c9ATEUR DE L\u00c9GENDE"}]},{"@type":"WebSite","@id":"https:\/\/librairie7l.com\/en\/#website","url":"https:\/\/librairie7l.com\/en\/","name":"Librairie 7L","description":"Librairie fond\u00e9e en 1999 par Karl Lagerfeld \u00e0 Paris","publisher":{"@id":"https:\/\/librairie7l.com\/en\/#organization"},"potentialAction":[{"@type":"SearchAction","target":{"@type":"EntryPoint","urlTemplate":"https:\/\/librairie7l.com\/en\/?s={search_term_string}"},"query-input":"required name=search_term_string"}],"inLanguage":"en-US"},{"@type":"Organization","@id":"https:\/\/librairie7l.com\/en\/#organization","name":"Librairie 7L","url":"https:\/\/librairie7l.com\/en\/","logo":{"@type":"ImageObject","inLanguage":"en-US","@id":"https:\/\/librairie7l.com\/en\/#\/schema\/logo\/image\/","url":"https:\/\/librairie7l.com\/wp-content\/uploads\/2022\/08\/logo-1.png","contentUrl":"https:\/\/librairie7l.com\/wp-content\/uploads\/2022\/08\/logo-1.png","width":227,"height":301,"caption":"Librairie 7L"},"image":{"@id":"https:\/\/librairie7l.com\/en\/#\/schema\/logo\/image\/"}}]}},"_links":{"self":[{"href":"https:\/\/librairie7l.com\/en\/wp-json\/wp\/v2\/product\/44707"}],"collection":[{"href":"https:\/\/librairie7l.com\/en\/wp-json\/wp\/v2\/product"}],"about":[{"href":"https:\/\/librairie7l.com\/en\/wp-json\/wp\/v2\/types\/product"}],"wp:featuredmedia":[{"embeddable":true,"href":"https:\/\/librairie7l.com\/en\/wp-json\/wp\/v2\/media\/44705"}],"wp:attachment":[{"href":"https:\/\/librairie7l.com\/en\/wp-json\/wp\/v2\/media?parent=44707"}],"wp:term":[{"taxonomy":"product_cat","embeddable":true,"href":"https:\/\/librairie7l.com\/en\/wp-json\/wp\/v2\/product_cat?post=44707"},{"taxonomy":"product_tag","embeddable":true,"href":"https:\/\/librairie7l.com\/en\/wp-json\/wp\/v2\/product_tag?post=44707"}],"curies":[{"name":"wp","href":"https:\/\/api.w.org\/{rel}","templated":true}]}}