{"id":44719,"date":"2024-12-01T09:17:52","date_gmt":"2024-12-01T08:17:52","guid":{"rendered":"https:\/\/librairie7l.com\/?post_type=product&#038;p=44719"},"modified":"2026-04-25T14:56:59","modified_gmt":"2026-04-25T12:56:59","slug":"little-book-of-burberry-lhistoire-dune-maison-de-mode-mythique-2","status":"publish","type":"product","link":"https:\/\/librairie7l.com\/en\/produit\/little-book-of-burberry-lhistoire-dune-maison-de-mode-mythique-2\/","title":{"rendered":"LITTLE BOOK OF BURBERRY : L&#8217;HISTOIRE D&#8217;UNE MAISON DE MODE MYTHIQUE"},"content":{"rendered":"<p>D\u00e9couvrez les coulisses de la maison Burberry et les grands noms qui ont fait sa l\u00e9gende !<br \/>\nQu&#8217;il s&#8217;agisse de ses trenchs traditionnels, de ses carreaux omnipr\u00e9sents ou de ses looks exp\u00e9rimentaux sur tapis rouge, la maison Burberry est connue dans le monde entier pour ses cr\u00e9ations qui suscitent la convoitise.<\/p>\n<p>Sophistiqu\u00e9e, simple et typiquement britannique, Burberry est appr\u00e9ci\u00e9e pour sa remarquable capacit\u00e9 \u00e0 concilier tradition et innovation. L&#8217;attrait des &#8221; Burberry Girls &#8220;, telles que Cara Delevingne, Kate Moss et Naomi Campbell, incarne parfaitement ce qu&#8217;est Burberry : l&#8217;aspiration, l&#8217;\u00e9l\u00e9gance et la gr\u00e2ce.<\/p>\n<p>Avec une gamme exquise de photographies, des mod\u00e8les finis aux d\u00e9tails en gros plan en passant par des clich\u00e9s magnifiquement stylis\u00e9s, &#8221; Little Book of Burberry &#8221; l\u00e8ve le rideau sur l&#8217;histoire de la marque. Depuis ses humbles d\u00e9buts en 1856 jusqu&#8217;\u00e0 ses cr\u00e9ations actuelles, cette r\u00e9f\u00e9rence inestimable fait autorit\u00e9 en mati\u00e8re de Burberry.<\/p>\n","protected":false},"excerpt":{"rendered":"<p>D\u00e9couvrez les coulisses de la maison Burberry et les grands noms qui ont fait sa l\u00e9gende ! Qu&#8217;il s&#8217;agisse de ses trenchs traditionnels, de ses carreaux omnipr\u00e9sents ou de ses looks exp\u00e9rimentaux sur tapis rouge, la maison Burberry est connue dans le monde entier pour ses cr\u00e9ations qui suscitent la convoitise. Sophistiqu\u00e9e, simple et typiquement [&hellip;]<\/p>\n","protected":false},"featured_media":44717,"template":"","meta":[],"product_cat":[2948,2957],"product_tag":[],"acf":[],"yoast_head":"<!-- This site is optimized with the Yoast SEO plugin v20.11 - https:\/\/yoast.com\/wordpress\/plugins\/seo\/ -->\n<title>Little book of Burberry : L&#039;histoire d&#039;une maison de mode mythique - Librairie 7L<\/title>\n<meta name=\"robots\" content=\"index, follow, max-snippet:-1, max-image-preview:large, max-video-preview:-1\" \/>\n<link rel=\"canonical\" href=\"https:\/\/librairie7l.com\/en\/produit\/little-book-of-burberry-lhistoire-dune-maison-de-mode-mythique-2\/\" \/>\n<meta property=\"og:locale\" content=\"en_US\" \/>\n<meta property=\"og:type\" content=\"article\" \/>\n<meta property=\"og:title\" content=\"Little book of Burberry : L&#039;histoire d&#039;une maison de mode mythique - Librairie 7L\" \/>\n<meta property=\"og:description\" content=\"D\u00e9couvrez les coulisses de la maison Burberry et les grands noms qui ont fait sa l\u00e9gende ! Qu&#8217;il s&#8217;agisse de ses trenchs traditionnels, de ses carreaux omnipr\u00e9sents ou de ses looks exp\u00e9rimentaux sur tapis rouge, la maison Burberry est connue dans le monde entier pour ses cr\u00e9ations qui suscitent la convoitise. Sophistiqu\u00e9e, simple et typiquement [&hellip;]\" \/>\n<meta property=\"og:url\" content=\"https:\/\/librairie7l.com\/en\/produit\/little-book-of-burberry-lhistoire-dune-maison-de-mode-mythique-2\/\" \/>\n<meta property=\"og:site_name\" content=\"Librairie 7L\" \/>\n<meta property=\"article:modified_time\" content=\"2026-04-25T12:56:59+00:00\" \/>\n<meta property=\"og:image\" content=\"https:\/\/librairie7l.com\/wp-content\/uploads\/2024\/02\/9782809920321_1_75.jpg\" \/>\n\t<meta property=\"og:image:width\" content=\"600\" \/>\n\t<meta property=\"og:image:height\" content=\"817\" \/>\n\t<meta property=\"og:image:type\" content=\"image\/jpeg\" \/>\n<meta name=\"twitter:card\" content=\"summary_large_image\" \/>\n<meta name=\"twitter:label1\" content=\"Est. reading time\" \/>\n\t<meta name=\"twitter:data1\" content=\"1 minute\" \/>\n<script type=\"application\/ld+json\" class=\"yoast-schema-graph\">{\"@context\":\"https:\/\/schema.org\",\"@graph\":[{\"@type\":\"WebPage\",\"@id\":\"https:\/\/librairie7l.com\/en\/produit\/little-book-of-burberry-lhistoire-dune-maison-de-mode-mythique-2\/\",\"url\":\"https:\/\/librairie7l.com\/en\/produit\/little-book-of-burberry-lhistoire-dune-maison-de-mode-mythique-2\/\",\"name\":\"Little book of Burberry : L'histoire d'une maison de mode mythique - Librairie 7L\",\"isPartOf\":{\"@id\":\"https:\/\/librairie7l.com\/en\/#website\"},\"datePublished\":\"2024-12-01T08:17:52+00:00\",\"dateModified\":\"2026-04-25T12:56:59+00:00\",\"breadcrumb\":{\"@id\":\"https:\/\/librairie7l.com\/en\/produit\/little-book-of-burberry-lhistoire-dune-maison-de-mode-mythique-2\/#breadcrumb\"},\"inLanguage\":\"en-US\",\"potentialAction\":[{\"@type\":\"ReadAction\",\"target\":[\"https:\/\/librairie7l.com\/en\/produit\/little-book-of-burberry-lhistoire-dune-maison-de-mode-mythique-2\/\"]}]},{\"@type\":\"BreadcrumbList\",\"@id\":\"https:\/\/librairie7l.com\/en\/produit\/little-book-of-burberry-lhistoire-dune-maison-de-mode-mythique-2\/#breadcrumb\",\"itemListElement\":[{\"@type\":\"ListItem\",\"position\":1,\"name\":\"Accueil\",\"item\":\"https:\/\/librairie7l.com\/en\/\"},{\"@type\":\"ListItem\",\"position\":2,\"name\":\"Shop\",\"item\":\"https:\/\/librairie7l.com\/en\/shop\/\"},{\"@type\":\"ListItem\",\"position\":3,\"name\":\"LITTLE BOOK OF BURBERRY : L&#8217;HISTOIRE D&#8217;UNE MAISON DE MODE MYTHIQUE\"}]},{\"@type\":\"WebSite\",\"@id\":\"https:\/\/librairie7l.com\/en\/#website\",\"url\":\"https:\/\/librairie7l.com\/en\/\",\"name\":\"Librairie 7L\",\"description\":\"Librairie fond\u00e9e en 1999 par Karl Lagerfeld \u00e0 Paris\",\"publisher\":{\"@id\":\"https:\/\/librairie7l.com\/en\/#organization\"},\"potentialAction\":[{\"@type\":\"SearchAction\",\"target\":{\"@type\":\"EntryPoint\",\"urlTemplate\":\"https:\/\/librairie7l.com\/en\/?s={search_term_string}\"},\"query-input\":\"required name=search_term_string\"}],\"inLanguage\":\"en-US\"},{\"@type\":\"Organization\",\"@id\":\"https:\/\/librairie7l.com\/en\/#organization\",\"name\":\"Librairie 7L\",\"url\":\"https:\/\/librairie7l.com\/en\/\",\"logo\":{\"@type\":\"ImageObject\",\"inLanguage\":\"en-US\",\"@id\":\"https:\/\/librairie7l.com\/en\/#\/schema\/logo\/image\/\",\"url\":\"https:\/\/librairie7l.com\/wp-content\/uploads\/2022\/08\/logo-1.png\",\"contentUrl\":\"https:\/\/librairie7l.com\/wp-content\/uploads\/2022\/08\/logo-1.png\",\"width\":227,\"height\":301,\"caption\":\"Librairie 7L\"},\"image\":{\"@id\":\"https:\/\/librairie7l.com\/en\/#\/schema\/logo\/image\/\"}}]}<\/script>\n<!-- \/ Yoast SEO plugin. -->","yoast_head_json":{"title":"Little book of Burberry : L'histoire d'une maison de mode mythique - Librairie 7L","robots":{"index":"index","follow":"follow","max-snippet":"max-snippet:-1","max-image-preview":"max-image-preview:large","max-video-preview":"max-video-preview:-1"},"canonical":"https:\/\/librairie7l.com\/en\/produit\/little-book-of-burberry-lhistoire-dune-maison-de-mode-mythique-2\/","og_locale":"en_US","og_type":"article","og_title":"Little book of Burberry : L'histoire d'une maison de mode mythique - Librairie 7L","og_description":"D\u00e9couvrez les coulisses de la maison Burberry et les grands noms qui ont fait sa l\u00e9gende ! Qu&#8217;il s&#8217;agisse de ses trenchs traditionnels, de ses carreaux omnipr\u00e9sents ou de ses looks exp\u00e9rimentaux sur tapis rouge, la maison Burberry est connue dans le monde entier pour ses cr\u00e9ations qui suscitent la convoitise. Sophistiqu\u00e9e, simple et typiquement [&hellip;]","og_url":"https:\/\/librairie7l.com\/en\/produit\/little-book-of-burberry-lhistoire-dune-maison-de-mode-mythique-2\/","og_site_name":"Librairie 7L","article_modified_time":"2026-04-25T12:56:59+00:00","og_image":[{"width":600,"height":817,"url":"https:\/\/librairie7l.com\/wp-content\/uploads\/2024\/02\/9782809920321_1_75.jpg","type":"image\/jpeg"}],"twitter_card":"summary_large_image","twitter_misc":{"Est. reading time":"1 minute"},"schema":{"@context":"https:\/\/schema.org","@graph":[{"@type":"WebPage","@id":"https:\/\/librairie7l.com\/en\/produit\/little-book-of-burberry-lhistoire-dune-maison-de-mode-mythique-2\/","url":"https:\/\/librairie7l.com\/en\/produit\/little-book-of-burberry-lhistoire-dune-maison-de-mode-mythique-2\/","name":"Little book of Burberry : L'histoire d'une maison de mode mythique - Librairie 7L","isPartOf":{"@id":"https:\/\/librairie7l.com\/en\/#website"},"datePublished":"2024-12-01T08:17:52+00:00","dateModified":"2026-04-25T12:56:59+00:00","breadcrumb":{"@id":"https:\/\/librairie7l.com\/en\/produit\/little-book-of-burberry-lhistoire-dune-maison-de-mode-mythique-2\/#breadcrumb"},"inLanguage":"en-US","potentialAction":[{"@type":"ReadAction","target":["https:\/\/librairie7l.com\/en\/produit\/little-book-of-burberry-lhistoire-dune-maison-de-mode-mythique-2\/"]}]},{"@type":"BreadcrumbList","@id":"https:\/\/librairie7l.com\/en\/produit\/little-book-of-burberry-lhistoire-dune-maison-de-mode-mythique-2\/#breadcrumb","itemListElement":[{"@type":"ListItem","position":1,"name":"Accueil","item":"https:\/\/librairie7l.com\/en\/"},{"@type":"ListItem","position":2,"name":"Shop","item":"https:\/\/librairie7l.com\/en\/shop\/"},{"@type":"ListItem","position":3,"name":"LITTLE BOOK OF BURBERRY : L&#8217;HISTOIRE D&#8217;UNE MAISON DE MODE MYTHIQUE"}]},{"@type":"WebSite","@id":"https:\/\/librairie7l.com\/en\/#website","url":"https:\/\/librairie7l.com\/en\/","name":"Librairie 7L","description":"Librairie fond\u00e9e en 1999 par Karl Lagerfeld \u00e0 Paris","publisher":{"@id":"https:\/\/librairie7l.com\/en\/#organization"},"potentialAction":[{"@type":"SearchAction","target":{"@type":"EntryPoint","urlTemplate":"https:\/\/librairie7l.com\/en\/?s={search_term_string}"},"query-input":"required name=search_term_string"}],"inLanguage":"en-US"},{"@type":"Organization","@id":"https:\/\/librairie7l.com\/en\/#organization","name":"Librairie 7L","url":"https:\/\/librairie7l.com\/en\/","logo":{"@type":"ImageObject","inLanguage":"en-US","@id":"https:\/\/librairie7l.com\/en\/#\/schema\/logo\/image\/","url":"https:\/\/librairie7l.com\/wp-content\/uploads\/2022\/08\/logo-1.png","contentUrl":"https:\/\/librairie7l.com\/wp-content\/uploads\/2022\/08\/logo-1.png","width":227,"height":301,"caption":"Librairie 7L"},"image":{"@id":"https:\/\/librairie7l.com\/en\/#\/schema\/logo\/image\/"}}]}},"_links":{"self":[{"href":"https:\/\/librairie7l.com\/en\/wp-json\/wp\/v2\/product\/44719"}],"collection":[{"href":"https:\/\/librairie7l.com\/en\/wp-json\/wp\/v2\/product"}],"about":[{"href":"https:\/\/librairie7l.com\/en\/wp-json\/wp\/v2\/types\/product"}],"wp:featuredmedia":[{"embeddable":true,"href":"https:\/\/librairie7l.com\/en\/wp-json\/wp\/v2\/media\/44717"}],"wp:attachment":[{"href":"https:\/\/librairie7l.com\/en\/wp-json\/wp\/v2\/media?parent=44719"}],"wp:term":[{"taxonomy":"product_cat","embeddable":true,"href":"https:\/\/librairie7l.com\/en\/wp-json\/wp\/v2\/product_cat?post=44719"},{"taxonomy":"product_tag","embeddable":true,"href":"https:\/\/librairie7l.com\/en\/wp-json\/wp\/v2\/product_tag?post=44719"}],"curies":[{"name":"wp","href":"https:\/\/api.w.org\/{rel}","templated":true}]}}