{"id":44723,"date":"2024-12-01T09:17:55","date_gmt":"2024-12-01T08:17:55","guid":{"rendered":"https:\/\/librairie7l.com\/?post_type=product&#038;p=44723"},"modified":"2026-04-23T11:57:27","modified_gmt":"2026-04-23T09:57:27","slug":"little-book-of-bottega-veneta-lhistoire-dune-maison-de-mode-mythique-2","status":"publish","type":"product","link":"https:\/\/librairie7l.com\/en\/produit\/little-book-of-bottega-veneta-lhistoire-dune-maison-de-mode-mythique-2\/","title":{"rendered":"LITTLE BOOK OF BOTTEGA VENETA : L&#8217;HISTOIRE D&#8217;UNE MAISON DE MODE MYTHIQUE"},"content":{"rendered":"<p>D\u00e9couvrez les coulisses de la maison Bottega Venetta et les grands noms qui ont fait sa l\u00e9gende !<br \/>\nLa maison Bottega Veneta, synonyme de savoir-faire et d&#8217;\u00e9l\u00e9gance discr\u00e8te, est la marque de r\u00e9f\u00e9rence pour tous ceux qui aiment le chic sans effort.<\/p>\n<p>Depuis 1966, Bottega Veneta se distingue par son m\u00e9lange unique de sophistication intemporelle et de modernit\u00e9. Connue pour son design Intrecciato et son vert distinctif, cette marque de luxe bas\u00e9e \u00e0 Milan est r\u00e9put\u00e9e pour ses articles en cuir magnifiquement confectionn\u00e9s, tels que les sacs Cabat, Veneta et l&#8217;embl\u00e9matique pochette Knot, ainsi que pour ses collections de chaussures et de bijoux de plus en plus renomm\u00e9es.<\/p>\n<p>La pertinence culturelle reste au coeur de cette marque ultra-cool : Nicole Kidman, Cameron Diaz et Rihanna ont \u00e9t\u00e9 aper\u00e7ues dans des robes exquises finies \u00e0 la main, des pochettes surdimensionn\u00e9es et des chaussures matelass\u00e9es. Sous la houlette du directeur de la cr\u00e9ation, Matthiew Blazy, il est ind\u00e9niable que Bottega Veneta est l&#8217;une des marques les plus passionnantes du monde de la mode.<\/p>\n","protected":false},"excerpt":{"rendered":"<p>D\u00e9couvrez les coulisses de la maison Bottega Venetta et les grands noms qui ont fait sa l\u00e9gende ! La maison Bottega Veneta, synonyme de savoir-faire et d&#8217;\u00e9l\u00e9gance discr\u00e8te, est la marque de r\u00e9f\u00e9rence pour tous ceux qui aiment le chic sans effort. Depuis 1966, Bottega Veneta se distingue par son m\u00e9lange unique de sophistication intemporelle [&hellip;]<\/p>\n","protected":false},"featured_media":44721,"template":"","meta":[],"product_cat":[2948,2957],"product_tag":[],"acf":[],"yoast_head":"<!-- This site is optimized with the Yoast SEO plugin v20.11 - https:\/\/yoast.com\/wordpress\/plugins\/seo\/ -->\n<title>Little book of Bottega Veneta : L&#039;histoire d&#039;une maison de mode mythique - Librairie 7L<\/title>\n<meta name=\"robots\" content=\"index, follow, max-snippet:-1, max-image-preview:large, max-video-preview:-1\" \/>\n<link rel=\"canonical\" href=\"https:\/\/librairie7l.com\/en\/produit\/little-book-of-bottega-veneta-lhistoire-dune-maison-de-mode-mythique-2\/\" \/>\n<meta property=\"og:locale\" content=\"en_US\" \/>\n<meta property=\"og:type\" content=\"article\" \/>\n<meta property=\"og:title\" content=\"Little book of Bottega Veneta : L&#039;histoire d&#039;une maison de mode mythique - Librairie 7L\" \/>\n<meta property=\"og:description\" content=\"D\u00e9couvrez les coulisses de la maison Bottega Venetta et les grands noms qui ont fait sa l\u00e9gende ! La maison Bottega Veneta, synonyme de savoir-faire et d&#8217;\u00e9l\u00e9gance discr\u00e8te, est la marque de r\u00e9f\u00e9rence pour tous ceux qui aiment le chic sans effort. Depuis 1966, Bottega Veneta se distingue par son m\u00e9lange unique de sophistication intemporelle [&hellip;]\" \/>\n<meta property=\"og:url\" content=\"https:\/\/librairie7l.com\/en\/produit\/little-book-of-bottega-veneta-lhistoire-dune-maison-de-mode-mythique-2\/\" \/>\n<meta property=\"og:site_name\" content=\"Librairie 7L\" \/>\n<meta property=\"article:modified_time\" content=\"2026-04-23T09:57:27+00:00\" \/>\n<meta property=\"og:image\" content=\"https:\/\/librairie7l.com\/wp-content\/uploads\/2024\/06\/9782809920352_1_75.jpg\" \/>\n\t<meta property=\"og:image:width\" content=\"600\" \/>\n\t<meta property=\"og:image:height\" content=\"856\" \/>\n\t<meta property=\"og:image:type\" content=\"image\/jpeg\" \/>\n<meta name=\"twitter:card\" content=\"summary_large_image\" \/>\n<meta name=\"twitter:label1\" content=\"Est. reading time\" \/>\n\t<meta name=\"twitter:data1\" content=\"1 minute\" \/>\n<script type=\"application\/ld+json\" class=\"yoast-schema-graph\">{\"@context\":\"https:\/\/schema.org\",\"@graph\":[{\"@type\":\"WebPage\",\"@id\":\"https:\/\/librairie7l.com\/en\/produit\/little-book-of-bottega-veneta-lhistoire-dune-maison-de-mode-mythique-2\/\",\"url\":\"https:\/\/librairie7l.com\/en\/produit\/little-book-of-bottega-veneta-lhistoire-dune-maison-de-mode-mythique-2\/\",\"name\":\"Little book of Bottega Veneta : L'histoire d'une maison de mode mythique - Librairie 7L\",\"isPartOf\":{\"@id\":\"https:\/\/librairie7l.com\/en\/#website\"},\"datePublished\":\"2024-12-01T08:17:55+00:00\",\"dateModified\":\"2026-04-23T09:57:27+00:00\",\"breadcrumb\":{\"@id\":\"https:\/\/librairie7l.com\/en\/produit\/little-book-of-bottega-veneta-lhistoire-dune-maison-de-mode-mythique-2\/#breadcrumb\"},\"inLanguage\":\"en-US\",\"potentialAction\":[{\"@type\":\"ReadAction\",\"target\":[\"https:\/\/librairie7l.com\/en\/produit\/little-book-of-bottega-veneta-lhistoire-dune-maison-de-mode-mythique-2\/\"]}]},{\"@type\":\"BreadcrumbList\",\"@id\":\"https:\/\/librairie7l.com\/en\/produit\/little-book-of-bottega-veneta-lhistoire-dune-maison-de-mode-mythique-2\/#breadcrumb\",\"itemListElement\":[{\"@type\":\"ListItem\",\"position\":1,\"name\":\"Accueil\",\"item\":\"https:\/\/librairie7l.com\/en\/\"},{\"@type\":\"ListItem\",\"position\":2,\"name\":\"Shop\",\"item\":\"https:\/\/librairie7l.com\/en\/shop\/\"},{\"@type\":\"ListItem\",\"position\":3,\"name\":\"LITTLE BOOK OF BOTTEGA VENETA : L&#8217;HISTOIRE D&#8217;UNE MAISON DE MODE MYTHIQUE\"}]},{\"@type\":\"WebSite\",\"@id\":\"https:\/\/librairie7l.com\/en\/#website\",\"url\":\"https:\/\/librairie7l.com\/en\/\",\"name\":\"Librairie 7L\",\"description\":\"Librairie fond\u00e9e en 1999 par Karl Lagerfeld \u00e0 Paris\",\"publisher\":{\"@id\":\"https:\/\/librairie7l.com\/en\/#organization\"},\"potentialAction\":[{\"@type\":\"SearchAction\",\"target\":{\"@type\":\"EntryPoint\",\"urlTemplate\":\"https:\/\/librairie7l.com\/en\/?s={search_term_string}\"},\"query-input\":\"required name=search_term_string\"}],\"inLanguage\":\"en-US\"},{\"@type\":\"Organization\",\"@id\":\"https:\/\/librairie7l.com\/en\/#organization\",\"name\":\"Librairie 7L\",\"url\":\"https:\/\/librairie7l.com\/en\/\",\"logo\":{\"@type\":\"ImageObject\",\"inLanguage\":\"en-US\",\"@id\":\"https:\/\/librairie7l.com\/en\/#\/schema\/logo\/image\/\",\"url\":\"https:\/\/librairie7l.com\/wp-content\/uploads\/2022\/08\/logo-1.png\",\"contentUrl\":\"https:\/\/librairie7l.com\/wp-content\/uploads\/2022\/08\/logo-1.png\",\"width\":227,\"height\":301,\"caption\":\"Librairie 7L\"},\"image\":{\"@id\":\"https:\/\/librairie7l.com\/en\/#\/schema\/logo\/image\/\"}}]}<\/script>\n<!-- \/ Yoast SEO plugin. -->","yoast_head_json":{"title":"Little book of Bottega Veneta : L'histoire d'une maison de mode mythique - Librairie 7L","robots":{"index":"index","follow":"follow","max-snippet":"max-snippet:-1","max-image-preview":"max-image-preview:large","max-video-preview":"max-video-preview:-1"},"canonical":"https:\/\/librairie7l.com\/en\/produit\/little-book-of-bottega-veneta-lhistoire-dune-maison-de-mode-mythique-2\/","og_locale":"en_US","og_type":"article","og_title":"Little book of Bottega Veneta : L'histoire d'une maison de mode mythique - Librairie 7L","og_description":"D\u00e9couvrez les coulisses de la maison Bottega Venetta et les grands noms qui ont fait sa l\u00e9gende ! La maison Bottega Veneta, synonyme de savoir-faire et d&#8217;\u00e9l\u00e9gance discr\u00e8te, est la marque de r\u00e9f\u00e9rence pour tous ceux qui aiment le chic sans effort. Depuis 1966, Bottega Veneta se distingue par son m\u00e9lange unique de sophistication intemporelle [&hellip;]","og_url":"https:\/\/librairie7l.com\/en\/produit\/little-book-of-bottega-veneta-lhistoire-dune-maison-de-mode-mythique-2\/","og_site_name":"Librairie 7L","article_modified_time":"2026-04-23T09:57:27+00:00","og_image":[{"width":600,"height":856,"url":"https:\/\/librairie7l.com\/wp-content\/uploads\/2024\/06\/9782809920352_1_75.jpg","type":"image\/jpeg"}],"twitter_card":"summary_large_image","twitter_misc":{"Est. reading time":"1 minute"},"schema":{"@context":"https:\/\/schema.org","@graph":[{"@type":"WebPage","@id":"https:\/\/librairie7l.com\/en\/produit\/little-book-of-bottega-veneta-lhistoire-dune-maison-de-mode-mythique-2\/","url":"https:\/\/librairie7l.com\/en\/produit\/little-book-of-bottega-veneta-lhistoire-dune-maison-de-mode-mythique-2\/","name":"Little book of Bottega Veneta : L'histoire d'une maison de mode mythique - Librairie 7L","isPartOf":{"@id":"https:\/\/librairie7l.com\/en\/#website"},"datePublished":"2024-12-01T08:17:55+00:00","dateModified":"2026-04-23T09:57:27+00:00","breadcrumb":{"@id":"https:\/\/librairie7l.com\/en\/produit\/little-book-of-bottega-veneta-lhistoire-dune-maison-de-mode-mythique-2\/#breadcrumb"},"inLanguage":"en-US","potentialAction":[{"@type":"ReadAction","target":["https:\/\/librairie7l.com\/en\/produit\/little-book-of-bottega-veneta-lhistoire-dune-maison-de-mode-mythique-2\/"]}]},{"@type":"BreadcrumbList","@id":"https:\/\/librairie7l.com\/en\/produit\/little-book-of-bottega-veneta-lhistoire-dune-maison-de-mode-mythique-2\/#breadcrumb","itemListElement":[{"@type":"ListItem","position":1,"name":"Accueil","item":"https:\/\/librairie7l.com\/en\/"},{"@type":"ListItem","position":2,"name":"Shop","item":"https:\/\/librairie7l.com\/en\/shop\/"},{"@type":"ListItem","position":3,"name":"LITTLE BOOK OF BOTTEGA VENETA : L&#8217;HISTOIRE D&#8217;UNE MAISON DE MODE MYTHIQUE"}]},{"@type":"WebSite","@id":"https:\/\/librairie7l.com\/en\/#website","url":"https:\/\/librairie7l.com\/en\/","name":"Librairie 7L","description":"Librairie fond\u00e9e en 1999 par Karl Lagerfeld \u00e0 Paris","publisher":{"@id":"https:\/\/librairie7l.com\/en\/#organization"},"potentialAction":[{"@type":"SearchAction","target":{"@type":"EntryPoint","urlTemplate":"https:\/\/librairie7l.com\/en\/?s={search_term_string}"},"query-input":"required name=search_term_string"}],"inLanguage":"en-US"},{"@type":"Organization","@id":"https:\/\/librairie7l.com\/en\/#organization","name":"Librairie 7L","url":"https:\/\/librairie7l.com\/en\/","logo":{"@type":"ImageObject","inLanguage":"en-US","@id":"https:\/\/librairie7l.com\/en\/#\/schema\/logo\/image\/","url":"https:\/\/librairie7l.com\/wp-content\/uploads\/2022\/08\/logo-1.png","contentUrl":"https:\/\/librairie7l.com\/wp-content\/uploads\/2022\/08\/logo-1.png","width":227,"height":301,"caption":"Librairie 7L"},"image":{"@id":"https:\/\/librairie7l.com\/en\/#\/schema\/logo\/image\/"}}]}},"_links":{"self":[{"href":"https:\/\/librairie7l.com\/en\/wp-json\/wp\/v2\/product\/44723"}],"collection":[{"href":"https:\/\/librairie7l.com\/en\/wp-json\/wp\/v2\/product"}],"about":[{"href":"https:\/\/librairie7l.com\/en\/wp-json\/wp\/v2\/types\/product"}],"wp:featuredmedia":[{"embeddable":true,"href":"https:\/\/librairie7l.com\/en\/wp-json\/wp\/v2\/media\/44721"}],"wp:attachment":[{"href":"https:\/\/librairie7l.com\/en\/wp-json\/wp\/v2\/media?parent=44723"}],"wp:term":[{"taxonomy":"product_cat","embeddable":true,"href":"https:\/\/librairie7l.com\/en\/wp-json\/wp\/v2\/product_cat?post=44723"},{"taxonomy":"product_tag","embeddable":true,"href":"https:\/\/librairie7l.com\/en\/wp-json\/wp\/v2\/product_tag?post=44723"}],"curies":[{"name":"wp","href":"https:\/\/api.w.org\/{rel}","templated":true}]}}