{"id":44727,"date":"2024-12-01T09:17:56","date_gmt":"2024-12-01T08:17:56","guid":{"rendered":"https:\/\/librairie7l.com\/?post_type=product&#038;p=44727"},"modified":"2026-04-10T22:23:51","modified_gmt":"2026-04-10T20:23:51","slug":"christophe-honore-des-fantomes-et-des-arts-2","status":"publish","type":"product","link":"https:\/\/librairie7l.com\/en\/produit\/christophe-honore-des-fantomes-et-des-arts-2\/","title":{"rendered":"CHRISTOPHE HONOR\u00c9 : DES FANT\u00d4MES ET DES ARTS"},"content":{"rendered":"<p>Au cin\u00e9ma, au th\u00e9\u00e2tre, \u00e0 l&#8217;op\u00e9ra et en litt\u00e9rature, Christophe Honor\u00e9 est devenu, discr\u00e8tement, l&#8217;un des artistes les plus prolifiques de sa g\u00e9n\u00e9ration, et a construit une oeuvre d&#8217;un \u00e9clectisme rare. D&#8217;abord consid\u00e9r\u00e9 comme un \u00e9crivain faisant des films, il s&#8217;est transform\u00e9, au fil des ans, en un cin\u00e9aste mettant en sc\u00e8ne des pi\u00e8ces et des op\u00e9ras, pour \u00eatre aujourd&#8217;hui tout \u00e0 la fois cin\u00e9aste, metteur en sc\u00e8ne et \u00e9crivain. Quelle que soit la forme qu&#8217;il privil\u00e9gie, il r\u00e9ussit toujours \u00e0 interroger, avec douceur, humour et gr\u00e2ce, nos enfances, nos familles, nos amours et nos disparus. Ce livre, richement illustr\u00e9 par ses oeuvres, par ses archives et documents de travail, rassemble un entretien au long cours avec Christophe Honor\u00e9, et des textes in\u00e9dits d&#8217;une vingtaine de personnalit\u00e9s qui travaillent \u00e0 ses c\u00f4t\u00e9s, dans les diff\u00e9rents champs artistiques (cin\u00e9ma, litt\u00e9rature, op\u00e9ra et th\u00e9\u00e2tre), parmi lesquelles Alex Beaupain, Catherine Deneuve, Marina Fo\u00efs, Louis Garrel, Vincent Lacoste, Laurent Lafitte, Chiara Mastroianni ou Serge Toubiana.<\/p>\n","protected":false},"excerpt":{"rendered":"<p>Au cin\u00e9ma, au th\u00e9\u00e2tre, \u00e0 l&#8217;op\u00e9ra et en litt\u00e9rature, Christophe Honor\u00e9 est devenu, discr\u00e8tement, l&#8217;un des artistes les plus prolifiques de sa g\u00e9n\u00e9ration, et a construit une oeuvre d&#8217;un \u00e9clectisme rare. D&#8217;abord consid\u00e9r\u00e9 comme un \u00e9crivain faisant des films, il s&#8217;est transform\u00e9, au fil des ans, en un cin\u00e9aste mettant en sc\u00e8ne des pi\u00e8ces et [&hellip;]<\/p>\n","protected":false},"featured_media":44725,"template":"","meta":[],"product_cat":[2948,2958],"product_tag":[],"acf":[],"yoast_head":"<!-- This site is optimized with the Yoast SEO plugin v20.11 - https:\/\/yoast.com\/wordpress\/plugins\/seo\/ -->\n<title>Christophe Honor\u00e9 : Des fant\u00f4mes et des arts - Librairie 7L<\/title>\n<meta name=\"robots\" content=\"index, follow, max-snippet:-1, max-image-preview:large, max-video-preview:-1\" \/>\n<link rel=\"canonical\" href=\"https:\/\/librairie7l.com\/en\/produit\/christophe-honore-des-fantomes-et-des-arts-2\/\" \/>\n<meta property=\"og:locale\" content=\"en_US\" \/>\n<meta property=\"og:type\" content=\"article\" \/>\n<meta property=\"og:title\" content=\"Christophe Honor\u00e9 : Des fant\u00f4mes et des arts - Librairie 7L\" \/>\n<meta property=\"og:description\" content=\"Au cin\u00e9ma, au th\u00e9\u00e2tre, \u00e0 l&#8217;op\u00e9ra et en litt\u00e9rature, Christophe Honor\u00e9 est devenu, discr\u00e8tement, l&#8217;un des artistes les plus prolifiques de sa g\u00e9n\u00e9ration, et a construit une oeuvre d&#8217;un \u00e9clectisme rare. D&#8217;abord consid\u00e9r\u00e9 comme un \u00e9crivain faisant des films, il s&#8217;est transform\u00e9, au fil des ans, en un cin\u00e9aste mettant en sc\u00e8ne des pi\u00e8ces et [&hellip;]\" \/>\n<meta property=\"og:url\" content=\"https:\/\/librairie7l.com\/en\/produit\/christophe-honore-des-fantomes-et-des-arts-2\/\" \/>\n<meta property=\"og:site_name\" content=\"Librairie 7L\" \/>\n<meta property=\"article:modified_time\" content=\"2026-04-10T20:23:51+00:00\" \/>\n<meta property=\"og:image\" content=\"https:\/\/librairie7l.com\/wp-content\/uploads\/2024\/03\/9782073040190_1_75.jpg\" \/>\n\t<meta property=\"og:image:width\" content=\"600\" \/>\n\t<meta property=\"og:image:height\" content=\"780\" \/>\n\t<meta property=\"og:image:type\" content=\"image\/jpeg\" \/>\n<meta name=\"twitter:card\" content=\"summary_large_image\" \/>\n<meta name=\"twitter:label1\" content=\"Est. reading time\" \/>\n\t<meta name=\"twitter:data1\" content=\"1 minute\" \/>\n<script type=\"application\/ld+json\" class=\"yoast-schema-graph\">{\"@context\":\"https:\/\/schema.org\",\"@graph\":[{\"@type\":\"WebPage\",\"@id\":\"https:\/\/librairie7l.com\/en\/produit\/christophe-honore-des-fantomes-et-des-arts-2\/\",\"url\":\"https:\/\/librairie7l.com\/en\/produit\/christophe-honore-des-fantomes-et-des-arts-2\/\",\"name\":\"Christophe Honor\u00e9 : Des fant\u00f4mes et des arts - Librairie 7L\",\"isPartOf\":{\"@id\":\"https:\/\/librairie7l.com\/en\/#website\"},\"datePublished\":\"2024-12-01T08:17:56+00:00\",\"dateModified\":\"2026-04-10T20:23:51+00:00\",\"breadcrumb\":{\"@id\":\"https:\/\/librairie7l.com\/en\/produit\/christophe-honore-des-fantomes-et-des-arts-2\/#breadcrumb\"},\"inLanguage\":\"en-US\",\"potentialAction\":[{\"@type\":\"ReadAction\",\"target\":[\"https:\/\/librairie7l.com\/en\/produit\/christophe-honore-des-fantomes-et-des-arts-2\/\"]}]},{\"@type\":\"BreadcrumbList\",\"@id\":\"https:\/\/librairie7l.com\/en\/produit\/christophe-honore-des-fantomes-et-des-arts-2\/#breadcrumb\",\"itemListElement\":[{\"@type\":\"ListItem\",\"position\":1,\"name\":\"Accueil\",\"item\":\"https:\/\/librairie7l.com\/en\/\"},{\"@type\":\"ListItem\",\"position\":2,\"name\":\"Shop\",\"item\":\"https:\/\/librairie7l.com\/en\/shop\/\"},{\"@type\":\"ListItem\",\"position\":3,\"name\":\"CHRISTOPHE HONOR\u00c9 : DES FANT\u00d4MES ET DES ARTS\"}]},{\"@type\":\"WebSite\",\"@id\":\"https:\/\/librairie7l.com\/en\/#website\",\"url\":\"https:\/\/librairie7l.com\/en\/\",\"name\":\"Librairie 7L\",\"description\":\"Librairie fond\u00e9e en 1999 par Karl Lagerfeld \u00e0 Paris\",\"publisher\":{\"@id\":\"https:\/\/librairie7l.com\/en\/#organization\"},\"potentialAction\":[{\"@type\":\"SearchAction\",\"target\":{\"@type\":\"EntryPoint\",\"urlTemplate\":\"https:\/\/librairie7l.com\/en\/?s={search_term_string}\"},\"query-input\":\"required name=search_term_string\"}],\"inLanguage\":\"en-US\"},{\"@type\":\"Organization\",\"@id\":\"https:\/\/librairie7l.com\/en\/#organization\",\"name\":\"Librairie 7L\",\"url\":\"https:\/\/librairie7l.com\/en\/\",\"logo\":{\"@type\":\"ImageObject\",\"inLanguage\":\"en-US\",\"@id\":\"https:\/\/librairie7l.com\/en\/#\/schema\/logo\/image\/\",\"url\":\"https:\/\/librairie7l.com\/wp-content\/uploads\/2022\/08\/logo-1.png\",\"contentUrl\":\"https:\/\/librairie7l.com\/wp-content\/uploads\/2022\/08\/logo-1.png\",\"width\":227,\"height\":301,\"caption\":\"Librairie 7L\"},\"image\":{\"@id\":\"https:\/\/librairie7l.com\/en\/#\/schema\/logo\/image\/\"}}]}<\/script>\n<!-- \/ Yoast SEO plugin. -->","yoast_head_json":{"title":"Christophe Honor\u00e9 : Des fant\u00f4mes et des arts - Librairie 7L","robots":{"index":"index","follow":"follow","max-snippet":"max-snippet:-1","max-image-preview":"max-image-preview:large","max-video-preview":"max-video-preview:-1"},"canonical":"https:\/\/librairie7l.com\/en\/produit\/christophe-honore-des-fantomes-et-des-arts-2\/","og_locale":"en_US","og_type":"article","og_title":"Christophe Honor\u00e9 : Des fant\u00f4mes et des arts - Librairie 7L","og_description":"Au cin\u00e9ma, au th\u00e9\u00e2tre, \u00e0 l&#8217;op\u00e9ra et en litt\u00e9rature, Christophe Honor\u00e9 est devenu, discr\u00e8tement, l&#8217;un des artistes les plus prolifiques de sa g\u00e9n\u00e9ration, et a construit une oeuvre d&#8217;un \u00e9clectisme rare. D&#8217;abord consid\u00e9r\u00e9 comme un \u00e9crivain faisant des films, il s&#8217;est transform\u00e9, au fil des ans, en un cin\u00e9aste mettant en sc\u00e8ne des pi\u00e8ces et [&hellip;]","og_url":"https:\/\/librairie7l.com\/en\/produit\/christophe-honore-des-fantomes-et-des-arts-2\/","og_site_name":"Librairie 7L","article_modified_time":"2026-04-10T20:23:51+00:00","og_image":[{"width":600,"height":780,"url":"https:\/\/librairie7l.com\/wp-content\/uploads\/2024\/03\/9782073040190_1_75.jpg","type":"image\/jpeg"}],"twitter_card":"summary_large_image","twitter_misc":{"Est. reading time":"1 minute"},"schema":{"@context":"https:\/\/schema.org","@graph":[{"@type":"WebPage","@id":"https:\/\/librairie7l.com\/en\/produit\/christophe-honore-des-fantomes-et-des-arts-2\/","url":"https:\/\/librairie7l.com\/en\/produit\/christophe-honore-des-fantomes-et-des-arts-2\/","name":"Christophe Honor\u00e9 : Des fant\u00f4mes et des arts - Librairie 7L","isPartOf":{"@id":"https:\/\/librairie7l.com\/en\/#website"},"datePublished":"2024-12-01T08:17:56+00:00","dateModified":"2026-04-10T20:23:51+00:00","breadcrumb":{"@id":"https:\/\/librairie7l.com\/en\/produit\/christophe-honore-des-fantomes-et-des-arts-2\/#breadcrumb"},"inLanguage":"en-US","potentialAction":[{"@type":"ReadAction","target":["https:\/\/librairie7l.com\/en\/produit\/christophe-honore-des-fantomes-et-des-arts-2\/"]}]},{"@type":"BreadcrumbList","@id":"https:\/\/librairie7l.com\/en\/produit\/christophe-honore-des-fantomes-et-des-arts-2\/#breadcrumb","itemListElement":[{"@type":"ListItem","position":1,"name":"Accueil","item":"https:\/\/librairie7l.com\/en\/"},{"@type":"ListItem","position":2,"name":"Shop","item":"https:\/\/librairie7l.com\/en\/shop\/"},{"@type":"ListItem","position":3,"name":"CHRISTOPHE HONOR\u00c9 : DES FANT\u00d4MES ET DES ARTS"}]},{"@type":"WebSite","@id":"https:\/\/librairie7l.com\/en\/#website","url":"https:\/\/librairie7l.com\/en\/","name":"Librairie 7L","description":"Librairie fond\u00e9e en 1999 par Karl Lagerfeld \u00e0 Paris","publisher":{"@id":"https:\/\/librairie7l.com\/en\/#organization"},"potentialAction":[{"@type":"SearchAction","target":{"@type":"EntryPoint","urlTemplate":"https:\/\/librairie7l.com\/en\/?s={search_term_string}"},"query-input":"required name=search_term_string"}],"inLanguage":"en-US"},{"@type":"Organization","@id":"https:\/\/librairie7l.com\/en\/#organization","name":"Librairie 7L","url":"https:\/\/librairie7l.com\/en\/","logo":{"@type":"ImageObject","inLanguage":"en-US","@id":"https:\/\/librairie7l.com\/en\/#\/schema\/logo\/image\/","url":"https:\/\/librairie7l.com\/wp-content\/uploads\/2022\/08\/logo-1.png","contentUrl":"https:\/\/librairie7l.com\/wp-content\/uploads\/2022\/08\/logo-1.png","width":227,"height":301,"caption":"Librairie 7L"},"image":{"@id":"https:\/\/librairie7l.com\/en\/#\/schema\/logo\/image\/"}}]}},"_links":{"self":[{"href":"https:\/\/librairie7l.com\/en\/wp-json\/wp\/v2\/product\/44727"}],"collection":[{"href":"https:\/\/librairie7l.com\/en\/wp-json\/wp\/v2\/product"}],"about":[{"href":"https:\/\/librairie7l.com\/en\/wp-json\/wp\/v2\/types\/product"}],"wp:featuredmedia":[{"embeddable":true,"href":"https:\/\/librairie7l.com\/en\/wp-json\/wp\/v2\/media\/44725"}],"wp:attachment":[{"href":"https:\/\/librairie7l.com\/en\/wp-json\/wp\/v2\/media?parent=44727"}],"wp:term":[{"taxonomy":"product_cat","embeddable":true,"href":"https:\/\/librairie7l.com\/en\/wp-json\/wp\/v2\/product_cat?post=44727"},{"taxonomy":"product_tag","embeddable":true,"href":"https:\/\/librairie7l.com\/en\/wp-json\/wp\/v2\/product_tag?post=44727"}],"curies":[{"name":"wp","href":"https:\/\/api.w.org\/{rel}","templated":true}]}}