{"id":44750,"date":"2024-12-04T09:17:37","date_gmt":"2024-12-04T08:17:37","guid":{"rendered":"https:\/\/librairie7l.com\/?post_type=product&#038;p=44750"},"modified":"2026-05-03T05:16:10","modified_gmt":"2026-05-03T03:16:10","slug":"larock-granoff-histoire-dune-galerie-depuis-1924-2","status":"publish","type":"product","link":"https:\/\/librairie7l.com\/en\/produit\/larock-granoff-histoire-dune-galerie-depuis-1924-2\/","title":{"rendered":"LAROCK-GRANOFF : HISTOIRE D&#8217;UNE GALERIE DEPUIS 1924"},"content":{"rendered":"<p>Il y a 100 ans \u00e9tait fond\u00e9e \u00e0 Paris la galerie Katia Granoff par une jeune femme russe qui rencontre son destin dans la Ville Lumi\u00e8re en 1924. Secr\u00e9taire au salon des Tuileries alors au Palais de Bois d&#8217;Auguste Perret, elle est encourag\u00e9e par de jeunes artistes exposants \u00e0 ouvrir sa propre galerie. Ils s&#8217;appellent Chagall, Foujita, Friesz, Bouche, La Patelli\u00e8re, Laprade&#8230; En choisissant de d\u00e9fendre les artistes de son temps, Katia Granoff s&#8217;inscrit dans la lign\u00e9e des grands marchands dont l&#8217;oeil d\u00e9termine la carri\u00e8re d&#8217;un artiste. Dans les ann\u00e9es 1950, elle s&#8217;emploie \u00e0 faire red\u00e9couvrir au public fran\u00e7ais et international l&#8217;apport majeur des Nymph\u00e9as de Monet pour l&#8217;abstraction d&#8217;apr\u00e8s-guerre, notamment aupr\u00e8s des expressionnistes abstraits am\u00e9ricains , Alfred Barr constitue aupr\u00e8s d&#8217;elle la collection du MoMA. \u00c0 l&#8217;heure o\u00f9 l&#8217;on red\u00e9couvre le parcours des grandes figures oubli\u00e9es de l&#8217;Art, cet ouvrage du Centenaire de la galerie para\u00eet l&#8217;ann\u00e9e des 150 ans de l&#8217;Impressionnisme et retrace le parcours et les rencontres de Katia Granoff, femme libre et avant-gardiste qui fut aussi po\u00e8te, muse d&#8217;artistes, femme de lettres et femme d&#8217;affaires, traductrice, m\u00e9c\u00e8ne&#8230; Aujourd&#8217;hui, la galerie Larock-Granoff, reprise par son neveu puis ses petits-neveux \u00e0 la fin des ann\u00e9es 1980 poursuit l&#8217;oeuvre initi\u00e9e par la fondatrice et d\u00e9fend les plus grands abstraits de la seconde moiti\u00e9 du XXe si\u00e8cle (Hartung, Hanta\u00ef, Messagier, Rebeyrolle) tout en poursuivant la d\u00e9fense des artistes historiques et contemporains.<\/p>\n","protected":false},"excerpt":{"rendered":"<p>Il y a 100 ans \u00e9tait fond\u00e9e \u00e0 Paris la galerie Katia Granoff par une jeune femme russe qui rencontre son destin dans la Ville Lumi\u00e8re en 1924. Secr\u00e9taire au salon des Tuileries alors au Palais de Bois d&#8217;Auguste Perret, elle est encourag\u00e9e par de jeunes artistes exposants \u00e0 ouvrir sa propre galerie. Ils s&#8217;appellent [&hellip;]<\/p>\n","protected":false},"featured_media":44748,"template":"","meta":[],"product_cat":[2948],"product_tag":[],"acf":[],"yoast_head":"<!-- This site is optimized with the Yoast SEO plugin v20.11 - https:\/\/yoast.com\/wordpress\/plugins\/seo\/ -->\n<title>Larock-Granoff : Histoire d&#039;une galerie depuis 1924 - Librairie 7L<\/title>\n<meta name=\"robots\" content=\"index, follow, max-snippet:-1, max-image-preview:large, max-video-preview:-1\" \/>\n<link rel=\"canonical\" href=\"https:\/\/librairie7l.com\/en\/produit\/larock-granoff-histoire-dune-galerie-depuis-1924-2\/\" \/>\n<meta property=\"og:locale\" content=\"en_US\" \/>\n<meta property=\"og:type\" content=\"article\" \/>\n<meta property=\"og:title\" content=\"Larock-Granoff : Histoire d&#039;une galerie depuis 1924 - Librairie 7L\" \/>\n<meta property=\"og:description\" content=\"Il y a 100 ans \u00e9tait fond\u00e9e \u00e0 Paris la galerie Katia Granoff par une jeune femme russe qui rencontre son destin dans la Ville Lumi\u00e8re en 1924. Secr\u00e9taire au salon des Tuileries alors au Palais de Bois d&#8217;Auguste Perret, elle est encourag\u00e9e par de jeunes artistes exposants \u00e0 ouvrir sa propre galerie. Ils s&#8217;appellent [&hellip;]\" \/>\n<meta property=\"og:url\" content=\"https:\/\/librairie7l.com\/en\/produit\/larock-granoff-histoire-dune-galerie-depuis-1924-2\/\" \/>\n<meta property=\"og:site_name\" content=\"Librairie 7L\" \/>\n<meta property=\"article:modified_time\" content=\"2026-05-03T03:16:10+00:00\" \/>\n<meta property=\"og:image\" content=\"https:\/\/librairie7l.com\/wp-content\/uploads\/2024\/03\/9782362221118_1_75.jpg\" \/>\n\t<meta property=\"og:image:width\" content=\"600\" \/>\n\t<meta property=\"og:image:height\" content=\"786\" \/>\n\t<meta property=\"og:image:type\" content=\"image\/jpeg\" \/>\n<meta name=\"twitter:card\" content=\"summary_large_image\" \/>\n<meta name=\"twitter:label1\" content=\"Est. reading time\" \/>\n\t<meta name=\"twitter:data1\" content=\"1 minute\" \/>\n<script type=\"application\/ld+json\" class=\"yoast-schema-graph\">{\"@context\":\"https:\/\/schema.org\",\"@graph\":[{\"@type\":\"WebPage\",\"@id\":\"https:\/\/librairie7l.com\/en\/produit\/larock-granoff-histoire-dune-galerie-depuis-1924-2\/\",\"url\":\"https:\/\/librairie7l.com\/en\/produit\/larock-granoff-histoire-dune-galerie-depuis-1924-2\/\",\"name\":\"Larock-Granoff : Histoire d'une galerie depuis 1924 - Librairie 7L\",\"isPartOf\":{\"@id\":\"https:\/\/librairie7l.com\/en\/#website\"},\"datePublished\":\"2024-12-04T08:17:37+00:00\",\"dateModified\":\"2026-05-03T03:16:10+00:00\",\"breadcrumb\":{\"@id\":\"https:\/\/librairie7l.com\/en\/produit\/larock-granoff-histoire-dune-galerie-depuis-1924-2\/#breadcrumb\"},\"inLanguage\":\"en-US\",\"potentialAction\":[{\"@type\":\"ReadAction\",\"target\":[\"https:\/\/librairie7l.com\/en\/produit\/larock-granoff-histoire-dune-galerie-depuis-1924-2\/\"]}]},{\"@type\":\"BreadcrumbList\",\"@id\":\"https:\/\/librairie7l.com\/en\/produit\/larock-granoff-histoire-dune-galerie-depuis-1924-2\/#breadcrumb\",\"itemListElement\":[{\"@type\":\"ListItem\",\"position\":1,\"name\":\"Accueil\",\"item\":\"https:\/\/librairie7l.com\/en\/\"},{\"@type\":\"ListItem\",\"position\":2,\"name\":\"Shop\",\"item\":\"https:\/\/librairie7l.com\/en\/shop\/\"},{\"@type\":\"ListItem\",\"position\":3,\"name\":\"LAROCK-GRANOFF : HISTOIRE D&#8217;UNE GALERIE DEPUIS 1924\"}]},{\"@type\":\"WebSite\",\"@id\":\"https:\/\/librairie7l.com\/en\/#website\",\"url\":\"https:\/\/librairie7l.com\/en\/\",\"name\":\"Librairie 7L\",\"description\":\"Librairie fond\u00e9e en 1999 par Karl Lagerfeld \u00e0 Paris\",\"publisher\":{\"@id\":\"https:\/\/librairie7l.com\/en\/#organization\"},\"potentialAction\":[{\"@type\":\"SearchAction\",\"target\":{\"@type\":\"EntryPoint\",\"urlTemplate\":\"https:\/\/librairie7l.com\/en\/?s={search_term_string}\"},\"query-input\":\"required name=search_term_string\"}],\"inLanguage\":\"en-US\"},{\"@type\":\"Organization\",\"@id\":\"https:\/\/librairie7l.com\/en\/#organization\",\"name\":\"Librairie 7L\",\"url\":\"https:\/\/librairie7l.com\/en\/\",\"logo\":{\"@type\":\"ImageObject\",\"inLanguage\":\"en-US\",\"@id\":\"https:\/\/librairie7l.com\/en\/#\/schema\/logo\/image\/\",\"url\":\"https:\/\/librairie7l.com\/wp-content\/uploads\/2022\/08\/logo-1.png\",\"contentUrl\":\"https:\/\/librairie7l.com\/wp-content\/uploads\/2022\/08\/logo-1.png\",\"width\":227,\"height\":301,\"caption\":\"Librairie 7L\"},\"image\":{\"@id\":\"https:\/\/librairie7l.com\/en\/#\/schema\/logo\/image\/\"}}]}<\/script>\n<!-- \/ Yoast SEO plugin. -->","yoast_head_json":{"title":"Larock-Granoff : Histoire d'une galerie depuis 1924 - Librairie 7L","robots":{"index":"index","follow":"follow","max-snippet":"max-snippet:-1","max-image-preview":"max-image-preview:large","max-video-preview":"max-video-preview:-1"},"canonical":"https:\/\/librairie7l.com\/en\/produit\/larock-granoff-histoire-dune-galerie-depuis-1924-2\/","og_locale":"en_US","og_type":"article","og_title":"Larock-Granoff : Histoire d'une galerie depuis 1924 - Librairie 7L","og_description":"Il y a 100 ans \u00e9tait fond\u00e9e \u00e0 Paris la galerie Katia Granoff par une jeune femme russe qui rencontre son destin dans la Ville Lumi\u00e8re en 1924. Secr\u00e9taire au salon des Tuileries alors au Palais de Bois d&#8217;Auguste Perret, elle est encourag\u00e9e par de jeunes artistes exposants \u00e0 ouvrir sa propre galerie. Ils s&#8217;appellent [&hellip;]","og_url":"https:\/\/librairie7l.com\/en\/produit\/larock-granoff-histoire-dune-galerie-depuis-1924-2\/","og_site_name":"Librairie 7L","article_modified_time":"2026-05-03T03:16:10+00:00","og_image":[{"width":600,"height":786,"url":"https:\/\/librairie7l.com\/wp-content\/uploads\/2024\/03\/9782362221118_1_75.jpg","type":"image\/jpeg"}],"twitter_card":"summary_large_image","twitter_misc":{"Est. reading time":"1 minute"},"schema":{"@context":"https:\/\/schema.org","@graph":[{"@type":"WebPage","@id":"https:\/\/librairie7l.com\/en\/produit\/larock-granoff-histoire-dune-galerie-depuis-1924-2\/","url":"https:\/\/librairie7l.com\/en\/produit\/larock-granoff-histoire-dune-galerie-depuis-1924-2\/","name":"Larock-Granoff : Histoire d'une galerie depuis 1924 - Librairie 7L","isPartOf":{"@id":"https:\/\/librairie7l.com\/en\/#website"},"datePublished":"2024-12-04T08:17:37+00:00","dateModified":"2026-05-03T03:16:10+00:00","breadcrumb":{"@id":"https:\/\/librairie7l.com\/en\/produit\/larock-granoff-histoire-dune-galerie-depuis-1924-2\/#breadcrumb"},"inLanguage":"en-US","potentialAction":[{"@type":"ReadAction","target":["https:\/\/librairie7l.com\/en\/produit\/larock-granoff-histoire-dune-galerie-depuis-1924-2\/"]}]},{"@type":"BreadcrumbList","@id":"https:\/\/librairie7l.com\/en\/produit\/larock-granoff-histoire-dune-galerie-depuis-1924-2\/#breadcrumb","itemListElement":[{"@type":"ListItem","position":1,"name":"Accueil","item":"https:\/\/librairie7l.com\/en\/"},{"@type":"ListItem","position":2,"name":"Shop","item":"https:\/\/librairie7l.com\/en\/shop\/"},{"@type":"ListItem","position":3,"name":"LAROCK-GRANOFF : HISTOIRE D&#8217;UNE GALERIE DEPUIS 1924"}]},{"@type":"WebSite","@id":"https:\/\/librairie7l.com\/en\/#website","url":"https:\/\/librairie7l.com\/en\/","name":"Librairie 7L","description":"Librairie fond\u00e9e en 1999 par Karl Lagerfeld \u00e0 Paris","publisher":{"@id":"https:\/\/librairie7l.com\/en\/#organization"},"potentialAction":[{"@type":"SearchAction","target":{"@type":"EntryPoint","urlTemplate":"https:\/\/librairie7l.com\/en\/?s={search_term_string}"},"query-input":"required name=search_term_string"}],"inLanguage":"en-US"},{"@type":"Organization","@id":"https:\/\/librairie7l.com\/en\/#organization","name":"Librairie 7L","url":"https:\/\/librairie7l.com\/en\/","logo":{"@type":"ImageObject","inLanguage":"en-US","@id":"https:\/\/librairie7l.com\/en\/#\/schema\/logo\/image\/","url":"https:\/\/librairie7l.com\/wp-content\/uploads\/2022\/08\/logo-1.png","contentUrl":"https:\/\/librairie7l.com\/wp-content\/uploads\/2022\/08\/logo-1.png","width":227,"height":301,"caption":"Librairie 7L"},"image":{"@id":"https:\/\/librairie7l.com\/en\/#\/schema\/logo\/image\/"}}]}},"_links":{"self":[{"href":"https:\/\/librairie7l.com\/en\/wp-json\/wp\/v2\/product\/44750"}],"collection":[{"href":"https:\/\/librairie7l.com\/en\/wp-json\/wp\/v2\/product"}],"about":[{"href":"https:\/\/librairie7l.com\/en\/wp-json\/wp\/v2\/types\/product"}],"wp:featuredmedia":[{"embeddable":true,"href":"https:\/\/librairie7l.com\/en\/wp-json\/wp\/v2\/media\/44748"}],"wp:attachment":[{"href":"https:\/\/librairie7l.com\/en\/wp-json\/wp\/v2\/media?parent=44750"}],"wp:term":[{"taxonomy":"product_cat","embeddable":true,"href":"https:\/\/librairie7l.com\/en\/wp-json\/wp\/v2\/product_cat?post=44750"},{"taxonomy":"product_tag","embeddable":true,"href":"https:\/\/librairie7l.com\/en\/wp-json\/wp\/v2\/product_tag?post=44750"}],"curies":[{"name":"wp","href":"https:\/\/api.w.org\/{rel}","templated":true}]}}