{"id":44758,"date":"2024-12-04T09:17:44","date_gmt":"2024-12-04T08:17:44","guid":{"rendered":"https:\/\/librairie7l.com\/?post_type=product&#038;p=44758"},"modified":"2026-04-06T02:55:17","modified_gmt":"2026-04-06T00:55:17","slug":"etapes-de-mode-tome-4-processus-de-collection-2","status":"publish","type":"product","link":"https:\/\/librairie7l.com\/en\/produit\/etapes-de-mode-tome-4-processus-de-collection-2\/","title":{"rendered":"\u00c9TAPES DE MODE TOME 4 ; PROCESSUS DE COLLECTION"},"content":{"rendered":"<p>Cet ouvrage vous ouvre les portes sur l&#8217;envers du d\u00e9cor, et vous permet de comprendre comment les collections prennent vie, s&#8217;organisent et se fabriquent. Si le secteur de la mode est tr\u00e8s fragment\u00e9, le processus de collection est quant \u00e0 lui universel dans les phases qui le composent et les intervenants qui y prennent part.<\/p>\n","protected":false},"excerpt":{"rendered":"<p>Cet ouvrage vous ouvre les portes sur l&#8217;envers du d\u00e9cor, et vous permet de comprendre comment les collections prennent vie, s&#8217;organisent et se fabriquent. Si le secteur de la mode est tr\u00e8s fragment\u00e9, le processus de collection est quant \u00e0 lui universel dans les phases qui le composent et les intervenants qui y prennent part.<\/p>\n","protected":false},"featured_media":44756,"template":"","meta":[],"product_cat":[2948],"product_tag":[],"acf":[],"yoast_head":"<!-- This site is optimized with the Yoast SEO plugin v20.11 - https:\/\/yoast.com\/wordpress\/plugins\/seo\/ -->\n<title>\u00e9tapes de mode Tome 4 ; processus de collection - Librairie 7L<\/title>\n<meta name=\"robots\" content=\"index, follow, max-snippet:-1, max-image-preview:large, max-video-preview:-1\" \/>\n<link rel=\"canonical\" href=\"https:\/\/librairie7l.com\/en\/produit\/etapes-de-mode-tome-4-processus-de-collection-2\/\" \/>\n<meta property=\"og:locale\" content=\"en_US\" \/>\n<meta property=\"og:type\" content=\"article\" \/>\n<meta property=\"og:title\" content=\"\u00e9tapes de mode Tome 4 ; processus de collection - Librairie 7L\" \/>\n<meta property=\"og:description\" content=\"Cet ouvrage vous ouvre les portes sur l&#8217;envers du d\u00e9cor, et vous permet de comprendre comment les collections prennent vie, s&#8217;organisent et se fabriquent. Si le secteur de la mode est tr\u00e8s fragment\u00e9, le processus de collection est quant \u00e0 lui universel dans les phases qui le composent et les intervenants qui y prennent part.\" \/>\n<meta property=\"og:url\" content=\"https:\/\/librairie7l.com\/en\/produit\/etapes-de-mode-tome-4-processus-de-collection-2\/\" \/>\n<meta property=\"og:site_name\" content=\"Librairie 7L\" \/>\n<meta property=\"article:modified_time\" content=\"2026-04-06T00:55:17+00:00\" \/>\n<meta property=\"og:image\" content=\"https:\/\/librairie7l.com\/wp-content\/uploads\/2010\/06\/9782909617282_1_75.jpg\" \/>\n\t<meta property=\"og:image:width\" content=\"600\" \/>\n\t<meta property=\"og:image:height\" content=\"828\" \/>\n\t<meta property=\"og:image:type\" content=\"image\/jpeg\" \/>\n<meta name=\"twitter:card\" content=\"summary_large_image\" \/>\n<script type=\"application\/ld+json\" class=\"yoast-schema-graph\">{\"@context\":\"https:\/\/schema.org\",\"@graph\":[{\"@type\":\"WebPage\",\"@id\":\"https:\/\/librairie7l.com\/en\/produit\/etapes-de-mode-tome-4-processus-de-collection-2\/\",\"url\":\"https:\/\/librairie7l.com\/en\/produit\/etapes-de-mode-tome-4-processus-de-collection-2\/\",\"name\":\"\u00e9tapes de mode Tome 4 ; processus de collection - Librairie 7L\",\"isPartOf\":{\"@id\":\"https:\/\/librairie7l.com\/en\/#website\"},\"datePublished\":\"2024-12-04T08:17:44+00:00\",\"dateModified\":\"2026-04-06T00:55:17+00:00\",\"breadcrumb\":{\"@id\":\"https:\/\/librairie7l.com\/en\/produit\/etapes-de-mode-tome-4-processus-de-collection-2\/#breadcrumb\"},\"inLanguage\":\"en-US\",\"potentialAction\":[{\"@type\":\"ReadAction\",\"target\":[\"https:\/\/librairie7l.com\/en\/produit\/etapes-de-mode-tome-4-processus-de-collection-2\/\"]}]},{\"@type\":\"BreadcrumbList\",\"@id\":\"https:\/\/librairie7l.com\/en\/produit\/etapes-de-mode-tome-4-processus-de-collection-2\/#breadcrumb\",\"itemListElement\":[{\"@type\":\"ListItem\",\"position\":1,\"name\":\"Accueil\",\"item\":\"https:\/\/librairie7l.com\/en\/\"},{\"@type\":\"ListItem\",\"position\":2,\"name\":\"Shop\",\"item\":\"https:\/\/librairie7l.com\/en\/shop\/\"},{\"@type\":\"ListItem\",\"position\":3,\"name\":\"\u00c9TAPES DE MODE TOME 4 ; PROCESSUS DE COLLECTION\"}]},{\"@type\":\"WebSite\",\"@id\":\"https:\/\/librairie7l.com\/en\/#website\",\"url\":\"https:\/\/librairie7l.com\/en\/\",\"name\":\"Librairie 7L\",\"description\":\"Librairie fond\u00e9e en 1999 par Karl Lagerfeld \u00e0 Paris\",\"publisher\":{\"@id\":\"https:\/\/librairie7l.com\/en\/#organization\"},\"potentialAction\":[{\"@type\":\"SearchAction\",\"target\":{\"@type\":\"EntryPoint\",\"urlTemplate\":\"https:\/\/librairie7l.com\/en\/?s={search_term_string}\"},\"query-input\":\"required name=search_term_string\"}],\"inLanguage\":\"en-US\"},{\"@type\":\"Organization\",\"@id\":\"https:\/\/librairie7l.com\/en\/#organization\",\"name\":\"Librairie 7L\",\"url\":\"https:\/\/librairie7l.com\/en\/\",\"logo\":{\"@type\":\"ImageObject\",\"inLanguage\":\"en-US\",\"@id\":\"https:\/\/librairie7l.com\/en\/#\/schema\/logo\/image\/\",\"url\":\"https:\/\/librairie7l.com\/wp-content\/uploads\/2022\/08\/logo-1.png\",\"contentUrl\":\"https:\/\/librairie7l.com\/wp-content\/uploads\/2022\/08\/logo-1.png\",\"width\":227,\"height\":301,\"caption\":\"Librairie 7L\"},\"image\":{\"@id\":\"https:\/\/librairie7l.com\/en\/#\/schema\/logo\/image\/\"}}]}<\/script>\n<!-- \/ Yoast SEO plugin. -->","yoast_head_json":{"title":"\u00e9tapes de mode Tome 4 ; processus de collection - Librairie 7L","robots":{"index":"index","follow":"follow","max-snippet":"max-snippet:-1","max-image-preview":"max-image-preview:large","max-video-preview":"max-video-preview:-1"},"canonical":"https:\/\/librairie7l.com\/en\/produit\/etapes-de-mode-tome-4-processus-de-collection-2\/","og_locale":"en_US","og_type":"article","og_title":"\u00e9tapes de mode Tome 4 ; processus de collection - Librairie 7L","og_description":"Cet ouvrage vous ouvre les portes sur l&#8217;envers du d\u00e9cor, et vous permet de comprendre comment les collections prennent vie, s&#8217;organisent et se fabriquent. Si le secteur de la mode est tr\u00e8s fragment\u00e9, le processus de collection est quant \u00e0 lui universel dans les phases qui le composent et les intervenants qui y prennent part.","og_url":"https:\/\/librairie7l.com\/en\/produit\/etapes-de-mode-tome-4-processus-de-collection-2\/","og_site_name":"Librairie 7L","article_modified_time":"2026-04-06T00:55:17+00:00","og_image":[{"width":600,"height":828,"url":"https:\/\/librairie7l.com\/wp-content\/uploads\/2010\/06\/9782909617282_1_75.jpg","type":"image\/jpeg"}],"twitter_card":"summary_large_image","schema":{"@context":"https:\/\/schema.org","@graph":[{"@type":"WebPage","@id":"https:\/\/librairie7l.com\/en\/produit\/etapes-de-mode-tome-4-processus-de-collection-2\/","url":"https:\/\/librairie7l.com\/en\/produit\/etapes-de-mode-tome-4-processus-de-collection-2\/","name":"\u00e9tapes de mode Tome 4 ; processus de collection - Librairie 7L","isPartOf":{"@id":"https:\/\/librairie7l.com\/en\/#website"},"datePublished":"2024-12-04T08:17:44+00:00","dateModified":"2026-04-06T00:55:17+00:00","breadcrumb":{"@id":"https:\/\/librairie7l.com\/en\/produit\/etapes-de-mode-tome-4-processus-de-collection-2\/#breadcrumb"},"inLanguage":"en-US","potentialAction":[{"@type":"ReadAction","target":["https:\/\/librairie7l.com\/en\/produit\/etapes-de-mode-tome-4-processus-de-collection-2\/"]}]},{"@type":"BreadcrumbList","@id":"https:\/\/librairie7l.com\/en\/produit\/etapes-de-mode-tome-4-processus-de-collection-2\/#breadcrumb","itemListElement":[{"@type":"ListItem","position":1,"name":"Accueil","item":"https:\/\/librairie7l.com\/en\/"},{"@type":"ListItem","position":2,"name":"Shop","item":"https:\/\/librairie7l.com\/en\/shop\/"},{"@type":"ListItem","position":3,"name":"\u00c9TAPES DE MODE TOME 4 ; PROCESSUS DE COLLECTION"}]},{"@type":"WebSite","@id":"https:\/\/librairie7l.com\/en\/#website","url":"https:\/\/librairie7l.com\/en\/","name":"Librairie 7L","description":"Librairie fond\u00e9e en 1999 par Karl Lagerfeld \u00e0 Paris","publisher":{"@id":"https:\/\/librairie7l.com\/en\/#organization"},"potentialAction":[{"@type":"SearchAction","target":{"@type":"EntryPoint","urlTemplate":"https:\/\/librairie7l.com\/en\/?s={search_term_string}"},"query-input":"required name=search_term_string"}],"inLanguage":"en-US"},{"@type":"Organization","@id":"https:\/\/librairie7l.com\/en\/#organization","name":"Librairie 7L","url":"https:\/\/librairie7l.com\/en\/","logo":{"@type":"ImageObject","inLanguage":"en-US","@id":"https:\/\/librairie7l.com\/en\/#\/schema\/logo\/image\/","url":"https:\/\/librairie7l.com\/wp-content\/uploads\/2022\/08\/logo-1.png","contentUrl":"https:\/\/librairie7l.com\/wp-content\/uploads\/2022\/08\/logo-1.png","width":227,"height":301,"caption":"Librairie 7L"},"image":{"@id":"https:\/\/librairie7l.com\/en\/#\/schema\/logo\/image\/"}}]}},"_links":{"self":[{"href":"https:\/\/librairie7l.com\/en\/wp-json\/wp\/v2\/product\/44758"}],"collection":[{"href":"https:\/\/librairie7l.com\/en\/wp-json\/wp\/v2\/product"}],"about":[{"href":"https:\/\/librairie7l.com\/en\/wp-json\/wp\/v2\/types\/product"}],"wp:featuredmedia":[{"embeddable":true,"href":"https:\/\/librairie7l.com\/en\/wp-json\/wp\/v2\/media\/44756"}],"wp:attachment":[{"href":"https:\/\/librairie7l.com\/en\/wp-json\/wp\/v2\/media?parent=44758"}],"wp:term":[{"taxonomy":"product_cat","embeddable":true,"href":"https:\/\/librairie7l.com\/en\/wp-json\/wp\/v2\/product_cat?post=44758"},{"taxonomy":"product_tag","embeddable":true,"href":"https:\/\/librairie7l.com\/en\/wp-json\/wp\/v2\/product_tag?post=44758"}],"curies":[{"name":"wp","href":"https:\/\/api.w.org\/{rel}","templated":true}]}}