{"id":44766,"date":"2024-12-04T09:17:51","date_gmt":"2024-12-04T08:17:51","guid":{"rendered":"https:\/\/librairie7l.com\/?post_type=product&#038;p=44766"},"modified":"2026-04-06T02:56:50","modified_gmt":"2026-04-06T00:56:50","slug":"lart-du-tailleur-the-art-of-tailoring-2","status":"publish","type":"product","link":"https:\/\/librairie7l.com\/en\/produit\/lart-du-tailleur-the-art-of-tailoring-2\/","title":{"rendered":"L&#8217;ART DU TAILLEUR ; THE ART OF TAILORING"},"content":{"rendered":"<p>Gr\u00e2ce \u00e0 son savoir-faire h\u00e9rit\u00e9 des grands tailleurs parisiens, Yukio Kakita vous am\u00e8ne dans cet ouvrage \u00e0 comprendre toute la sensibilit\u00e9 des techniques de fabrication du tailleur. Etape par \u00e9tape, suivez ce cheminement o\u00f9 les lignes et les volumes soulign\u00e9s par la structure int\u00e9rieure du v\u00eatement s&#8217;exprimeront selon votre d\u00e9sir et vous am\u00e8neront du Pr\u00eat-\u00e0-porter de Luxe f\u00e9minin au Sur-mesure du tailleur masculin, \u00e0 d\u00e9couvrir&#8230; l&#8217;Art du tailleur.<\/p>\n<p>Thanks to the skills he inherited while working with the top Parisian tailors, Yukio Kakita helps us understand the sensitivity and techniques required to make a tailored jacket. In a step-by-step explanation, he shows the processes where line and shape, supported by a garment&#8217;s inner structure, will help you express your desires and take you from women&#8217;s Luxury Ready-to-Wear to the Bespoke techniques used to make men&#8217;s jackets. Discover&#8230; The Art ot Tailoring.<\/p>\n","protected":false},"excerpt":{"rendered":"<p>Gr\u00e2ce \u00e0 son savoir-faire h\u00e9rit\u00e9 des grands tailleurs parisiens, Yukio Kakita vous am\u00e8ne dans cet ouvrage \u00e0 comprendre toute la sensibilit\u00e9 des techniques de fabrication du tailleur. Etape par \u00e9tape, suivez ce cheminement o\u00f9 les lignes et les volumes soulign\u00e9s par la structure int\u00e9rieure du v\u00eatement s&#8217;exprimeront selon votre d\u00e9sir et vous am\u00e8neront du Pr\u00eat-\u00e0-porter [&hellip;]<\/p>\n","protected":false},"featured_media":44764,"template":"","meta":[],"product_cat":[2948],"product_tag":[],"acf":[],"yoast_head":"<!-- This site is optimized with the Yoast SEO plugin v20.11 - https:\/\/yoast.com\/wordpress\/plugins\/seo\/ -->\n<title>L&#039;art du tailleur ; the art of tailoring - Librairie 7L<\/title>\n<meta name=\"robots\" content=\"index, follow, max-snippet:-1, max-image-preview:large, max-video-preview:-1\" \/>\n<link rel=\"canonical\" href=\"https:\/\/librairie7l.com\/en\/produit\/lart-du-tailleur-the-art-of-tailoring-2\/\" \/>\n<meta property=\"og:locale\" content=\"en_US\" \/>\n<meta property=\"og:type\" content=\"article\" \/>\n<meta property=\"og:title\" content=\"L&#039;art du tailleur ; the art of tailoring - Librairie 7L\" \/>\n<meta property=\"og:description\" content=\"Gr\u00e2ce \u00e0 son savoir-faire h\u00e9rit\u00e9 des grands tailleurs parisiens, Yukio Kakita vous am\u00e8ne dans cet ouvrage \u00e0 comprendre toute la sensibilit\u00e9 des techniques de fabrication du tailleur. Etape par \u00e9tape, suivez ce cheminement o\u00f9 les lignes et les volumes soulign\u00e9s par la structure int\u00e9rieure du v\u00eatement s&#8217;exprimeront selon votre d\u00e9sir et vous am\u00e8neront du Pr\u00eat-\u00e0-porter [&hellip;]\" \/>\n<meta property=\"og:url\" content=\"https:\/\/librairie7l.com\/en\/produit\/lart-du-tailleur-the-art-of-tailoring-2\/\" \/>\n<meta property=\"og:site_name\" content=\"Librairie 7L\" \/>\n<meta property=\"article:modified_time\" content=\"2026-04-06T00:56:50+00:00\" \/>\n<meta property=\"og:image\" content=\"https:\/\/librairie7l.com\/wp-content\/uploads\/2014\/03\/9782909617435_1_75.jpg\" \/>\n\t<meta property=\"og:image:width\" content=\"1000\" \/>\n\t<meta property=\"og:image:height\" content=\"1428\" \/>\n\t<meta property=\"og:image:type\" content=\"image\/jpeg\" \/>\n<meta name=\"twitter:card\" content=\"summary_large_image\" \/>\n<meta name=\"twitter:label1\" content=\"Est. reading time\" \/>\n\t<meta name=\"twitter:data1\" content=\"1 minute\" \/>\n<script type=\"application\/ld+json\" class=\"yoast-schema-graph\">{\"@context\":\"https:\/\/schema.org\",\"@graph\":[{\"@type\":\"WebPage\",\"@id\":\"https:\/\/librairie7l.com\/en\/produit\/lart-du-tailleur-the-art-of-tailoring-2\/\",\"url\":\"https:\/\/librairie7l.com\/en\/produit\/lart-du-tailleur-the-art-of-tailoring-2\/\",\"name\":\"L'art du tailleur ; the art of tailoring - Librairie 7L\",\"isPartOf\":{\"@id\":\"https:\/\/librairie7l.com\/en\/#website\"},\"datePublished\":\"2024-12-04T08:17:51+00:00\",\"dateModified\":\"2026-04-06T00:56:50+00:00\",\"breadcrumb\":{\"@id\":\"https:\/\/librairie7l.com\/en\/produit\/lart-du-tailleur-the-art-of-tailoring-2\/#breadcrumb\"},\"inLanguage\":\"en-US\",\"potentialAction\":[{\"@type\":\"ReadAction\",\"target\":[\"https:\/\/librairie7l.com\/en\/produit\/lart-du-tailleur-the-art-of-tailoring-2\/\"]}]},{\"@type\":\"BreadcrumbList\",\"@id\":\"https:\/\/librairie7l.com\/en\/produit\/lart-du-tailleur-the-art-of-tailoring-2\/#breadcrumb\",\"itemListElement\":[{\"@type\":\"ListItem\",\"position\":1,\"name\":\"Accueil\",\"item\":\"https:\/\/librairie7l.com\/en\/\"},{\"@type\":\"ListItem\",\"position\":2,\"name\":\"Shop\",\"item\":\"https:\/\/librairie7l.com\/en\/shop\/\"},{\"@type\":\"ListItem\",\"position\":3,\"name\":\"L&#8217;ART DU TAILLEUR ; THE ART OF TAILORING\"}]},{\"@type\":\"WebSite\",\"@id\":\"https:\/\/librairie7l.com\/en\/#website\",\"url\":\"https:\/\/librairie7l.com\/en\/\",\"name\":\"Librairie 7L\",\"description\":\"Librairie fond\u00e9e en 1999 par Karl Lagerfeld \u00e0 Paris\",\"publisher\":{\"@id\":\"https:\/\/librairie7l.com\/en\/#organization\"},\"potentialAction\":[{\"@type\":\"SearchAction\",\"target\":{\"@type\":\"EntryPoint\",\"urlTemplate\":\"https:\/\/librairie7l.com\/en\/?s={search_term_string}\"},\"query-input\":\"required name=search_term_string\"}],\"inLanguage\":\"en-US\"},{\"@type\":\"Organization\",\"@id\":\"https:\/\/librairie7l.com\/en\/#organization\",\"name\":\"Librairie 7L\",\"url\":\"https:\/\/librairie7l.com\/en\/\",\"logo\":{\"@type\":\"ImageObject\",\"inLanguage\":\"en-US\",\"@id\":\"https:\/\/librairie7l.com\/en\/#\/schema\/logo\/image\/\",\"url\":\"https:\/\/librairie7l.com\/wp-content\/uploads\/2022\/08\/logo-1.png\",\"contentUrl\":\"https:\/\/librairie7l.com\/wp-content\/uploads\/2022\/08\/logo-1.png\",\"width\":227,\"height\":301,\"caption\":\"Librairie 7L\"},\"image\":{\"@id\":\"https:\/\/librairie7l.com\/en\/#\/schema\/logo\/image\/\"}}]}<\/script>\n<!-- \/ Yoast SEO plugin. -->","yoast_head_json":{"title":"L'art du tailleur ; the art of tailoring - Librairie 7L","robots":{"index":"index","follow":"follow","max-snippet":"max-snippet:-1","max-image-preview":"max-image-preview:large","max-video-preview":"max-video-preview:-1"},"canonical":"https:\/\/librairie7l.com\/en\/produit\/lart-du-tailleur-the-art-of-tailoring-2\/","og_locale":"en_US","og_type":"article","og_title":"L'art du tailleur ; the art of tailoring - Librairie 7L","og_description":"Gr\u00e2ce \u00e0 son savoir-faire h\u00e9rit\u00e9 des grands tailleurs parisiens, Yukio Kakita vous am\u00e8ne dans cet ouvrage \u00e0 comprendre toute la sensibilit\u00e9 des techniques de fabrication du tailleur. Etape par \u00e9tape, suivez ce cheminement o\u00f9 les lignes et les volumes soulign\u00e9s par la structure int\u00e9rieure du v\u00eatement s&#8217;exprimeront selon votre d\u00e9sir et vous am\u00e8neront du Pr\u00eat-\u00e0-porter [&hellip;]","og_url":"https:\/\/librairie7l.com\/en\/produit\/lart-du-tailleur-the-art-of-tailoring-2\/","og_site_name":"Librairie 7L","article_modified_time":"2026-04-06T00:56:50+00:00","og_image":[{"width":1000,"height":1428,"url":"https:\/\/librairie7l.com\/wp-content\/uploads\/2014\/03\/9782909617435_1_75.jpg","type":"image\/jpeg"}],"twitter_card":"summary_large_image","twitter_misc":{"Est. reading time":"1 minute"},"schema":{"@context":"https:\/\/schema.org","@graph":[{"@type":"WebPage","@id":"https:\/\/librairie7l.com\/en\/produit\/lart-du-tailleur-the-art-of-tailoring-2\/","url":"https:\/\/librairie7l.com\/en\/produit\/lart-du-tailleur-the-art-of-tailoring-2\/","name":"L'art du tailleur ; the art of tailoring - Librairie 7L","isPartOf":{"@id":"https:\/\/librairie7l.com\/en\/#website"},"datePublished":"2024-12-04T08:17:51+00:00","dateModified":"2026-04-06T00:56:50+00:00","breadcrumb":{"@id":"https:\/\/librairie7l.com\/en\/produit\/lart-du-tailleur-the-art-of-tailoring-2\/#breadcrumb"},"inLanguage":"en-US","potentialAction":[{"@type":"ReadAction","target":["https:\/\/librairie7l.com\/en\/produit\/lart-du-tailleur-the-art-of-tailoring-2\/"]}]},{"@type":"BreadcrumbList","@id":"https:\/\/librairie7l.com\/en\/produit\/lart-du-tailleur-the-art-of-tailoring-2\/#breadcrumb","itemListElement":[{"@type":"ListItem","position":1,"name":"Accueil","item":"https:\/\/librairie7l.com\/en\/"},{"@type":"ListItem","position":2,"name":"Shop","item":"https:\/\/librairie7l.com\/en\/shop\/"},{"@type":"ListItem","position":3,"name":"L&#8217;ART DU TAILLEUR ; THE ART OF TAILORING"}]},{"@type":"WebSite","@id":"https:\/\/librairie7l.com\/en\/#website","url":"https:\/\/librairie7l.com\/en\/","name":"Librairie 7L","description":"Librairie fond\u00e9e en 1999 par Karl Lagerfeld \u00e0 Paris","publisher":{"@id":"https:\/\/librairie7l.com\/en\/#organization"},"potentialAction":[{"@type":"SearchAction","target":{"@type":"EntryPoint","urlTemplate":"https:\/\/librairie7l.com\/en\/?s={search_term_string}"},"query-input":"required name=search_term_string"}],"inLanguage":"en-US"},{"@type":"Organization","@id":"https:\/\/librairie7l.com\/en\/#organization","name":"Librairie 7L","url":"https:\/\/librairie7l.com\/en\/","logo":{"@type":"ImageObject","inLanguage":"en-US","@id":"https:\/\/librairie7l.com\/en\/#\/schema\/logo\/image\/","url":"https:\/\/librairie7l.com\/wp-content\/uploads\/2022\/08\/logo-1.png","contentUrl":"https:\/\/librairie7l.com\/wp-content\/uploads\/2022\/08\/logo-1.png","width":227,"height":301,"caption":"Librairie 7L"},"image":{"@id":"https:\/\/librairie7l.com\/en\/#\/schema\/logo\/image\/"}}]}},"_links":{"self":[{"href":"https:\/\/librairie7l.com\/en\/wp-json\/wp\/v2\/product\/44766"}],"collection":[{"href":"https:\/\/librairie7l.com\/en\/wp-json\/wp\/v2\/product"}],"about":[{"href":"https:\/\/librairie7l.com\/en\/wp-json\/wp\/v2\/types\/product"}],"wp:featuredmedia":[{"embeddable":true,"href":"https:\/\/librairie7l.com\/en\/wp-json\/wp\/v2\/media\/44764"}],"wp:attachment":[{"href":"https:\/\/librairie7l.com\/en\/wp-json\/wp\/v2\/media?parent=44766"}],"wp:term":[{"taxonomy":"product_cat","embeddable":true,"href":"https:\/\/librairie7l.com\/en\/wp-json\/wp\/v2\/product_cat?post=44766"},{"taxonomy":"product_tag","embeddable":true,"href":"https:\/\/librairie7l.com\/en\/wp-json\/wp\/v2\/product_tag?post=44766"}],"curies":[{"name":"wp","href":"https:\/\/api.w.org\/{rel}","templated":true}]}}