{"id":44778,"date":"2024-12-04T09:17:58","date_gmt":"2024-12-04T08:17:58","guid":{"rendered":"https:\/\/librairie7l.com\/?post_type=product&#038;p=44778"},"modified":"2026-04-17T05:57:38","modified_gmt":"2026-04-17T03:57:38","slug":"le-ruban-cest-la-mode-2","status":"publish","type":"product","link":"https:\/\/librairie7l.com\/en\/produit\/le-ruban-cest-la-mode-2\/","title":{"rendered":"LE RUBAN ; C&#8217;EST LA MODE"},"content":{"rendered":"<p>La rubanerie a fortement marqu\u00e9 la ville de Saint-Etienne par son essor de la fin du 18\u00e8me si\u00e8cle jusqu&#8217;\u00e0 nos jours.<br \/>\nLes cinquante \u00e0 deux cents fabricants qui animaient les \u00ab maisons \u00bb adaptaient p\u00e9riodiquement les articles aux visages changeants de la mode et \u00e0 de nouveaux usages.<br \/>\nLe remarquable socle de savoirs et savoir-faire \u00e9difi\u00e9 par les techniciens et grands ouvriers \u00ab passementiers \u00bb a nourri toutes les transformations et r\u00e9adaptations n\u00e9cessaires \u00e0 la maintenance de l&#8217;activit\u00e9 rubani\u00e8re jusqu&#8217;\u00e0 aujourd&#8217;hui. Cette base culturelle tr\u00e8s riche li\u00e9e au m\u00e9tier et partag\u00e9e par une tr\u00e8s nombreuse population cr\u00e9atrice et technicienne repr\u00e9sente un capital productif toujours sollicit\u00e9.<br \/>\nAu travers de contributions pluridisciplinaires, ce catalogue fournit un \u00e9clairage sur l&#8217;essor, l&#8217;organisation sociale et spatiale et l&#8217;histoire de cette industrie de la soie.<br \/>\nEnrichies de photographies des collections de rubans du Mus\u00e9e d&#8217;Art et d&#8217;Industrie et de reportages photographiques sur les savoir-faires, l&#8217;ouvrage restitue avec sensibilit\u00e9 l&#8217;histoire de cette industrie cr\u00e9ative.<\/p>\n<p>Exposition : Saint-\u00c9tienne, Mus\u00e9e d&#8217;Art et d&#8217;Industrie, du 2 juin 2016 au 2 janvier 2017<\/p>\n","protected":false},"excerpt":{"rendered":"<p>La rubanerie a fortement marqu\u00e9 la ville de Saint-Etienne par son essor de la fin du 18\u00e8me si\u00e8cle jusqu&#8217;\u00e0 nos jours. Les cinquante \u00e0 deux cents fabricants qui animaient les \u00ab maisons \u00bb adaptaient p\u00e9riodiquement les articles aux visages changeants de la mode et \u00e0 de nouveaux usages. Le remarquable socle de savoirs et savoir-faire [&hellip;]<\/p>\n","protected":false},"featured_media":44776,"template":"","meta":[],"product_cat":[2948],"product_tag":[],"acf":[],"yoast_head":"<!-- This site is optimized with the Yoast SEO plugin v20.11 - https:\/\/yoast.com\/wordpress\/plugins\/seo\/ -->\n<title>Le ruban ; c&#039;est la mode - Librairie 7L<\/title>\n<meta name=\"robots\" content=\"index, follow, max-snippet:-1, max-image-preview:large, max-video-preview:-1\" \/>\n<link rel=\"canonical\" href=\"https:\/\/librairie7l.com\/en\/produit\/le-ruban-cest-la-mode-2\/\" \/>\n<meta property=\"og:locale\" content=\"en_US\" \/>\n<meta property=\"og:type\" content=\"article\" \/>\n<meta property=\"og:title\" content=\"Le ruban ; c&#039;est la mode - Librairie 7L\" \/>\n<meta property=\"og:description\" content=\"La rubanerie a fortement marqu\u00e9 la ville de Saint-Etienne par son essor de la fin du 18\u00e8me si\u00e8cle jusqu&#8217;\u00e0 nos jours. Les cinquante \u00e0 deux cents fabricants qui animaient les \u00ab maisons \u00bb adaptaient p\u00e9riodiquement les articles aux visages changeants de la mode et \u00e0 de nouveaux usages. Le remarquable socle de savoirs et savoir-faire [&hellip;]\" \/>\n<meta property=\"og:url\" content=\"https:\/\/librairie7l.com\/en\/produit\/le-ruban-cest-la-mode-2\/\" \/>\n<meta property=\"og:site_name\" content=\"Librairie 7L\" \/>\n<meta property=\"article:modified_time\" content=\"2026-04-17T03:57:38+00:00\" \/>\n<meta property=\"og:image\" content=\"https:\/\/librairie7l.com\/wp-content\/uploads\/2016\/01\/9788836633272_1_75.jpg\" \/>\n\t<meta property=\"og:image:width\" content=\"452\" \/>\n\t<meta property=\"og:image:height\" content=\"500\" \/>\n\t<meta property=\"og:image:type\" content=\"image\/jpeg\" \/>\n<meta name=\"twitter:card\" content=\"summary_large_image\" \/>\n<meta name=\"twitter:label1\" content=\"Est. reading time\" \/>\n\t<meta name=\"twitter:data1\" content=\"1 minute\" \/>\n<script type=\"application\/ld+json\" class=\"yoast-schema-graph\">{\"@context\":\"https:\/\/schema.org\",\"@graph\":[{\"@type\":\"WebPage\",\"@id\":\"https:\/\/librairie7l.com\/en\/produit\/le-ruban-cest-la-mode-2\/\",\"url\":\"https:\/\/librairie7l.com\/en\/produit\/le-ruban-cest-la-mode-2\/\",\"name\":\"Le ruban ; c'est la mode - Librairie 7L\",\"isPartOf\":{\"@id\":\"https:\/\/librairie7l.com\/en\/#website\"},\"datePublished\":\"2024-12-04T08:17:58+00:00\",\"dateModified\":\"2026-04-17T03:57:38+00:00\",\"breadcrumb\":{\"@id\":\"https:\/\/librairie7l.com\/en\/produit\/le-ruban-cest-la-mode-2\/#breadcrumb\"},\"inLanguage\":\"en-US\",\"potentialAction\":[{\"@type\":\"ReadAction\",\"target\":[\"https:\/\/librairie7l.com\/en\/produit\/le-ruban-cest-la-mode-2\/\"]}]},{\"@type\":\"BreadcrumbList\",\"@id\":\"https:\/\/librairie7l.com\/en\/produit\/le-ruban-cest-la-mode-2\/#breadcrumb\",\"itemListElement\":[{\"@type\":\"ListItem\",\"position\":1,\"name\":\"Accueil\",\"item\":\"https:\/\/librairie7l.com\/en\/\"},{\"@type\":\"ListItem\",\"position\":2,\"name\":\"Shop\",\"item\":\"https:\/\/librairie7l.com\/en\/shop\/\"},{\"@type\":\"ListItem\",\"position\":3,\"name\":\"LE RUBAN ; C&#8217;EST LA MODE\"}]},{\"@type\":\"WebSite\",\"@id\":\"https:\/\/librairie7l.com\/en\/#website\",\"url\":\"https:\/\/librairie7l.com\/en\/\",\"name\":\"Librairie 7L\",\"description\":\"Librairie fond\u00e9e en 1999 par Karl Lagerfeld \u00e0 Paris\",\"publisher\":{\"@id\":\"https:\/\/librairie7l.com\/en\/#organization\"},\"potentialAction\":[{\"@type\":\"SearchAction\",\"target\":{\"@type\":\"EntryPoint\",\"urlTemplate\":\"https:\/\/librairie7l.com\/en\/?s={search_term_string}\"},\"query-input\":\"required name=search_term_string\"}],\"inLanguage\":\"en-US\"},{\"@type\":\"Organization\",\"@id\":\"https:\/\/librairie7l.com\/en\/#organization\",\"name\":\"Librairie 7L\",\"url\":\"https:\/\/librairie7l.com\/en\/\",\"logo\":{\"@type\":\"ImageObject\",\"inLanguage\":\"en-US\",\"@id\":\"https:\/\/librairie7l.com\/en\/#\/schema\/logo\/image\/\",\"url\":\"https:\/\/librairie7l.com\/wp-content\/uploads\/2022\/08\/logo-1.png\",\"contentUrl\":\"https:\/\/librairie7l.com\/wp-content\/uploads\/2022\/08\/logo-1.png\",\"width\":227,\"height\":301,\"caption\":\"Librairie 7L\"},\"image\":{\"@id\":\"https:\/\/librairie7l.com\/en\/#\/schema\/logo\/image\/\"}}]}<\/script>\n<!-- \/ Yoast SEO plugin. -->","yoast_head_json":{"title":"Le ruban ; c'est la mode - Librairie 7L","robots":{"index":"index","follow":"follow","max-snippet":"max-snippet:-1","max-image-preview":"max-image-preview:large","max-video-preview":"max-video-preview:-1"},"canonical":"https:\/\/librairie7l.com\/en\/produit\/le-ruban-cest-la-mode-2\/","og_locale":"en_US","og_type":"article","og_title":"Le ruban ; c'est la mode - Librairie 7L","og_description":"La rubanerie a fortement marqu\u00e9 la ville de Saint-Etienne par son essor de la fin du 18\u00e8me si\u00e8cle jusqu&#8217;\u00e0 nos jours. Les cinquante \u00e0 deux cents fabricants qui animaient les \u00ab maisons \u00bb adaptaient p\u00e9riodiquement les articles aux visages changeants de la mode et \u00e0 de nouveaux usages. Le remarquable socle de savoirs et savoir-faire [&hellip;]","og_url":"https:\/\/librairie7l.com\/en\/produit\/le-ruban-cest-la-mode-2\/","og_site_name":"Librairie 7L","article_modified_time":"2026-04-17T03:57:38+00:00","og_image":[{"width":452,"height":500,"url":"https:\/\/librairie7l.com\/wp-content\/uploads\/2016\/01\/9788836633272_1_75.jpg","type":"image\/jpeg"}],"twitter_card":"summary_large_image","twitter_misc":{"Est. reading time":"1 minute"},"schema":{"@context":"https:\/\/schema.org","@graph":[{"@type":"WebPage","@id":"https:\/\/librairie7l.com\/en\/produit\/le-ruban-cest-la-mode-2\/","url":"https:\/\/librairie7l.com\/en\/produit\/le-ruban-cest-la-mode-2\/","name":"Le ruban ; c'est la mode - Librairie 7L","isPartOf":{"@id":"https:\/\/librairie7l.com\/en\/#website"},"datePublished":"2024-12-04T08:17:58+00:00","dateModified":"2026-04-17T03:57:38+00:00","breadcrumb":{"@id":"https:\/\/librairie7l.com\/en\/produit\/le-ruban-cest-la-mode-2\/#breadcrumb"},"inLanguage":"en-US","potentialAction":[{"@type":"ReadAction","target":["https:\/\/librairie7l.com\/en\/produit\/le-ruban-cest-la-mode-2\/"]}]},{"@type":"BreadcrumbList","@id":"https:\/\/librairie7l.com\/en\/produit\/le-ruban-cest-la-mode-2\/#breadcrumb","itemListElement":[{"@type":"ListItem","position":1,"name":"Accueil","item":"https:\/\/librairie7l.com\/en\/"},{"@type":"ListItem","position":2,"name":"Shop","item":"https:\/\/librairie7l.com\/en\/shop\/"},{"@type":"ListItem","position":3,"name":"LE RUBAN ; C&#8217;EST LA MODE"}]},{"@type":"WebSite","@id":"https:\/\/librairie7l.com\/en\/#website","url":"https:\/\/librairie7l.com\/en\/","name":"Librairie 7L","description":"Librairie fond\u00e9e en 1999 par Karl Lagerfeld \u00e0 Paris","publisher":{"@id":"https:\/\/librairie7l.com\/en\/#organization"},"potentialAction":[{"@type":"SearchAction","target":{"@type":"EntryPoint","urlTemplate":"https:\/\/librairie7l.com\/en\/?s={search_term_string}"},"query-input":"required name=search_term_string"}],"inLanguage":"en-US"},{"@type":"Organization","@id":"https:\/\/librairie7l.com\/en\/#organization","name":"Librairie 7L","url":"https:\/\/librairie7l.com\/en\/","logo":{"@type":"ImageObject","inLanguage":"en-US","@id":"https:\/\/librairie7l.com\/en\/#\/schema\/logo\/image\/","url":"https:\/\/librairie7l.com\/wp-content\/uploads\/2022\/08\/logo-1.png","contentUrl":"https:\/\/librairie7l.com\/wp-content\/uploads\/2022\/08\/logo-1.png","width":227,"height":301,"caption":"Librairie 7L"},"image":{"@id":"https:\/\/librairie7l.com\/en\/#\/schema\/logo\/image\/"}}]}},"_links":{"self":[{"href":"https:\/\/librairie7l.com\/en\/wp-json\/wp\/v2\/product\/44778"}],"collection":[{"href":"https:\/\/librairie7l.com\/en\/wp-json\/wp\/v2\/product"}],"about":[{"href":"https:\/\/librairie7l.com\/en\/wp-json\/wp\/v2\/types\/product"}],"wp:featuredmedia":[{"embeddable":true,"href":"https:\/\/librairie7l.com\/en\/wp-json\/wp\/v2\/media\/44776"}],"wp:attachment":[{"href":"https:\/\/librairie7l.com\/en\/wp-json\/wp\/v2\/media?parent=44778"}],"wp:term":[{"taxonomy":"product_cat","embeddable":true,"href":"https:\/\/librairie7l.com\/en\/wp-json\/wp\/v2\/product_cat?post=44778"},{"taxonomy":"product_tag","embeddable":true,"href":"https:\/\/librairie7l.com\/en\/wp-json\/wp\/v2\/product_tag?post=44778"}],"curies":[{"name":"wp","href":"https:\/\/api.w.org\/{rel}","templated":true}]}}