{"id":44786,"date":"2024-12-04T09:18:06","date_gmt":"2024-12-04T08:18:06","guid":{"rendered":"https:\/\/librairie7l.com\/?post_type=product&#038;p=44786"},"modified":"2026-04-06T22:06:46","modified_gmt":"2026-04-06T20:06:46","slug":"histoire-de-lart-du-moyen-age-a-nos-jours-2","status":"publish","type":"product","link":"https:\/\/librairie7l.com\/en\/produit\/histoire-de-lart-du-moyen-age-a-nos-jours-2\/","title":{"rendered":"HISTOIRE DE L&#8217;ART DU MOYEN \u00c2GE \u00c0 NOS JOURS"},"content":{"rendered":"<p>Cet ouvrage s&#8217;organise en sept grandes parties : Le Moyen Age, La Renaissance, L&#8217;art classique et le baroque, L&#8217;art romantique, L&#8217;art au XIXe si\u00e8cle \u00e0 partir de 1848, L&#8217;art moderne de 1905 \u00e0 1945, et L&#8217;art contemporain.Il aborde non seulement la peinture, la sculpture, mais aussi l&#8217;architecture, les arts d\u00e9coratifs et, pour la p\u00e9riode r\u00e9cente, les nouveaux supports tels que la vid\u00e9o ou les installations. Pour chaque illustration, des l\u00e9gendes pr\u00e9cises et d\u00e9taill\u00e9es.Des pages sp\u00e9ciales sont r\u00e9guli\u00e8rement consacr\u00e9es \u00e0 des th\u00e9matiques (les tapisseries m\u00e9di\u00e9vales ; la th\u00e9orie de la perspective ; la photographie, outil des artistes), des artistes (Jacques-Louis David et son atelier, Charles Garnier, Auguste Rodin), des mouvements (les principales revues symbolistes, les expositions impressionnistes) ou des lieux (l&#8217;Occident m\u00e9di\u00e9val et Byzance, l&#8217;art de Versailles, l&#8217;Am\u00e9rique latine)&#8230;<\/p>\n","protected":false},"excerpt":{"rendered":"<p>Cet ouvrage s&#8217;organise en sept grandes parties : Le Moyen Age, La Renaissance, L&#8217;art classique et le baroque, L&#8217;art romantique, L&#8217;art au XIXe si\u00e8cle \u00e0 partir de 1848, L&#8217;art moderne de 1905 \u00e0 1945, et L&#8217;art contemporain.Il aborde non seulement la peinture, la sculpture, mais aussi l&#8217;architecture, les arts d\u00e9coratifs et, pour la p\u00e9riode r\u00e9cente, [&hellip;]<\/p>\n","protected":false},"featured_media":44784,"template":"","meta":[],"product_cat":[2948],"product_tag":[],"acf":[],"yoast_head":"<!-- This site is optimized with the Yoast SEO plugin v20.11 - https:\/\/yoast.com\/wordpress\/plugins\/seo\/ -->\n<title>Histoire de l&#039;art du Moyen \u00e2ge \u00e0 nos jours - Librairie 7L<\/title>\n<meta name=\"robots\" content=\"index, follow, max-snippet:-1, max-image-preview:large, max-video-preview:-1\" \/>\n<link rel=\"canonical\" href=\"https:\/\/librairie7l.com\/en\/produit\/histoire-de-lart-du-moyen-age-a-nos-jours-2\/\" \/>\n<meta property=\"og:locale\" content=\"en_US\" \/>\n<meta property=\"og:type\" content=\"article\" \/>\n<meta property=\"og:title\" content=\"Histoire de l&#039;art du Moyen \u00e2ge \u00e0 nos jours - Librairie 7L\" \/>\n<meta property=\"og:description\" content=\"Cet ouvrage s&#8217;organise en sept grandes parties : Le Moyen Age, La Renaissance, L&#8217;art classique et le baroque, L&#8217;art romantique, L&#8217;art au XIXe si\u00e8cle \u00e0 partir de 1848, L&#8217;art moderne de 1905 \u00e0 1945, et L&#8217;art contemporain.Il aborde non seulement la peinture, la sculpture, mais aussi l&#8217;architecture, les arts d\u00e9coratifs et, pour la p\u00e9riode r\u00e9cente, [&hellip;]\" \/>\n<meta property=\"og:url\" content=\"https:\/\/librairie7l.com\/en\/produit\/histoire-de-lart-du-moyen-age-a-nos-jours-2\/\" \/>\n<meta property=\"og:site_name\" content=\"Librairie 7L\" \/>\n<meta property=\"article:modified_time\" content=\"2026-04-06T20:06:46+00:00\" \/>\n<meta property=\"og:image\" content=\"https:\/\/librairie7l.com\/wp-content\/uploads\/2010\/03\/9782035854933_1_75.jpg\" \/>\n\t<meta property=\"og:image:width\" content=\"600\" \/>\n\t<meta property=\"og:image:height\" content=\"998\" \/>\n\t<meta property=\"og:image:type\" content=\"image\/jpeg\" \/>\n<meta name=\"twitter:card\" content=\"summary_large_image\" \/>\n<meta name=\"twitter:label1\" content=\"Est. reading time\" \/>\n\t<meta name=\"twitter:data1\" content=\"1 minute\" \/>\n<script type=\"application\/ld+json\" class=\"yoast-schema-graph\">{\"@context\":\"https:\/\/schema.org\",\"@graph\":[{\"@type\":\"WebPage\",\"@id\":\"https:\/\/librairie7l.com\/en\/produit\/histoire-de-lart-du-moyen-age-a-nos-jours-2\/\",\"url\":\"https:\/\/librairie7l.com\/en\/produit\/histoire-de-lart-du-moyen-age-a-nos-jours-2\/\",\"name\":\"Histoire de l'art du Moyen \u00e2ge \u00e0 nos jours - Librairie 7L\",\"isPartOf\":{\"@id\":\"https:\/\/librairie7l.com\/en\/#website\"},\"datePublished\":\"2024-12-04T08:18:06+00:00\",\"dateModified\":\"2026-04-06T20:06:46+00:00\",\"breadcrumb\":{\"@id\":\"https:\/\/librairie7l.com\/en\/produit\/histoire-de-lart-du-moyen-age-a-nos-jours-2\/#breadcrumb\"},\"inLanguage\":\"en-US\",\"potentialAction\":[{\"@type\":\"ReadAction\",\"target\":[\"https:\/\/librairie7l.com\/en\/produit\/histoire-de-lart-du-moyen-age-a-nos-jours-2\/\"]}]},{\"@type\":\"BreadcrumbList\",\"@id\":\"https:\/\/librairie7l.com\/en\/produit\/histoire-de-lart-du-moyen-age-a-nos-jours-2\/#breadcrumb\",\"itemListElement\":[{\"@type\":\"ListItem\",\"position\":1,\"name\":\"Accueil\",\"item\":\"https:\/\/librairie7l.com\/en\/\"},{\"@type\":\"ListItem\",\"position\":2,\"name\":\"Shop\",\"item\":\"https:\/\/librairie7l.com\/en\/shop\/\"},{\"@type\":\"ListItem\",\"position\":3,\"name\":\"HISTOIRE DE L&#8217;ART DU MOYEN \u00c2GE \u00c0 NOS JOURS\"}]},{\"@type\":\"WebSite\",\"@id\":\"https:\/\/librairie7l.com\/en\/#website\",\"url\":\"https:\/\/librairie7l.com\/en\/\",\"name\":\"Librairie 7L\",\"description\":\"Librairie fond\u00e9e en 1999 par Karl Lagerfeld \u00e0 Paris\",\"publisher\":{\"@id\":\"https:\/\/librairie7l.com\/en\/#organization\"},\"potentialAction\":[{\"@type\":\"SearchAction\",\"target\":{\"@type\":\"EntryPoint\",\"urlTemplate\":\"https:\/\/librairie7l.com\/en\/?s={search_term_string}\"},\"query-input\":\"required name=search_term_string\"}],\"inLanguage\":\"en-US\"},{\"@type\":\"Organization\",\"@id\":\"https:\/\/librairie7l.com\/en\/#organization\",\"name\":\"Librairie 7L\",\"url\":\"https:\/\/librairie7l.com\/en\/\",\"logo\":{\"@type\":\"ImageObject\",\"inLanguage\":\"en-US\",\"@id\":\"https:\/\/librairie7l.com\/en\/#\/schema\/logo\/image\/\",\"url\":\"https:\/\/librairie7l.com\/wp-content\/uploads\/2022\/08\/logo-1.png\",\"contentUrl\":\"https:\/\/librairie7l.com\/wp-content\/uploads\/2022\/08\/logo-1.png\",\"width\":227,\"height\":301,\"caption\":\"Librairie 7L\"},\"image\":{\"@id\":\"https:\/\/librairie7l.com\/en\/#\/schema\/logo\/image\/\"}}]}<\/script>\n<!-- \/ Yoast SEO plugin. -->","yoast_head_json":{"title":"Histoire de l'art du Moyen \u00e2ge \u00e0 nos jours - Librairie 7L","robots":{"index":"index","follow":"follow","max-snippet":"max-snippet:-1","max-image-preview":"max-image-preview:large","max-video-preview":"max-video-preview:-1"},"canonical":"https:\/\/librairie7l.com\/en\/produit\/histoire-de-lart-du-moyen-age-a-nos-jours-2\/","og_locale":"en_US","og_type":"article","og_title":"Histoire de l'art du Moyen \u00e2ge \u00e0 nos jours - Librairie 7L","og_description":"Cet ouvrage s&#8217;organise en sept grandes parties : Le Moyen Age, La Renaissance, L&#8217;art classique et le baroque, L&#8217;art romantique, L&#8217;art au XIXe si\u00e8cle \u00e0 partir de 1848, L&#8217;art moderne de 1905 \u00e0 1945, et L&#8217;art contemporain.Il aborde non seulement la peinture, la sculpture, mais aussi l&#8217;architecture, les arts d\u00e9coratifs et, pour la p\u00e9riode r\u00e9cente, [&hellip;]","og_url":"https:\/\/librairie7l.com\/en\/produit\/histoire-de-lart-du-moyen-age-a-nos-jours-2\/","og_site_name":"Librairie 7L","article_modified_time":"2026-04-06T20:06:46+00:00","og_image":[{"width":600,"height":998,"url":"https:\/\/librairie7l.com\/wp-content\/uploads\/2010\/03\/9782035854933_1_75.jpg","type":"image\/jpeg"}],"twitter_card":"summary_large_image","twitter_misc":{"Est. reading time":"1 minute"},"schema":{"@context":"https:\/\/schema.org","@graph":[{"@type":"WebPage","@id":"https:\/\/librairie7l.com\/en\/produit\/histoire-de-lart-du-moyen-age-a-nos-jours-2\/","url":"https:\/\/librairie7l.com\/en\/produit\/histoire-de-lart-du-moyen-age-a-nos-jours-2\/","name":"Histoire de l'art du Moyen \u00e2ge \u00e0 nos jours - Librairie 7L","isPartOf":{"@id":"https:\/\/librairie7l.com\/en\/#website"},"datePublished":"2024-12-04T08:18:06+00:00","dateModified":"2026-04-06T20:06:46+00:00","breadcrumb":{"@id":"https:\/\/librairie7l.com\/en\/produit\/histoire-de-lart-du-moyen-age-a-nos-jours-2\/#breadcrumb"},"inLanguage":"en-US","potentialAction":[{"@type":"ReadAction","target":["https:\/\/librairie7l.com\/en\/produit\/histoire-de-lart-du-moyen-age-a-nos-jours-2\/"]}]},{"@type":"BreadcrumbList","@id":"https:\/\/librairie7l.com\/en\/produit\/histoire-de-lart-du-moyen-age-a-nos-jours-2\/#breadcrumb","itemListElement":[{"@type":"ListItem","position":1,"name":"Accueil","item":"https:\/\/librairie7l.com\/en\/"},{"@type":"ListItem","position":2,"name":"Shop","item":"https:\/\/librairie7l.com\/en\/shop\/"},{"@type":"ListItem","position":3,"name":"HISTOIRE DE L&#8217;ART DU MOYEN \u00c2GE \u00c0 NOS JOURS"}]},{"@type":"WebSite","@id":"https:\/\/librairie7l.com\/en\/#website","url":"https:\/\/librairie7l.com\/en\/","name":"Librairie 7L","description":"Librairie fond\u00e9e en 1999 par Karl Lagerfeld \u00e0 Paris","publisher":{"@id":"https:\/\/librairie7l.com\/en\/#organization"},"potentialAction":[{"@type":"SearchAction","target":{"@type":"EntryPoint","urlTemplate":"https:\/\/librairie7l.com\/en\/?s={search_term_string}"},"query-input":"required name=search_term_string"}],"inLanguage":"en-US"},{"@type":"Organization","@id":"https:\/\/librairie7l.com\/en\/#organization","name":"Librairie 7L","url":"https:\/\/librairie7l.com\/en\/","logo":{"@type":"ImageObject","inLanguage":"en-US","@id":"https:\/\/librairie7l.com\/en\/#\/schema\/logo\/image\/","url":"https:\/\/librairie7l.com\/wp-content\/uploads\/2022\/08\/logo-1.png","contentUrl":"https:\/\/librairie7l.com\/wp-content\/uploads\/2022\/08\/logo-1.png","width":227,"height":301,"caption":"Librairie 7L"},"image":{"@id":"https:\/\/librairie7l.com\/en\/#\/schema\/logo\/image\/"}}]}},"_links":{"self":[{"href":"https:\/\/librairie7l.com\/en\/wp-json\/wp\/v2\/product\/44786"}],"collection":[{"href":"https:\/\/librairie7l.com\/en\/wp-json\/wp\/v2\/product"}],"about":[{"href":"https:\/\/librairie7l.com\/en\/wp-json\/wp\/v2\/types\/product"}],"wp:featuredmedia":[{"embeddable":true,"href":"https:\/\/librairie7l.com\/en\/wp-json\/wp\/v2\/media\/44784"}],"wp:attachment":[{"href":"https:\/\/librairie7l.com\/en\/wp-json\/wp\/v2\/media?parent=44786"}],"wp:term":[{"taxonomy":"product_cat","embeddable":true,"href":"https:\/\/librairie7l.com\/en\/wp-json\/wp\/v2\/product_cat?post=44786"},{"taxonomy":"product_tag","embeddable":true,"href":"https:\/\/librairie7l.com\/en\/wp-json\/wp\/v2\/product_tag?post=44786"}],"curies":[{"name":"wp","href":"https:\/\/api.w.org\/{rel}","templated":true}]}}