{"id":44790,"date":"2024-12-04T09:18:09","date_gmt":"2024-12-04T08:18:09","guid":{"rendered":"https:\/\/librairie7l.com\/?post_type=product&#038;p=44790"},"modified":"2026-04-17T01:07:04","modified_gmt":"2026-04-16T23:07:04","slug":"bescherelle-chronologie-lhistoire-de-lart-de-la-renaissance-a-nos-jours-2","status":"publish","type":"product","link":"https:\/\/librairie7l.com\/en\/produit\/bescherelle-chronologie-lhistoire-de-lart-de-la-renaissance-a-nos-jours-2\/","title":{"rendered":"BESCHERELLE : CHRONOLOGIE ; L&#8217;HISTOIRE DE L&#8217;ART DE LA RENAISSANCE \u00c0 NOS JOURS"},"content":{"rendered":"<p>Une chronologie de l&#8217;histoire de l&#8217;art sign\u00e9e Bescherelle. Un ouvrage complet, fiable et attractif qui s&#8217;adresse \u00e0 tous les curieux d&#8217;histoire de l&#8217;art.<\/p>\n<p>Un panorama vivant de l&#8217;histoire de l&#8217;art  &#8211; L&#8217;ouvrage commence en 1401 avec le concours embl\u00e9matique pour la r\u00e9alisation des portes du Baptist\u00e8re \u00e0 Florence et s&#8217;ach\u00e8ve avec un dossier sur l&#8217;art dans la mondialisation.<br \/>\n&#8211; L&#8217;histoire de l&#8217;art de la Renaissance \u00e0 nos jours est ainsi d\u00e9roul\u00e9e, sous une forme document\u00e9e et vivante, \u00e0 travers plus de 145 dates cl\u00e9s, donnant \u00e0 voir les oeuvres fondatrices et les moments cl\u00e9s dont elles sont le symbole.<\/p>\n<p>Une organisation claire, une mise en page rythm\u00e9e &#8211; Au d\u00e9but de chaque p\u00e9riode, une grande frise chronologique.<br \/>\n&#8211; Au fil des doubles pages, la pr\u00e9sentation de chaque oeuvre, l&#8217;accent \u00e9tant mis selon le cas sur sa forme, sa signification, sa r\u00e9ception&#8230;<br \/>\n&#8211; \u00c0 intervalles r\u00e9guliers, des dossiers sur des probl\u00e9matiques transversales ou des genres majeurs de la p\u00e9riode consid\u00e9r\u00e9e.<\/p>\n","protected":false},"excerpt":{"rendered":"<p>Une chronologie de l&#8217;histoire de l&#8217;art sign\u00e9e Bescherelle. Un ouvrage complet, fiable et attractif qui s&#8217;adresse \u00e0 tous les curieux d&#8217;histoire de l&#8217;art. Un panorama vivant de l&#8217;histoire de l&#8217;art &#8211; L&#8217;ouvrage commence en 1401 avec le concours embl\u00e9matique pour la r\u00e9alisation des portes du Baptist\u00e8re \u00e0 Florence et s&#8217;ach\u00e8ve avec un dossier sur l&#8217;art [&hellip;]<\/p>\n","protected":false},"featured_media":44788,"template":"","meta":[],"product_cat":[2948],"product_tag":[],"acf":[],"yoast_head":"<!-- This site is optimized with the Yoast SEO plugin v20.11 - https:\/\/yoast.com\/wordpress\/plugins\/seo\/ -->\n<title>Bescherelle : chronologie ; l&#039;histoire de l&#039;art de la Renaissance \u00e0 nos jours - Librairie 7L<\/title>\n<meta name=\"robots\" content=\"index, follow, max-snippet:-1, max-image-preview:large, max-video-preview:-1\" \/>\n<link rel=\"canonical\" href=\"https:\/\/librairie7l.com\/en\/produit\/bescherelle-chronologie-lhistoire-de-lart-de-la-renaissance-a-nos-jours-2\/\" \/>\n<meta property=\"og:locale\" content=\"en_US\" \/>\n<meta property=\"og:type\" content=\"article\" \/>\n<meta property=\"og:title\" content=\"Bescherelle : chronologie ; l&#039;histoire de l&#039;art de la Renaissance \u00e0 nos jours - Librairie 7L\" \/>\n<meta property=\"og:description\" content=\"Une chronologie de l&#8217;histoire de l&#8217;art sign\u00e9e Bescherelle. Un ouvrage complet, fiable et attractif qui s&#8217;adresse \u00e0 tous les curieux d&#8217;histoire de l&#8217;art. Un panorama vivant de l&#8217;histoire de l&#8217;art &#8211; L&#8217;ouvrage commence en 1401 avec le concours embl\u00e9matique pour la r\u00e9alisation des portes du Baptist\u00e8re \u00e0 Florence et s&#8217;ach\u00e8ve avec un dossier sur l&#8217;art [&hellip;]\" \/>\n<meta property=\"og:url\" content=\"https:\/\/librairie7l.com\/en\/produit\/bescherelle-chronologie-lhistoire-de-lart-de-la-renaissance-a-nos-jours-2\/\" \/>\n<meta property=\"og:site_name\" content=\"Librairie 7L\" \/>\n<meta property=\"article:modified_time\" content=\"2026-04-16T23:07:04+00:00\" \/>\n<meta property=\"og:image\" content=\"https:\/\/librairie7l.com\/wp-content\/uploads\/2019\/06\/9782401054653_1_75.jpg\" \/>\n\t<meta property=\"og:image:width\" content=\"600\" \/>\n\t<meta property=\"og:image:height\" content=\"910\" \/>\n\t<meta property=\"og:image:type\" content=\"image\/jpeg\" \/>\n<meta name=\"twitter:card\" content=\"summary_large_image\" \/>\n<meta name=\"twitter:label1\" content=\"Est. reading time\" \/>\n\t<meta name=\"twitter:data1\" content=\"1 minute\" \/>\n<script type=\"application\/ld+json\" class=\"yoast-schema-graph\">{\"@context\":\"https:\/\/schema.org\",\"@graph\":[{\"@type\":\"WebPage\",\"@id\":\"https:\/\/librairie7l.com\/en\/produit\/bescherelle-chronologie-lhistoire-de-lart-de-la-renaissance-a-nos-jours-2\/\",\"url\":\"https:\/\/librairie7l.com\/en\/produit\/bescherelle-chronologie-lhistoire-de-lart-de-la-renaissance-a-nos-jours-2\/\",\"name\":\"Bescherelle : chronologie ; l'histoire de l'art de la Renaissance \u00e0 nos jours - Librairie 7L\",\"isPartOf\":{\"@id\":\"https:\/\/librairie7l.com\/en\/#website\"},\"datePublished\":\"2024-12-04T08:18:09+00:00\",\"dateModified\":\"2026-04-16T23:07:04+00:00\",\"breadcrumb\":{\"@id\":\"https:\/\/librairie7l.com\/en\/produit\/bescherelle-chronologie-lhistoire-de-lart-de-la-renaissance-a-nos-jours-2\/#breadcrumb\"},\"inLanguage\":\"en-US\",\"potentialAction\":[{\"@type\":\"ReadAction\",\"target\":[\"https:\/\/librairie7l.com\/en\/produit\/bescherelle-chronologie-lhistoire-de-lart-de-la-renaissance-a-nos-jours-2\/\"]}]},{\"@type\":\"BreadcrumbList\",\"@id\":\"https:\/\/librairie7l.com\/en\/produit\/bescherelle-chronologie-lhistoire-de-lart-de-la-renaissance-a-nos-jours-2\/#breadcrumb\",\"itemListElement\":[{\"@type\":\"ListItem\",\"position\":1,\"name\":\"Accueil\",\"item\":\"https:\/\/librairie7l.com\/en\/\"},{\"@type\":\"ListItem\",\"position\":2,\"name\":\"Shop\",\"item\":\"https:\/\/librairie7l.com\/en\/shop\/\"},{\"@type\":\"ListItem\",\"position\":3,\"name\":\"BESCHERELLE : CHRONOLOGIE ; L&#8217;HISTOIRE DE L&#8217;ART DE LA RENAISSANCE \u00c0 NOS JOURS\"}]},{\"@type\":\"WebSite\",\"@id\":\"https:\/\/librairie7l.com\/en\/#website\",\"url\":\"https:\/\/librairie7l.com\/en\/\",\"name\":\"Librairie 7L\",\"description\":\"Librairie fond\u00e9e en 1999 par Karl Lagerfeld \u00e0 Paris\",\"publisher\":{\"@id\":\"https:\/\/librairie7l.com\/en\/#organization\"},\"potentialAction\":[{\"@type\":\"SearchAction\",\"target\":{\"@type\":\"EntryPoint\",\"urlTemplate\":\"https:\/\/librairie7l.com\/en\/?s={search_term_string}\"},\"query-input\":\"required name=search_term_string\"}],\"inLanguage\":\"en-US\"},{\"@type\":\"Organization\",\"@id\":\"https:\/\/librairie7l.com\/en\/#organization\",\"name\":\"Librairie 7L\",\"url\":\"https:\/\/librairie7l.com\/en\/\",\"logo\":{\"@type\":\"ImageObject\",\"inLanguage\":\"en-US\",\"@id\":\"https:\/\/librairie7l.com\/en\/#\/schema\/logo\/image\/\",\"url\":\"https:\/\/librairie7l.com\/wp-content\/uploads\/2022\/08\/logo-1.png\",\"contentUrl\":\"https:\/\/librairie7l.com\/wp-content\/uploads\/2022\/08\/logo-1.png\",\"width\":227,\"height\":301,\"caption\":\"Librairie 7L\"},\"image\":{\"@id\":\"https:\/\/librairie7l.com\/en\/#\/schema\/logo\/image\/\"}}]}<\/script>\n<!-- \/ Yoast SEO plugin. -->","yoast_head_json":{"title":"Bescherelle : chronologie ; l'histoire de l'art de la Renaissance \u00e0 nos jours - Librairie 7L","robots":{"index":"index","follow":"follow","max-snippet":"max-snippet:-1","max-image-preview":"max-image-preview:large","max-video-preview":"max-video-preview:-1"},"canonical":"https:\/\/librairie7l.com\/en\/produit\/bescherelle-chronologie-lhistoire-de-lart-de-la-renaissance-a-nos-jours-2\/","og_locale":"en_US","og_type":"article","og_title":"Bescherelle : chronologie ; l'histoire de l'art de la Renaissance \u00e0 nos jours - Librairie 7L","og_description":"Une chronologie de l&#8217;histoire de l&#8217;art sign\u00e9e Bescherelle. Un ouvrage complet, fiable et attractif qui s&#8217;adresse \u00e0 tous les curieux d&#8217;histoire de l&#8217;art. Un panorama vivant de l&#8217;histoire de l&#8217;art &#8211; L&#8217;ouvrage commence en 1401 avec le concours embl\u00e9matique pour la r\u00e9alisation des portes du Baptist\u00e8re \u00e0 Florence et s&#8217;ach\u00e8ve avec un dossier sur l&#8217;art [&hellip;]","og_url":"https:\/\/librairie7l.com\/en\/produit\/bescherelle-chronologie-lhistoire-de-lart-de-la-renaissance-a-nos-jours-2\/","og_site_name":"Librairie 7L","article_modified_time":"2026-04-16T23:07:04+00:00","og_image":[{"width":600,"height":910,"url":"https:\/\/librairie7l.com\/wp-content\/uploads\/2019\/06\/9782401054653_1_75.jpg","type":"image\/jpeg"}],"twitter_card":"summary_large_image","twitter_misc":{"Est. reading time":"1 minute"},"schema":{"@context":"https:\/\/schema.org","@graph":[{"@type":"WebPage","@id":"https:\/\/librairie7l.com\/en\/produit\/bescherelle-chronologie-lhistoire-de-lart-de-la-renaissance-a-nos-jours-2\/","url":"https:\/\/librairie7l.com\/en\/produit\/bescherelle-chronologie-lhistoire-de-lart-de-la-renaissance-a-nos-jours-2\/","name":"Bescherelle : chronologie ; l'histoire de l'art de la Renaissance \u00e0 nos jours - Librairie 7L","isPartOf":{"@id":"https:\/\/librairie7l.com\/en\/#website"},"datePublished":"2024-12-04T08:18:09+00:00","dateModified":"2026-04-16T23:07:04+00:00","breadcrumb":{"@id":"https:\/\/librairie7l.com\/en\/produit\/bescherelle-chronologie-lhistoire-de-lart-de-la-renaissance-a-nos-jours-2\/#breadcrumb"},"inLanguage":"en-US","potentialAction":[{"@type":"ReadAction","target":["https:\/\/librairie7l.com\/en\/produit\/bescherelle-chronologie-lhistoire-de-lart-de-la-renaissance-a-nos-jours-2\/"]}]},{"@type":"BreadcrumbList","@id":"https:\/\/librairie7l.com\/en\/produit\/bescherelle-chronologie-lhistoire-de-lart-de-la-renaissance-a-nos-jours-2\/#breadcrumb","itemListElement":[{"@type":"ListItem","position":1,"name":"Accueil","item":"https:\/\/librairie7l.com\/en\/"},{"@type":"ListItem","position":2,"name":"Shop","item":"https:\/\/librairie7l.com\/en\/shop\/"},{"@type":"ListItem","position":3,"name":"BESCHERELLE : CHRONOLOGIE ; L&#8217;HISTOIRE DE L&#8217;ART DE LA RENAISSANCE \u00c0 NOS JOURS"}]},{"@type":"WebSite","@id":"https:\/\/librairie7l.com\/en\/#website","url":"https:\/\/librairie7l.com\/en\/","name":"Librairie 7L","description":"Librairie fond\u00e9e en 1999 par Karl Lagerfeld \u00e0 Paris","publisher":{"@id":"https:\/\/librairie7l.com\/en\/#organization"},"potentialAction":[{"@type":"SearchAction","target":{"@type":"EntryPoint","urlTemplate":"https:\/\/librairie7l.com\/en\/?s={search_term_string}"},"query-input":"required name=search_term_string"}],"inLanguage":"en-US"},{"@type":"Organization","@id":"https:\/\/librairie7l.com\/en\/#organization","name":"Librairie 7L","url":"https:\/\/librairie7l.com\/en\/","logo":{"@type":"ImageObject","inLanguage":"en-US","@id":"https:\/\/librairie7l.com\/en\/#\/schema\/logo\/image\/","url":"https:\/\/librairie7l.com\/wp-content\/uploads\/2022\/08\/logo-1.png","contentUrl":"https:\/\/librairie7l.com\/wp-content\/uploads\/2022\/08\/logo-1.png","width":227,"height":301,"caption":"Librairie 7L"},"image":{"@id":"https:\/\/librairie7l.com\/en\/#\/schema\/logo\/image\/"}}]}},"_links":{"self":[{"href":"https:\/\/librairie7l.com\/en\/wp-json\/wp\/v2\/product\/44790"}],"collection":[{"href":"https:\/\/librairie7l.com\/en\/wp-json\/wp\/v2\/product"}],"about":[{"href":"https:\/\/librairie7l.com\/en\/wp-json\/wp\/v2\/types\/product"}],"wp:featuredmedia":[{"embeddable":true,"href":"https:\/\/librairie7l.com\/en\/wp-json\/wp\/v2\/media\/44788"}],"wp:attachment":[{"href":"https:\/\/librairie7l.com\/en\/wp-json\/wp\/v2\/media?parent=44790"}],"wp:term":[{"taxonomy":"product_cat","embeddable":true,"href":"https:\/\/librairie7l.com\/en\/wp-json\/wp\/v2\/product_cat?post=44790"},{"taxonomy":"product_tag","embeddable":true,"href":"https:\/\/librairie7l.com\/en\/wp-json\/wp\/v2\/product_tag?post=44790"}],"curies":[{"name":"wp","href":"https:\/\/api.w.org\/{rel}","templated":true}]}}