{"id":44798,"date":"2024-12-04T09:18:16","date_gmt":"2024-12-04T08:18:16","guid":{"rendered":"https:\/\/librairie7l.com\/?post_type=product&#038;p=44798"},"modified":"2026-05-02T06:06:26","modified_gmt":"2026-05-02T04:06:26","slug":"le-moulage-art-et-techniques-de-creation-de-mode-2","status":"publish","type":"product","link":"https:\/\/librairie7l.com\/en\/produit\/le-moulage-art-et-techniques-de-creation-de-mode-2\/","title":{"rendered":"LE MOULAGE ; ART ET TECHNIQUES DE CR\u00c9ATION DE MODE"},"content":{"rendered":"<p>Le moulage est une technique de cr\u00e9ation et de production en volume qui offre un grand degr\u00e9 de libert\u00e9. Le travail s&#8217;effectue directement sur une toile drap\u00e9e sur un mannequin de couture. Le r\u00e9sultat doit \u00eatre bien net, et pouvoir \u00eatre report\u00e9 et converti en patron. Le moulage est souvent utilis\u00e9 dans le monde de la couture. Le pr\u00e9sent ouvrage pr\u00e9sente un aspect du m\u00e9tier, non seulement int\u00e9ressant et compl\u00e9mentaire, mais qui constitue selon nous une sp\u00e9cialit\u00e9 de base dans le cadre de la formation en cr\u00e9ation de mode. Ce livre pr\u00e9cise le contexte historique du moulage, fournit des exemples de grands couturiers, propose une section d\u00e9taill\u00e9e sur les diff\u00e9rents aspects de cette technique (appliqu\u00e9e \u00e0 divers types de v\u00eatements dans leurs variantes les plus courantes) et illustre son emploi par les cr\u00e9ateurs de mode de 1900 \u00e0 nos jours.<\/p>\n","protected":false},"excerpt":{"rendered":"<p>Le moulage est une technique de cr\u00e9ation et de production en volume qui offre un grand degr\u00e9 de libert\u00e9. Le travail s&#8217;effectue directement sur une toile drap\u00e9e sur un mannequin de couture. Le r\u00e9sultat doit \u00eatre bien net, et pouvoir \u00eatre report\u00e9 et converti en patron. Le moulage est souvent utilis\u00e9 dans le monde de [&hellip;]<\/p>\n","protected":false},"featured_media":44796,"template":"","meta":[],"product_cat":[2948],"product_tag":[],"acf":[],"yoast_head":"<!-- This site is optimized with the Yoast SEO plugin v20.11 - https:\/\/yoast.com\/wordpress\/plugins\/seo\/ -->\n<title>Le moulage ; art et techniques de cr\u00e9ation de mode - Librairie 7L<\/title>\n<meta name=\"robots\" content=\"index, follow, max-snippet:-1, max-image-preview:large, max-video-preview:-1\" \/>\n<link rel=\"canonical\" href=\"https:\/\/librairie7l.com\/en\/produit\/le-moulage-art-et-techniques-de-creation-de-mode-2\/\" \/>\n<meta property=\"og:locale\" content=\"en_US\" \/>\n<meta property=\"og:type\" content=\"article\" \/>\n<meta property=\"og:title\" content=\"Le moulage ; art et techniques de cr\u00e9ation de mode - Librairie 7L\" \/>\n<meta property=\"og:description\" content=\"Le moulage est une technique de cr\u00e9ation et de production en volume qui offre un grand degr\u00e9 de libert\u00e9. Le travail s&#8217;effectue directement sur une toile drap\u00e9e sur un mannequin de couture. Le r\u00e9sultat doit \u00eatre bien net, et pouvoir \u00eatre report\u00e9 et converti en patron. Le moulage est souvent utilis\u00e9 dans le monde de [&hellip;]\" \/>\n<meta property=\"og:url\" content=\"https:\/\/librairie7l.com\/en\/produit\/le-moulage-art-et-techniques-de-creation-de-mode-2\/\" \/>\n<meta property=\"og:site_name\" content=\"Librairie 7L\" \/>\n<meta property=\"article:modified_time\" content=\"2026-05-02T04:06:26+00:00\" \/>\n<meta property=\"og:image\" content=\"https:\/\/librairie7l.com\/wp-content\/uploads\/2016\/08\/9788416504411_1_75.jpg\" \/>\n\t<meta property=\"og:image:width\" content=\"367\" \/>\n\t<meta property=\"og:image:height\" content=\"500\" \/>\n\t<meta property=\"og:image:type\" content=\"image\/jpeg\" \/>\n<meta name=\"twitter:card\" content=\"summary_large_image\" \/>\n<meta name=\"twitter:label1\" content=\"Est. reading time\" \/>\n\t<meta name=\"twitter:data1\" content=\"1 minute\" \/>\n<script type=\"application\/ld+json\" class=\"yoast-schema-graph\">{\"@context\":\"https:\/\/schema.org\",\"@graph\":[{\"@type\":\"WebPage\",\"@id\":\"https:\/\/librairie7l.com\/en\/produit\/le-moulage-art-et-techniques-de-creation-de-mode-2\/\",\"url\":\"https:\/\/librairie7l.com\/en\/produit\/le-moulage-art-et-techniques-de-creation-de-mode-2\/\",\"name\":\"Le moulage ; art et techniques de cr\u00e9ation de mode - Librairie 7L\",\"isPartOf\":{\"@id\":\"https:\/\/librairie7l.com\/en\/#website\"},\"datePublished\":\"2024-12-04T08:18:16+00:00\",\"dateModified\":\"2026-05-02T04:06:26+00:00\",\"breadcrumb\":{\"@id\":\"https:\/\/librairie7l.com\/en\/produit\/le-moulage-art-et-techniques-de-creation-de-mode-2\/#breadcrumb\"},\"inLanguage\":\"en-US\",\"potentialAction\":[{\"@type\":\"ReadAction\",\"target\":[\"https:\/\/librairie7l.com\/en\/produit\/le-moulage-art-et-techniques-de-creation-de-mode-2\/\"]}]},{\"@type\":\"BreadcrumbList\",\"@id\":\"https:\/\/librairie7l.com\/en\/produit\/le-moulage-art-et-techniques-de-creation-de-mode-2\/#breadcrumb\",\"itemListElement\":[{\"@type\":\"ListItem\",\"position\":1,\"name\":\"Accueil\",\"item\":\"https:\/\/librairie7l.com\/en\/\"},{\"@type\":\"ListItem\",\"position\":2,\"name\":\"Shop\",\"item\":\"https:\/\/librairie7l.com\/en\/shop\/\"},{\"@type\":\"ListItem\",\"position\":3,\"name\":\"LE MOULAGE ; ART ET TECHNIQUES DE CR\u00c9ATION DE MODE\"}]},{\"@type\":\"WebSite\",\"@id\":\"https:\/\/librairie7l.com\/en\/#website\",\"url\":\"https:\/\/librairie7l.com\/en\/\",\"name\":\"Librairie 7L\",\"description\":\"Librairie fond\u00e9e en 1999 par Karl Lagerfeld \u00e0 Paris\",\"publisher\":{\"@id\":\"https:\/\/librairie7l.com\/en\/#organization\"},\"potentialAction\":[{\"@type\":\"SearchAction\",\"target\":{\"@type\":\"EntryPoint\",\"urlTemplate\":\"https:\/\/librairie7l.com\/en\/?s={search_term_string}\"},\"query-input\":\"required name=search_term_string\"}],\"inLanguage\":\"en-US\"},{\"@type\":\"Organization\",\"@id\":\"https:\/\/librairie7l.com\/en\/#organization\",\"name\":\"Librairie 7L\",\"url\":\"https:\/\/librairie7l.com\/en\/\",\"logo\":{\"@type\":\"ImageObject\",\"inLanguage\":\"en-US\",\"@id\":\"https:\/\/librairie7l.com\/en\/#\/schema\/logo\/image\/\",\"url\":\"https:\/\/librairie7l.com\/wp-content\/uploads\/2022\/08\/logo-1.png\",\"contentUrl\":\"https:\/\/librairie7l.com\/wp-content\/uploads\/2022\/08\/logo-1.png\",\"width\":227,\"height\":301,\"caption\":\"Librairie 7L\"},\"image\":{\"@id\":\"https:\/\/librairie7l.com\/en\/#\/schema\/logo\/image\/\"}}]}<\/script>\n<!-- \/ Yoast SEO plugin. -->","yoast_head_json":{"title":"Le moulage ; art et techniques de cr\u00e9ation de mode - Librairie 7L","robots":{"index":"index","follow":"follow","max-snippet":"max-snippet:-1","max-image-preview":"max-image-preview:large","max-video-preview":"max-video-preview:-1"},"canonical":"https:\/\/librairie7l.com\/en\/produit\/le-moulage-art-et-techniques-de-creation-de-mode-2\/","og_locale":"en_US","og_type":"article","og_title":"Le moulage ; art et techniques de cr\u00e9ation de mode - Librairie 7L","og_description":"Le moulage est une technique de cr\u00e9ation et de production en volume qui offre un grand degr\u00e9 de libert\u00e9. Le travail s&#8217;effectue directement sur une toile drap\u00e9e sur un mannequin de couture. Le r\u00e9sultat doit \u00eatre bien net, et pouvoir \u00eatre report\u00e9 et converti en patron. Le moulage est souvent utilis\u00e9 dans le monde de [&hellip;]","og_url":"https:\/\/librairie7l.com\/en\/produit\/le-moulage-art-et-techniques-de-creation-de-mode-2\/","og_site_name":"Librairie 7L","article_modified_time":"2026-05-02T04:06:26+00:00","og_image":[{"width":367,"height":500,"url":"https:\/\/librairie7l.com\/wp-content\/uploads\/2016\/08\/9788416504411_1_75.jpg","type":"image\/jpeg"}],"twitter_card":"summary_large_image","twitter_misc":{"Est. reading time":"1 minute"},"schema":{"@context":"https:\/\/schema.org","@graph":[{"@type":"WebPage","@id":"https:\/\/librairie7l.com\/en\/produit\/le-moulage-art-et-techniques-de-creation-de-mode-2\/","url":"https:\/\/librairie7l.com\/en\/produit\/le-moulage-art-et-techniques-de-creation-de-mode-2\/","name":"Le moulage ; art et techniques de cr\u00e9ation de mode - Librairie 7L","isPartOf":{"@id":"https:\/\/librairie7l.com\/en\/#website"},"datePublished":"2024-12-04T08:18:16+00:00","dateModified":"2026-05-02T04:06:26+00:00","breadcrumb":{"@id":"https:\/\/librairie7l.com\/en\/produit\/le-moulage-art-et-techniques-de-creation-de-mode-2\/#breadcrumb"},"inLanguage":"en-US","potentialAction":[{"@type":"ReadAction","target":["https:\/\/librairie7l.com\/en\/produit\/le-moulage-art-et-techniques-de-creation-de-mode-2\/"]}]},{"@type":"BreadcrumbList","@id":"https:\/\/librairie7l.com\/en\/produit\/le-moulage-art-et-techniques-de-creation-de-mode-2\/#breadcrumb","itemListElement":[{"@type":"ListItem","position":1,"name":"Accueil","item":"https:\/\/librairie7l.com\/en\/"},{"@type":"ListItem","position":2,"name":"Shop","item":"https:\/\/librairie7l.com\/en\/shop\/"},{"@type":"ListItem","position":3,"name":"LE MOULAGE ; ART ET TECHNIQUES DE CR\u00c9ATION DE MODE"}]},{"@type":"WebSite","@id":"https:\/\/librairie7l.com\/en\/#website","url":"https:\/\/librairie7l.com\/en\/","name":"Librairie 7L","description":"Librairie fond\u00e9e en 1999 par Karl Lagerfeld \u00e0 Paris","publisher":{"@id":"https:\/\/librairie7l.com\/en\/#organization"},"potentialAction":[{"@type":"SearchAction","target":{"@type":"EntryPoint","urlTemplate":"https:\/\/librairie7l.com\/en\/?s={search_term_string}"},"query-input":"required name=search_term_string"}],"inLanguage":"en-US"},{"@type":"Organization","@id":"https:\/\/librairie7l.com\/en\/#organization","name":"Librairie 7L","url":"https:\/\/librairie7l.com\/en\/","logo":{"@type":"ImageObject","inLanguage":"en-US","@id":"https:\/\/librairie7l.com\/en\/#\/schema\/logo\/image\/","url":"https:\/\/librairie7l.com\/wp-content\/uploads\/2022\/08\/logo-1.png","contentUrl":"https:\/\/librairie7l.com\/wp-content\/uploads\/2022\/08\/logo-1.png","width":227,"height":301,"caption":"Librairie 7L"},"image":{"@id":"https:\/\/librairie7l.com\/en\/#\/schema\/logo\/image\/"}}]}},"_links":{"self":[{"href":"https:\/\/librairie7l.com\/en\/wp-json\/wp\/v2\/product\/44798"}],"collection":[{"href":"https:\/\/librairie7l.com\/en\/wp-json\/wp\/v2\/product"}],"about":[{"href":"https:\/\/librairie7l.com\/en\/wp-json\/wp\/v2\/types\/product"}],"wp:featuredmedia":[{"embeddable":true,"href":"https:\/\/librairie7l.com\/en\/wp-json\/wp\/v2\/media\/44796"}],"wp:attachment":[{"href":"https:\/\/librairie7l.com\/en\/wp-json\/wp\/v2\/media?parent=44798"}],"wp:term":[{"taxonomy":"product_cat","embeddable":true,"href":"https:\/\/librairie7l.com\/en\/wp-json\/wp\/v2\/product_cat?post=44798"},{"taxonomy":"product_tag","embeddable":true,"href":"https:\/\/librairie7l.com\/en\/wp-json\/wp\/v2\/product_tag?post=44798"}],"curies":[{"name":"wp","href":"https:\/\/api.w.org\/{rel}","templated":true}]}}