{"id":44816,"date":"2024-12-04T19:07:01","date_gmt":"2024-12-04T18:07:01","guid":{"rendered":"https:\/\/librairie7l.com\/?post_type=product&#038;p=44816"},"modified":"2026-04-10T12:05:43","modified_gmt":"2026-04-10T10:05:43","slug":"le-guide-des-montres-vintage-2","status":"publish","type":"product","link":"https:\/\/librairie7l.com\/en\/produit\/le-guide-des-montres-vintage-2\/","title":{"rendered":"LE GUIDE DES MONTRES VINTAGE"},"content":{"rendered":"<p>Marques, \u00e9poques, mod\u00e8les&#8230; Un guide complet, d\u00e9taillant toutes les \u00e9poques de l&#8217;horlorgerie ancienne, pour d\u00e9couvrir ou approfondir la passion des montres vintage.<br \/>\nAu fond, le v\u00e9ritable luxe, peut-\u00eatre le seul, c&#8217;est le temps. Voil\u00e0 pourquoi les montres fascinent. Elles \u00e9gr\u00e8nent les secondes, les minutes, conjuguent l&#8217;exigence et l&#8217;\u00e9l\u00e9gance, retracent l&#8217;\u00e9volution des modes, des go\u00fbts et des techniques. En un objet, la philosophie et l&#8217;esth\u00e9tique cohabitent. Ce n&#8217;est pas si fr\u00e9quent&#8230;<\/p>\n<p>Dans cet ouvrage, Judikael Hirel nous entra\u00eene au sein de cette passion pour mieux la communiquer. Il raconte l&#8217;histoire des marques, pr\u00e9sente les mod\u00e8les mythiques sans jamais n\u00e9gliger les r\u00e9f\u00e9rences moins connues mais tout aussi s\u00e9duisantes. Car la passion horlog\u00e8re ne se r\u00e9sume pas \u00e0 une poign\u00e9e de montres on\u00e9reuses et quelques noms inabordables. Bien au contraire, il s&#8217;agit d&#8217;un univers foisonnant, \u00e9tonnant. Un d\u00e9dale qui n\u00e9cessite un guide pour le comprendre et s&#8217;y abandonner.<\/p>\n<p>Mod\u00e8les de plong\u00e9e ou militaires, m\u00e9caniques ou \u00e0 quartz, classiques fran\u00e7ais ou japonais, casual ou de luxe&#8230; Cet ouvrage permettra \u00e0 chacun de trouver montre \u00e0 son poignet.<\/p>\n","protected":false},"excerpt":{"rendered":"<p>Marques, \u00e9poques, mod\u00e8les&#8230; Un guide complet, d\u00e9taillant toutes les \u00e9poques de l&#8217;horlorgerie ancienne, pour d\u00e9couvrir ou approfondir la passion des montres vintage. Au fond, le v\u00e9ritable luxe, peut-\u00eatre le seul, c&#8217;est le temps. Voil\u00e0 pourquoi les montres fascinent. Elles \u00e9gr\u00e8nent les secondes, les minutes, conjuguent l&#8217;exigence et l&#8217;\u00e9l\u00e9gance, retracent l&#8217;\u00e9volution des modes, des go\u00fbts et [&hellip;]<\/p>\n","protected":false},"featured_media":44814,"template":"","meta":[],"product_cat":[7364,2948],"product_tag":[],"acf":[],"yoast_head":"<!-- This site is optimized with the Yoast SEO plugin v20.11 - https:\/\/yoast.com\/wordpress\/plugins\/seo\/ -->\n<title>Le guide des montres vintage - Librairie 7L<\/title>\n<meta name=\"robots\" content=\"index, follow, max-snippet:-1, max-image-preview:large, max-video-preview:-1\" \/>\n<link rel=\"canonical\" href=\"https:\/\/librairie7l.com\/en\/produit\/le-guide-des-montres-vintage-2\/\" \/>\n<meta property=\"og:locale\" content=\"en_US\" \/>\n<meta property=\"og:type\" content=\"article\" \/>\n<meta property=\"og:title\" content=\"Le guide des montres vintage - Librairie 7L\" \/>\n<meta property=\"og:description\" content=\"Marques, \u00e9poques, mod\u00e8les&#8230; Un guide complet, d\u00e9taillant toutes les \u00e9poques de l&#8217;horlorgerie ancienne, pour d\u00e9couvrir ou approfondir la passion des montres vintage. Au fond, le v\u00e9ritable luxe, peut-\u00eatre le seul, c&#8217;est le temps. Voil\u00e0 pourquoi les montres fascinent. Elles \u00e9gr\u00e8nent les secondes, les minutes, conjuguent l&#8217;exigence et l&#8217;\u00e9l\u00e9gance, retracent l&#8217;\u00e9volution des modes, des go\u00fbts et [&hellip;]\" \/>\n<meta property=\"og:url\" content=\"https:\/\/librairie7l.com\/en\/produit\/le-guide-des-montres-vintage-2\/\" \/>\n<meta property=\"og:site_name\" content=\"Librairie 7L\" \/>\n<meta property=\"article:modified_time\" content=\"2026-04-10T10:05:43+00:00\" \/>\n<meta property=\"og:image\" content=\"https:\/\/librairie7l.com\/wp-content\/uploads\/2024\/06\/9782749181370_1_75.jpg\" \/>\n\t<meta property=\"og:image:width\" content=\"600\" \/>\n\t<meta property=\"og:image:height\" content=\"851\" \/>\n\t<meta property=\"og:image:type\" content=\"image\/jpeg\" \/>\n<meta name=\"twitter:card\" content=\"summary_large_image\" \/>\n<meta name=\"twitter:label1\" content=\"Est. reading time\" \/>\n\t<meta name=\"twitter:data1\" content=\"1 minute\" \/>\n<script type=\"application\/ld+json\" class=\"yoast-schema-graph\">{\"@context\":\"https:\/\/schema.org\",\"@graph\":[{\"@type\":\"WebPage\",\"@id\":\"https:\/\/librairie7l.com\/en\/produit\/le-guide-des-montres-vintage-2\/\",\"url\":\"https:\/\/librairie7l.com\/en\/produit\/le-guide-des-montres-vintage-2\/\",\"name\":\"Le guide des montres vintage - Librairie 7L\",\"isPartOf\":{\"@id\":\"https:\/\/librairie7l.com\/en\/#website\"},\"datePublished\":\"2024-12-04T18:07:01+00:00\",\"dateModified\":\"2026-04-10T10:05:43+00:00\",\"breadcrumb\":{\"@id\":\"https:\/\/librairie7l.com\/en\/produit\/le-guide-des-montres-vintage-2\/#breadcrumb\"},\"inLanguage\":\"en-US\",\"potentialAction\":[{\"@type\":\"ReadAction\",\"target\":[\"https:\/\/librairie7l.com\/en\/produit\/le-guide-des-montres-vintage-2\/\"]}]},{\"@type\":\"BreadcrumbList\",\"@id\":\"https:\/\/librairie7l.com\/en\/produit\/le-guide-des-montres-vintage-2\/#breadcrumb\",\"itemListElement\":[{\"@type\":\"ListItem\",\"position\":1,\"name\":\"Accueil\",\"item\":\"https:\/\/librairie7l.com\/en\/\"},{\"@type\":\"ListItem\",\"position\":2,\"name\":\"Shop\",\"item\":\"https:\/\/librairie7l.com\/en\/shop\/\"},{\"@type\":\"ListItem\",\"position\":3,\"name\":\"LE GUIDE DES MONTRES VINTAGE\"}]},{\"@type\":\"WebSite\",\"@id\":\"https:\/\/librairie7l.com\/en\/#website\",\"url\":\"https:\/\/librairie7l.com\/en\/\",\"name\":\"Librairie 7L\",\"description\":\"Librairie fond\u00e9e en 1999 par Karl Lagerfeld \u00e0 Paris\",\"publisher\":{\"@id\":\"https:\/\/librairie7l.com\/en\/#organization\"},\"potentialAction\":[{\"@type\":\"SearchAction\",\"target\":{\"@type\":\"EntryPoint\",\"urlTemplate\":\"https:\/\/librairie7l.com\/en\/?s={search_term_string}\"},\"query-input\":\"required name=search_term_string\"}],\"inLanguage\":\"en-US\"},{\"@type\":\"Organization\",\"@id\":\"https:\/\/librairie7l.com\/en\/#organization\",\"name\":\"Librairie 7L\",\"url\":\"https:\/\/librairie7l.com\/en\/\",\"logo\":{\"@type\":\"ImageObject\",\"inLanguage\":\"en-US\",\"@id\":\"https:\/\/librairie7l.com\/en\/#\/schema\/logo\/image\/\",\"url\":\"https:\/\/librairie7l.com\/wp-content\/uploads\/2022\/08\/logo-1.png\",\"contentUrl\":\"https:\/\/librairie7l.com\/wp-content\/uploads\/2022\/08\/logo-1.png\",\"width\":227,\"height\":301,\"caption\":\"Librairie 7L\"},\"image\":{\"@id\":\"https:\/\/librairie7l.com\/en\/#\/schema\/logo\/image\/\"}}]}<\/script>\n<!-- \/ Yoast SEO plugin. -->","yoast_head_json":{"title":"Le guide des montres vintage - Librairie 7L","robots":{"index":"index","follow":"follow","max-snippet":"max-snippet:-1","max-image-preview":"max-image-preview:large","max-video-preview":"max-video-preview:-1"},"canonical":"https:\/\/librairie7l.com\/en\/produit\/le-guide-des-montres-vintage-2\/","og_locale":"en_US","og_type":"article","og_title":"Le guide des montres vintage - Librairie 7L","og_description":"Marques, \u00e9poques, mod\u00e8les&#8230; Un guide complet, d\u00e9taillant toutes les \u00e9poques de l&#8217;horlorgerie ancienne, pour d\u00e9couvrir ou approfondir la passion des montres vintage. Au fond, le v\u00e9ritable luxe, peut-\u00eatre le seul, c&#8217;est le temps. Voil\u00e0 pourquoi les montres fascinent. Elles \u00e9gr\u00e8nent les secondes, les minutes, conjuguent l&#8217;exigence et l&#8217;\u00e9l\u00e9gance, retracent l&#8217;\u00e9volution des modes, des go\u00fbts et [&hellip;]","og_url":"https:\/\/librairie7l.com\/en\/produit\/le-guide-des-montres-vintage-2\/","og_site_name":"Librairie 7L","article_modified_time":"2026-04-10T10:05:43+00:00","og_image":[{"width":600,"height":851,"url":"https:\/\/librairie7l.com\/wp-content\/uploads\/2024\/06\/9782749181370_1_75.jpg","type":"image\/jpeg"}],"twitter_card":"summary_large_image","twitter_misc":{"Est. reading time":"1 minute"},"schema":{"@context":"https:\/\/schema.org","@graph":[{"@type":"WebPage","@id":"https:\/\/librairie7l.com\/en\/produit\/le-guide-des-montres-vintage-2\/","url":"https:\/\/librairie7l.com\/en\/produit\/le-guide-des-montres-vintage-2\/","name":"Le guide des montres vintage - Librairie 7L","isPartOf":{"@id":"https:\/\/librairie7l.com\/en\/#website"},"datePublished":"2024-12-04T18:07:01+00:00","dateModified":"2026-04-10T10:05:43+00:00","breadcrumb":{"@id":"https:\/\/librairie7l.com\/en\/produit\/le-guide-des-montres-vintage-2\/#breadcrumb"},"inLanguage":"en-US","potentialAction":[{"@type":"ReadAction","target":["https:\/\/librairie7l.com\/en\/produit\/le-guide-des-montres-vintage-2\/"]}]},{"@type":"BreadcrumbList","@id":"https:\/\/librairie7l.com\/en\/produit\/le-guide-des-montres-vintage-2\/#breadcrumb","itemListElement":[{"@type":"ListItem","position":1,"name":"Accueil","item":"https:\/\/librairie7l.com\/en\/"},{"@type":"ListItem","position":2,"name":"Shop","item":"https:\/\/librairie7l.com\/en\/shop\/"},{"@type":"ListItem","position":3,"name":"LE GUIDE DES MONTRES VINTAGE"}]},{"@type":"WebSite","@id":"https:\/\/librairie7l.com\/en\/#website","url":"https:\/\/librairie7l.com\/en\/","name":"Librairie 7L","description":"Librairie fond\u00e9e en 1999 par Karl Lagerfeld \u00e0 Paris","publisher":{"@id":"https:\/\/librairie7l.com\/en\/#organization"},"potentialAction":[{"@type":"SearchAction","target":{"@type":"EntryPoint","urlTemplate":"https:\/\/librairie7l.com\/en\/?s={search_term_string}"},"query-input":"required name=search_term_string"}],"inLanguage":"en-US"},{"@type":"Organization","@id":"https:\/\/librairie7l.com\/en\/#organization","name":"Librairie 7L","url":"https:\/\/librairie7l.com\/en\/","logo":{"@type":"ImageObject","inLanguage":"en-US","@id":"https:\/\/librairie7l.com\/en\/#\/schema\/logo\/image\/","url":"https:\/\/librairie7l.com\/wp-content\/uploads\/2022\/08\/logo-1.png","contentUrl":"https:\/\/librairie7l.com\/wp-content\/uploads\/2022\/08\/logo-1.png","width":227,"height":301,"caption":"Librairie 7L"},"image":{"@id":"https:\/\/librairie7l.com\/en\/#\/schema\/logo\/image\/"}}]}},"_links":{"self":[{"href":"https:\/\/librairie7l.com\/en\/wp-json\/wp\/v2\/product\/44816"}],"collection":[{"href":"https:\/\/librairie7l.com\/en\/wp-json\/wp\/v2\/product"}],"about":[{"href":"https:\/\/librairie7l.com\/en\/wp-json\/wp\/v2\/types\/product"}],"wp:featuredmedia":[{"embeddable":true,"href":"https:\/\/librairie7l.com\/en\/wp-json\/wp\/v2\/media\/44814"}],"wp:attachment":[{"href":"https:\/\/librairie7l.com\/en\/wp-json\/wp\/v2\/media?parent=44816"}],"wp:term":[{"taxonomy":"product_cat","embeddable":true,"href":"https:\/\/librairie7l.com\/en\/wp-json\/wp\/v2\/product_cat?post=44816"},{"taxonomy":"product_tag","embeddable":true,"href":"https:\/\/librairie7l.com\/en\/wp-json\/wp\/v2\/product_tag?post=44816"}],"curies":[{"name":"wp","href":"https:\/\/api.w.org\/{rel}","templated":true}]}}