{"id":44831,"date":"2024-12-05T09:17:48","date_gmt":"2024-12-05T08:17:48","guid":{"rendered":"https:\/\/librairie7l.com\/?post_type=product&#038;p=44831"},"modified":"2026-05-03T02:00:31","modified_gmt":"2026-05-03T00:00:31","slug":"couture-modelisme-tome-1-maitriser-les-bases-du-patron-de-la-coupe-et-de-lassemblage-2","status":"publish","type":"product","link":"https:\/\/librairie7l.com\/en\/produit\/couture-modelisme-tome-1-maitriser-les-bases-du-patron-de-la-coupe-et-de-lassemblage-2\/","title":{"rendered":"COUTURE &AMP; MOD\u00c9LISME TOME 1 ; MA\u00ceTRISER LES BASES DU PATRON, DE LA COUPE ET DE L&#8217;ASSEMBLAGE"},"content":{"rendered":"<p>Cet ouvrage p\u00e9dagogique expose les bases essentielles du mod\u00e9lisme. Il s&#8217;adresse aux \u00e9tudiants en \u00e9cole de mode et aux couturiers amateurs qui souhaitent comprendre les r\u00e8gles de la construction \u00e0 plat des patrons et de la r\u00e9alisation des mod\u00e8les basiques de v\u00eatements. Il leur propose un socle des connaissances incontournables, sous forme de fiches techniques, pour ma\u00eetriser le trac\u00e9 des pi\u00e8ces de base (jupe, corsage, pantalon&#8230;) et leurs transformations (\u00e9largissements, cintrages, cols, poches, manches, etc.), jusqu&#8217;au patron final.<br \/>\nGr\u00e2ce \u00e0 plus de 500 sch\u00e9mas techniques d\u00e9taill\u00e9s, les passionn\u00e9s de mode, amateurs ou futurs professionnels, auront toutes les cl\u00e9s en main pour passer du trac\u00e9 \u00e0 la coupe \u00e0 plat, puis \u00e0 la r\u00e9alisation de mod\u00e8les plus complexes (jupe &#8220;crayon&#8221;, saharienne, chemise-veste). En bonus, l&#8217;auteur les invite \u00e0 r\u00e9aliser leur propre bras bourr\u00e9, pour un tomb\u00e9 sur mesure que l&#8217;on ne retrouve dans aucun des mod\u00e8les du commerce.<\/p>\n","protected":false},"excerpt":{"rendered":"<p>Cet ouvrage p\u00e9dagogique expose les bases essentielles du mod\u00e9lisme. Il s&#8217;adresse aux \u00e9tudiants en \u00e9cole de mode et aux couturiers amateurs qui souhaitent comprendre les r\u00e8gles de la construction \u00e0 plat des patrons et de la r\u00e9alisation des mod\u00e8les basiques de v\u00eatements. Il leur propose un socle des connaissances incontournables, sous forme de fiches techniques, [&hellip;]<\/p>\n","protected":false},"featured_media":44829,"template":"","meta":[],"product_cat":[2948],"product_tag":[],"acf":[],"yoast_head":"<!-- This site is optimized with the Yoast SEO plugin v20.11 - https:\/\/yoast.com\/wordpress\/plugins\/seo\/ -->\n<title>Couture &amp; mod\u00e9lisme Tome 1 ; ma\u00eetriser les bases du patron, de la coupe et de l&#039;assemblage - Librairie 7L<\/title>\n<meta name=\"robots\" content=\"index, follow, max-snippet:-1, max-image-preview:large, max-video-preview:-1\" \/>\n<link rel=\"canonical\" href=\"https:\/\/librairie7l.com\/en\/produit\/couture-modelisme-tome-1-maitriser-les-bases-du-patron-de-la-coupe-et-de-lassemblage-2\/\" \/>\n<meta property=\"og:locale\" content=\"en_US\" \/>\n<meta property=\"og:type\" content=\"article\" \/>\n<meta property=\"og:title\" content=\"Couture &amp; mod\u00e9lisme Tome 1 ; ma\u00eetriser les bases du patron, de la coupe et de l&#039;assemblage - Librairie 7L\" \/>\n<meta property=\"og:description\" content=\"Cet ouvrage p\u00e9dagogique expose les bases essentielles du mod\u00e9lisme. Il s&#8217;adresse aux \u00e9tudiants en \u00e9cole de mode et aux couturiers amateurs qui souhaitent comprendre les r\u00e8gles de la construction \u00e0 plat des patrons et de la r\u00e9alisation des mod\u00e8les basiques de v\u00eatements. Il leur propose un socle des connaissances incontournables, sous forme de fiches techniques, [&hellip;]\" \/>\n<meta property=\"og:url\" content=\"https:\/\/librairie7l.com\/en\/produit\/couture-modelisme-tome-1-maitriser-les-bases-du-patron-de-la-coupe-et-de-lassemblage-2\/\" \/>\n<meta property=\"og:site_name\" content=\"Librairie 7L\" \/>\n<meta property=\"article:modified_time\" content=\"2026-05-03T00:00:31+00:00\" \/>\n<meta property=\"og:image\" content=\"https:\/\/librairie7l.com\/wp-content\/uploads\/2016\/04\/9782711424238_1_75.jpg\" \/>\n\t<meta property=\"og:image:width\" content=\"1000\" \/>\n\t<meta property=\"og:image:height\" content=\"1390\" \/>\n\t<meta property=\"og:image:type\" content=\"image\/jpeg\" \/>\n<meta name=\"twitter:card\" content=\"summary_large_image\" \/>\n<meta name=\"twitter:label1\" content=\"Est. reading time\" \/>\n\t<meta name=\"twitter:data1\" content=\"1 minute\" \/>\n<script type=\"application\/ld+json\" class=\"yoast-schema-graph\">{\"@context\":\"https:\/\/schema.org\",\"@graph\":[{\"@type\":\"WebPage\",\"@id\":\"https:\/\/librairie7l.com\/en\/produit\/couture-modelisme-tome-1-maitriser-les-bases-du-patron-de-la-coupe-et-de-lassemblage-2\/\",\"url\":\"https:\/\/librairie7l.com\/en\/produit\/couture-modelisme-tome-1-maitriser-les-bases-du-patron-de-la-coupe-et-de-lassemblage-2\/\",\"name\":\"Couture &amp; mod\u00e9lisme Tome 1 ; ma\u00eetriser les bases du patron, de la coupe et de l'assemblage - Librairie 7L\",\"isPartOf\":{\"@id\":\"https:\/\/librairie7l.com\/en\/#website\"},\"datePublished\":\"2024-12-05T08:17:48+00:00\",\"dateModified\":\"2026-05-03T00:00:31+00:00\",\"breadcrumb\":{\"@id\":\"https:\/\/librairie7l.com\/en\/produit\/couture-modelisme-tome-1-maitriser-les-bases-du-patron-de-la-coupe-et-de-lassemblage-2\/#breadcrumb\"},\"inLanguage\":\"en-US\",\"potentialAction\":[{\"@type\":\"ReadAction\",\"target\":[\"https:\/\/librairie7l.com\/en\/produit\/couture-modelisme-tome-1-maitriser-les-bases-du-patron-de-la-coupe-et-de-lassemblage-2\/\"]}]},{\"@type\":\"BreadcrumbList\",\"@id\":\"https:\/\/librairie7l.com\/en\/produit\/couture-modelisme-tome-1-maitriser-les-bases-du-patron-de-la-coupe-et-de-lassemblage-2\/#breadcrumb\",\"itemListElement\":[{\"@type\":\"ListItem\",\"position\":1,\"name\":\"Accueil\",\"item\":\"https:\/\/librairie7l.com\/en\/\"},{\"@type\":\"ListItem\",\"position\":2,\"name\":\"Shop\",\"item\":\"https:\/\/librairie7l.com\/en\/shop\/\"},{\"@type\":\"ListItem\",\"position\":3,\"name\":\"COUTURE &AMP; MOD\u00c9LISME TOME 1 ; MA\u00ceTRISER LES BASES DU PATRON, DE LA COUPE ET DE L&#8217;ASSEMBLAGE\"}]},{\"@type\":\"WebSite\",\"@id\":\"https:\/\/librairie7l.com\/en\/#website\",\"url\":\"https:\/\/librairie7l.com\/en\/\",\"name\":\"Librairie 7L\",\"description\":\"Librairie fond\u00e9e en 1999 par Karl Lagerfeld \u00e0 Paris\",\"publisher\":{\"@id\":\"https:\/\/librairie7l.com\/en\/#organization\"},\"potentialAction\":[{\"@type\":\"SearchAction\",\"target\":{\"@type\":\"EntryPoint\",\"urlTemplate\":\"https:\/\/librairie7l.com\/en\/?s={search_term_string}\"},\"query-input\":\"required name=search_term_string\"}],\"inLanguage\":\"en-US\"},{\"@type\":\"Organization\",\"@id\":\"https:\/\/librairie7l.com\/en\/#organization\",\"name\":\"Librairie 7L\",\"url\":\"https:\/\/librairie7l.com\/en\/\",\"logo\":{\"@type\":\"ImageObject\",\"inLanguage\":\"en-US\",\"@id\":\"https:\/\/librairie7l.com\/en\/#\/schema\/logo\/image\/\",\"url\":\"https:\/\/librairie7l.com\/wp-content\/uploads\/2022\/08\/logo-1.png\",\"contentUrl\":\"https:\/\/librairie7l.com\/wp-content\/uploads\/2022\/08\/logo-1.png\",\"width\":227,\"height\":301,\"caption\":\"Librairie 7L\"},\"image\":{\"@id\":\"https:\/\/librairie7l.com\/en\/#\/schema\/logo\/image\/\"}}]}<\/script>\n<!-- \/ Yoast SEO plugin. -->","yoast_head_json":{"title":"Couture &amp; mod\u00e9lisme Tome 1 ; ma\u00eetriser les bases du patron, de la coupe et de l'assemblage - Librairie 7L","robots":{"index":"index","follow":"follow","max-snippet":"max-snippet:-1","max-image-preview":"max-image-preview:large","max-video-preview":"max-video-preview:-1"},"canonical":"https:\/\/librairie7l.com\/en\/produit\/couture-modelisme-tome-1-maitriser-les-bases-du-patron-de-la-coupe-et-de-lassemblage-2\/","og_locale":"en_US","og_type":"article","og_title":"Couture &amp; mod\u00e9lisme Tome 1 ; ma\u00eetriser les bases du patron, de la coupe et de l'assemblage - Librairie 7L","og_description":"Cet ouvrage p\u00e9dagogique expose les bases essentielles du mod\u00e9lisme. Il s&#8217;adresse aux \u00e9tudiants en \u00e9cole de mode et aux couturiers amateurs qui souhaitent comprendre les r\u00e8gles de la construction \u00e0 plat des patrons et de la r\u00e9alisation des mod\u00e8les basiques de v\u00eatements. Il leur propose un socle des connaissances incontournables, sous forme de fiches techniques, [&hellip;]","og_url":"https:\/\/librairie7l.com\/en\/produit\/couture-modelisme-tome-1-maitriser-les-bases-du-patron-de-la-coupe-et-de-lassemblage-2\/","og_site_name":"Librairie 7L","article_modified_time":"2026-05-03T00:00:31+00:00","og_image":[{"width":1000,"height":1390,"url":"https:\/\/librairie7l.com\/wp-content\/uploads\/2016\/04\/9782711424238_1_75.jpg","type":"image\/jpeg"}],"twitter_card":"summary_large_image","twitter_misc":{"Est. reading time":"1 minute"},"schema":{"@context":"https:\/\/schema.org","@graph":[{"@type":"WebPage","@id":"https:\/\/librairie7l.com\/en\/produit\/couture-modelisme-tome-1-maitriser-les-bases-du-patron-de-la-coupe-et-de-lassemblage-2\/","url":"https:\/\/librairie7l.com\/en\/produit\/couture-modelisme-tome-1-maitriser-les-bases-du-patron-de-la-coupe-et-de-lassemblage-2\/","name":"Couture &amp; mod\u00e9lisme Tome 1 ; ma\u00eetriser les bases du patron, de la coupe et de l'assemblage - Librairie 7L","isPartOf":{"@id":"https:\/\/librairie7l.com\/en\/#website"},"datePublished":"2024-12-05T08:17:48+00:00","dateModified":"2026-05-03T00:00:31+00:00","breadcrumb":{"@id":"https:\/\/librairie7l.com\/en\/produit\/couture-modelisme-tome-1-maitriser-les-bases-du-patron-de-la-coupe-et-de-lassemblage-2\/#breadcrumb"},"inLanguage":"en-US","potentialAction":[{"@type":"ReadAction","target":["https:\/\/librairie7l.com\/en\/produit\/couture-modelisme-tome-1-maitriser-les-bases-du-patron-de-la-coupe-et-de-lassemblage-2\/"]}]},{"@type":"BreadcrumbList","@id":"https:\/\/librairie7l.com\/en\/produit\/couture-modelisme-tome-1-maitriser-les-bases-du-patron-de-la-coupe-et-de-lassemblage-2\/#breadcrumb","itemListElement":[{"@type":"ListItem","position":1,"name":"Accueil","item":"https:\/\/librairie7l.com\/en\/"},{"@type":"ListItem","position":2,"name":"Shop","item":"https:\/\/librairie7l.com\/en\/shop\/"},{"@type":"ListItem","position":3,"name":"COUTURE &AMP; MOD\u00c9LISME TOME 1 ; MA\u00ceTRISER LES BASES DU PATRON, DE LA COUPE ET DE L&#8217;ASSEMBLAGE"}]},{"@type":"WebSite","@id":"https:\/\/librairie7l.com\/en\/#website","url":"https:\/\/librairie7l.com\/en\/","name":"Librairie 7L","description":"Librairie fond\u00e9e en 1999 par Karl Lagerfeld \u00e0 Paris","publisher":{"@id":"https:\/\/librairie7l.com\/en\/#organization"},"potentialAction":[{"@type":"SearchAction","target":{"@type":"EntryPoint","urlTemplate":"https:\/\/librairie7l.com\/en\/?s={search_term_string}"},"query-input":"required name=search_term_string"}],"inLanguage":"en-US"},{"@type":"Organization","@id":"https:\/\/librairie7l.com\/en\/#organization","name":"Librairie 7L","url":"https:\/\/librairie7l.com\/en\/","logo":{"@type":"ImageObject","inLanguage":"en-US","@id":"https:\/\/librairie7l.com\/en\/#\/schema\/logo\/image\/","url":"https:\/\/librairie7l.com\/wp-content\/uploads\/2022\/08\/logo-1.png","contentUrl":"https:\/\/librairie7l.com\/wp-content\/uploads\/2022\/08\/logo-1.png","width":227,"height":301,"caption":"Librairie 7L"},"image":{"@id":"https:\/\/librairie7l.com\/en\/#\/schema\/logo\/image\/"}}]}},"_links":{"self":[{"href":"https:\/\/librairie7l.com\/en\/wp-json\/wp\/v2\/product\/44831"}],"collection":[{"href":"https:\/\/librairie7l.com\/en\/wp-json\/wp\/v2\/product"}],"about":[{"href":"https:\/\/librairie7l.com\/en\/wp-json\/wp\/v2\/types\/product"}],"wp:featuredmedia":[{"embeddable":true,"href":"https:\/\/librairie7l.com\/en\/wp-json\/wp\/v2\/media\/44829"}],"wp:attachment":[{"href":"https:\/\/librairie7l.com\/en\/wp-json\/wp\/v2\/media?parent=44831"}],"wp:term":[{"taxonomy":"product_cat","embeddable":true,"href":"https:\/\/librairie7l.com\/en\/wp-json\/wp\/v2\/product_cat?post=44831"},{"taxonomy":"product_tag","embeddable":true,"href":"https:\/\/librairie7l.com\/en\/wp-json\/wp\/v2\/product_tag?post=44831"}],"curies":[{"name":"wp","href":"https:\/\/api.w.org\/{rel}","templated":true}]}}