{"id":44835,"date":"2024-12-05T09:17:51","date_gmt":"2024-12-05T08:17:51","guid":{"rendered":"https:\/\/librairie7l.com\/?post_type=product&#038;p=44835"},"modified":"2026-05-03T02:00:31","modified_gmt":"2026-05-03T00:00:31","slug":"modelisme-et-couture-tome-2-maitriser-la-coupe-a-plat-2","status":"publish","type":"product","link":"https:\/\/librairie7l.com\/en\/produit\/modelisme-et-couture-tome-2-maitriser-la-coupe-a-plat-2\/","title":{"rendered":"MOD\u00c9LISME ET COUTURE TOME 2 ; MA\u00ceTRISER LA COUPE \u00c0 PLAT"},"content":{"rendered":"<p>Dans la continuit\u00e9 du premier volume, les passionn\u00e9s de mode et professionnels de la couture trouveront mati\u00e8re \u00e0 se perfectionner dans cet ouvrage qui contient :<br \/>\n&#8211; Des explications pratiques sur les tissus, le mat\u00e9riel indispensable, la prise des mesures et les points de couture \u00e0 la main ou \u00e0 la machine.<br \/>\n&#8211; Une grande vari\u00e9t\u00e9 dans la typologie des v\u00eatements pr\u00e9sent\u00e9s : jupes, corsages, pantalons, ainsi que de nombreuses variations de poches, manches, cols, etc.<br \/>\n&#8211; Plus de 400 illustrations de trac\u00e9s techniques et de patrons avec des cotes pr\u00e9cises qui permettent de comprendre pas \u00e0 pas la structure d&#8217;un mod\u00e8le.<br \/>\nGr\u00e2ce \u00e0 ce nouvel ouvrage, les amateurs de mode ou les futurs mod\u00e9listes disposeront de toutes les cl\u00e9s pour r\u00e9aliser des mod\u00e8les plus \u00e9labor\u00e9s et se lancer avec succ\u00e8s dans un cursus professionnel !<\/p>\n","protected":false},"excerpt":{"rendered":"<p>Dans la continuit\u00e9 du premier volume, les passionn\u00e9s de mode et professionnels de la couture trouveront mati\u00e8re \u00e0 se perfectionner dans cet ouvrage qui contient : &#8211; Des explications pratiques sur les tissus, le mat\u00e9riel indispensable, la prise des mesures et les points de couture \u00e0 la main ou \u00e0 la machine. &#8211; Une grande [&hellip;]<\/p>\n","protected":false},"featured_media":44833,"template":"","meta":[],"product_cat":[2948],"product_tag":[],"acf":[],"yoast_head":"<!-- This site is optimized with the Yoast SEO plugin v20.11 - https:\/\/yoast.com\/wordpress\/plugins\/seo\/ -->\n<title>Mod\u00e9lisme et couture Tome 2 ; ma\u00eetriser la coupe \u00e0 plat - Librairie 7L<\/title>\n<meta name=\"robots\" content=\"index, follow, max-snippet:-1, max-image-preview:large, max-video-preview:-1\" \/>\n<link rel=\"canonical\" href=\"https:\/\/librairie7l.com\/en\/produit\/modelisme-et-couture-tome-2-maitriser-la-coupe-a-plat-2\/\" \/>\n<meta property=\"og:locale\" content=\"en_US\" \/>\n<meta property=\"og:type\" content=\"article\" \/>\n<meta property=\"og:title\" content=\"Mod\u00e9lisme et couture Tome 2 ; ma\u00eetriser la coupe \u00e0 plat - Librairie 7L\" \/>\n<meta property=\"og:description\" content=\"Dans la continuit\u00e9 du premier volume, les passionn\u00e9s de mode et professionnels de la couture trouveront mati\u00e8re \u00e0 se perfectionner dans cet ouvrage qui contient : &#8211; Des explications pratiques sur les tissus, le mat\u00e9riel indispensable, la prise des mesures et les points de couture \u00e0 la main ou \u00e0 la machine. &#8211; Une grande [&hellip;]\" \/>\n<meta property=\"og:url\" content=\"https:\/\/librairie7l.com\/en\/produit\/modelisme-et-couture-tome-2-maitriser-la-coupe-a-plat-2\/\" \/>\n<meta property=\"og:site_name\" content=\"Librairie 7L\" \/>\n<meta property=\"article:modified_time\" content=\"2026-05-03T00:00:31+00:00\" \/>\n<meta property=\"og:image\" content=\"https:\/\/librairie7l.com\/wp-content\/uploads\/2019\/03\/9782711424245_1_75.jpg\" \/>\n\t<meta property=\"og:image:width\" content=\"576\" \/>\n\t<meta property=\"og:image:height\" content=\"799\" \/>\n\t<meta property=\"og:image:type\" content=\"image\/jpeg\" \/>\n<meta name=\"twitter:card\" content=\"summary_large_image\" \/>\n<meta name=\"twitter:label1\" content=\"Est. reading time\" \/>\n\t<meta name=\"twitter:data1\" content=\"1 minute\" \/>\n<script type=\"application\/ld+json\" class=\"yoast-schema-graph\">{\"@context\":\"https:\/\/schema.org\",\"@graph\":[{\"@type\":\"WebPage\",\"@id\":\"https:\/\/librairie7l.com\/en\/produit\/modelisme-et-couture-tome-2-maitriser-la-coupe-a-plat-2\/\",\"url\":\"https:\/\/librairie7l.com\/en\/produit\/modelisme-et-couture-tome-2-maitriser-la-coupe-a-plat-2\/\",\"name\":\"Mod\u00e9lisme et couture Tome 2 ; ma\u00eetriser la coupe \u00e0 plat - Librairie 7L\",\"isPartOf\":{\"@id\":\"https:\/\/librairie7l.com\/en\/#website\"},\"datePublished\":\"2024-12-05T08:17:51+00:00\",\"dateModified\":\"2026-05-03T00:00:31+00:00\",\"breadcrumb\":{\"@id\":\"https:\/\/librairie7l.com\/en\/produit\/modelisme-et-couture-tome-2-maitriser-la-coupe-a-plat-2\/#breadcrumb\"},\"inLanguage\":\"en-US\",\"potentialAction\":[{\"@type\":\"ReadAction\",\"target\":[\"https:\/\/librairie7l.com\/en\/produit\/modelisme-et-couture-tome-2-maitriser-la-coupe-a-plat-2\/\"]}]},{\"@type\":\"BreadcrumbList\",\"@id\":\"https:\/\/librairie7l.com\/en\/produit\/modelisme-et-couture-tome-2-maitriser-la-coupe-a-plat-2\/#breadcrumb\",\"itemListElement\":[{\"@type\":\"ListItem\",\"position\":1,\"name\":\"Accueil\",\"item\":\"https:\/\/librairie7l.com\/en\/\"},{\"@type\":\"ListItem\",\"position\":2,\"name\":\"Shop\",\"item\":\"https:\/\/librairie7l.com\/en\/shop\/\"},{\"@type\":\"ListItem\",\"position\":3,\"name\":\"MOD\u00c9LISME ET COUTURE TOME 2 ; MA\u00ceTRISER LA COUPE \u00c0 PLAT\"}]},{\"@type\":\"WebSite\",\"@id\":\"https:\/\/librairie7l.com\/en\/#website\",\"url\":\"https:\/\/librairie7l.com\/en\/\",\"name\":\"Librairie 7L\",\"description\":\"Librairie fond\u00e9e en 1999 par Karl Lagerfeld \u00e0 Paris\",\"publisher\":{\"@id\":\"https:\/\/librairie7l.com\/en\/#organization\"},\"potentialAction\":[{\"@type\":\"SearchAction\",\"target\":{\"@type\":\"EntryPoint\",\"urlTemplate\":\"https:\/\/librairie7l.com\/en\/?s={search_term_string}\"},\"query-input\":\"required name=search_term_string\"}],\"inLanguage\":\"en-US\"},{\"@type\":\"Organization\",\"@id\":\"https:\/\/librairie7l.com\/en\/#organization\",\"name\":\"Librairie 7L\",\"url\":\"https:\/\/librairie7l.com\/en\/\",\"logo\":{\"@type\":\"ImageObject\",\"inLanguage\":\"en-US\",\"@id\":\"https:\/\/librairie7l.com\/en\/#\/schema\/logo\/image\/\",\"url\":\"https:\/\/librairie7l.com\/wp-content\/uploads\/2022\/08\/logo-1.png\",\"contentUrl\":\"https:\/\/librairie7l.com\/wp-content\/uploads\/2022\/08\/logo-1.png\",\"width\":227,\"height\":301,\"caption\":\"Librairie 7L\"},\"image\":{\"@id\":\"https:\/\/librairie7l.com\/en\/#\/schema\/logo\/image\/\"}}]}<\/script>\n<!-- \/ Yoast SEO plugin. -->","yoast_head_json":{"title":"Mod\u00e9lisme et couture Tome 2 ; ma\u00eetriser la coupe \u00e0 plat - Librairie 7L","robots":{"index":"index","follow":"follow","max-snippet":"max-snippet:-1","max-image-preview":"max-image-preview:large","max-video-preview":"max-video-preview:-1"},"canonical":"https:\/\/librairie7l.com\/en\/produit\/modelisme-et-couture-tome-2-maitriser-la-coupe-a-plat-2\/","og_locale":"en_US","og_type":"article","og_title":"Mod\u00e9lisme et couture Tome 2 ; ma\u00eetriser la coupe \u00e0 plat - Librairie 7L","og_description":"Dans la continuit\u00e9 du premier volume, les passionn\u00e9s de mode et professionnels de la couture trouveront mati\u00e8re \u00e0 se perfectionner dans cet ouvrage qui contient : &#8211; Des explications pratiques sur les tissus, le mat\u00e9riel indispensable, la prise des mesures et les points de couture \u00e0 la main ou \u00e0 la machine. &#8211; Une grande [&hellip;]","og_url":"https:\/\/librairie7l.com\/en\/produit\/modelisme-et-couture-tome-2-maitriser-la-coupe-a-plat-2\/","og_site_name":"Librairie 7L","article_modified_time":"2026-05-03T00:00:31+00:00","og_image":[{"width":576,"height":799,"url":"https:\/\/librairie7l.com\/wp-content\/uploads\/2019\/03\/9782711424245_1_75.jpg","type":"image\/jpeg"}],"twitter_card":"summary_large_image","twitter_misc":{"Est. reading time":"1 minute"},"schema":{"@context":"https:\/\/schema.org","@graph":[{"@type":"WebPage","@id":"https:\/\/librairie7l.com\/en\/produit\/modelisme-et-couture-tome-2-maitriser-la-coupe-a-plat-2\/","url":"https:\/\/librairie7l.com\/en\/produit\/modelisme-et-couture-tome-2-maitriser-la-coupe-a-plat-2\/","name":"Mod\u00e9lisme et couture Tome 2 ; ma\u00eetriser la coupe \u00e0 plat - Librairie 7L","isPartOf":{"@id":"https:\/\/librairie7l.com\/en\/#website"},"datePublished":"2024-12-05T08:17:51+00:00","dateModified":"2026-05-03T00:00:31+00:00","breadcrumb":{"@id":"https:\/\/librairie7l.com\/en\/produit\/modelisme-et-couture-tome-2-maitriser-la-coupe-a-plat-2\/#breadcrumb"},"inLanguage":"en-US","potentialAction":[{"@type":"ReadAction","target":["https:\/\/librairie7l.com\/en\/produit\/modelisme-et-couture-tome-2-maitriser-la-coupe-a-plat-2\/"]}]},{"@type":"BreadcrumbList","@id":"https:\/\/librairie7l.com\/en\/produit\/modelisme-et-couture-tome-2-maitriser-la-coupe-a-plat-2\/#breadcrumb","itemListElement":[{"@type":"ListItem","position":1,"name":"Accueil","item":"https:\/\/librairie7l.com\/en\/"},{"@type":"ListItem","position":2,"name":"Shop","item":"https:\/\/librairie7l.com\/en\/shop\/"},{"@type":"ListItem","position":3,"name":"MOD\u00c9LISME ET COUTURE TOME 2 ; MA\u00ceTRISER LA COUPE \u00c0 PLAT"}]},{"@type":"WebSite","@id":"https:\/\/librairie7l.com\/en\/#website","url":"https:\/\/librairie7l.com\/en\/","name":"Librairie 7L","description":"Librairie fond\u00e9e en 1999 par Karl Lagerfeld \u00e0 Paris","publisher":{"@id":"https:\/\/librairie7l.com\/en\/#organization"},"potentialAction":[{"@type":"SearchAction","target":{"@type":"EntryPoint","urlTemplate":"https:\/\/librairie7l.com\/en\/?s={search_term_string}"},"query-input":"required name=search_term_string"}],"inLanguage":"en-US"},{"@type":"Organization","@id":"https:\/\/librairie7l.com\/en\/#organization","name":"Librairie 7L","url":"https:\/\/librairie7l.com\/en\/","logo":{"@type":"ImageObject","inLanguage":"en-US","@id":"https:\/\/librairie7l.com\/en\/#\/schema\/logo\/image\/","url":"https:\/\/librairie7l.com\/wp-content\/uploads\/2022\/08\/logo-1.png","contentUrl":"https:\/\/librairie7l.com\/wp-content\/uploads\/2022\/08\/logo-1.png","width":227,"height":301,"caption":"Librairie 7L"},"image":{"@id":"https:\/\/librairie7l.com\/en\/#\/schema\/logo\/image\/"}}]}},"_links":{"self":[{"href":"https:\/\/librairie7l.com\/en\/wp-json\/wp\/v2\/product\/44835"}],"collection":[{"href":"https:\/\/librairie7l.com\/en\/wp-json\/wp\/v2\/product"}],"about":[{"href":"https:\/\/librairie7l.com\/en\/wp-json\/wp\/v2\/types\/product"}],"wp:featuredmedia":[{"embeddable":true,"href":"https:\/\/librairie7l.com\/en\/wp-json\/wp\/v2\/media\/44833"}],"wp:attachment":[{"href":"https:\/\/librairie7l.com\/en\/wp-json\/wp\/v2\/media?parent=44835"}],"wp:term":[{"taxonomy":"product_cat","embeddable":true,"href":"https:\/\/librairie7l.com\/en\/wp-json\/wp\/v2\/product_cat?post=44835"},{"taxonomy":"product_tag","embeddable":true,"href":"https:\/\/librairie7l.com\/en\/wp-json\/wp\/v2\/product_tag?post=44835"}],"curies":[{"name":"wp","href":"https:\/\/api.w.org\/{rel}","templated":true}]}}