{"id":44839,"date":"2024-12-05T09:17:55","date_gmt":"2024-12-05T08:17:55","guid":{"rendered":"https:\/\/librairie7l.com\/?post_type=product&#038;p=44839"},"modified":"2026-04-11T01:05:32","modified_gmt":"2026-04-10T23:05:32","slug":"transparence-et-legerete-en-architecture-facades-murs-rideaux-enveloppes-intelligentes-1790-202-2","status":"publish","type":"product","link":"https:\/\/librairie7l.com\/en\/produit\/transparence-et-legerete-en-architecture-facades-murs-rideaux-enveloppes-intelligentes-1790-202-2\/","title":{"rendered":"TRANSPARENCE ET L\u00c9G\u00c8RET\u00c9 EN ARCHITECTURE &#8211; FA\u00c7ADES, MURS RIDEAUX, ENVELOPPES INTELLIGENTES, 1790-202"},"content":{"rendered":"<p>Tout savoir sur les fa\u00e7ades, les murs rideaux et les enveloppes intelligentes, de 1790 \u00e0 aujourd&#8217;hui.<br \/>\nDurant le XIX eme , le perfectionnement des techniques constructives et les d\u00e9veloppements de la science des structures offrent des r\u00e9ponses pertinentes aux probl\u00e8mes pos\u00e9s par la mise en place des nouveaux programmes architecturaux. La composition des fa\u00e7ades en est boulevers\u00e9e. Les progr\u00e8s de la fabrication du verre plat permettent d&#8217;y multiplier et d&#8217;y \u00e9largir les vides et ceux des mat\u00e9riaux structurels d&#8217;amincir autant que possible les pleins. C&#8217;est sur cette base que sont d\u00e9velopp\u00e9s, par exemple \u00e0 Chicago et \u00e0 New York, les immeubles dits de grande hauteur ou gratte-ciels. Au XXe si\u00e8cle, la trame de la structure porteuse, exprim\u00e9e par des lignes verticales et horizontales, scande les fa\u00e7ades modernes, compl\u00e9t\u00e9es par des panneaux de remplissage opaques ou translucides. Le discours architectural promeut des solutions poussant vers le dessin abstrait et seconde par l\u00e0 m\u00eame la diffusion de la pr\u00e9fabrication, notamment avec la g\u00e9n\u00e9ralisation des murs rideaux. Les formes non standards apparues depuis une trentaine d&#8217;ann\u00e9es effacent ainsi graduellement de la fa\u00e7ade toute trace de la structure principale quand celle-ci est rel\u00e9gu\u00e9e derri\u00e8re l&#8217;enveloppe. Elle est en revanche mise en sc\u00e8ne occasionnellement avec l&#8217;adoption de solutions de type exosquelette. C&#8217;est par une approche historique que les auteurs analysent les changements techniques et esth\u00e9tiques amen\u00e9s par les transformations successives des fa\u00e7ades des b\u00e2timents. Cet ouvrage est le troisi\u00e8me volet d&#8217;un triptyque dont les deux premiers livres, parus dans la m\u00eame collection, sont : Le B\u00e9ton arm\u00e9 et Les Mat\u00e9riaux m\u00e9talliques.<\/p>\n","protected":false},"excerpt":{"rendered":"<p>Tout savoir sur les fa\u00e7ades, les murs rideaux et les enveloppes intelligentes, de 1790 \u00e0 aujourd&#8217;hui. Durant le XIX eme , le perfectionnement des techniques constructives et les d\u00e9veloppements de la science des structures offrent des r\u00e9ponses pertinentes aux probl\u00e8mes pos\u00e9s par la mise en place des nouveaux programmes architecturaux. La composition des fa\u00e7ades en [&hellip;]<\/p>\n","protected":false},"featured_media":44837,"template":"","meta":[],"product_cat":[2948],"product_tag":[],"acf":[],"yoast_head":"<!-- This site is optimized with the Yoast SEO plugin v20.11 - https:\/\/yoast.com\/wordpress\/plugins\/seo\/ -->\n<title>Transparence et l\u00e9g\u00e8ret\u00e9 en architecture - Fa\u00e7ades, murs rideaux, enveloppes intelligentes, 1790-202 - Librairie 7L<\/title>\n<meta name=\"robots\" content=\"index, follow, max-snippet:-1, max-image-preview:large, max-video-preview:-1\" \/>\n<link rel=\"canonical\" href=\"https:\/\/librairie7l.com\/en\/produit\/transparence-et-legerete-en-architecture-facades-murs-rideaux-enveloppes-intelligentes-1790-202-2\/\" \/>\n<meta property=\"og:locale\" content=\"en_US\" \/>\n<meta property=\"og:type\" content=\"article\" \/>\n<meta property=\"og:title\" content=\"Transparence et l\u00e9g\u00e8ret\u00e9 en architecture - Fa\u00e7ades, murs rideaux, enveloppes intelligentes, 1790-202 - Librairie 7L\" \/>\n<meta property=\"og:description\" content=\"Tout savoir sur les fa\u00e7ades, les murs rideaux et les enveloppes intelligentes, de 1790 \u00e0 aujourd&#8217;hui. Durant le XIX eme , le perfectionnement des techniques constructives et les d\u00e9veloppements de la science des structures offrent des r\u00e9ponses pertinentes aux probl\u00e8mes pos\u00e9s par la mise en place des nouveaux programmes architecturaux. La composition des fa\u00e7ades en [&hellip;]\" \/>\n<meta property=\"og:url\" content=\"https:\/\/librairie7l.com\/en\/produit\/transparence-et-legerete-en-architecture-facades-murs-rideaux-enveloppes-intelligentes-1790-202-2\/\" \/>\n<meta property=\"og:site_name\" content=\"Librairie 7L\" \/>\n<meta property=\"article:modified_time\" content=\"2026-04-10T23:05:32+00:00\" \/>\n<meta property=\"og:image\" content=\"https:\/\/librairie7l.com\/wp-content\/uploads\/2023\/06\/9782889680948_1_75.jpg\" \/>\n\t<meta property=\"og:image:width\" content=\"400\" \/>\n\t<meta property=\"og:image:height\" content=\"587\" \/>\n\t<meta property=\"og:image:type\" content=\"image\/jpeg\" \/>\n<meta name=\"twitter:card\" content=\"summary_large_image\" \/>\n<meta name=\"twitter:label1\" content=\"Est. reading time\" \/>\n\t<meta name=\"twitter:data1\" content=\"1 minute\" \/>\n<script type=\"application\/ld+json\" class=\"yoast-schema-graph\">{\"@context\":\"https:\/\/schema.org\",\"@graph\":[{\"@type\":\"WebPage\",\"@id\":\"https:\/\/librairie7l.com\/en\/produit\/transparence-et-legerete-en-architecture-facades-murs-rideaux-enveloppes-intelligentes-1790-202-2\/\",\"url\":\"https:\/\/librairie7l.com\/en\/produit\/transparence-et-legerete-en-architecture-facades-murs-rideaux-enveloppes-intelligentes-1790-202-2\/\",\"name\":\"Transparence et l\u00e9g\u00e8ret\u00e9 en architecture - Fa\u00e7ades, murs rideaux, enveloppes intelligentes, 1790-202 - Librairie 7L\",\"isPartOf\":{\"@id\":\"https:\/\/librairie7l.com\/en\/#website\"},\"datePublished\":\"2024-12-05T08:17:55+00:00\",\"dateModified\":\"2026-04-10T23:05:32+00:00\",\"breadcrumb\":{\"@id\":\"https:\/\/librairie7l.com\/en\/produit\/transparence-et-legerete-en-architecture-facades-murs-rideaux-enveloppes-intelligentes-1790-202-2\/#breadcrumb\"},\"inLanguage\":\"en-US\",\"potentialAction\":[{\"@type\":\"ReadAction\",\"target\":[\"https:\/\/librairie7l.com\/en\/produit\/transparence-et-legerete-en-architecture-facades-murs-rideaux-enveloppes-intelligentes-1790-202-2\/\"]}]},{\"@type\":\"BreadcrumbList\",\"@id\":\"https:\/\/librairie7l.com\/en\/produit\/transparence-et-legerete-en-architecture-facades-murs-rideaux-enveloppes-intelligentes-1790-202-2\/#breadcrumb\",\"itemListElement\":[{\"@type\":\"ListItem\",\"position\":1,\"name\":\"Accueil\",\"item\":\"https:\/\/librairie7l.com\/en\/\"},{\"@type\":\"ListItem\",\"position\":2,\"name\":\"Shop\",\"item\":\"https:\/\/librairie7l.com\/en\/shop\/\"},{\"@type\":\"ListItem\",\"position\":3,\"name\":\"TRANSPARENCE ET L\u00c9G\u00c8RET\u00c9 EN ARCHITECTURE &#8211; FA\u00c7ADES, MURS RIDEAUX, ENVELOPPES INTELLIGENTES, 1790-202\"}]},{\"@type\":\"WebSite\",\"@id\":\"https:\/\/librairie7l.com\/en\/#website\",\"url\":\"https:\/\/librairie7l.com\/en\/\",\"name\":\"Librairie 7L\",\"description\":\"Librairie fond\u00e9e en 1999 par Karl Lagerfeld \u00e0 Paris\",\"publisher\":{\"@id\":\"https:\/\/librairie7l.com\/en\/#organization\"},\"potentialAction\":[{\"@type\":\"SearchAction\",\"target\":{\"@type\":\"EntryPoint\",\"urlTemplate\":\"https:\/\/librairie7l.com\/en\/?s={search_term_string}\"},\"query-input\":\"required name=search_term_string\"}],\"inLanguage\":\"en-US\"},{\"@type\":\"Organization\",\"@id\":\"https:\/\/librairie7l.com\/en\/#organization\",\"name\":\"Librairie 7L\",\"url\":\"https:\/\/librairie7l.com\/en\/\",\"logo\":{\"@type\":\"ImageObject\",\"inLanguage\":\"en-US\",\"@id\":\"https:\/\/librairie7l.com\/en\/#\/schema\/logo\/image\/\",\"url\":\"https:\/\/librairie7l.com\/wp-content\/uploads\/2022\/08\/logo-1.png\",\"contentUrl\":\"https:\/\/librairie7l.com\/wp-content\/uploads\/2022\/08\/logo-1.png\",\"width\":227,\"height\":301,\"caption\":\"Librairie 7L\"},\"image\":{\"@id\":\"https:\/\/librairie7l.com\/en\/#\/schema\/logo\/image\/\"}}]}<\/script>\n<!-- \/ Yoast SEO plugin. -->","yoast_head_json":{"title":"Transparence et l\u00e9g\u00e8ret\u00e9 en architecture - Fa\u00e7ades, murs rideaux, enveloppes intelligentes, 1790-202 - Librairie 7L","robots":{"index":"index","follow":"follow","max-snippet":"max-snippet:-1","max-image-preview":"max-image-preview:large","max-video-preview":"max-video-preview:-1"},"canonical":"https:\/\/librairie7l.com\/en\/produit\/transparence-et-legerete-en-architecture-facades-murs-rideaux-enveloppes-intelligentes-1790-202-2\/","og_locale":"en_US","og_type":"article","og_title":"Transparence et l\u00e9g\u00e8ret\u00e9 en architecture - Fa\u00e7ades, murs rideaux, enveloppes intelligentes, 1790-202 - Librairie 7L","og_description":"Tout savoir sur les fa\u00e7ades, les murs rideaux et les enveloppes intelligentes, de 1790 \u00e0 aujourd&#8217;hui. Durant le XIX eme , le perfectionnement des techniques constructives et les d\u00e9veloppements de la science des structures offrent des r\u00e9ponses pertinentes aux probl\u00e8mes pos\u00e9s par la mise en place des nouveaux programmes architecturaux. La composition des fa\u00e7ades en [&hellip;]","og_url":"https:\/\/librairie7l.com\/en\/produit\/transparence-et-legerete-en-architecture-facades-murs-rideaux-enveloppes-intelligentes-1790-202-2\/","og_site_name":"Librairie 7L","article_modified_time":"2026-04-10T23:05:32+00:00","og_image":[{"width":400,"height":587,"url":"https:\/\/librairie7l.com\/wp-content\/uploads\/2023\/06\/9782889680948_1_75.jpg","type":"image\/jpeg"}],"twitter_card":"summary_large_image","twitter_misc":{"Est. reading time":"1 minute"},"schema":{"@context":"https:\/\/schema.org","@graph":[{"@type":"WebPage","@id":"https:\/\/librairie7l.com\/en\/produit\/transparence-et-legerete-en-architecture-facades-murs-rideaux-enveloppes-intelligentes-1790-202-2\/","url":"https:\/\/librairie7l.com\/en\/produit\/transparence-et-legerete-en-architecture-facades-murs-rideaux-enveloppes-intelligentes-1790-202-2\/","name":"Transparence et l\u00e9g\u00e8ret\u00e9 en architecture - Fa\u00e7ades, murs rideaux, enveloppes intelligentes, 1790-202 - Librairie 7L","isPartOf":{"@id":"https:\/\/librairie7l.com\/en\/#website"},"datePublished":"2024-12-05T08:17:55+00:00","dateModified":"2026-04-10T23:05:32+00:00","breadcrumb":{"@id":"https:\/\/librairie7l.com\/en\/produit\/transparence-et-legerete-en-architecture-facades-murs-rideaux-enveloppes-intelligentes-1790-202-2\/#breadcrumb"},"inLanguage":"en-US","potentialAction":[{"@type":"ReadAction","target":["https:\/\/librairie7l.com\/en\/produit\/transparence-et-legerete-en-architecture-facades-murs-rideaux-enveloppes-intelligentes-1790-202-2\/"]}]},{"@type":"BreadcrumbList","@id":"https:\/\/librairie7l.com\/en\/produit\/transparence-et-legerete-en-architecture-facades-murs-rideaux-enveloppes-intelligentes-1790-202-2\/#breadcrumb","itemListElement":[{"@type":"ListItem","position":1,"name":"Accueil","item":"https:\/\/librairie7l.com\/en\/"},{"@type":"ListItem","position":2,"name":"Shop","item":"https:\/\/librairie7l.com\/en\/shop\/"},{"@type":"ListItem","position":3,"name":"TRANSPARENCE ET L\u00c9G\u00c8RET\u00c9 EN ARCHITECTURE &#8211; FA\u00c7ADES, MURS RIDEAUX, ENVELOPPES INTELLIGENTES, 1790-202"}]},{"@type":"WebSite","@id":"https:\/\/librairie7l.com\/en\/#website","url":"https:\/\/librairie7l.com\/en\/","name":"Librairie 7L","description":"Librairie fond\u00e9e en 1999 par Karl Lagerfeld \u00e0 Paris","publisher":{"@id":"https:\/\/librairie7l.com\/en\/#organization"},"potentialAction":[{"@type":"SearchAction","target":{"@type":"EntryPoint","urlTemplate":"https:\/\/librairie7l.com\/en\/?s={search_term_string}"},"query-input":"required name=search_term_string"}],"inLanguage":"en-US"},{"@type":"Organization","@id":"https:\/\/librairie7l.com\/en\/#organization","name":"Librairie 7L","url":"https:\/\/librairie7l.com\/en\/","logo":{"@type":"ImageObject","inLanguage":"en-US","@id":"https:\/\/librairie7l.com\/en\/#\/schema\/logo\/image\/","url":"https:\/\/librairie7l.com\/wp-content\/uploads\/2022\/08\/logo-1.png","contentUrl":"https:\/\/librairie7l.com\/wp-content\/uploads\/2022\/08\/logo-1.png","width":227,"height":301,"caption":"Librairie 7L"},"image":{"@id":"https:\/\/librairie7l.com\/en\/#\/schema\/logo\/image\/"}}]}},"_links":{"self":[{"href":"https:\/\/librairie7l.com\/en\/wp-json\/wp\/v2\/product\/44839"}],"collection":[{"href":"https:\/\/librairie7l.com\/en\/wp-json\/wp\/v2\/product"}],"about":[{"href":"https:\/\/librairie7l.com\/en\/wp-json\/wp\/v2\/types\/product"}],"wp:featuredmedia":[{"embeddable":true,"href":"https:\/\/librairie7l.com\/en\/wp-json\/wp\/v2\/media\/44837"}],"wp:attachment":[{"href":"https:\/\/librairie7l.com\/en\/wp-json\/wp\/v2\/media?parent=44839"}],"wp:term":[{"taxonomy":"product_cat","embeddable":true,"href":"https:\/\/librairie7l.com\/en\/wp-json\/wp\/v2\/product_cat?post=44839"},{"taxonomy":"product_tag","embeddable":true,"href":"https:\/\/librairie7l.com\/en\/wp-json\/wp\/v2\/product_tag?post=44839"}],"curies":[{"name":"wp","href":"https:\/\/api.w.org\/{rel}","templated":true}]}}