{"id":44847,"date":"2024-12-05T09:18:04","date_gmt":"2024-12-05T08:18:04","guid":{"rendered":"https:\/\/librairie7l.com\/?post_type=product&#038;p=44847"},"modified":"2026-05-03T02:00:36","modified_gmt":"2026-05-03T00:00:36","slug":"les-accessoires-de-a-a-z-encycopedie-2","status":"publish","type":"product","link":"https:\/\/librairie7l.com\/en\/produit\/les-accessoires-de-a-a-z-encycopedie-2\/","title":{"rendered":"LES ACCESSOIRES DE A \u00c0 Z ; ENCYCOP\u00c9DIE"},"content":{"rendered":"<p>Jusqu&#8217;alors scind\u00e9 en deux volumes, Les accessoires de A \u00e0 Z est d\u00e9sormais disponible dans une version compil\u00e9e. Il existe pr\u00e8s de deux mille mod\u00e8les d&#8217;accessoires, sans compter tous ceux qui ont durablement mais non d\u00e9finitivement disparu du devant de la sc\u00e8ne de la mode&#8230; Alors, avant que nous ne succombions \u00e0 la tentation de nommer chacun des mod\u00e8les composant cet extraordinaire patrimoine un &#8221; it-quelque chose &#8220;, Les accessoires de A \u00e0 Z constitue l&#8217;\u00e9tape incontournable permettant d&#8217;appeler un ch\u00e8che un ch\u00e8che ! Les accessoires de A \u00e0 Z est la seule encyclop\u00e9die sur l&#8217;ensemble des accessoires de mode.<br \/>\nChaque mod\u00e8le fait l&#8217;objet d&#8217;un descriptif, d&#8217;une illustration, d&#8217;une pr\u00e9sentation historique et son nom est traduit en anglais. Accessoires de coiffure, chapeaux, accessoires textiles, bijoux, ceintures, chaussures, \u00e9ventails, gants, lunettes, masques, maroquinerie (bagages, sacs, petite maroquinerie), montres, parapluies et cannes sont pass\u00e9s au crible. Les accessoires de A \u00e0 Z est une \u00e9tape incontournable pour tous ceux qui ont besoin de se documenter sur ce sujet, ma\u00eetriser le vocabulaire de mode, se r\u00e9galer de toutes sortes d&#8217;histoires et d&#8217;anecdotes et puiser des sources d&#8217;inspiration.<\/p>\n","protected":false},"excerpt":{"rendered":"<p>Jusqu&#8217;alors scind\u00e9 en deux volumes, Les accessoires de A \u00e0 Z est d\u00e9sormais disponible dans une version compil\u00e9e. Il existe pr\u00e8s de deux mille mod\u00e8les d&#8217;accessoires, sans compter tous ceux qui ont durablement mais non d\u00e9finitivement disparu du devant de la sc\u00e8ne de la mode&#8230; Alors, avant que nous ne succombions \u00e0 la tentation de [&hellip;]<\/p>\n","protected":false},"featured_media":44845,"template":"","meta":[],"product_cat":[2948],"product_tag":[],"acf":[],"yoast_head":"<!-- This site is optimized with the Yoast SEO plugin v20.11 - https:\/\/yoast.com\/wordpress\/plugins\/seo\/ -->\n<title>Les accessoires de A \u00e0 Z ; encycop\u00e9die - Librairie 7L<\/title>\n<meta name=\"robots\" content=\"index, follow, max-snippet:-1, max-image-preview:large, max-video-preview:-1\" \/>\n<link rel=\"canonical\" href=\"https:\/\/librairie7l.com\/en\/produit\/les-accessoires-de-a-a-z-encycopedie-2\/\" \/>\n<meta property=\"og:locale\" content=\"en_US\" \/>\n<meta property=\"og:type\" content=\"article\" \/>\n<meta property=\"og:title\" content=\"Les accessoires de A \u00e0 Z ; encycop\u00e9die - Librairie 7L\" \/>\n<meta property=\"og:description\" content=\"Jusqu&#8217;alors scind\u00e9 en deux volumes, Les accessoires de A \u00e0 Z est d\u00e9sormais disponible dans une version compil\u00e9e. Il existe pr\u00e8s de deux mille mod\u00e8les d&#8217;accessoires, sans compter tous ceux qui ont durablement mais non d\u00e9finitivement disparu du devant de la sc\u00e8ne de la mode&#8230; Alors, avant que nous ne succombions \u00e0 la tentation de [&hellip;]\" \/>\n<meta property=\"og:url\" content=\"https:\/\/librairie7l.com\/en\/produit\/les-accessoires-de-a-a-z-encycopedie-2\/\" \/>\n<meta property=\"og:site_name\" content=\"Librairie 7L\" \/>\n<meta property=\"article:modified_time\" content=\"2026-05-03T00:00:36+00:00\" \/>\n<meta property=\"og:image\" content=\"https:\/\/librairie7l.com\/wp-content\/uploads\/2015\/12\/9782918579199_1_75.jpg\" \/>\n\t<meta property=\"og:image:width\" content=\"586\" \/>\n\t<meta property=\"og:image:height\" content=\"826\" \/>\n\t<meta property=\"og:image:type\" content=\"image\/jpeg\" \/>\n<meta name=\"twitter:card\" content=\"summary_large_image\" \/>\n<meta name=\"twitter:label1\" content=\"Est. reading time\" \/>\n\t<meta name=\"twitter:data1\" content=\"1 minute\" \/>\n<script type=\"application\/ld+json\" class=\"yoast-schema-graph\">{\"@context\":\"https:\/\/schema.org\",\"@graph\":[{\"@type\":\"WebPage\",\"@id\":\"https:\/\/librairie7l.com\/en\/produit\/les-accessoires-de-a-a-z-encycopedie-2\/\",\"url\":\"https:\/\/librairie7l.com\/en\/produit\/les-accessoires-de-a-a-z-encycopedie-2\/\",\"name\":\"Les accessoires de A \u00e0 Z ; encycop\u00e9die - Librairie 7L\",\"isPartOf\":{\"@id\":\"https:\/\/librairie7l.com\/en\/#website\"},\"datePublished\":\"2024-12-05T08:18:04+00:00\",\"dateModified\":\"2026-05-03T00:00:36+00:00\",\"breadcrumb\":{\"@id\":\"https:\/\/librairie7l.com\/en\/produit\/les-accessoires-de-a-a-z-encycopedie-2\/#breadcrumb\"},\"inLanguage\":\"en-US\",\"potentialAction\":[{\"@type\":\"ReadAction\",\"target\":[\"https:\/\/librairie7l.com\/en\/produit\/les-accessoires-de-a-a-z-encycopedie-2\/\"]}]},{\"@type\":\"BreadcrumbList\",\"@id\":\"https:\/\/librairie7l.com\/en\/produit\/les-accessoires-de-a-a-z-encycopedie-2\/#breadcrumb\",\"itemListElement\":[{\"@type\":\"ListItem\",\"position\":1,\"name\":\"Accueil\",\"item\":\"https:\/\/librairie7l.com\/en\/\"},{\"@type\":\"ListItem\",\"position\":2,\"name\":\"Shop\",\"item\":\"https:\/\/librairie7l.com\/en\/shop\/\"},{\"@type\":\"ListItem\",\"position\":3,\"name\":\"LES ACCESSOIRES DE A \u00c0 Z ; ENCYCOP\u00c9DIE\"}]},{\"@type\":\"WebSite\",\"@id\":\"https:\/\/librairie7l.com\/en\/#website\",\"url\":\"https:\/\/librairie7l.com\/en\/\",\"name\":\"Librairie 7L\",\"description\":\"Librairie fond\u00e9e en 1999 par Karl Lagerfeld \u00e0 Paris\",\"publisher\":{\"@id\":\"https:\/\/librairie7l.com\/en\/#organization\"},\"potentialAction\":[{\"@type\":\"SearchAction\",\"target\":{\"@type\":\"EntryPoint\",\"urlTemplate\":\"https:\/\/librairie7l.com\/en\/?s={search_term_string}\"},\"query-input\":\"required name=search_term_string\"}],\"inLanguage\":\"en-US\"},{\"@type\":\"Organization\",\"@id\":\"https:\/\/librairie7l.com\/en\/#organization\",\"name\":\"Librairie 7L\",\"url\":\"https:\/\/librairie7l.com\/en\/\",\"logo\":{\"@type\":\"ImageObject\",\"inLanguage\":\"en-US\",\"@id\":\"https:\/\/librairie7l.com\/en\/#\/schema\/logo\/image\/\",\"url\":\"https:\/\/librairie7l.com\/wp-content\/uploads\/2022\/08\/logo-1.png\",\"contentUrl\":\"https:\/\/librairie7l.com\/wp-content\/uploads\/2022\/08\/logo-1.png\",\"width\":227,\"height\":301,\"caption\":\"Librairie 7L\"},\"image\":{\"@id\":\"https:\/\/librairie7l.com\/en\/#\/schema\/logo\/image\/\"}}]}<\/script>\n<!-- \/ Yoast SEO plugin. -->","yoast_head_json":{"title":"Les accessoires de A \u00e0 Z ; encycop\u00e9die - Librairie 7L","robots":{"index":"index","follow":"follow","max-snippet":"max-snippet:-1","max-image-preview":"max-image-preview:large","max-video-preview":"max-video-preview:-1"},"canonical":"https:\/\/librairie7l.com\/en\/produit\/les-accessoires-de-a-a-z-encycopedie-2\/","og_locale":"en_US","og_type":"article","og_title":"Les accessoires de A \u00e0 Z ; encycop\u00e9die - Librairie 7L","og_description":"Jusqu&#8217;alors scind\u00e9 en deux volumes, Les accessoires de A \u00e0 Z est d\u00e9sormais disponible dans une version compil\u00e9e. Il existe pr\u00e8s de deux mille mod\u00e8les d&#8217;accessoires, sans compter tous ceux qui ont durablement mais non d\u00e9finitivement disparu du devant de la sc\u00e8ne de la mode&#8230; Alors, avant que nous ne succombions \u00e0 la tentation de [&hellip;]","og_url":"https:\/\/librairie7l.com\/en\/produit\/les-accessoires-de-a-a-z-encycopedie-2\/","og_site_name":"Librairie 7L","article_modified_time":"2026-05-03T00:00:36+00:00","og_image":[{"width":586,"height":826,"url":"https:\/\/librairie7l.com\/wp-content\/uploads\/2015\/12\/9782918579199_1_75.jpg","type":"image\/jpeg"}],"twitter_card":"summary_large_image","twitter_misc":{"Est. reading time":"1 minute"},"schema":{"@context":"https:\/\/schema.org","@graph":[{"@type":"WebPage","@id":"https:\/\/librairie7l.com\/en\/produit\/les-accessoires-de-a-a-z-encycopedie-2\/","url":"https:\/\/librairie7l.com\/en\/produit\/les-accessoires-de-a-a-z-encycopedie-2\/","name":"Les accessoires de A \u00e0 Z ; encycop\u00e9die - Librairie 7L","isPartOf":{"@id":"https:\/\/librairie7l.com\/en\/#website"},"datePublished":"2024-12-05T08:18:04+00:00","dateModified":"2026-05-03T00:00:36+00:00","breadcrumb":{"@id":"https:\/\/librairie7l.com\/en\/produit\/les-accessoires-de-a-a-z-encycopedie-2\/#breadcrumb"},"inLanguage":"en-US","potentialAction":[{"@type":"ReadAction","target":["https:\/\/librairie7l.com\/en\/produit\/les-accessoires-de-a-a-z-encycopedie-2\/"]}]},{"@type":"BreadcrumbList","@id":"https:\/\/librairie7l.com\/en\/produit\/les-accessoires-de-a-a-z-encycopedie-2\/#breadcrumb","itemListElement":[{"@type":"ListItem","position":1,"name":"Accueil","item":"https:\/\/librairie7l.com\/en\/"},{"@type":"ListItem","position":2,"name":"Shop","item":"https:\/\/librairie7l.com\/en\/shop\/"},{"@type":"ListItem","position":3,"name":"LES ACCESSOIRES DE A \u00c0 Z ; ENCYCOP\u00c9DIE"}]},{"@type":"WebSite","@id":"https:\/\/librairie7l.com\/en\/#website","url":"https:\/\/librairie7l.com\/en\/","name":"Librairie 7L","description":"Librairie fond\u00e9e en 1999 par Karl Lagerfeld \u00e0 Paris","publisher":{"@id":"https:\/\/librairie7l.com\/en\/#organization"},"potentialAction":[{"@type":"SearchAction","target":{"@type":"EntryPoint","urlTemplate":"https:\/\/librairie7l.com\/en\/?s={search_term_string}"},"query-input":"required name=search_term_string"}],"inLanguage":"en-US"},{"@type":"Organization","@id":"https:\/\/librairie7l.com\/en\/#organization","name":"Librairie 7L","url":"https:\/\/librairie7l.com\/en\/","logo":{"@type":"ImageObject","inLanguage":"en-US","@id":"https:\/\/librairie7l.com\/en\/#\/schema\/logo\/image\/","url":"https:\/\/librairie7l.com\/wp-content\/uploads\/2022\/08\/logo-1.png","contentUrl":"https:\/\/librairie7l.com\/wp-content\/uploads\/2022\/08\/logo-1.png","width":227,"height":301,"caption":"Librairie 7L"},"image":{"@id":"https:\/\/librairie7l.com\/en\/#\/schema\/logo\/image\/"}}]}},"_links":{"self":[{"href":"https:\/\/librairie7l.com\/en\/wp-json\/wp\/v2\/product\/44847"}],"collection":[{"href":"https:\/\/librairie7l.com\/en\/wp-json\/wp\/v2\/product"}],"about":[{"href":"https:\/\/librairie7l.com\/en\/wp-json\/wp\/v2\/types\/product"}],"wp:featuredmedia":[{"embeddable":true,"href":"https:\/\/librairie7l.com\/en\/wp-json\/wp\/v2\/media\/44845"}],"wp:attachment":[{"href":"https:\/\/librairie7l.com\/en\/wp-json\/wp\/v2\/media?parent=44847"}],"wp:term":[{"taxonomy":"product_cat","embeddable":true,"href":"https:\/\/librairie7l.com\/en\/wp-json\/wp\/v2\/product_cat?post=44847"},{"taxonomy":"product_tag","embeddable":true,"href":"https:\/\/librairie7l.com\/en\/wp-json\/wp\/v2\/product_tag?post=44847"}],"curies":[{"name":"wp","href":"https:\/\/api.w.org\/{rel}","templated":true}]}}