{"id":44855,"date":"2024-12-05T09:18:09","date_gmt":"2024-12-05T08:18:09","guid":{"rendered":"https:\/\/librairie7l.com\/?post_type=product&#038;p=44855"},"modified":"2026-04-05T13:54:33","modified_gmt":"2026-04-05T11:54:33","slug":"1950-to-1980-brutalism-in-belgium-2","status":"publish","type":"product","link":"https:\/\/librairie7l.com\/en\/produit\/1950-to-1980-brutalism-in-belgium-2\/","title":{"rendered":"1950 TO 1980 : BRUTALISM IN BELGIUM"},"content":{"rendered":"<p>Brutalism in Belgium est un projet \u00e9ditorial mettant en lumi\u00e8re les principaux<br \/>\n\u00e9difices brutalistes en Belgique, \u00e9rig\u00e9s dans les ann\u00e9es 1950-1980. Ces<br \/>\nr\u00e9alisations architecturales belges se trouvent \u00e0 un carrefour crucial de leur<br \/>\nexistence : menac\u00e9es de d\u00e9molition, transform\u00e9es ou simplement<br \/>\nabandonn\u00e9es. L&#8217;ouvrage recense plus de 50 constructions, situ\u00e9es \u00e0 Bruxelles,<br \/>\nLi\u00e8ge, Namur, Anvers, Gand, Louvain-la-Neuve, Leuven, Turnhout, Charleroi,<br \/>\nMons, Hasselt, Dilbeek, Harelbeke et Oostende, dont le destin est en jeu<br \/>\naujourd&#8217;hui.<br \/>\nChaque b\u00e2timent est captur\u00e9 avec une chambre technique en photographie<br \/>\nargentique grand format noir et blanc, selon une m\u00e9thode rigoureuse<br \/>\npermettant l&#8217;homog\u00e9n\u00e9it\u00e9 des clich\u00e9s. Chaque n\u00e9gatif est ensuite d\u00e9velopp\u00e9<br \/>\net digitalis\u00e9 par l&#8217;auteur de mani\u00e8re \u00e0 conserver la ma\u00eetrise de la m\u00e9thode<br \/>\njusqu&#8217;au r\u00e9sultat final.<br \/>\nL&#8217;ensemble des b\u00e2timents pr\u00e9alablement s\u00e9lectionn\u00e9s est immortalis\u00e9 via<br \/>\n6 prises de vue frontales ou ax\u00e9es.<br \/>\nLes clich\u00e9s sont accompagn\u00e9s de textes descriptifs, r\u00e9dig\u00e9s par Aur\u00e9lien<br \/>\nJacob et Pierrick de Stexhe, abordant les principales caract\u00e9ristiques<br \/>\narchitecturales et urbaines des constructions.<br \/>\nLe livre envisage le brutalisme selon trois th\u00e9matiques majeures :<br \/>\n1. Images et magie du b\u00e9ton par Jacinthe Gigou<br \/>\n2. G\u00e9n\u00e9alogie du brutalisme international<br \/>\nLigne du temps du brutalisme par Jean-Marc Basyn<br \/>\n3. Mat\u00e9rialit\u00e9 par Marc Dubois<\/p>\n","protected":false},"excerpt":{"rendered":"<p>Brutalism in Belgium est un projet \u00e9ditorial mettant en lumi\u00e8re les principaux \u00e9difices brutalistes en Belgique, \u00e9rig\u00e9s dans les ann\u00e9es 1950-1980. Ces r\u00e9alisations architecturales belges se trouvent \u00e0 un carrefour crucial de leur existence : menac\u00e9es de d\u00e9molition, transform\u00e9es ou simplement abandonn\u00e9es. L&#8217;ouvrage recense plus de 50 constructions, situ\u00e9es \u00e0 Bruxelles, Li\u00e8ge, Namur, Anvers, Gand, [&hellip;]<\/p>\n","protected":false},"featured_media":44853,"template":"","meta":[],"product_cat":[2948,2950],"product_tag":[],"acf":[],"yoast_head":"<!-- This site is optimized with the Yoast SEO plugin v20.11 - https:\/\/yoast.com\/wordpress\/plugins\/seo\/ -->\n<title>1950 to 1980 : Brutalism in Belgium - Librairie 7L<\/title>\n<meta name=\"robots\" content=\"index, follow, max-snippet:-1, max-image-preview:large, max-video-preview:-1\" \/>\n<link rel=\"canonical\" href=\"https:\/\/librairie7l.com\/en\/produit\/1950-to-1980-brutalism-in-belgium-2\/\" \/>\n<meta property=\"og:locale\" content=\"en_US\" \/>\n<meta property=\"og:type\" content=\"article\" \/>\n<meta property=\"og:title\" content=\"1950 to 1980 : Brutalism in Belgium - Librairie 7L\" \/>\n<meta property=\"og:description\" content=\"Brutalism in Belgium est un projet \u00e9ditorial mettant en lumi\u00e8re les principaux \u00e9difices brutalistes en Belgique, \u00e9rig\u00e9s dans les ann\u00e9es 1950-1980. Ces r\u00e9alisations architecturales belges se trouvent \u00e0 un carrefour crucial de leur existence : menac\u00e9es de d\u00e9molition, transform\u00e9es ou simplement abandonn\u00e9es. L&#8217;ouvrage recense plus de 50 constructions, situ\u00e9es \u00e0 Bruxelles, Li\u00e8ge, Namur, Anvers, Gand, [&hellip;]\" \/>\n<meta property=\"og:url\" content=\"https:\/\/librairie7l.com\/en\/produit\/1950-to-1980-brutalism-in-belgium-2\/\" \/>\n<meta property=\"og:site_name\" content=\"Librairie 7L\" \/>\n<meta property=\"article:modified_time\" content=\"2026-04-05T11:54:33+00:00\" \/>\n<meta property=\"og:image\" content=\"https:\/\/librairie7l.com\/wp-content\/uploads\/2024\/07\/9782930451473_1_75.jpg\" \/>\n\t<meta property=\"og:image:width\" content=\"600\" \/>\n\t<meta property=\"og:image:height\" content=\"798\" \/>\n\t<meta property=\"og:image:type\" content=\"image\/jpeg\" \/>\n<meta name=\"twitter:card\" content=\"summary_large_image\" \/>\n<meta name=\"twitter:label1\" content=\"Est. reading time\" \/>\n\t<meta name=\"twitter:data1\" content=\"1 minute\" \/>\n<script type=\"application\/ld+json\" class=\"yoast-schema-graph\">{\"@context\":\"https:\/\/schema.org\",\"@graph\":[{\"@type\":\"WebPage\",\"@id\":\"https:\/\/librairie7l.com\/en\/produit\/1950-to-1980-brutalism-in-belgium-2\/\",\"url\":\"https:\/\/librairie7l.com\/en\/produit\/1950-to-1980-brutalism-in-belgium-2\/\",\"name\":\"1950 to 1980 : Brutalism in Belgium - Librairie 7L\",\"isPartOf\":{\"@id\":\"https:\/\/librairie7l.com\/en\/#website\"},\"datePublished\":\"2024-12-05T08:18:09+00:00\",\"dateModified\":\"2026-04-05T11:54:33+00:00\",\"breadcrumb\":{\"@id\":\"https:\/\/librairie7l.com\/en\/produit\/1950-to-1980-brutalism-in-belgium-2\/#breadcrumb\"},\"inLanguage\":\"en-US\",\"potentialAction\":[{\"@type\":\"ReadAction\",\"target\":[\"https:\/\/librairie7l.com\/en\/produit\/1950-to-1980-brutalism-in-belgium-2\/\"]}]},{\"@type\":\"BreadcrumbList\",\"@id\":\"https:\/\/librairie7l.com\/en\/produit\/1950-to-1980-brutalism-in-belgium-2\/#breadcrumb\",\"itemListElement\":[{\"@type\":\"ListItem\",\"position\":1,\"name\":\"Accueil\",\"item\":\"https:\/\/librairie7l.com\/en\/\"},{\"@type\":\"ListItem\",\"position\":2,\"name\":\"Shop\",\"item\":\"https:\/\/librairie7l.com\/en\/shop\/\"},{\"@type\":\"ListItem\",\"position\":3,\"name\":\"1950 TO 1980 : BRUTALISM IN BELGIUM\"}]},{\"@type\":\"WebSite\",\"@id\":\"https:\/\/librairie7l.com\/en\/#website\",\"url\":\"https:\/\/librairie7l.com\/en\/\",\"name\":\"Librairie 7L\",\"description\":\"Librairie fond\u00e9e en 1999 par Karl Lagerfeld \u00e0 Paris\",\"publisher\":{\"@id\":\"https:\/\/librairie7l.com\/en\/#organization\"},\"potentialAction\":[{\"@type\":\"SearchAction\",\"target\":{\"@type\":\"EntryPoint\",\"urlTemplate\":\"https:\/\/librairie7l.com\/en\/?s={search_term_string}\"},\"query-input\":\"required name=search_term_string\"}],\"inLanguage\":\"en-US\"},{\"@type\":\"Organization\",\"@id\":\"https:\/\/librairie7l.com\/en\/#organization\",\"name\":\"Librairie 7L\",\"url\":\"https:\/\/librairie7l.com\/en\/\",\"logo\":{\"@type\":\"ImageObject\",\"inLanguage\":\"en-US\",\"@id\":\"https:\/\/librairie7l.com\/en\/#\/schema\/logo\/image\/\",\"url\":\"https:\/\/librairie7l.com\/wp-content\/uploads\/2022\/08\/logo-1.png\",\"contentUrl\":\"https:\/\/librairie7l.com\/wp-content\/uploads\/2022\/08\/logo-1.png\",\"width\":227,\"height\":301,\"caption\":\"Librairie 7L\"},\"image\":{\"@id\":\"https:\/\/librairie7l.com\/en\/#\/schema\/logo\/image\/\"}}]}<\/script>\n<!-- \/ Yoast SEO plugin. -->","yoast_head_json":{"title":"1950 to 1980 : Brutalism in Belgium - Librairie 7L","robots":{"index":"index","follow":"follow","max-snippet":"max-snippet:-1","max-image-preview":"max-image-preview:large","max-video-preview":"max-video-preview:-1"},"canonical":"https:\/\/librairie7l.com\/en\/produit\/1950-to-1980-brutalism-in-belgium-2\/","og_locale":"en_US","og_type":"article","og_title":"1950 to 1980 : Brutalism in Belgium - Librairie 7L","og_description":"Brutalism in Belgium est un projet \u00e9ditorial mettant en lumi\u00e8re les principaux \u00e9difices brutalistes en Belgique, \u00e9rig\u00e9s dans les ann\u00e9es 1950-1980. Ces r\u00e9alisations architecturales belges se trouvent \u00e0 un carrefour crucial de leur existence : menac\u00e9es de d\u00e9molition, transform\u00e9es ou simplement abandonn\u00e9es. L&#8217;ouvrage recense plus de 50 constructions, situ\u00e9es \u00e0 Bruxelles, Li\u00e8ge, Namur, Anvers, Gand, [&hellip;]","og_url":"https:\/\/librairie7l.com\/en\/produit\/1950-to-1980-brutalism-in-belgium-2\/","og_site_name":"Librairie 7L","article_modified_time":"2026-04-05T11:54:33+00:00","og_image":[{"width":600,"height":798,"url":"https:\/\/librairie7l.com\/wp-content\/uploads\/2024\/07\/9782930451473_1_75.jpg","type":"image\/jpeg"}],"twitter_card":"summary_large_image","twitter_misc":{"Est. reading time":"1 minute"},"schema":{"@context":"https:\/\/schema.org","@graph":[{"@type":"WebPage","@id":"https:\/\/librairie7l.com\/en\/produit\/1950-to-1980-brutalism-in-belgium-2\/","url":"https:\/\/librairie7l.com\/en\/produit\/1950-to-1980-brutalism-in-belgium-2\/","name":"1950 to 1980 : Brutalism in Belgium - Librairie 7L","isPartOf":{"@id":"https:\/\/librairie7l.com\/en\/#website"},"datePublished":"2024-12-05T08:18:09+00:00","dateModified":"2026-04-05T11:54:33+00:00","breadcrumb":{"@id":"https:\/\/librairie7l.com\/en\/produit\/1950-to-1980-brutalism-in-belgium-2\/#breadcrumb"},"inLanguage":"en-US","potentialAction":[{"@type":"ReadAction","target":["https:\/\/librairie7l.com\/en\/produit\/1950-to-1980-brutalism-in-belgium-2\/"]}]},{"@type":"BreadcrumbList","@id":"https:\/\/librairie7l.com\/en\/produit\/1950-to-1980-brutalism-in-belgium-2\/#breadcrumb","itemListElement":[{"@type":"ListItem","position":1,"name":"Accueil","item":"https:\/\/librairie7l.com\/en\/"},{"@type":"ListItem","position":2,"name":"Shop","item":"https:\/\/librairie7l.com\/en\/shop\/"},{"@type":"ListItem","position":3,"name":"1950 TO 1980 : BRUTALISM IN BELGIUM"}]},{"@type":"WebSite","@id":"https:\/\/librairie7l.com\/en\/#website","url":"https:\/\/librairie7l.com\/en\/","name":"Librairie 7L","description":"Librairie fond\u00e9e en 1999 par Karl Lagerfeld \u00e0 Paris","publisher":{"@id":"https:\/\/librairie7l.com\/en\/#organization"},"potentialAction":[{"@type":"SearchAction","target":{"@type":"EntryPoint","urlTemplate":"https:\/\/librairie7l.com\/en\/?s={search_term_string}"},"query-input":"required name=search_term_string"}],"inLanguage":"en-US"},{"@type":"Organization","@id":"https:\/\/librairie7l.com\/en\/#organization","name":"Librairie 7L","url":"https:\/\/librairie7l.com\/en\/","logo":{"@type":"ImageObject","inLanguage":"en-US","@id":"https:\/\/librairie7l.com\/en\/#\/schema\/logo\/image\/","url":"https:\/\/librairie7l.com\/wp-content\/uploads\/2022\/08\/logo-1.png","contentUrl":"https:\/\/librairie7l.com\/wp-content\/uploads\/2022\/08\/logo-1.png","width":227,"height":301,"caption":"Librairie 7L"},"image":{"@id":"https:\/\/librairie7l.com\/en\/#\/schema\/logo\/image\/"}}]}},"_links":{"self":[{"href":"https:\/\/librairie7l.com\/en\/wp-json\/wp\/v2\/product\/44855"}],"collection":[{"href":"https:\/\/librairie7l.com\/en\/wp-json\/wp\/v2\/product"}],"about":[{"href":"https:\/\/librairie7l.com\/en\/wp-json\/wp\/v2\/types\/product"}],"wp:featuredmedia":[{"embeddable":true,"href":"https:\/\/librairie7l.com\/en\/wp-json\/wp\/v2\/media\/44853"}],"wp:attachment":[{"href":"https:\/\/librairie7l.com\/en\/wp-json\/wp\/v2\/media?parent=44855"}],"wp:term":[{"taxonomy":"product_cat","embeddable":true,"href":"https:\/\/librairie7l.com\/en\/wp-json\/wp\/v2\/product_cat?post=44855"},{"taxonomy":"product_tag","embeddable":true,"href":"https:\/\/librairie7l.com\/en\/wp-json\/wp\/v2\/product_tag?post=44855"}],"curies":[{"name":"wp","href":"https:\/\/api.w.org\/{rel}","templated":true}]}}