{"id":44859,"date":"2024-12-05T09:18:16","date_gmt":"2024-12-05T08:18:16","guid":{"rendered":"https:\/\/librairie7l.com\/?post_type=product&#038;p=44859"},"modified":"2026-04-16T07:37:54","modified_gmt":"2026-04-16T05:37:54","slug":"mon-ours-en-peluche-2","status":"publish","type":"product","link":"https:\/\/librairie7l.com\/en\/produit\/mon-ours-en-peluche-2\/","title":{"rendered":"MON OURS EN PELUCHE"},"content":{"rendered":"<p>L&#8217;immense popularit\u00e9 de l&#8217;ours en peluche, aujourd&#8217;hui pr\u00e9sent dans toutes les chambres d&#8217;enfant, cache un paradoxe : comment cet animal f\u00e9roce et sauvage est-il devenu le symbole de l&#8217;enfance ?<br \/>\nL&#8217;ours en peluche na\u00eet au m\u00eame moment \u00e0 deux endroits diff\u00e9rents. En 1902, le jouet est invent\u00e9 aux \u00c9tats-Unis en r\u00e9f\u00e9rence Theodore Roosevelt &#8211; d&#8217;o\u00f9 son nom anglo-saxon, Teddy&#8217;s bear devenu teddy-bear. En Allemagne, la m\u00eame ann\u00e9e, Margarete Steiff commercialise son premier ours en peluche, cr\u00e9\u00e9 \u00e0 partir de coussins d&#8217;aiguilles, qui conna\u00eet un succ\u00e8s retentissant en Europe et en Am\u00e9rique. Depuis les premiers exemplaires en mohair et paille de bois, lourds et rigides, l&#8217;ours en peluche s&#8217;est assoupli et adouci. Il s&#8217;est par\u00e9 de couleur vives ou pastel, afin de pouvoir se transformer en doudou, objet transitionnel \u00e9tudi\u00e9 et th\u00e9oris\u00e9 par le p\u00e9diatre Donald Winnicott. L&#8217;ours r\u00e8gne \u00e0 pr\u00e9sent sur toute une m\u00e9nagerie d&#8217;animaux en peluche, mais aussi sur la fiction pour enfants, gr\u00e2ce \u00e0 Winnie l&#8217;ourson, Michka ou Paddington. Plus \u00e9tonnant, il est \u00e9galement pris\u00e9 des cr\u00e9ateurs de mode qui n&#8217;h\u00e9sitent pas \u00e0 le revisiter. Aujourd&#8217;hui, l&#8217;ours est, \u00e0 travers les figures du panda et de l&#8217;ours polaire, le symbole des changements climatiques et d&#8217;une nature en danger.<br \/>\n\u00c0 travers cinq essais et trois cahiers th\u00e9matiques, ce catalogue retrace l&#8217;histoire de l&#8217;ours en peluche, de ses premiers pas \u00e0 ses transformations et ses succ\u00e8s. Il questionne aussi notre rapport aux ours depuis l&#8217;Antiquit\u00e9. Enfin, il s&#8217;appuie sur une riche iconographie qui offre un large panel d&#8217;ours en peluche anciens ou plus r\u00e9cents, en regard de repr\u00e9sentations d&#8217;ours par l&#8217;homme au fil des si\u00e8cles.<\/p>\n","protected":false},"excerpt":{"rendered":"<p>L&#8217;immense popularit\u00e9 de l&#8217;ours en peluche, aujourd&#8217;hui pr\u00e9sent dans toutes les chambres d&#8217;enfant, cache un paradoxe : comment cet animal f\u00e9roce et sauvage est-il devenu le symbole de l&#8217;enfance ? L&#8217;ours en peluche na\u00eet au m\u00eame moment \u00e0 deux endroits diff\u00e9rents. En 1902, le jouet est invent\u00e9 aux \u00c9tats-Unis en r\u00e9f\u00e9rence Theodore Roosevelt &#8211; d&#8217;o\u00f9 [&hellip;]<\/p>\n","protected":false},"featured_media":44857,"template":"","meta":[],"product_cat":[2948],"product_tag":[],"acf":[],"yoast_head":"<!-- This site is optimized with the Yoast SEO plugin v20.11 - https:\/\/yoast.com\/wordpress\/plugins\/seo\/ -->\n<title>Mon ours en peluche - Librairie 7L<\/title>\n<meta name=\"robots\" content=\"index, follow, max-snippet:-1, max-image-preview:large, max-video-preview:-1\" \/>\n<link rel=\"canonical\" href=\"https:\/\/librairie7l.com\/en\/produit\/mon-ours-en-peluche-2\/\" \/>\n<meta property=\"og:locale\" content=\"en_US\" \/>\n<meta property=\"og:type\" content=\"article\" \/>\n<meta property=\"og:title\" content=\"Mon ours en peluche - Librairie 7L\" \/>\n<meta property=\"og:description\" content=\"L&#8217;immense popularit\u00e9 de l&#8217;ours en peluche, aujourd&#8217;hui pr\u00e9sent dans toutes les chambres d&#8217;enfant, cache un paradoxe : comment cet animal f\u00e9roce et sauvage est-il devenu le symbole de l&#8217;enfance ? L&#8217;ours en peluche na\u00eet au m\u00eame moment \u00e0 deux endroits diff\u00e9rents. En 1902, le jouet est invent\u00e9 aux \u00c9tats-Unis en r\u00e9f\u00e9rence Theodore Roosevelt &#8211; d&#8217;o\u00f9 [&hellip;]\" \/>\n<meta property=\"og:url\" content=\"https:\/\/librairie7l.com\/en\/produit\/mon-ours-en-peluche-2\/\" \/>\n<meta property=\"og:site_name\" content=\"Librairie 7L\" \/>\n<meta property=\"article:modified_time\" content=\"2026-04-16T05:37:54+00:00\" \/>\n<meta property=\"og:image\" content=\"https:\/\/librairie7l.com\/wp-content\/uploads\/2024\/06\/9782383140252_1_75.jpg\" \/>\n\t<meta property=\"og:image:width\" content=\"600\" \/>\n\t<meta property=\"og:image:height\" content=\"830\" \/>\n\t<meta property=\"og:image:type\" content=\"image\/jpeg\" \/>\n<meta name=\"twitter:card\" content=\"summary_large_image\" \/>\n<meta name=\"twitter:label1\" content=\"Est. reading time\" \/>\n\t<meta name=\"twitter:data1\" content=\"1 minute\" \/>\n<script type=\"application\/ld+json\" class=\"yoast-schema-graph\">{\"@context\":\"https:\/\/schema.org\",\"@graph\":[{\"@type\":\"WebPage\",\"@id\":\"https:\/\/librairie7l.com\/en\/produit\/mon-ours-en-peluche-2\/\",\"url\":\"https:\/\/librairie7l.com\/en\/produit\/mon-ours-en-peluche-2\/\",\"name\":\"Mon ours en peluche - Librairie 7L\",\"isPartOf\":{\"@id\":\"https:\/\/librairie7l.com\/en\/#website\"},\"datePublished\":\"2024-12-05T08:18:16+00:00\",\"dateModified\":\"2026-04-16T05:37:54+00:00\",\"breadcrumb\":{\"@id\":\"https:\/\/librairie7l.com\/en\/produit\/mon-ours-en-peluche-2\/#breadcrumb\"},\"inLanguage\":\"en-US\",\"potentialAction\":[{\"@type\":\"ReadAction\",\"target\":[\"https:\/\/librairie7l.com\/en\/produit\/mon-ours-en-peluche-2\/\"]}]},{\"@type\":\"BreadcrumbList\",\"@id\":\"https:\/\/librairie7l.com\/en\/produit\/mon-ours-en-peluche-2\/#breadcrumb\",\"itemListElement\":[{\"@type\":\"ListItem\",\"position\":1,\"name\":\"Accueil\",\"item\":\"https:\/\/librairie7l.com\/en\/\"},{\"@type\":\"ListItem\",\"position\":2,\"name\":\"Shop\",\"item\":\"https:\/\/librairie7l.com\/en\/shop\/\"},{\"@type\":\"ListItem\",\"position\":3,\"name\":\"MON OURS EN PELUCHE\"}]},{\"@type\":\"WebSite\",\"@id\":\"https:\/\/librairie7l.com\/en\/#website\",\"url\":\"https:\/\/librairie7l.com\/en\/\",\"name\":\"Librairie 7L\",\"description\":\"Librairie fond\u00e9e en 1999 par Karl Lagerfeld \u00e0 Paris\",\"publisher\":{\"@id\":\"https:\/\/librairie7l.com\/en\/#organization\"},\"potentialAction\":[{\"@type\":\"SearchAction\",\"target\":{\"@type\":\"EntryPoint\",\"urlTemplate\":\"https:\/\/librairie7l.com\/en\/?s={search_term_string}\"},\"query-input\":\"required name=search_term_string\"}],\"inLanguage\":\"en-US\"},{\"@type\":\"Organization\",\"@id\":\"https:\/\/librairie7l.com\/en\/#organization\",\"name\":\"Librairie 7L\",\"url\":\"https:\/\/librairie7l.com\/en\/\",\"logo\":{\"@type\":\"ImageObject\",\"inLanguage\":\"en-US\",\"@id\":\"https:\/\/librairie7l.com\/en\/#\/schema\/logo\/image\/\",\"url\":\"https:\/\/librairie7l.com\/wp-content\/uploads\/2022\/08\/logo-1.png\",\"contentUrl\":\"https:\/\/librairie7l.com\/wp-content\/uploads\/2022\/08\/logo-1.png\",\"width\":227,\"height\":301,\"caption\":\"Librairie 7L\"},\"image\":{\"@id\":\"https:\/\/librairie7l.com\/en\/#\/schema\/logo\/image\/\"}}]}<\/script>\n<!-- \/ Yoast SEO plugin. -->","yoast_head_json":{"title":"Mon ours en peluche - Librairie 7L","robots":{"index":"index","follow":"follow","max-snippet":"max-snippet:-1","max-image-preview":"max-image-preview:large","max-video-preview":"max-video-preview:-1"},"canonical":"https:\/\/librairie7l.com\/en\/produit\/mon-ours-en-peluche-2\/","og_locale":"en_US","og_type":"article","og_title":"Mon ours en peluche - Librairie 7L","og_description":"L&#8217;immense popularit\u00e9 de l&#8217;ours en peluche, aujourd&#8217;hui pr\u00e9sent dans toutes les chambres d&#8217;enfant, cache un paradoxe : comment cet animal f\u00e9roce et sauvage est-il devenu le symbole de l&#8217;enfance ? L&#8217;ours en peluche na\u00eet au m\u00eame moment \u00e0 deux endroits diff\u00e9rents. En 1902, le jouet est invent\u00e9 aux \u00c9tats-Unis en r\u00e9f\u00e9rence Theodore Roosevelt &#8211; d&#8217;o\u00f9 [&hellip;]","og_url":"https:\/\/librairie7l.com\/en\/produit\/mon-ours-en-peluche-2\/","og_site_name":"Librairie 7L","article_modified_time":"2026-04-16T05:37:54+00:00","og_image":[{"width":600,"height":830,"url":"https:\/\/librairie7l.com\/wp-content\/uploads\/2024\/06\/9782383140252_1_75.jpg","type":"image\/jpeg"}],"twitter_card":"summary_large_image","twitter_misc":{"Est. reading time":"1 minute"},"schema":{"@context":"https:\/\/schema.org","@graph":[{"@type":"WebPage","@id":"https:\/\/librairie7l.com\/en\/produit\/mon-ours-en-peluche-2\/","url":"https:\/\/librairie7l.com\/en\/produit\/mon-ours-en-peluche-2\/","name":"Mon ours en peluche - Librairie 7L","isPartOf":{"@id":"https:\/\/librairie7l.com\/en\/#website"},"datePublished":"2024-12-05T08:18:16+00:00","dateModified":"2026-04-16T05:37:54+00:00","breadcrumb":{"@id":"https:\/\/librairie7l.com\/en\/produit\/mon-ours-en-peluche-2\/#breadcrumb"},"inLanguage":"en-US","potentialAction":[{"@type":"ReadAction","target":["https:\/\/librairie7l.com\/en\/produit\/mon-ours-en-peluche-2\/"]}]},{"@type":"BreadcrumbList","@id":"https:\/\/librairie7l.com\/en\/produit\/mon-ours-en-peluche-2\/#breadcrumb","itemListElement":[{"@type":"ListItem","position":1,"name":"Accueil","item":"https:\/\/librairie7l.com\/en\/"},{"@type":"ListItem","position":2,"name":"Shop","item":"https:\/\/librairie7l.com\/en\/shop\/"},{"@type":"ListItem","position":3,"name":"MON OURS EN PELUCHE"}]},{"@type":"WebSite","@id":"https:\/\/librairie7l.com\/en\/#website","url":"https:\/\/librairie7l.com\/en\/","name":"Librairie 7L","description":"Librairie fond\u00e9e en 1999 par Karl Lagerfeld \u00e0 Paris","publisher":{"@id":"https:\/\/librairie7l.com\/en\/#organization"},"potentialAction":[{"@type":"SearchAction","target":{"@type":"EntryPoint","urlTemplate":"https:\/\/librairie7l.com\/en\/?s={search_term_string}"},"query-input":"required name=search_term_string"}],"inLanguage":"en-US"},{"@type":"Organization","@id":"https:\/\/librairie7l.com\/en\/#organization","name":"Librairie 7L","url":"https:\/\/librairie7l.com\/en\/","logo":{"@type":"ImageObject","inLanguage":"en-US","@id":"https:\/\/librairie7l.com\/en\/#\/schema\/logo\/image\/","url":"https:\/\/librairie7l.com\/wp-content\/uploads\/2022\/08\/logo-1.png","contentUrl":"https:\/\/librairie7l.com\/wp-content\/uploads\/2022\/08\/logo-1.png","width":227,"height":301,"caption":"Librairie 7L"},"image":{"@id":"https:\/\/librairie7l.com\/en\/#\/schema\/logo\/image\/"}}]}},"_links":{"self":[{"href":"https:\/\/librairie7l.com\/en\/wp-json\/wp\/v2\/product\/44859"}],"collection":[{"href":"https:\/\/librairie7l.com\/en\/wp-json\/wp\/v2\/product"}],"about":[{"href":"https:\/\/librairie7l.com\/en\/wp-json\/wp\/v2\/types\/product"}],"wp:featuredmedia":[{"embeddable":true,"href":"https:\/\/librairie7l.com\/en\/wp-json\/wp\/v2\/media\/44857"}],"wp:attachment":[{"href":"https:\/\/librairie7l.com\/en\/wp-json\/wp\/v2\/media?parent=44859"}],"wp:term":[{"taxonomy":"product_cat","embeddable":true,"href":"https:\/\/librairie7l.com\/en\/wp-json\/wp\/v2\/product_cat?post=44859"},{"taxonomy":"product_tag","embeddable":true,"href":"https:\/\/librairie7l.com\/en\/wp-json\/wp\/v2\/product_tag?post=44859"}],"curies":[{"name":"wp","href":"https:\/\/api.w.org\/{rel}","templated":true}]}}