{"id":44865,"date":"2024-12-05T09:18:22","date_gmt":"2024-12-05T08:18:22","guid":{"rendered":"https:\/\/librairie7l.com\/?post_type=product&#038;p=44865"},"modified":"2026-04-04T12:18:40","modified_gmt":"2026-04-04T10:18:40","slug":"bijoux-de-scene-de-lopera-de-paris-du-second-empire-a-nos-jours-2","status":"publish","type":"product","link":"https:\/\/librairie7l.com\/en\/produit\/bijoux-de-scene-de-lopera-de-paris-du-second-empire-a-nos-jours-2\/","title":{"rendered":"BIJOUX DE SC\u00c8NE DE L&#8217;OP\u00c9RA DE PARIS : DU SECOND EMPIRE \u00c0 NOS JOURS"},"content":{"rendered":"<p>L&#8217;Op\u00e9ra national de Paris et la Biblioth\u00e8que nationale de France poss\u00e8dent une collection prestigieuse d&#8217;environs 4 000 bijoux de sc\u00e8ne.<br \/>\nCouronnes, bracelets, bustiers ou diad\u00e8mes, port\u00e9s par d&#8217;illustres chanteuses et chanteurs, danseuses et danseurs fascinent par leur \u00e9clat et contribuent \u00e0 l&#8217;aura des inter- pr\u00e8tes. Si le bijou de sc\u00e8ne rel\u00e8ve des \u00abaccessoires\u00bb, son r\u00f4le est souvent fondamental dans les op\u00e9ras ou ballets au xixe si\u00e8cle. Dans de nombreux livrets, l&#8217;\u00e9clat et la valeur du bijou servent de catalyseurs pour susciter chez les person- nages convoitise, concupiscence, coquetterie&#8230; Ces bijoux font ainsi office de ressort th\u00e9\u00e2tral.<br \/>\nTant\u00f4t attributs du pouvoir ou parure de s\u00e9duction, les bijoux occupent une place importante dans la mise en sc\u00e8ne de sujets historiques ou exotiques. Du xixe si\u00e8cle \u00e0 nos jours, la place qui leur est accord\u00e9e, leur fabrication, connaissent une \u00e9volution permanente.<br \/>\nCet ouvrage accompagne l&#8217;exposition pr\u00e9sent\u00e9e dans le cadre de la biblioth\u00e8que-mus\u00e9e de l&#8217;Op\u00e9ra et pr\u00e9sente une s\u00e9lection d&#8217;environ 70 bijoux exceptionnels d&#8217;op\u00e9ras ou de ballets datant pour la plupart de la deuxi\u00e8me moiti\u00e9 du xixe si\u00e8cle.<br \/>\nRichement illustr\u00e9, il reprend le parcours de l&#8217;exposition et pr\u00e9sente l&#8217;int\u00e9gralit\u00e9 des objets expos\u00e9s, les bijoux eux- m\u00eames mais aussi des maquettes de costumes, de d\u00e9cors, des photographies, peintures et affiches.<\/p>\n","protected":false},"excerpt":{"rendered":"<p>L&#8217;Op\u00e9ra national de Paris et la Biblioth\u00e8que nationale de France poss\u00e8dent une collection prestigieuse d&#8217;environs 4 000 bijoux de sc\u00e8ne. Couronnes, bracelets, bustiers ou diad\u00e8mes, port\u00e9s par d&#8217;illustres chanteuses et chanteurs, danseuses et danseurs fascinent par leur \u00e9clat et contribuent \u00e0 l&#8217;aura des inter- pr\u00e8tes. Si le bijou de sc\u00e8ne rel\u00e8ve des \u00abaccessoires\u00bb, son r\u00f4le [&hellip;]<\/p>\n","protected":false},"featured_media":44863,"template":"","meta":[],"product_cat":[2948],"product_tag":[],"acf":[],"yoast_head":"<!-- This site is optimized with the Yoast SEO plugin v20.11 - https:\/\/yoast.com\/wordpress\/plugins\/seo\/ -->\n<title>Bijoux de sc\u00e8ne de l&#039;Op\u00e9ra de Paris : Du Second Empire \u00e0 nos jours - Librairie 7L<\/title>\n<meta name=\"robots\" content=\"index, follow, max-snippet:-1, max-image-preview:large, max-video-preview:-1\" \/>\n<link rel=\"canonical\" href=\"https:\/\/librairie7l.com\/en\/produit\/bijoux-de-scene-de-lopera-de-paris-du-second-empire-a-nos-jours-2\/\" \/>\n<meta property=\"og:locale\" content=\"en_US\" \/>\n<meta property=\"og:type\" content=\"article\" \/>\n<meta property=\"og:title\" content=\"Bijoux de sc\u00e8ne de l&#039;Op\u00e9ra de Paris : Du Second Empire \u00e0 nos jours - Librairie 7L\" \/>\n<meta property=\"og:description\" content=\"L&#8217;Op\u00e9ra national de Paris et la Biblioth\u00e8que nationale de France poss\u00e8dent une collection prestigieuse d&#8217;environs 4 000 bijoux de sc\u00e8ne. Couronnes, bracelets, bustiers ou diad\u00e8mes, port\u00e9s par d&#8217;illustres chanteuses et chanteurs, danseuses et danseurs fascinent par leur \u00e9clat et contribuent \u00e0 l&#8217;aura des inter- pr\u00e8tes. Si le bijou de sc\u00e8ne rel\u00e8ve des \u00abaccessoires\u00bb, son r\u00f4le [&hellip;]\" \/>\n<meta property=\"og:url\" content=\"https:\/\/librairie7l.com\/en\/produit\/bijoux-de-scene-de-lopera-de-paris-du-second-empire-a-nos-jours-2\/\" \/>\n<meta property=\"og:site_name\" content=\"Librairie 7L\" \/>\n<meta property=\"article:modified_time\" content=\"2026-04-04T10:18:40+00:00\" \/>\n<meta property=\"og:image\" content=\"https:\/\/librairie7l.com\/wp-content\/uploads\/2024\/07\/9782353404094_1_75.jpg\" \/>\n\t<meta property=\"og:image:width\" content=\"600\" \/>\n\t<meta property=\"og:image:height\" content=\"878\" \/>\n\t<meta property=\"og:image:type\" content=\"image\/jpeg\" \/>\n<meta name=\"twitter:card\" content=\"summary_large_image\" \/>\n<meta name=\"twitter:label1\" content=\"Est. reading time\" \/>\n\t<meta name=\"twitter:data1\" content=\"1 minute\" \/>\n<script type=\"application\/ld+json\" class=\"yoast-schema-graph\">{\"@context\":\"https:\/\/schema.org\",\"@graph\":[{\"@type\":\"WebPage\",\"@id\":\"https:\/\/librairie7l.com\/en\/produit\/bijoux-de-scene-de-lopera-de-paris-du-second-empire-a-nos-jours-2\/\",\"url\":\"https:\/\/librairie7l.com\/en\/produit\/bijoux-de-scene-de-lopera-de-paris-du-second-empire-a-nos-jours-2\/\",\"name\":\"Bijoux de sc\u00e8ne de l'Op\u00e9ra de Paris : Du Second Empire \u00e0 nos jours - Librairie 7L\",\"isPartOf\":{\"@id\":\"https:\/\/librairie7l.com\/en\/#website\"},\"datePublished\":\"2024-12-05T08:18:22+00:00\",\"dateModified\":\"2026-04-04T10:18:40+00:00\",\"breadcrumb\":{\"@id\":\"https:\/\/librairie7l.com\/en\/produit\/bijoux-de-scene-de-lopera-de-paris-du-second-empire-a-nos-jours-2\/#breadcrumb\"},\"inLanguage\":\"en-US\",\"potentialAction\":[{\"@type\":\"ReadAction\",\"target\":[\"https:\/\/librairie7l.com\/en\/produit\/bijoux-de-scene-de-lopera-de-paris-du-second-empire-a-nos-jours-2\/\"]}]},{\"@type\":\"BreadcrumbList\",\"@id\":\"https:\/\/librairie7l.com\/en\/produit\/bijoux-de-scene-de-lopera-de-paris-du-second-empire-a-nos-jours-2\/#breadcrumb\",\"itemListElement\":[{\"@type\":\"ListItem\",\"position\":1,\"name\":\"Accueil\",\"item\":\"https:\/\/librairie7l.com\/en\/\"},{\"@type\":\"ListItem\",\"position\":2,\"name\":\"Shop\",\"item\":\"https:\/\/librairie7l.com\/en\/shop\/\"},{\"@type\":\"ListItem\",\"position\":3,\"name\":\"BIJOUX DE SC\u00c8NE DE L&#8217;OP\u00c9RA DE PARIS : DU SECOND EMPIRE \u00c0 NOS JOURS\"}]},{\"@type\":\"WebSite\",\"@id\":\"https:\/\/librairie7l.com\/en\/#website\",\"url\":\"https:\/\/librairie7l.com\/en\/\",\"name\":\"Librairie 7L\",\"description\":\"Librairie fond\u00e9e en 1999 par Karl Lagerfeld \u00e0 Paris\",\"publisher\":{\"@id\":\"https:\/\/librairie7l.com\/en\/#organization\"},\"potentialAction\":[{\"@type\":\"SearchAction\",\"target\":{\"@type\":\"EntryPoint\",\"urlTemplate\":\"https:\/\/librairie7l.com\/en\/?s={search_term_string}\"},\"query-input\":\"required name=search_term_string\"}],\"inLanguage\":\"en-US\"},{\"@type\":\"Organization\",\"@id\":\"https:\/\/librairie7l.com\/en\/#organization\",\"name\":\"Librairie 7L\",\"url\":\"https:\/\/librairie7l.com\/en\/\",\"logo\":{\"@type\":\"ImageObject\",\"inLanguage\":\"en-US\",\"@id\":\"https:\/\/librairie7l.com\/en\/#\/schema\/logo\/image\/\",\"url\":\"https:\/\/librairie7l.com\/wp-content\/uploads\/2022\/08\/logo-1.png\",\"contentUrl\":\"https:\/\/librairie7l.com\/wp-content\/uploads\/2022\/08\/logo-1.png\",\"width\":227,\"height\":301,\"caption\":\"Librairie 7L\"},\"image\":{\"@id\":\"https:\/\/librairie7l.com\/en\/#\/schema\/logo\/image\/\"}}]}<\/script>\n<!-- \/ Yoast SEO plugin. -->","yoast_head_json":{"title":"Bijoux de sc\u00e8ne de l'Op\u00e9ra de Paris : Du Second Empire \u00e0 nos jours - Librairie 7L","robots":{"index":"index","follow":"follow","max-snippet":"max-snippet:-1","max-image-preview":"max-image-preview:large","max-video-preview":"max-video-preview:-1"},"canonical":"https:\/\/librairie7l.com\/en\/produit\/bijoux-de-scene-de-lopera-de-paris-du-second-empire-a-nos-jours-2\/","og_locale":"en_US","og_type":"article","og_title":"Bijoux de sc\u00e8ne de l'Op\u00e9ra de Paris : Du Second Empire \u00e0 nos jours - Librairie 7L","og_description":"L&#8217;Op\u00e9ra national de Paris et la Biblioth\u00e8que nationale de France poss\u00e8dent une collection prestigieuse d&#8217;environs 4 000 bijoux de sc\u00e8ne. Couronnes, bracelets, bustiers ou diad\u00e8mes, port\u00e9s par d&#8217;illustres chanteuses et chanteurs, danseuses et danseurs fascinent par leur \u00e9clat et contribuent \u00e0 l&#8217;aura des inter- pr\u00e8tes. Si le bijou de sc\u00e8ne rel\u00e8ve des \u00abaccessoires\u00bb, son r\u00f4le [&hellip;]","og_url":"https:\/\/librairie7l.com\/en\/produit\/bijoux-de-scene-de-lopera-de-paris-du-second-empire-a-nos-jours-2\/","og_site_name":"Librairie 7L","article_modified_time":"2026-04-04T10:18:40+00:00","og_image":[{"width":600,"height":878,"url":"https:\/\/librairie7l.com\/wp-content\/uploads\/2024\/07\/9782353404094_1_75.jpg","type":"image\/jpeg"}],"twitter_card":"summary_large_image","twitter_misc":{"Est. reading time":"1 minute"},"schema":{"@context":"https:\/\/schema.org","@graph":[{"@type":"WebPage","@id":"https:\/\/librairie7l.com\/en\/produit\/bijoux-de-scene-de-lopera-de-paris-du-second-empire-a-nos-jours-2\/","url":"https:\/\/librairie7l.com\/en\/produit\/bijoux-de-scene-de-lopera-de-paris-du-second-empire-a-nos-jours-2\/","name":"Bijoux de sc\u00e8ne de l'Op\u00e9ra de Paris : Du Second Empire \u00e0 nos jours - Librairie 7L","isPartOf":{"@id":"https:\/\/librairie7l.com\/en\/#website"},"datePublished":"2024-12-05T08:18:22+00:00","dateModified":"2026-04-04T10:18:40+00:00","breadcrumb":{"@id":"https:\/\/librairie7l.com\/en\/produit\/bijoux-de-scene-de-lopera-de-paris-du-second-empire-a-nos-jours-2\/#breadcrumb"},"inLanguage":"en-US","potentialAction":[{"@type":"ReadAction","target":["https:\/\/librairie7l.com\/en\/produit\/bijoux-de-scene-de-lopera-de-paris-du-second-empire-a-nos-jours-2\/"]}]},{"@type":"BreadcrumbList","@id":"https:\/\/librairie7l.com\/en\/produit\/bijoux-de-scene-de-lopera-de-paris-du-second-empire-a-nos-jours-2\/#breadcrumb","itemListElement":[{"@type":"ListItem","position":1,"name":"Accueil","item":"https:\/\/librairie7l.com\/en\/"},{"@type":"ListItem","position":2,"name":"Shop","item":"https:\/\/librairie7l.com\/en\/shop\/"},{"@type":"ListItem","position":3,"name":"BIJOUX DE SC\u00c8NE DE L&#8217;OP\u00c9RA DE PARIS : DU SECOND EMPIRE \u00c0 NOS JOURS"}]},{"@type":"WebSite","@id":"https:\/\/librairie7l.com\/en\/#website","url":"https:\/\/librairie7l.com\/en\/","name":"Librairie 7L","description":"Librairie fond\u00e9e en 1999 par Karl Lagerfeld \u00e0 Paris","publisher":{"@id":"https:\/\/librairie7l.com\/en\/#organization"},"potentialAction":[{"@type":"SearchAction","target":{"@type":"EntryPoint","urlTemplate":"https:\/\/librairie7l.com\/en\/?s={search_term_string}"},"query-input":"required name=search_term_string"}],"inLanguage":"en-US"},{"@type":"Organization","@id":"https:\/\/librairie7l.com\/en\/#organization","name":"Librairie 7L","url":"https:\/\/librairie7l.com\/en\/","logo":{"@type":"ImageObject","inLanguage":"en-US","@id":"https:\/\/librairie7l.com\/en\/#\/schema\/logo\/image\/","url":"https:\/\/librairie7l.com\/wp-content\/uploads\/2022\/08\/logo-1.png","contentUrl":"https:\/\/librairie7l.com\/wp-content\/uploads\/2022\/08\/logo-1.png","width":227,"height":301,"caption":"Librairie 7L"},"image":{"@id":"https:\/\/librairie7l.com\/en\/#\/schema\/logo\/image\/"}}]}},"_links":{"self":[{"href":"https:\/\/librairie7l.com\/en\/wp-json\/wp\/v2\/product\/44865"}],"collection":[{"href":"https:\/\/librairie7l.com\/en\/wp-json\/wp\/v2\/product"}],"about":[{"href":"https:\/\/librairie7l.com\/en\/wp-json\/wp\/v2\/types\/product"}],"wp:featuredmedia":[{"embeddable":true,"href":"https:\/\/librairie7l.com\/en\/wp-json\/wp\/v2\/media\/44863"}],"wp:attachment":[{"href":"https:\/\/librairie7l.com\/en\/wp-json\/wp\/v2\/media?parent=44865"}],"wp:term":[{"taxonomy":"product_cat","embeddable":true,"href":"https:\/\/librairie7l.com\/en\/wp-json\/wp\/v2\/product_cat?post=44865"},{"taxonomy":"product_tag","embeddable":true,"href":"https:\/\/librairie7l.com\/en\/wp-json\/wp\/v2\/product_tag?post=44865"}],"curies":[{"name":"wp","href":"https:\/\/api.w.org\/{rel}","templated":true}]}}