{"id":44869,"date":"2024-12-05T09:18:28","date_gmt":"2024-12-05T08:18:28","guid":{"rendered":"https:\/\/librairie7l.com\/?post_type=product&#038;p=44869"},"modified":"2026-04-10T23:51:05","modified_gmt":"2026-04-10T21:51:05","slug":"hivernies-2","status":"publish","type":"product","link":"https:\/\/librairie7l.com\/en\/produit\/hivernies-2\/","title":{"rendered":"HIVERNIES"},"content":{"rendered":"<p>\u00ab Cette s\u00e9rie s&#8217;inscrit dans le prolongement du projet Erdgeist, d\u00e9marche n\u00e9e de la fr\u00e9quentation de paysages dont l&#8217;intensit\u00e9 cro\u00eet avec la latitude. Ces paysages, marqu\u00e9s par l&#8217;absolu et la transcendance, me portent \u00e0 interroger leur myst\u00e9rieuse soumission aux puissances invisibles, me r\u00e9f\u00e9rant \u00e0 la culture chinoise, \u00e0 la notion de vide et de plein ch\u00e8re \u00e0 Fran\u00e7ois Cheng, et au lien du pinceau et de l&#8217;encre. Je me propose ici de rendre l&#8217;immat\u00e9riel contenu dans le tangible, de livrer un espace muet et originel que la th\u00e9matique de l&#8217;hiver, devenue pour moi objet de culte, exprime m\u00e9taphoriquement. L&#8217;irruption de l&#8217;hiver au-del\u00e0 du cercle arctique avec sa puissance hostile offre \u00e0 l&#8217;artiste l&#8217;opportunit\u00e9 d&#8217;une qu\u00eate du sacr\u00e9. Le d\u00e9pouillement de cette saison, ses formes vou\u00e9es \u00e0 l&#8217;effacement, nous invite \u00e0 m\u00e9diter sur l&#8217;infime, le vide, le silence, \u00e0 appr\u00e9hender le monde r\u00e9el tapi dans son invisibilit\u00e9. Les sensations y rejouent perp\u00e9tuellement la cr\u00e9ation du monde. \u00bb Patrick Bogner<br \/>\n\u00ab Des paysages du Grand Nord, les images de Patrick Bogner montrent de singuli\u00e8res fa\u00e7ons d&#8217;appara\u00eetre, les figures \u00e9tranges qu&#8217;y dessinent l&#8217;eau, la neige, la glace, les reliefs, les ciels, agencements souvent insolites que ponctuent parfois quelques signes des rares survivances v\u00e9g\u00e9tales et animales que ces rudes contr\u00e9es abritent ou qui les parcourent. C&#8217;est la part documentaire, incontestable, de ses photographies. Mais le regard qui s&#8217;attarde d\u00e9couvre tr\u00e8s vite en elles bien d&#8217;autres choses, qui d\u00e9bordent toute intention didactique. Des sortes d&#8217;invocations. [&#8230;] Les images de Patrick Bogner invoquent parce qu&#8217;elles laissent se dire en elles ce que serait une relation, assum\u00e9e malgr\u00e9 ce qui la rend peut-\u00eatre impossible, avec l&#8217;indompt\u00e9. Les hivers qu&#8217;elles d\u00e9taillent sont des silences sans commencements ni fins, les mouvements s&#8217;y sont fig\u00e9s, les courses y ont durci aussit\u00f4t esquiss\u00e9es. L&#8217;oeil s&#8217;aventure dans des \u00e9tendues que l&#8217;on n&#8217;aborde qu&#8217;en s&#8217;en prot\u00e9geant, contr\u00e9es farouches dans lesquelles s&#8217;\u00e9garer aurait pour seule issue la mort. Il y d\u00e9couvre une version de l&#8217;inhabitable : sol et air transis dans une dur\u00e9e immuable, sans pass\u00e9 ni avenir, terres inexorablement d\u00e9peupl\u00e9es parce que saisies dans un pr\u00e9sent perp\u00e9tuel que rien n&#8217;interrompt. [&#8230;] Dans le Grand Nord, Patrick Bogner invoque des \u00e9nigmes : signatures ind\u00e9chiffrables, traces d&#8217;on ne sait quoi, d&#8217;on ne sait qui, qui rythment la peau infinie, uniforme, intraitable de la neige. [&#8230;] Il invite la photographie \u00e0 devenir le support d&#8217;une m\u00e9ditation de l&#8217;insaisissable. [&#8230;] Le geste photographique est d&#8217;abord une attente. L&#8217;oeil ne prend pas, il se tend, concentr\u00e9, vers les lieux et les instants o\u00f9 quelque \u00e9v\u00e9nement pourrait surgir de l&#8217;insondable, o\u00f9 l&#8217;indompt\u00e9 pourrait soudain faire don d&#8217;une partie de sa secr\u00e8te abondance. [&#8230;] Les Hivernies sont des lieux et des instants d&#8217;\u00e9coute, d&#8217;attente et finalement de gratitude t\u00e9moign\u00e9e envers un infini apparemment vide et immens\u00e9ment silencieux, et d&#8217;o\u00f9 pourtant surgissent des choses et des visages, traces in\u00e9puisables de pr\u00e9sents inexpliqu\u00e9s. \u00bb Daniel Payot, extraits de la pr\u00e9face<\/p>\n","protected":false},"excerpt":{"rendered":"<p>\u00ab Cette s\u00e9rie s&#8217;inscrit dans le prolongement du projet Erdgeist, d\u00e9marche n\u00e9e de la fr\u00e9quentation de paysages dont l&#8217;intensit\u00e9 cro\u00eet avec la latitude. Ces paysages, marqu\u00e9s par l&#8217;absolu et la transcendance, me portent \u00e0 interroger leur myst\u00e9rieuse soumission aux puissances invisibles, me r\u00e9f\u00e9rant \u00e0 la culture chinoise, \u00e0 la notion de vide et de plein [&hellip;]<\/p>\n","protected":false},"featured_media":44867,"template":"","meta":[],"product_cat":[2948],"product_tag":[],"acf":[],"yoast_head":"<!-- This site is optimized with the Yoast SEO plugin v20.11 - https:\/\/yoast.com\/wordpress\/plugins\/seo\/ -->\n<title>Hivernies - Librairie 7L<\/title>\n<meta name=\"robots\" content=\"index, follow, max-snippet:-1, max-image-preview:large, max-video-preview:-1\" \/>\n<link rel=\"canonical\" href=\"https:\/\/librairie7l.com\/en\/produit\/hivernies-2\/\" \/>\n<meta property=\"og:locale\" content=\"en_US\" \/>\n<meta property=\"og:type\" content=\"article\" \/>\n<meta property=\"og:title\" content=\"Hivernies - Librairie 7L\" \/>\n<meta property=\"og:description\" content=\"\u00ab Cette s\u00e9rie s&#8217;inscrit dans le prolongement du projet Erdgeist, d\u00e9marche n\u00e9e de la fr\u00e9quentation de paysages dont l&#8217;intensit\u00e9 cro\u00eet avec la latitude. Ces paysages, marqu\u00e9s par l&#8217;absolu et la transcendance, me portent \u00e0 interroger leur myst\u00e9rieuse soumission aux puissances invisibles, me r\u00e9f\u00e9rant \u00e0 la culture chinoise, \u00e0 la notion de vide et de plein [&hellip;]\" \/>\n<meta property=\"og:url\" content=\"https:\/\/librairie7l.com\/en\/produit\/hivernies-2\/\" \/>\n<meta property=\"og:site_name\" content=\"Librairie 7L\" \/>\n<meta property=\"article:modified_time\" content=\"2026-04-10T21:51:05+00:00\" \/>\n<meta property=\"og:image\" content=\"https:\/\/librairie7l.com\/wp-content\/uploads\/2024\/06\/9782850351730_1_75.jpg\" \/>\n\t<meta property=\"og:image:width\" content=\"600\" \/>\n\t<meta property=\"og:image:height\" content=\"688\" \/>\n\t<meta property=\"og:image:type\" content=\"image\/jpeg\" \/>\n<meta name=\"twitter:card\" content=\"summary_large_image\" \/>\n<meta name=\"twitter:label1\" content=\"Est. reading time\" \/>\n\t<meta name=\"twitter:data1\" content=\"3 minutes\" \/>\n<script type=\"application\/ld+json\" class=\"yoast-schema-graph\">{\"@context\":\"https:\/\/schema.org\",\"@graph\":[{\"@type\":\"WebPage\",\"@id\":\"https:\/\/librairie7l.com\/en\/produit\/hivernies-2\/\",\"url\":\"https:\/\/librairie7l.com\/en\/produit\/hivernies-2\/\",\"name\":\"Hivernies - Librairie 7L\",\"isPartOf\":{\"@id\":\"https:\/\/librairie7l.com\/en\/#website\"},\"datePublished\":\"2024-12-05T08:18:28+00:00\",\"dateModified\":\"2026-04-10T21:51:05+00:00\",\"breadcrumb\":{\"@id\":\"https:\/\/librairie7l.com\/en\/produit\/hivernies-2\/#breadcrumb\"},\"inLanguage\":\"en-US\",\"potentialAction\":[{\"@type\":\"ReadAction\",\"target\":[\"https:\/\/librairie7l.com\/en\/produit\/hivernies-2\/\"]}]},{\"@type\":\"BreadcrumbList\",\"@id\":\"https:\/\/librairie7l.com\/en\/produit\/hivernies-2\/#breadcrumb\",\"itemListElement\":[{\"@type\":\"ListItem\",\"position\":1,\"name\":\"Accueil\",\"item\":\"https:\/\/librairie7l.com\/en\/\"},{\"@type\":\"ListItem\",\"position\":2,\"name\":\"Shop\",\"item\":\"https:\/\/librairie7l.com\/en\/shop\/\"},{\"@type\":\"ListItem\",\"position\":3,\"name\":\"HIVERNIES\"}]},{\"@type\":\"WebSite\",\"@id\":\"https:\/\/librairie7l.com\/en\/#website\",\"url\":\"https:\/\/librairie7l.com\/en\/\",\"name\":\"Librairie 7L\",\"description\":\"Librairie fond\u00e9e en 1999 par Karl Lagerfeld \u00e0 Paris\",\"publisher\":{\"@id\":\"https:\/\/librairie7l.com\/en\/#organization\"},\"potentialAction\":[{\"@type\":\"SearchAction\",\"target\":{\"@type\":\"EntryPoint\",\"urlTemplate\":\"https:\/\/librairie7l.com\/en\/?s={search_term_string}\"},\"query-input\":\"required name=search_term_string\"}],\"inLanguage\":\"en-US\"},{\"@type\":\"Organization\",\"@id\":\"https:\/\/librairie7l.com\/en\/#organization\",\"name\":\"Librairie 7L\",\"url\":\"https:\/\/librairie7l.com\/en\/\",\"logo\":{\"@type\":\"ImageObject\",\"inLanguage\":\"en-US\",\"@id\":\"https:\/\/librairie7l.com\/en\/#\/schema\/logo\/image\/\",\"url\":\"https:\/\/librairie7l.com\/wp-content\/uploads\/2022\/08\/logo-1.png\",\"contentUrl\":\"https:\/\/librairie7l.com\/wp-content\/uploads\/2022\/08\/logo-1.png\",\"width\":227,\"height\":301,\"caption\":\"Librairie 7L\"},\"image\":{\"@id\":\"https:\/\/librairie7l.com\/en\/#\/schema\/logo\/image\/\"}}]}<\/script>\n<!-- \/ Yoast SEO plugin. -->","yoast_head_json":{"title":"Hivernies - Librairie 7L","robots":{"index":"index","follow":"follow","max-snippet":"max-snippet:-1","max-image-preview":"max-image-preview:large","max-video-preview":"max-video-preview:-1"},"canonical":"https:\/\/librairie7l.com\/en\/produit\/hivernies-2\/","og_locale":"en_US","og_type":"article","og_title":"Hivernies - Librairie 7L","og_description":"\u00ab Cette s\u00e9rie s&#8217;inscrit dans le prolongement du projet Erdgeist, d\u00e9marche n\u00e9e de la fr\u00e9quentation de paysages dont l&#8217;intensit\u00e9 cro\u00eet avec la latitude. Ces paysages, marqu\u00e9s par l&#8217;absolu et la transcendance, me portent \u00e0 interroger leur myst\u00e9rieuse soumission aux puissances invisibles, me r\u00e9f\u00e9rant \u00e0 la culture chinoise, \u00e0 la notion de vide et de plein [&hellip;]","og_url":"https:\/\/librairie7l.com\/en\/produit\/hivernies-2\/","og_site_name":"Librairie 7L","article_modified_time":"2026-04-10T21:51:05+00:00","og_image":[{"width":600,"height":688,"url":"https:\/\/librairie7l.com\/wp-content\/uploads\/2024\/06\/9782850351730_1_75.jpg","type":"image\/jpeg"}],"twitter_card":"summary_large_image","twitter_misc":{"Est. reading time":"3 minutes"},"schema":{"@context":"https:\/\/schema.org","@graph":[{"@type":"WebPage","@id":"https:\/\/librairie7l.com\/en\/produit\/hivernies-2\/","url":"https:\/\/librairie7l.com\/en\/produit\/hivernies-2\/","name":"Hivernies - Librairie 7L","isPartOf":{"@id":"https:\/\/librairie7l.com\/en\/#website"},"datePublished":"2024-12-05T08:18:28+00:00","dateModified":"2026-04-10T21:51:05+00:00","breadcrumb":{"@id":"https:\/\/librairie7l.com\/en\/produit\/hivernies-2\/#breadcrumb"},"inLanguage":"en-US","potentialAction":[{"@type":"ReadAction","target":["https:\/\/librairie7l.com\/en\/produit\/hivernies-2\/"]}]},{"@type":"BreadcrumbList","@id":"https:\/\/librairie7l.com\/en\/produit\/hivernies-2\/#breadcrumb","itemListElement":[{"@type":"ListItem","position":1,"name":"Accueil","item":"https:\/\/librairie7l.com\/en\/"},{"@type":"ListItem","position":2,"name":"Shop","item":"https:\/\/librairie7l.com\/en\/shop\/"},{"@type":"ListItem","position":3,"name":"HIVERNIES"}]},{"@type":"WebSite","@id":"https:\/\/librairie7l.com\/en\/#website","url":"https:\/\/librairie7l.com\/en\/","name":"Librairie 7L","description":"Librairie fond\u00e9e en 1999 par Karl Lagerfeld \u00e0 Paris","publisher":{"@id":"https:\/\/librairie7l.com\/en\/#organization"},"potentialAction":[{"@type":"SearchAction","target":{"@type":"EntryPoint","urlTemplate":"https:\/\/librairie7l.com\/en\/?s={search_term_string}"},"query-input":"required name=search_term_string"}],"inLanguage":"en-US"},{"@type":"Organization","@id":"https:\/\/librairie7l.com\/en\/#organization","name":"Librairie 7L","url":"https:\/\/librairie7l.com\/en\/","logo":{"@type":"ImageObject","inLanguage":"en-US","@id":"https:\/\/librairie7l.com\/en\/#\/schema\/logo\/image\/","url":"https:\/\/librairie7l.com\/wp-content\/uploads\/2022\/08\/logo-1.png","contentUrl":"https:\/\/librairie7l.com\/wp-content\/uploads\/2022\/08\/logo-1.png","width":227,"height":301,"caption":"Librairie 7L"},"image":{"@id":"https:\/\/librairie7l.com\/en\/#\/schema\/logo\/image\/"}}]}},"_links":{"self":[{"href":"https:\/\/librairie7l.com\/en\/wp-json\/wp\/v2\/product\/44869"}],"collection":[{"href":"https:\/\/librairie7l.com\/en\/wp-json\/wp\/v2\/product"}],"about":[{"href":"https:\/\/librairie7l.com\/en\/wp-json\/wp\/v2\/types\/product"}],"wp:featuredmedia":[{"embeddable":true,"href":"https:\/\/librairie7l.com\/en\/wp-json\/wp\/v2\/media\/44867"}],"wp:attachment":[{"href":"https:\/\/librairie7l.com\/en\/wp-json\/wp\/v2\/media?parent=44869"}],"wp:term":[{"taxonomy":"product_cat","embeddable":true,"href":"https:\/\/librairie7l.com\/en\/wp-json\/wp\/v2\/product_cat?post=44869"},{"taxonomy":"product_tag","embeddable":true,"href":"https:\/\/librairie7l.com\/en\/wp-json\/wp\/v2\/product_tag?post=44869"}],"curies":[{"name":"wp","href":"https:\/\/api.w.org\/{rel}","templated":true}]}}