{"id":44882,"date":"2024-12-06T09:17:40","date_gmt":"2024-12-06T08:17:40","guid":{"rendered":"https:\/\/librairie7l.com\/?post_type=product&#038;p=44882"},"modified":"2026-04-10T23:51:03","modified_gmt":"2026-04-10T21:51:03","slug":"le-plus-beau-metier-du-monde-dans-les-coulisses-de-lindustrie-de-la-mode-2","status":"publish","type":"product","link":"https:\/\/librairie7l.com\/en\/produit\/le-plus-beau-metier-du-monde-dans-les-coulisses-de-lindustrie-de-la-mode-2\/","title":{"rendered":"&#8220;LE PLUS BEAU M\u00c9TIER DU MONDE&#8221; : DANS LES COULISSES DE L&#8217;INDUSTRIE DE LA MODE"},"content":{"rendered":"<p>La mode est l&#8217;une des plus puissantes industries du monde : elle repr\u00e9sente 6 % de la consommation mondiale et est en croissance constante. Depuis les ann\u00e9es 1980 et l&#8217;entr\u00e9e dans l&#8217;\u00e9conomie n\u00e9olib\u00e9rale, elle est devenue l&#8217;image \u00e9tincelante du capitalisme, combinant prestige, pouvoir et beaut\u00e9. Pourtant, cette industrie, qui appara\u00eet comme un horizon professionnel hautement d\u00e9sirable, repose principalement sur du travail pr\u00e9caire, et ce aussi bien l\u00e0 o\u00f9 la production est externalis\u00e9e qu&#8217;au coeur de la production cr\u00e9ative du luxe, comme les prestigieux ateliers des maisons de couture.<br \/>\n\u00c0 partir d&#8217;une enqu\u00eate en immersion aupr\u00e8s des travailleurs cr\u00e9atifs de cette industrie (stylistes, mannequins, cr\u00e9ateurs ind\u00e9pendants, coiffeurs, maquilleurs, vendeurs, journalistes, retoucheurs, stagiaires, agents commerciaux, etc.), ce livre d\u00e9crypte les dynamiques d&#8217;exploitation et d&#8217;autoexploitation \u00e0 l&#8217;oeuvre derri\u00e8re la fa\u00e7ade glamour de la mode.<br \/>\nDes s\u00e9ances de shooting pour magazines sp\u00e9cialis\u00e9s \u00e0 la collaboration aupr\u00e8s d&#8217;un cr\u00e9ateur de mode, en passant par des entretiens avec des stylistes travaillant pour de c\u00e9l\u00e8bres maisons de luxe et de couture, cette enqu\u00eate d\u00e9voile les dynamiques invisibles sur lesquelles repose l&#8217;industrie de la mode pour mieux la &#8221; d\u00e9glamouriser &#8220;.<\/p>\n","protected":false},"excerpt":{"rendered":"<p>La mode est l&#8217;une des plus puissantes industries du monde : elle repr\u00e9sente 6 % de la consommation mondiale et est en croissance constante. Depuis les ann\u00e9es 1980 et l&#8217;entr\u00e9e dans l&#8217;\u00e9conomie n\u00e9olib\u00e9rale, elle est devenue l&#8217;image \u00e9tincelante du capitalisme, combinant prestige, pouvoir et beaut\u00e9. Pourtant, cette industrie, qui appara\u00eet comme un horizon professionnel hautement [&hellip;]<\/p>\n","protected":false},"featured_media":44880,"template":"","meta":[],"product_cat":[2948],"product_tag":[],"acf":[],"yoast_head":"<!-- This site is optimized with the Yoast SEO plugin v20.11 - https:\/\/yoast.com\/wordpress\/plugins\/seo\/ -->\n<title>&quot;le plus beau m\u00e9tier du monde&quot; : dans les coulisses de l&#039;industrie de la mode - Librairie 7L<\/title>\n<meta name=\"robots\" content=\"index, follow, max-snippet:-1, max-image-preview:large, max-video-preview:-1\" \/>\n<link rel=\"canonical\" href=\"https:\/\/librairie7l.com\/en\/produit\/le-plus-beau-metier-du-monde-dans-les-coulisses-de-lindustrie-de-la-mode-2\/\" \/>\n<meta property=\"og:locale\" content=\"en_US\" \/>\n<meta property=\"og:type\" content=\"article\" \/>\n<meta property=\"og:title\" content=\"&quot;le plus beau m\u00e9tier du monde&quot; : dans les coulisses de l&#039;industrie de la mode - Librairie 7L\" \/>\n<meta property=\"og:description\" content=\"La mode est l&#8217;une des plus puissantes industries du monde : elle repr\u00e9sente 6 % de la consommation mondiale et est en croissance constante. Depuis les ann\u00e9es 1980 et l&#8217;entr\u00e9e dans l&#8217;\u00e9conomie n\u00e9olib\u00e9rale, elle est devenue l&#8217;image \u00e9tincelante du capitalisme, combinant prestige, pouvoir et beaut\u00e9. Pourtant, cette industrie, qui appara\u00eet comme un horizon professionnel hautement [&hellip;]\" \/>\n<meta property=\"og:url\" content=\"https:\/\/librairie7l.com\/en\/produit\/le-plus-beau-metier-du-monde-dans-les-coulisses-de-lindustrie-de-la-mode-2\/\" \/>\n<meta property=\"og:site_name\" content=\"Librairie 7L\" \/>\n<meta property=\"article:modified_time\" content=\"2026-04-10T21:51:03+00:00\" \/>\n<meta property=\"og:image\" content=\"https:\/\/librairie7l.com\/wp-content\/uploads\/2019\/12\/9782348059001_1_75.jpg\" \/>\n\t<meta property=\"og:image:width\" content=\"600\" \/>\n\t<meta property=\"og:image:height\" content=\"911\" \/>\n\t<meta property=\"og:image:type\" content=\"image\/jpeg\" \/>\n<meta name=\"twitter:card\" content=\"summary_large_image\" \/>\n<meta name=\"twitter:label1\" content=\"Est. reading time\" \/>\n\t<meta name=\"twitter:data1\" content=\"1 minute\" \/>\n<script type=\"application\/ld+json\" class=\"yoast-schema-graph\">{\"@context\":\"https:\/\/schema.org\",\"@graph\":[{\"@type\":\"WebPage\",\"@id\":\"https:\/\/librairie7l.com\/en\/produit\/le-plus-beau-metier-du-monde-dans-les-coulisses-de-lindustrie-de-la-mode-2\/\",\"url\":\"https:\/\/librairie7l.com\/en\/produit\/le-plus-beau-metier-du-monde-dans-les-coulisses-de-lindustrie-de-la-mode-2\/\",\"name\":\"\\\"le plus beau m\u00e9tier du monde\\\" : dans les coulisses de l'industrie de la mode - Librairie 7L\",\"isPartOf\":{\"@id\":\"https:\/\/librairie7l.com\/en\/#website\"},\"datePublished\":\"2024-12-06T08:17:40+00:00\",\"dateModified\":\"2026-04-10T21:51:03+00:00\",\"breadcrumb\":{\"@id\":\"https:\/\/librairie7l.com\/en\/produit\/le-plus-beau-metier-du-monde-dans-les-coulisses-de-lindustrie-de-la-mode-2\/#breadcrumb\"},\"inLanguage\":\"en-US\",\"potentialAction\":[{\"@type\":\"ReadAction\",\"target\":[\"https:\/\/librairie7l.com\/en\/produit\/le-plus-beau-metier-du-monde-dans-les-coulisses-de-lindustrie-de-la-mode-2\/\"]}]},{\"@type\":\"BreadcrumbList\",\"@id\":\"https:\/\/librairie7l.com\/en\/produit\/le-plus-beau-metier-du-monde-dans-les-coulisses-de-lindustrie-de-la-mode-2\/#breadcrumb\",\"itemListElement\":[{\"@type\":\"ListItem\",\"position\":1,\"name\":\"Accueil\",\"item\":\"https:\/\/librairie7l.com\/en\/\"},{\"@type\":\"ListItem\",\"position\":2,\"name\":\"Shop\",\"item\":\"https:\/\/librairie7l.com\/en\/shop\/\"},{\"@type\":\"ListItem\",\"position\":3,\"name\":\"&#8220;LE PLUS BEAU M\u00c9TIER DU MONDE&#8221; : DANS LES COULISSES DE L&#8217;INDUSTRIE DE LA MODE\"}]},{\"@type\":\"WebSite\",\"@id\":\"https:\/\/librairie7l.com\/en\/#website\",\"url\":\"https:\/\/librairie7l.com\/en\/\",\"name\":\"Librairie 7L\",\"description\":\"Librairie fond\u00e9e en 1999 par Karl Lagerfeld \u00e0 Paris\",\"publisher\":{\"@id\":\"https:\/\/librairie7l.com\/en\/#organization\"},\"potentialAction\":[{\"@type\":\"SearchAction\",\"target\":{\"@type\":\"EntryPoint\",\"urlTemplate\":\"https:\/\/librairie7l.com\/en\/?s={search_term_string}\"},\"query-input\":\"required name=search_term_string\"}],\"inLanguage\":\"en-US\"},{\"@type\":\"Organization\",\"@id\":\"https:\/\/librairie7l.com\/en\/#organization\",\"name\":\"Librairie 7L\",\"url\":\"https:\/\/librairie7l.com\/en\/\",\"logo\":{\"@type\":\"ImageObject\",\"inLanguage\":\"en-US\",\"@id\":\"https:\/\/librairie7l.com\/en\/#\/schema\/logo\/image\/\",\"url\":\"https:\/\/librairie7l.com\/wp-content\/uploads\/2022\/08\/logo-1.png\",\"contentUrl\":\"https:\/\/librairie7l.com\/wp-content\/uploads\/2022\/08\/logo-1.png\",\"width\":227,\"height\":301,\"caption\":\"Librairie 7L\"},\"image\":{\"@id\":\"https:\/\/librairie7l.com\/en\/#\/schema\/logo\/image\/\"}}]}<\/script>\n<!-- \/ Yoast SEO plugin. -->","yoast_head_json":{"title":"\"le plus beau m\u00e9tier du monde\" : dans les coulisses de l'industrie de la mode - Librairie 7L","robots":{"index":"index","follow":"follow","max-snippet":"max-snippet:-1","max-image-preview":"max-image-preview:large","max-video-preview":"max-video-preview:-1"},"canonical":"https:\/\/librairie7l.com\/en\/produit\/le-plus-beau-metier-du-monde-dans-les-coulisses-de-lindustrie-de-la-mode-2\/","og_locale":"en_US","og_type":"article","og_title":"\"le plus beau m\u00e9tier du monde\" : dans les coulisses de l'industrie de la mode - Librairie 7L","og_description":"La mode est l&#8217;une des plus puissantes industries du monde : elle repr\u00e9sente 6 % de la consommation mondiale et est en croissance constante. Depuis les ann\u00e9es 1980 et l&#8217;entr\u00e9e dans l&#8217;\u00e9conomie n\u00e9olib\u00e9rale, elle est devenue l&#8217;image \u00e9tincelante du capitalisme, combinant prestige, pouvoir et beaut\u00e9. Pourtant, cette industrie, qui appara\u00eet comme un horizon professionnel hautement [&hellip;]","og_url":"https:\/\/librairie7l.com\/en\/produit\/le-plus-beau-metier-du-monde-dans-les-coulisses-de-lindustrie-de-la-mode-2\/","og_site_name":"Librairie 7L","article_modified_time":"2026-04-10T21:51:03+00:00","og_image":[{"width":600,"height":911,"url":"https:\/\/librairie7l.com\/wp-content\/uploads\/2019\/12\/9782348059001_1_75.jpg","type":"image\/jpeg"}],"twitter_card":"summary_large_image","twitter_misc":{"Est. reading time":"1 minute"},"schema":{"@context":"https:\/\/schema.org","@graph":[{"@type":"WebPage","@id":"https:\/\/librairie7l.com\/en\/produit\/le-plus-beau-metier-du-monde-dans-les-coulisses-de-lindustrie-de-la-mode-2\/","url":"https:\/\/librairie7l.com\/en\/produit\/le-plus-beau-metier-du-monde-dans-les-coulisses-de-lindustrie-de-la-mode-2\/","name":"\"le plus beau m\u00e9tier du monde\" : dans les coulisses de l'industrie de la mode - Librairie 7L","isPartOf":{"@id":"https:\/\/librairie7l.com\/en\/#website"},"datePublished":"2024-12-06T08:17:40+00:00","dateModified":"2026-04-10T21:51:03+00:00","breadcrumb":{"@id":"https:\/\/librairie7l.com\/en\/produit\/le-plus-beau-metier-du-monde-dans-les-coulisses-de-lindustrie-de-la-mode-2\/#breadcrumb"},"inLanguage":"en-US","potentialAction":[{"@type":"ReadAction","target":["https:\/\/librairie7l.com\/en\/produit\/le-plus-beau-metier-du-monde-dans-les-coulisses-de-lindustrie-de-la-mode-2\/"]}]},{"@type":"BreadcrumbList","@id":"https:\/\/librairie7l.com\/en\/produit\/le-plus-beau-metier-du-monde-dans-les-coulisses-de-lindustrie-de-la-mode-2\/#breadcrumb","itemListElement":[{"@type":"ListItem","position":1,"name":"Accueil","item":"https:\/\/librairie7l.com\/en\/"},{"@type":"ListItem","position":2,"name":"Shop","item":"https:\/\/librairie7l.com\/en\/shop\/"},{"@type":"ListItem","position":3,"name":"&#8220;LE PLUS BEAU M\u00c9TIER DU MONDE&#8221; : DANS LES COULISSES DE L&#8217;INDUSTRIE DE LA MODE"}]},{"@type":"WebSite","@id":"https:\/\/librairie7l.com\/en\/#website","url":"https:\/\/librairie7l.com\/en\/","name":"Librairie 7L","description":"Librairie fond\u00e9e en 1999 par Karl Lagerfeld \u00e0 Paris","publisher":{"@id":"https:\/\/librairie7l.com\/en\/#organization"},"potentialAction":[{"@type":"SearchAction","target":{"@type":"EntryPoint","urlTemplate":"https:\/\/librairie7l.com\/en\/?s={search_term_string}"},"query-input":"required name=search_term_string"}],"inLanguage":"en-US"},{"@type":"Organization","@id":"https:\/\/librairie7l.com\/en\/#organization","name":"Librairie 7L","url":"https:\/\/librairie7l.com\/en\/","logo":{"@type":"ImageObject","inLanguage":"en-US","@id":"https:\/\/librairie7l.com\/en\/#\/schema\/logo\/image\/","url":"https:\/\/librairie7l.com\/wp-content\/uploads\/2022\/08\/logo-1.png","contentUrl":"https:\/\/librairie7l.com\/wp-content\/uploads\/2022\/08\/logo-1.png","width":227,"height":301,"caption":"Librairie 7L"},"image":{"@id":"https:\/\/librairie7l.com\/en\/#\/schema\/logo\/image\/"}}]}},"_links":{"self":[{"href":"https:\/\/librairie7l.com\/en\/wp-json\/wp\/v2\/product\/44882"}],"collection":[{"href":"https:\/\/librairie7l.com\/en\/wp-json\/wp\/v2\/product"}],"about":[{"href":"https:\/\/librairie7l.com\/en\/wp-json\/wp\/v2\/types\/product"}],"wp:featuredmedia":[{"embeddable":true,"href":"https:\/\/librairie7l.com\/en\/wp-json\/wp\/v2\/media\/44880"}],"wp:attachment":[{"href":"https:\/\/librairie7l.com\/en\/wp-json\/wp\/v2\/media?parent=44882"}],"wp:term":[{"taxonomy":"product_cat","embeddable":true,"href":"https:\/\/librairie7l.com\/en\/wp-json\/wp\/v2\/product_cat?post=44882"},{"taxonomy":"product_tag","embeddable":true,"href":"https:\/\/librairie7l.com\/en\/wp-json\/wp\/v2\/product_tag?post=44882"}],"curies":[{"name":"wp","href":"https:\/\/api.w.org\/{rel}","templated":true}]}}