{"id":44890,"date":"2024-12-06T09:17:48","date_gmt":"2024-12-06T08:17:48","guid":{"rendered":"https:\/\/librairie7l.com\/?post_type=product&#038;p=44890"},"modified":"2026-04-10T23:19:09","modified_gmt":"2026-04-10T21:19:09","slug":"la-vie-effrenee-de-salvador-dali-2","status":"publish","type":"product","link":"https:\/\/librairie7l.com\/en\/produit\/la-vie-effrenee-de-salvador-dali-2\/","title":{"rendered":"LA VIE EFFR\u00c9N\u00c9E DE SALVADOR DALI"},"content":{"rendered":"<p>La plus grande biographie jamais \u00e9crite sur Salvador Dal\u00ed, \u00e0 la hauteur d&#8217;un ma\u00eetre aussi essentiel \u00e0 l&#8217;histoire du surr\u00e9alisme qu&#8217;\u00e0 celle de l&#8217;art moderne, enfin traduite en France.<br \/>\nDans La Vie effr\u00e9n\u00e9e de Salvador Dal\u00ed, Ian Gibson offre un r\u00e9cit ultra document\u00e9, des premi\u00e8res ann\u00e9es de la vie du peintre jusqu&#8217;\u00e0 ses ultimes obsessions. Une biographie grandiose, \u00e9crite dans un style clair et enlev\u00e9, magnifi\u00e9 par l&#8217;humour caract\u00e9ristique de son auteur. Ce texte d\u00e9finitif &#8211; richement illustr\u00e9 par une centaine de photographies d&#8217;archives et de tableaux &#8211; s\u00e9duira quiconque s&#8217;est d\u00e9j\u00e0 arr\u00eat\u00e9 devant une oeuvre de l&#8217;autoproclam\u00e9 &#8221; authentique g\u00e9nie des temps modernes &#8220;.<\/p>\n<p>Fruit de dix ans de recherches, le corps de ce livre-enqu\u00eate repose sur une collaboration \u00e9troite et suivie avec l&#8217;entourage proche de Dal\u00ed ainsi que sur un ultime entretien d\u00e9cisif avec l&#8217;artiste. Gibson a litt\u00e9ralement march\u00e9 dans les pas de ce peintre excentrique, de la Catalogne \u00e0 New York en passant par Paris. De ce voyage \u00e9merge un texte regorgeant de d\u00e9tails que seule l&#8217;exp\u00e9rience peut offrir : une immersion dans l&#8217;univers \u00e9trange de Dal\u00ed.<\/p>\n<p>Le mot de l&#8217;\u00e9diteur : &#8221; Je n&#8217;ai jamais utilis\u00e9 l&#8217;expression trop rebattue d'&#8221;\u00e9v\u00e9nement \u00e9ditorial&#8217;. N\u00e9anmoins, comment pourrais-je qualifier diff\u00e9remment ce livre, ses deux millions de signes, ses presque mille pages, son auteur multir\u00e9compens\u00e9, sa centaine d&#8217;illustrations, nos deux ann\u00e9es et demie de travail \u00e9ditorial, oui, comment ne pas qualifier d'&#8221;\u00e9v\u00e9nement&#8217; cet hommage total \u00e0 un g\u00e9nie c\u00e9l\u00e8bre et m\u00e9connu : Salvador Dal\u00ed ? Dal\u00ed est trop souvent r\u00e9duit \u00e0 une marque, \u00e0 un symbole, \u00e0 un visage, autrement dit \u00e0 un artiste recycl\u00e9 et mon\u00e9tis\u00e9 par une pop culture trop \u00e9loign\u00e9e des Arts. Dal\u00ed, son oeuvre, sa vie surr\u00e9aliste et scandaleuse, son d\u00e9fi permanent aux conventions morales et sociales m\u00e9ritent d&#8217;\u00eatre sorti du pi\u00e8ge tendu par lui-m\u00eame : son automystification. En quoi ce livre non seulement perp\u00e9tue Dal\u00ed, mais le fait rena\u00eetre.<\/p>\n","protected":false},"excerpt":{"rendered":"<p>La plus grande biographie jamais \u00e9crite sur Salvador Dal\u00ed, \u00e0 la hauteur d&#8217;un ma\u00eetre aussi essentiel \u00e0 l&#8217;histoire du surr\u00e9alisme qu&#8217;\u00e0 celle de l&#8217;art moderne, enfin traduite en France. Dans La Vie effr\u00e9n\u00e9e de Salvador Dal\u00ed, Ian Gibson offre un r\u00e9cit ultra document\u00e9, des premi\u00e8res ann\u00e9es de la vie du peintre jusqu&#8217;\u00e0 ses ultimes obsessions. [&hellip;]<\/p>\n","protected":false},"featured_media":44888,"template":"","meta":[],"product_cat":[2948],"product_tag":[],"acf":[],"yoast_head":"<!-- This site is optimized with the Yoast SEO plugin v20.11 - https:\/\/yoast.com\/wordpress\/plugins\/seo\/ -->\n<title>La vie effr\u00e9n\u00e9e de Salvador Dali - Librairie 7L<\/title>\n<meta name=\"robots\" content=\"index, follow, max-snippet:-1, max-image-preview:large, max-video-preview:-1\" \/>\n<link rel=\"canonical\" href=\"https:\/\/librairie7l.com\/en\/produit\/la-vie-effrenee-de-salvador-dali-2\/\" \/>\n<meta property=\"og:locale\" content=\"en_US\" \/>\n<meta property=\"og:type\" content=\"article\" \/>\n<meta property=\"og:title\" content=\"La vie effr\u00e9n\u00e9e de Salvador Dali - Librairie 7L\" \/>\n<meta property=\"og:description\" content=\"La plus grande biographie jamais \u00e9crite sur Salvador Dal\u00ed, \u00e0 la hauteur d&#8217;un ma\u00eetre aussi essentiel \u00e0 l&#8217;histoire du surr\u00e9alisme qu&#8217;\u00e0 celle de l&#8217;art moderne, enfin traduite en France. Dans La Vie effr\u00e9n\u00e9e de Salvador Dal\u00ed, Ian Gibson offre un r\u00e9cit ultra document\u00e9, des premi\u00e8res ann\u00e9es de la vie du peintre jusqu&#8217;\u00e0 ses ultimes obsessions. [&hellip;]\" \/>\n<meta property=\"og:url\" content=\"https:\/\/librairie7l.com\/en\/produit\/la-vie-effrenee-de-salvador-dali-2\/\" \/>\n<meta property=\"og:site_name\" content=\"Librairie 7L\" \/>\n<meta property=\"article:modified_time\" content=\"2026-04-10T21:19:09+00:00\" \/>\n<meta property=\"og:image\" content=\"https:\/\/librairie7l.com\/wp-content\/uploads\/2024\/06\/9782749181035_1_75.jpg\" \/>\n\t<meta property=\"og:image:width\" content=\"600\" \/>\n\t<meta property=\"og:image:height\" content=\"744\" \/>\n\t<meta property=\"og:image:type\" content=\"image\/jpeg\" \/>\n<meta name=\"twitter:card\" content=\"summary_large_image\" \/>\n<meta name=\"twitter:label1\" content=\"Est. reading time\" \/>\n\t<meta name=\"twitter:data1\" content=\"2 minutes\" \/>\n<script type=\"application\/ld+json\" class=\"yoast-schema-graph\">{\"@context\":\"https:\/\/schema.org\",\"@graph\":[{\"@type\":\"WebPage\",\"@id\":\"https:\/\/librairie7l.com\/en\/produit\/la-vie-effrenee-de-salvador-dali-2\/\",\"url\":\"https:\/\/librairie7l.com\/en\/produit\/la-vie-effrenee-de-salvador-dali-2\/\",\"name\":\"La vie effr\u00e9n\u00e9e de Salvador Dali - Librairie 7L\",\"isPartOf\":{\"@id\":\"https:\/\/librairie7l.com\/en\/#website\"},\"datePublished\":\"2024-12-06T08:17:48+00:00\",\"dateModified\":\"2026-04-10T21:19:09+00:00\",\"breadcrumb\":{\"@id\":\"https:\/\/librairie7l.com\/en\/produit\/la-vie-effrenee-de-salvador-dali-2\/#breadcrumb\"},\"inLanguage\":\"en-US\",\"potentialAction\":[{\"@type\":\"ReadAction\",\"target\":[\"https:\/\/librairie7l.com\/en\/produit\/la-vie-effrenee-de-salvador-dali-2\/\"]}]},{\"@type\":\"BreadcrumbList\",\"@id\":\"https:\/\/librairie7l.com\/en\/produit\/la-vie-effrenee-de-salvador-dali-2\/#breadcrumb\",\"itemListElement\":[{\"@type\":\"ListItem\",\"position\":1,\"name\":\"Accueil\",\"item\":\"https:\/\/librairie7l.com\/en\/\"},{\"@type\":\"ListItem\",\"position\":2,\"name\":\"Shop\",\"item\":\"https:\/\/librairie7l.com\/en\/shop\/\"},{\"@type\":\"ListItem\",\"position\":3,\"name\":\"LA VIE EFFR\u00c9N\u00c9E DE SALVADOR DALI\"}]},{\"@type\":\"WebSite\",\"@id\":\"https:\/\/librairie7l.com\/en\/#website\",\"url\":\"https:\/\/librairie7l.com\/en\/\",\"name\":\"Librairie 7L\",\"description\":\"Librairie fond\u00e9e en 1999 par Karl Lagerfeld \u00e0 Paris\",\"publisher\":{\"@id\":\"https:\/\/librairie7l.com\/en\/#organization\"},\"potentialAction\":[{\"@type\":\"SearchAction\",\"target\":{\"@type\":\"EntryPoint\",\"urlTemplate\":\"https:\/\/librairie7l.com\/en\/?s={search_term_string}\"},\"query-input\":\"required name=search_term_string\"}],\"inLanguage\":\"en-US\"},{\"@type\":\"Organization\",\"@id\":\"https:\/\/librairie7l.com\/en\/#organization\",\"name\":\"Librairie 7L\",\"url\":\"https:\/\/librairie7l.com\/en\/\",\"logo\":{\"@type\":\"ImageObject\",\"inLanguage\":\"en-US\",\"@id\":\"https:\/\/librairie7l.com\/en\/#\/schema\/logo\/image\/\",\"url\":\"https:\/\/librairie7l.com\/wp-content\/uploads\/2022\/08\/logo-1.png\",\"contentUrl\":\"https:\/\/librairie7l.com\/wp-content\/uploads\/2022\/08\/logo-1.png\",\"width\":227,\"height\":301,\"caption\":\"Librairie 7L\"},\"image\":{\"@id\":\"https:\/\/librairie7l.com\/en\/#\/schema\/logo\/image\/\"}}]}<\/script>\n<!-- \/ Yoast SEO plugin. -->","yoast_head_json":{"title":"La vie effr\u00e9n\u00e9e de Salvador Dali - Librairie 7L","robots":{"index":"index","follow":"follow","max-snippet":"max-snippet:-1","max-image-preview":"max-image-preview:large","max-video-preview":"max-video-preview:-1"},"canonical":"https:\/\/librairie7l.com\/en\/produit\/la-vie-effrenee-de-salvador-dali-2\/","og_locale":"en_US","og_type":"article","og_title":"La vie effr\u00e9n\u00e9e de Salvador Dali - Librairie 7L","og_description":"La plus grande biographie jamais \u00e9crite sur Salvador Dal\u00ed, \u00e0 la hauteur d&#8217;un ma\u00eetre aussi essentiel \u00e0 l&#8217;histoire du surr\u00e9alisme qu&#8217;\u00e0 celle de l&#8217;art moderne, enfin traduite en France. Dans La Vie effr\u00e9n\u00e9e de Salvador Dal\u00ed, Ian Gibson offre un r\u00e9cit ultra document\u00e9, des premi\u00e8res ann\u00e9es de la vie du peintre jusqu&#8217;\u00e0 ses ultimes obsessions. [&hellip;]","og_url":"https:\/\/librairie7l.com\/en\/produit\/la-vie-effrenee-de-salvador-dali-2\/","og_site_name":"Librairie 7L","article_modified_time":"2026-04-10T21:19:09+00:00","og_image":[{"width":600,"height":744,"url":"https:\/\/librairie7l.com\/wp-content\/uploads\/2024\/06\/9782749181035_1_75.jpg","type":"image\/jpeg"}],"twitter_card":"summary_large_image","twitter_misc":{"Est. reading time":"2 minutes"},"schema":{"@context":"https:\/\/schema.org","@graph":[{"@type":"WebPage","@id":"https:\/\/librairie7l.com\/en\/produit\/la-vie-effrenee-de-salvador-dali-2\/","url":"https:\/\/librairie7l.com\/en\/produit\/la-vie-effrenee-de-salvador-dali-2\/","name":"La vie effr\u00e9n\u00e9e de Salvador Dali - Librairie 7L","isPartOf":{"@id":"https:\/\/librairie7l.com\/en\/#website"},"datePublished":"2024-12-06T08:17:48+00:00","dateModified":"2026-04-10T21:19:09+00:00","breadcrumb":{"@id":"https:\/\/librairie7l.com\/en\/produit\/la-vie-effrenee-de-salvador-dali-2\/#breadcrumb"},"inLanguage":"en-US","potentialAction":[{"@type":"ReadAction","target":["https:\/\/librairie7l.com\/en\/produit\/la-vie-effrenee-de-salvador-dali-2\/"]}]},{"@type":"BreadcrumbList","@id":"https:\/\/librairie7l.com\/en\/produit\/la-vie-effrenee-de-salvador-dali-2\/#breadcrumb","itemListElement":[{"@type":"ListItem","position":1,"name":"Accueil","item":"https:\/\/librairie7l.com\/en\/"},{"@type":"ListItem","position":2,"name":"Shop","item":"https:\/\/librairie7l.com\/en\/shop\/"},{"@type":"ListItem","position":3,"name":"LA VIE EFFR\u00c9N\u00c9E DE SALVADOR DALI"}]},{"@type":"WebSite","@id":"https:\/\/librairie7l.com\/en\/#website","url":"https:\/\/librairie7l.com\/en\/","name":"Librairie 7L","description":"Librairie fond\u00e9e en 1999 par Karl Lagerfeld \u00e0 Paris","publisher":{"@id":"https:\/\/librairie7l.com\/en\/#organization"},"potentialAction":[{"@type":"SearchAction","target":{"@type":"EntryPoint","urlTemplate":"https:\/\/librairie7l.com\/en\/?s={search_term_string}"},"query-input":"required name=search_term_string"}],"inLanguage":"en-US"},{"@type":"Organization","@id":"https:\/\/librairie7l.com\/en\/#organization","name":"Librairie 7L","url":"https:\/\/librairie7l.com\/en\/","logo":{"@type":"ImageObject","inLanguage":"en-US","@id":"https:\/\/librairie7l.com\/en\/#\/schema\/logo\/image\/","url":"https:\/\/librairie7l.com\/wp-content\/uploads\/2022\/08\/logo-1.png","contentUrl":"https:\/\/librairie7l.com\/wp-content\/uploads\/2022\/08\/logo-1.png","width":227,"height":301,"caption":"Librairie 7L"},"image":{"@id":"https:\/\/librairie7l.com\/en\/#\/schema\/logo\/image\/"}}]}},"_links":{"self":[{"href":"https:\/\/librairie7l.com\/en\/wp-json\/wp\/v2\/product\/44890"}],"collection":[{"href":"https:\/\/librairie7l.com\/en\/wp-json\/wp\/v2\/product"}],"about":[{"href":"https:\/\/librairie7l.com\/en\/wp-json\/wp\/v2\/types\/product"}],"wp:featuredmedia":[{"embeddable":true,"href":"https:\/\/librairie7l.com\/en\/wp-json\/wp\/v2\/media\/44888"}],"wp:attachment":[{"href":"https:\/\/librairie7l.com\/en\/wp-json\/wp\/v2\/media?parent=44890"}],"wp:term":[{"taxonomy":"product_cat","embeddable":true,"href":"https:\/\/librairie7l.com\/en\/wp-json\/wp\/v2\/product_cat?post=44890"},{"taxonomy":"product_tag","embeddable":true,"href":"https:\/\/librairie7l.com\/en\/wp-json\/wp\/v2\/product_tag?post=44890"}],"curies":[{"name":"wp","href":"https:\/\/api.w.org\/{rel}","templated":true}]}}