{"id":44898,"date":"2024-12-06T09:17:55","date_gmt":"2024-12-06T08:17:55","guid":{"rendered":"https:\/\/librairie7l.com\/?post_type=product&#038;p=44898"},"modified":"2026-04-11T00:05:37","modified_gmt":"2026-04-10T22:05:37","slug":"terre-de-fer-collections-de-ceramique-francaise-2","status":"publish","type":"product","link":"https:\/\/librairie7l.com\/en\/produit\/terre-de-fer-collections-de-ceramique-francaise-2\/","title":{"rendered":"TERRE DE FER : COLLECTIONS DE C\u00c9RAMIQUE FRAN\u00c7AISE"},"content":{"rendered":"<p>Majestueuses pivoines, d\u00e9licats d\u00e9cors mauresques, envol\u00e9es de passereaux, guirlandes de fleurs et palmettes&#8230;<br \/>\n  D\u00e9couvrez cette c\u00e9ramique ancienne dans l&#8217;air du temps, orn\u00e9e d&#8217;images po\u00e9tiques. Partagez l&#8217;univers de Blanche Patine qui rend hommage \u00e0 la Terre de fer et invite \u00e0 contempler la richesse de ses motifs, la diversit\u00e9 de ses formes et de ses mod\u00e8les. Mis en image par le photographe Karel Balas, ce beau livre, t\u00e9moin d&#8217;une identit\u00e9 fran\u00e7aise, s\u00e9duira tous les amoureux des arts de la table.Vous en apprendrez plus aussi sur l&#8217;histoire de ces pi\u00e8ces, leurs marques, leurs manufactures et le lien ind\u00e9fectible que tisse Blanche Patine avec elles.<\/p>\n","protected":false},"excerpt":{"rendered":"<p>Majestueuses pivoines, d\u00e9licats d\u00e9cors mauresques, envol\u00e9es de passereaux, guirlandes de fleurs et palmettes&#8230; D\u00e9couvrez cette c\u00e9ramique ancienne dans l&#8217;air du temps, orn\u00e9e d&#8217;images po\u00e9tiques. Partagez l&#8217;univers de Blanche Patine qui rend hommage \u00e0 la Terre de fer et invite \u00e0 contempler la richesse de ses motifs, la diversit\u00e9 de ses formes et de ses mod\u00e8les. [&hellip;]<\/p>\n","protected":false},"featured_media":44896,"template":"","meta":[],"product_cat":[2948],"product_tag":[],"acf":[],"yoast_head":"<!-- This site is optimized with the Yoast SEO plugin v20.11 - https:\/\/yoast.com\/wordpress\/plugins\/seo\/ -->\n<title>Terre de fer : Collections de c\u00e9ramique fran\u00e7aise - Librairie 7L<\/title>\n<meta name=\"robots\" content=\"index, follow, max-snippet:-1, max-image-preview:large, max-video-preview:-1\" \/>\n<link rel=\"canonical\" href=\"https:\/\/librairie7l.com\/en\/produit\/terre-de-fer-collections-de-ceramique-francaise-2\/\" \/>\n<meta property=\"og:locale\" content=\"en_US\" \/>\n<meta property=\"og:type\" content=\"article\" \/>\n<meta property=\"og:title\" content=\"Terre de fer : Collections de c\u00e9ramique fran\u00e7aise - Librairie 7L\" \/>\n<meta property=\"og:description\" content=\"Majestueuses pivoines, d\u00e9licats d\u00e9cors mauresques, envol\u00e9es de passereaux, guirlandes de fleurs et palmettes&#8230; D\u00e9couvrez cette c\u00e9ramique ancienne dans l&#8217;air du temps, orn\u00e9e d&#8217;images po\u00e9tiques. Partagez l&#8217;univers de Blanche Patine qui rend hommage \u00e0 la Terre de fer et invite \u00e0 contempler la richesse de ses motifs, la diversit\u00e9 de ses formes et de ses mod\u00e8les. [&hellip;]\" \/>\n<meta property=\"og:url\" content=\"https:\/\/librairie7l.com\/en\/produit\/terre-de-fer-collections-de-ceramique-francaise-2\/\" \/>\n<meta property=\"og:site_name\" content=\"Librairie 7L\" \/>\n<meta property=\"article:modified_time\" content=\"2026-04-10T22:05:37+00:00\" \/>\n<meta property=\"og:image\" content=\"https:\/\/librairie7l.com\/wp-content\/uploads\/2024\/06\/9782376716709_1_75.jpg\" \/>\n\t<meta property=\"og:image:width\" content=\"600\" \/>\n\t<meta property=\"og:image:height\" content=\"771\" \/>\n\t<meta property=\"og:image:type\" content=\"image\/jpeg\" \/>\n<meta name=\"twitter:card\" content=\"summary_large_image\" \/>\n<meta name=\"twitter:label1\" content=\"Est. reading time\" \/>\n\t<meta name=\"twitter:data1\" content=\"1 minute\" \/>\n<script type=\"application\/ld+json\" class=\"yoast-schema-graph\">{\"@context\":\"https:\/\/schema.org\",\"@graph\":[{\"@type\":\"WebPage\",\"@id\":\"https:\/\/librairie7l.com\/en\/produit\/terre-de-fer-collections-de-ceramique-francaise-2\/\",\"url\":\"https:\/\/librairie7l.com\/en\/produit\/terre-de-fer-collections-de-ceramique-francaise-2\/\",\"name\":\"Terre de fer : Collections de c\u00e9ramique fran\u00e7aise - Librairie 7L\",\"isPartOf\":{\"@id\":\"https:\/\/librairie7l.com\/en\/#website\"},\"datePublished\":\"2024-12-06T08:17:55+00:00\",\"dateModified\":\"2026-04-10T22:05:37+00:00\",\"breadcrumb\":{\"@id\":\"https:\/\/librairie7l.com\/en\/produit\/terre-de-fer-collections-de-ceramique-francaise-2\/#breadcrumb\"},\"inLanguage\":\"en-US\",\"potentialAction\":[{\"@type\":\"ReadAction\",\"target\":[\"https:\/\/librairie7l.com\/en\/produit\/terre-de-fer-collections-de-ceramique-francaise-2\/\"]}]},{\"@type\":\"BreadcrumbList\",\"@id\":\"https:\/\/librairie7l.com\/en\/produit\/terre-de-fer-collections-de-ceramique-francaise-2\/#breadcrumb\",\"itemListElement\":[{\"@type\":\"ListItem\",\"position\":1,\"name\":\"Accueil\",\"item\":\"https:\/\/librairie7l.com\/en\/\"},{\"@type\":\"ListItem\",\"position\":2,\"name\":\"Shop\",\"item\":\"https:\/\/librairie7l.com\/en\/shop\/\"},{\"@type\":\"ListItem\",\"position\":3,\"name\":\"TERRE DE FER : COLLECTIONS DE C\u00c9RAMIQUE FRAN\u00c7AISE\"}]},{\"@type\":\"WebSite\",\"@id\":\"https:\/\/librairie7l.com\/en\/#website\",\"url\":\"https:\/\/librairie7l.com\/en\/\",\"name\":\"Librairie 7L\",\"description\":\"Librairie fond\u00e9e en 1999 par Karl Lagerfeld \u00e0 Paris\",\"publisher\":{\"@id\":\"https:\/\/librairie7l.com\/en\/#organization\"},\"potentialAction\":[{\"@type\":\"SearchAction\",\"target\":{\"@type\":\"EntryPoint\",\"urlTemplate\":\"https:\/\/librairie7l.com\/en\/?s={search_term_string}\"},\"query-input\":\"required name=search_term_string\"}],\"inLanguage\":\"en-US\"},{\"@type\":\"Organization\",\"@id\":\"https:\/\/librairie7l.com\/en\/#organization\",\"name\":\"Librairie 7L\",\"url\":\"https:\/\/librairie7l.com\/en\/\",\"logo\":{\"@type\":\"ImageObject\",\"inLanguage\":\"en-US\",\"@id\":\"https:\/\/librairie7l.com\/en\/#\/schema\/logo\/image\/\",\"url\":\"https:\/\/librairie7l.com\/wp-content\/uploads\/2022\/08\/logo-1.png\",\"contentUrl\":\"https:\/\/librairie7l.com\/wp-content\/uploads\/2022\/08\/logo-1.png\",\"width\":227,\"height\":301,\"caption\":\"Librairie 7L\"},\"image\":{\"@id\":\"https:\/\/librairie7l.com\/en\/#\/schema\/logo\/image\/\"}}]}<\/script>\n<!-- \/ Yoast SEO plugin. -->","yoast_head_json":{"title":"Terre de fer : Collections de c\u00e9ramique fran\u00e7aise - Librairie 7L","robots":{"index":"index","follow":"follow","max-snippet":"max-snippet:-1","max-image-preview":"max-image-preview:large","max-video-preview":"max-video-preview:-1"},"canonical":"https:\/\/librairie7l.com\/en\/produit\/terre-de-fer-collections-de-ceramique-francaise-2\/","og_locale":"en_US","og_type":"article","og_title":"Terre de fer : Collections de c\u00e9ramique fran\u00e7aise - Librairie 7L","og_description":"Majestueuses pivoines, d\u00e9licats d\u00e9cors mauresques, envol\u00e9es de passereaux, guirlandes de fleurs et palmettes&#8230; D\u00e9couvrez cette c\u00e9ramique ancienne dans l&#8217;air du temps, orn\u00e9e d&#8217;images po\u00e9tiques. Partagez l&#8217;univers de Blanche Patine qui rend hommage \u00e0 la Terre de fer et invite \u00e0 contempler la richesse de ses motifs, la diversit\u00e9 de ses formes et de ses mod\u00e8les. [&hellip;]","og_url":"https:\/\/librairie7l.com\/en\/produit\/terre-de-fer-collections-de-ceramique-francaise-2\/","og_site_name":"Librairie 7L","article_modified_time":"2026-04-10T22:05:37+00:00","og_image":[{"width":600,"height":771,"url":"https:\/\/librairie7l.com\/wp-content\/uploads\/2024\/06\/9782376716709_1_75.jpg","type":"image\/jpeg"}],"twitter_card":"summary_large_image","twitter_misc":{"Est. reading time":"1 minute"},"schema":{"@context":"https:\/\/schema.org","@graph":[{"@type":"WebPage","@id":"https:\/\/librairie7l.com\/en\/produit\/terre-de-fer-collections-de-ceramique-francaise-2\/","url":"https:\/\/librairie7l.com\/en\/produit\/terre-de-fer-collections-de-ceramique-francaise-2\/","name":"Terre de fer : Collections de c\u00e9ramique fran\u00e7aise - Librairie 7L","isPartOf":{"@id":"https:\/\/librairie7l.com\/en\/#website"},"datePublished":"2024-12-06T08:17:55+00:00","dateModified":"2026-04-10T22:05:37+00:00","breadcrumb":{"@id":"https:\/\/librairie7l.com\/en\/produit\/terre-de-fer-collections-de-ceramique-francaise-2\/#breadcrumb"},"inLanguage":"en-US","potentialAction":[{"@type":"ReadAction","target":["https:\/\/librairie7l.com\/en\/produit\/terre-de-fer-collections-de-ceramique-francaise-2\/"]}]},{"@type":"BreadcrumbList","@id":"https:\/\/librairie7l.com\/en\/produit\/terre-de-fer-collections-de-ceramique-francaise-2\/#breadcrumb","itemListElement":[{"@type":"ListItem","position":1,"name":"Accueil","item":"https:\/\/librairie7l.com\/en\/"},{"@type":"ListItem","position":2,"name":"Shop","item":"https:\/\/librairie7l.com\/en\/shop\/"},{"@type":"ListItem","position":3,"name":"TERRE DE FER : COLLECTIONS DE C\u00c9RAMIQUE FRAN\u00c7AISE"}]},{"@type":"WebSite","@id":"https:\/\/librairie7l.com\/en\/#website","url":"https:\/\/librairie7l.com\/en\/","name":"Librairie 7L","description":"Librairie fond\u00e9e en 1999 par Karl Lagerfeld \u00e0 Paris","publisher":{"@id":"https:\/\/librairie7l.com\/en\/#organization"},"potentialAction":[{"@type":"SearchAction","target":{"@type":"EntryPoint","urlTemplate":"https:\/\/librairie7l.com\/en\/?s={search_term_string}"},"query-input":"required name=search_term_string"}],"inLanguage":"en-US"},{"@type":"Organization","@id":"https:\/\/librairie7l.com\/en\/#organization","name":"Librairie 7L","url":"https:\/\/librairie7l.com\/en\/","logo":{"@type":"ImageObject","inLanguage":"en-US","@id":"https:\/\/librairie7l.com\/en\/#\/schema\/logo\/image\/","url":"https:\/\/librairie7l.com\/wp-content\/uploads\/2022\/08\/logo-1.png","contentUrl":"https:\/\/librairie7l.com\/wp-content\/uploads\/2022\/08\/logo-1.png","width":227,"height":301,"caption":"Librairie 7L"},"image":{"@id":"https:\/\/librairie7l.com\/en\/#\/schema\/logo\/image\/"}}]}},"_links":{"self":[{"href":"https:\/\/librairie7l.com\/en\/wp-json\/wp\/v2\/product\/44898"}],"collection":[{"href":"https:\/\/librairie7l.com\/en\/wp-json\/wp\/v2\/product"}],"about":[{"href":"https:\/\/librairie7l.com\/en\/wp-json\/wp\/v2\/types\/product"}],"wp:featuredmedia":[{"embeddable":true,"href":"https:\/\/librairie7l.com\/en\/wp-json\/wp\/v2\/media\/44896"}],"wp:attachment":[{"href":"https:\/\/librairie7l.com\/en\/wp-json\/wp\/v2\/media?parent=44898"}],"wp:term":[{"taxonomy":"product_cat","embeddable":true,"href":"https:\/\/librairie7l.com\/en\/wp-json\/wp\/v2\/product_cat?post=44898"},{"taxonomy":"product_tag","embeddable":true,"href":"https:\/\/librairie7l.com\/en\/wp-json\/wp\/v2\/product_tag?post=44898"}],"curies":[{"name":"wp","href":"https:\/\/api.w.org\/{rel}","templated":true}]}}