{"id":44906,"date":"2024-12-06T09:18:01","date_gmt":"2024-12-06T08:18:01","guid":{"rendered":"https:\/\/librairie7l.com\/?post_type=product&#038;p=44906"},"modified":"2026-05-03T00:36:44","modified_gmt":"2026-05-02T22:36:44","slug":"la-nomenclature-des-couleurs-de-werner-adapte-a-la-zoologie-a-la-botanique-a-la-chimie-a-la-mineralogie-a-lanatomie-et-aux-arts-2","status":"publish","type":"product","link":"https:\/\/librairie7l.com\/en\/produit\/la-nomenclature-des-couleurs-de-werner-adapte-a-la-zoologie-a-la-botanique-a-la-chimie-a-la-mineralogie-a-lanatomie-et-aux-arts-2\/","title":{"rendered":"LA NOMENCLATURE DES COULEURS DE WERNER : ADAPT\u00c9 \u00c0 LA ZOOLOGIE, \u00c0 LA BOTANIQUE, \u00c0 LA CHIMIE, \u00c0 LA MIN\u00c9RALOGIE, \u00c0 L&#8217;ANATOMIE ET AUX ARTS"},"content":{"rendered":"<p>Depuis plus de deux si\u00e8cles, La Nomenclature des couleurs de Werner est le compagnon parfait pour les amoureux du monde naturel et de ses couleurs.<br \/>\n\u00ab Avant Pantone, il y avait la Nomenclature des couleurs de Werner \u00bb<br \/>\nArchitectural Digest<br \/>\n\u00c0 la fin du XVIIIe si\u00e8cle, le min\u00e9ralogiste allemand Abraham Gottlob Werner (1749-1817) a mis au point un syst\u00e8me de couleurs normalis\u00e9 pour d\u00e9crire les diff\u00e9rences chromatiques les plus subtiles des min\u00e9raux \u00e0 l&#8217;aide d&#8217;une terminologie coh\u00e9rente. Son sch\u00e9ma a ensuite \u00e9t\u00e9 adapt\u00e9 par un peintre de fleurs d&#8217;\u00c9dimbourg, Patrick Syme (1774-1845), qui a repris le fascinant travail de Werner et l&#8217;a enrichi d&#8217;exemples tir\u00e9s de la flore et de la faune pour cr\u00e9er le syst\u00e8me d&#8217;\u00e9chantillons de couleurs et de descriptions qui constitue la richesse de ce livre.<br \/>\nPubli\u00e9 en 1814, ce dictionnaire des couleurs, qui en r\u00e9pertorie plus de cent et d\u00e9taille o\u00f9 les voir dans les mondes min\u00e9ral, animal et v\u00e9g\u00e9tal, connut un vif succ\u00e8s. Il fut la \u00ab palette de la nature \u00bb de Charles Darwin sur le HMS Beagle pour nommer ses d\u00e9couvertes, permettant \u00e0 ses lecteurs de partager un monde qu&#8217;ils ne verraient jamais. Avec sa terminologie \u00e0 la fois pr\u00e9cise et lyrique, le manuel de Werner est devenu une ressource inestimable pour les naturalistes, les anthropologues et les artistes. In\u00e9dit en fran\u00e7ais, ce classique est enfin \u00e0 la port\u00e9e de tous.<\/p>\n","protected":false},"excerpt":{"rendered":"<p>Depuis plus de deux si\u00e8cles, La Nomenclature des couleurs de Werner est le compagnon parfait pour les amoureux du monde naturel et de ses couleurs. \u00ab Avant Pantone, il y avait la Nomenclature des couleurs de Werner \u00bb Architectural Digest \u00c0 la fin du XVIIIe si\u00e8cle, le min\u00e9ralogiste allemand Abraham Gottlob Werner (1749-1817) a mis [&hellip;]<\/p>\n","protected":false},"featured_media":44904,"template":"","meta":[],"product_cat":[2948],"product_tag":[],"acf":[],"yoast_head":"<!-- This site is optimized with the Yoast SEO plugin v20.11 - https:\/\/yoast.com\/wordpress\/plugins\/seo\/ -->\n<title>La Nomenclature des couleurs de Werner : adapt\u00e9 \u00e0 la zoologie, \u00e0 la botanique, \u00e0 la chimie, \u00e0 la min\u00e9ralogie, \u00e0 l&#039;anatomie et aux arts - Librairie 7L<\/title>\n<meta name=\"robots\" content=\"index, follow, max-snippet:-1, max-image-preview:large, max-video-preview:-1\" \/>\n<link rel=\"canonical\" href=\"https:\/\/librairie7l.com\/en\/produit\/la-nomenclature-des-couleurs-de-werner-adapte-a-la-zoologie-a-la-botanique-a-la-chimie-a-la-mineralogie-a-lanatomie-et-aux-arts-2\/\" \/>\n<meta property=\"og:locale\" content=\"en_US\" \/>\n<meta property=\"og:type\" content=\"article\" \/>\n<meta property=\"og:title\" content=\"La Nomenclature des couleurs de Werner : adapt\u00e9 \u00e0 la zoologie, \u00e0 la botanique, \u00e0 la chimie, \u00e0 la min\u00e9ralogie, \u00e0 l&#039;anatomie et aux arts - Librairie 7L\" \/>\n<meta property=\"og:description\" content=\"Depuis plus de deux si\u00e8cles, La Nomenclature des couleurs de Werner est le compagnon parfait pour les amoureux du monde naturel et de ses couleurs. \u00ab Avant Pantone, il y avait la Nomenclature des couleurs de Werner \u00bb Architectural Digest \u00c0 la fin du XVIIIe si\u00e8cle, le min\u00e9ralogiste allemand Abraham Gottlob Werner (1749-1817) a mis [&hellip;]\" \/>\n<meta property=\"og:url\" content=\"https:\/\/librairie7l.com\/en\/produit\/la-nomenclature-des-couleurs-de-werner-adapte-a-la-zoologie-a-la-botanique-a-la-chimie-a-la-mineralogie-a-lanatomie-et-aux-arts-2\/\" \/>\n<meta property=\"og:site_name\" content=\"Librairie 7L\" \/>\n<meta property=\"article:modified_time\" content=\"2026-05-02T22:36:44+00:00\" \/>\n<meta property=\"og:image\" content=\"https:\/\/librairie7l.com\/wp-content\/uploads\/2024\/06\/9782252047767_1_75.jpg\" \/>\n\t<meta property=\"og:image:width\" content=\"600\" \/>\n\t<meta property=\"og:image:height\" content=\"1049\" \/>\n\t<meta property=\"og:image:type\" content=\"image\/jpeg\" \/>\n<meta name=\"twitter:card\" content=\"summary_large_image\" \/>\n<meta name=\"twitter:label1\" content=\"Est. reading time\" \/>\n\t<meta name=\"twitter:data1\" content=\"1 minute\" \/>\n<script type=\"application\/ld+json\" class=\"yoast-schema-graph\">{\"@context\":\"https:\/\/schema.org\",\"@graph\":[{\"@type\":\"WebPage\",\"@id\":\"https:\/\/librairie7l.com\/en\/produit\/la-nomenclature-des-couleurs-de-werner-adapte-a-la-zoologie-a-la-botanique-a-la-chimie-a-la-mineralogie-a-lanatomie-et-aux-arts-2\/\",\"url\":\"https:\/\/librairie7l.com\/en\/produit\/la-nomenclature-des-couleurs-de-werner-adapte-a-la-zoologie-a-la-botanique-a-la-chimie-a-la-mineralogie-a-lanatomie-et-aux-arts-2\/\",\"name\":\"La Nomenclature des couleurs de Werner : adapt\u00e9 \u00e0 la zoologie, \u00e0 la botanique, \u00e0 la chimie, \u00e0 la min\u00e9ralogie, \u00e0 l'anatomie et aux arts - Librairie 7L\",\"isPartOf\":{\"@id\":\"https:\/\/librairie7l.com\/en\/#website\"},\"datePublished\":\"2024-12-06T08:18:01+00:00\",\"dateModified\":\"2026-05-02T22:36:44+00:00\",\"breadcrumb\":{\"@id\":\"https:\/\/librairie7l.com\/en\/produit\/la-nomenclature-des-couleurs-de-werner-adapte-a-la-zoologie-a-la-botanique-a-la-chimie-a-la-mineralogie-a-lanatomie-et-aux-arts-2\/#breadcrumb\"},\"inLanguage\":\"en-US\",\"potentialAction\":[{\"@type\":\"ReadAction\",\"target\":[\"https:\/\/librairie7l.com\/en\/produit\/la-nomenclature-des-couleurs-de-werner-adapte-a-la-zoologie-a-la-botanique-a-la-chimie-a-la-mineralogie-a-lanatomie-et-aux-arts-2\/\"]}]},{\"@type\":\"BreadcrumbList\",\"@id\":\"https:\/\/librairie7l.com\/en\/produit\/la-nomenclature-des-couleurs-de-werner-adapte-a-la-zoologie-a-la-botanique-a-la-chimie-a-la-mineralogie-a-lanatomie-et-aux-arts-2\/#breadcrumb\",\"itemListElement\":[{\"@type\":\"ListItem\",\"position\":1,\"name\":\"Accueil\",\"item\":\"https:\/\/librairie7l.com\/en\/\"},{\"@type\":\"ListItem\",\"position\":2,\"name\":\"Shop\",\"item\":\"https:\/\/librairie7l.com\/en\/shop\/\"},{\"@type\":\"ListItem\",\"position\":3,\"name\":\"LA NOMENCLATURE DES COULEURS DE WERNER : ADAPT\u00c9 \u00c0 LA ZOOLOGIE, \u00c0 LA BOTANIQUE, \u00c0 LA CHIMIE, \u00c0 LA MIN\u00c9RALOGIE, \u00c0 L&#8217;ANATOMIE ET AUX ARTS\"}]},{\"@type\":\"WebSite\",\"@id\":\"https:\/\/librairie7l.com\/en\/#website\",\"url\":\"https:\/\/librairie7l.com\/en\/\",\"name\":\"Librairie 7L\",\"description\":\"Librairie fond\u00e9e en 1999 par Karl Lagerfeld \u00e0 Paris\",\"publisher\":{\"@id\":\"https:\/\/librairie7l.com\/en\/#organization\"},\"potentialAction\":[{\"@type\":\"SearchAction\",\"target\":{\"@type\":\"EntryPoint\",\"urlTemplate\":\"https:\/\/librairie7l.com\/en\/?s={search_term_string}\"},\"query-input\":\"required name=search_term_string\"}],\"inLanguage\":\"en-US\"},{\"@type\":\"Organization\",\"@id\":\"https:\/\/librairie7l.com\/en\/#organization\",\"name\":\"Librairie 7L\",\"url\":\"https:\/\/librairie7l.com\/en\/\",\"logo\":{\"@type\":\"ImageObject\",\"inLanguage\":\"en-US\",\"@id\":\"https:\/\/librairie7l.com\/en\/#\/schema\/logo\/image\/\",\"url\":\"https:\/\/librairie7l.com\/wp-content\/uploads\/2022\/08\/logo-1.png\",\"contentUrl\":\"https:\/\/librairie7l.com\/wp-content\/uploads\/2022\/08\/logo-1.png\",\"width\":227,\"height\":301,\"caption\":\"Librairie 7L\"},\"image\":{\"@id\":\"https:\/\/librairie7l.com\/en\/#\/schema\/logo\/image\/\"}}]}<\/script>\n<!-- \/ Yoast SEO plugin. -->","yoast_head_json":{"title":"La Nomenclature des couleurs de Werner : adapt\u00e9 \u00e0 la zoologie, \u00e0 la botanique, \u00e0 la chimie, \u00e0 la min\u00e9ralogie, \u00e0 l'anatomie et aux arts - Librairie 7L","robots":{"index":"index","follow":"follow","max-snippet":"max-snippet:-1","max-image-preview":"max-image-preview:large","max-video-preview":"max-video-preview:-1"},"canonical":"https:\/\/librairie7l.com\/en\/produit\/la-nomenclature-des-couleurs-de-werner-adapte-a-la-zoologie-a-la-botanique-a-la-chimie-a-la-mineralogie-a-lanatomie-et-aux-arts-2\/","og_locale":"en_US","og_type":"article","og_title":"La Nomenclature des couleurs de Werner : adapt\u00e9 \u00e0 la zoologie, \u00e0 la botanique, \u00e0 la chimie, \u00e0 la min\u00e9ralogie, \u00e0 l'anatomie et aux arts - Librairie 7L","og_description":"Depuis plus de deux si\u00e8cles, La Nomenclature des couleurs de Werner est le compagnon parfait pour les amoureux du monde naturel et de ses couleurs. \u00ab Avant Pantone, il y avait la Nomenclature des couleurs de Werner \u00bb Architectural Digest \u00c0 la fin du XVIIIe si\u00e8cle, le min\u00e9ralogiste allemand Abraham Gottlob Werner (1749-1817) a mis [&hellip;]","og_url":"https:\/\/librairie7l.com\/en\/produit\/la-nomenclature-des-couleurs-de-werner-adapte-a-la-zoologie-a-la-botanique-a-la-chimie-a-la-mineralogie-a-lanatomie-et-aux-arts-2\/","og_site_name":"Librairie 7L","article_modified_time":"2026-05-02T22:36:44+00:00","og_image":[{"width":600,"height":1049,"url":"https:\/\/librairie7l.com\/wp-content\/uploads\/2024\/06\/9782252047767_1_75.jpg","type":"image\/jpeg"}],"twitter_card":"summary_large_image","twitter_misc":{"Est. reading time":"1 minute"},"schema":{"@context":"https:\/\/schema.org","@graph":[{"@type":"WebPage","@id":"https:\/\/librairie7l.com\/en\/produit\/la-nomenclature-des-couleurs-de-werner-adapte-a-la-zoologie-a-la-botanique-a-la-chimie-a-la-mineralogie-a-lanatomie-et-aux-arts-2\/","url":"https:\/\/librairie7l.com\/en\/produit\/la-nomenclature-des-couleurs-de-werner-adapte-a-la-zoologie-a-la-botanique-a-la-chimie-a-la-mineralogie-a-lanatomie-et-aux-arts-2\/","name":"La Nomenclature des couleurs de Werner : adapt\u00e9 \u00e0 la zoologie, \u00e0 la botanique, \u00e0 la chimie, \u00e0 la min\u00e9ralogie, \u00e0 l'anatomie et aux arts - Librairie 7L","isPartOf":{"@id":"https:\/\/librairie7l.com\/en\/#website"},"datePublished":"2024-12-06T08:18:01+00:00","dateModified":"2026-05-02T22:36:44+00:00","breadcrumb":{"@id":"https:\/\/librairie7l.com\/en\/produit\/la-nomenclature-des-couleurs-de-werner-adapte-a-la-zoologie-a-la-botanique-a-la-chimie-a-la-mineralogie-a-lanatomie-et-aux-arts-2\/#breadcrumb"},"inLanguage":"en-US","potentialAction":[{"@type":"ReadAction","target":["https:\/\/librairie7l.com\/en\/produit\/la-nomenclature-des-couleurs-de-werner-adapte-a-la-zoologie-a-la-botanique-a-la-chimie-a-la-mineralogie-a-lanatomie-et-aux-arts-2\/"]}]},{"@type":"BreadcrumbList","@id":"https:\/\/librairie7l.com\/en\/produit\/la-nomenclature-des-couleurs-de-werner-adapte-a-la-zoologie-a-la-botanique-a-la-chimie-a-la-mineralogie-a-lanatomie-et-aux-arts-2\/#breadcrumb","itemListElement":[{"@type":"ListItem","position":1,"name":"Accueil","item":"https:\/\/librairie7l.com\/en\/"},{"@type":"ListItem","position":2,"name":"Shop","item":"https:\/\/librairie7l.com\/en\/shop\/"},{"@type":"ListItem","position":3,"name":"LA NOMENCLATURE DES COULEURS DE WERNER : ADAPT\u00c9 \u00c0 LA ZOOLOGIE, \u00c0 LA BOTANIQUE, \u00c0 LA CHIMIE, \u00c0 LA MIN\u00c9RALOGIE, \u00c0 L&#8217;ANATOMIE ET AUX ARTS"}]},{"@type":"WebSite","@id":"https:\/\/librairie7l.com\/en\/#website","url":"https:\/\/librairie7l.com\/en\/","name":"Librairie 7L","description":"Librairie fond\u00e9e en 1999 par Karl Lagerfeld \u00e0 Paris","publisher":{"@id":"https:\/\/librairie7l.com\/en\/#organization"},"potentialAction":[{"@type":"SearchAction","target":{"@type":"EntryPoint","urlTemplate":"https:\/\/librairie7l.com\/en\/?s={search_term_string}"},"query-input":"required name=search_term_string"}],"inLanguage":"en-US"},{"@type":"Organization","@id":"https:\/\/librairie7l.com\/en\/#organization","name":"Librairie 7L","url":"https:\/\/librairie7l.com\/en\/","logo":{"@type":"ImageObject","inLanguage":"en-US","@id":"https:\/\/librairie7l.com\/en\/#\/schema\/logo\/image\/","url":"https:\/\/librairie7l.com\/wp-content\/uploads\/2022\/08\/logo-1.png","contentUrl":"https:\/\/librairie7l.com\/wp-content\/uploads\/2022\/08\/logo-1.png","width":227,"height":301,"caption":"Librairie 7L"},"image":{"@id":"https:\/\/librairie7l.com\/en\/#\/schema\/logo\/image\/"}}]}},"_links":{"self":[{"href":"https:\/\/librairie7l.com\/en\/wp-json\/wp\/v2\/product\/44906"}],"collection":[{"href":"https:\/\/librairie7l.com\/en\/wp-json\/wp\/v2\/product"}],"about":[{"href":"https:\/\/librairie7l.com\/en\/wp-json\/wp\/v2\/types\/product"}],"wp:featuredmedia":[{"embeddable":true,"href":"https:\/\/librairie7l.com\/en\/wp-json\/wp\/v2\/media\/44904"}],"wp:attachment":[{"href":"https:\/\/librairie7l.com\/en\/wp-json\/wp\/v2\/media?parent=44906"}],"wp:term":[{"taxonomy":"product_cat","embeddable":true,"href":"https:\/\/librairie7l.com\/en\/wp-json\/wp\/v2\/product_cat?post=44906"},{"taxonomy":"product_tag","embeddable":true,"href":"https:\/\/librairie7l.com\/en\/wp-json\/wp\/v2\/product_tag?post=44906"}],"curies":[{"name":"wp","href":"https:\/\/api.w.org\/{rel}","templated":true}]}}