{"id":44910,"date":"2024-12-06T09:18:05","date_gmt":"2024-12-06T08:18:05","guid":{"rendered":"https:\/\/librairie7l.com\/?post_type=product&#038;p=44910"},"modified":"2026-04-04T15:38:33","modified_gmt":"2026-04-04T13:38:33","slug":"marcel-duchamp-la-magie-de-lart-2","status":"publish","type":"product","link":"https:\/\/librairie7l.com\/en\/produit\/marcel-duchamp-la-magie-de-lart-2\/","title":{"rendered":"MARCEL DUCHAMP : LA MAGIE DE L&#8217;ART"},"content":{"rendered":"<p>Figure incontournable de l&#8217;avant-garde du XX? si\u00e8cle, connu pour le geste iconoclaste du ready-made, Marcel Duchamp a trop vite \u00e9t\u00e9 lu et interpr\u00e9t\u00e9 comme un artiste de la fin de l&#8217;art. Duchamp serait celui qui voulait, selon ses propres mots, \u00abliquider compl\u00e8tement l&#8217;art\u00bb ou \u00abtourner l&#8217;art en d\u00e9rision\u00bb. Mais, \u00e0 le suivre dans ses oeuvres et ses d\u00e9clarations, on d\u00e9couvre assez vite une autre facette, celle d&#8217;un artiste qui, tout en affirmant vouloir ne plus produire d&#8217;oeuvres, repense la fonction de l&#8217;art \u00e0 partir de nombreux emprunts \u00e0 une culture fin-de-si\u00e8cle croisant anarchisme et symbolisme. S&#8217;appuyant pour partie sur les propos de Duchamp lors d&#8217;une fameuse conf\u00e9rence de 1957 consacr\u00e9e au \u00abprocessus cr\u00e9atif\u00bb, cet ouvrage examine le poids et la fonction de cet h\u00e9ritage dans lequel Duchamp puise non seulement des mod\u00e8les (m\u00e9dium, esth\u00e8te, thaumaturge), mais un esprit de transgression qui annon\u00e7ait, avant l&#8217;heure, une refonte radicale des notions d&#8217;auteur et de performance artistique, \u00e0 grande distance de la d\u00e9mystification de l&#8217;art annonc\u00e9e.<\/p>\n","protected":false},"excerpt":{"rendered":"<p>Figure incontournable de l&#8217;avant-garde du XX? si\u00e8cle, connu pour le geste iconoclaste du ready-made, Marcel Duchamp a trop vite \u00e9t\u00e9 lu et interpr\u00e9t\u00e9 comme un artiste de la fin de l&#8217;art. Duchamp serait celui qui voulait, selon ses propres mots, \u00abliquider compl\u00e8tement l&#8217;art\u00bb ou \u00abtourner l&#8217;art en d\u00e9rision\u00bb. Mais, \u00e0 le suivre dans ses oeuvres [&hellip;]<\/p>\n","protected":false},"featured_media":44908,"template":"","meta":[],"product_cat":[2948],"product_tag":[],"acf":[],"yoast_head":"<!-- This site is optimized with the Yoast SEO plugin v20.11 - https:\/\/yoast.com\/wordpress\/plugins\/seo\/ -->\n<title>Marcel Duchamp : La magie de l&#039;art - Librairie 7L<\/title>\n<meta name=\"robots\" content=\"index, follow, max-snippet:-1, max-image-preview:large, max-video-preview:-1\" \/>\n<link rel=\"canonical\" href=\"https:\/\/librairie7l.com\/en\/produit\/marcel-duchamp-la-magie-de-lart-2\/\" \/>\n<meta property=\"og:locale\" content=\"en_US\" \/>\n<meta property=\"og:type\" content=\"article\" \/>\n<meta property=\"og:title\" content=\"Marcel Duchamp : La magie de l&#039;art - Librairie 7L\" \/>\n<meta property=\"og:description\" content=\"Figure incontournable de l&#8217;avant-garde du XX? si\u00e8cle, connu pour le geste iconoclaste du ready-made, Marcel Duchamp a trop vite \u00e9t\u00e9 lu et interpr\u00e9t\u00e9 comme un artiste de la fin de l&#8217;art. Duchamp serait celui qui voulait, selon ses propres mots, \u00abliquider compl\u00e8tement l&#8217;art\u00bb ou \u00abtourner l&#8217;art en d\u00e9rision\u00bb. Mais, \u00e0 le suivre dans ses oeuvres [&hellip;]\" \/>\n<meta property=\"og:url\" content=\"https:\/\/librairie7l.com\/en\/produit\/marcel-duchamp-la-magie-de-lart-2\/\" \/>\n<meta property=\"og:site_name\" content=\"Librairie 7L\" \/>\n<meta property=\"article:modified_time\" content=\"2026-04-04T13:38:33+00:00\" \/>\n<meta property=\"og:image\" content=\"https:\/\/librairie7l.com\/wp-content\/uploads\/2024\/05\/9782073057518_1_75.jpg\" \/>\n\t<meta property=\"og:image:width\" content=\"600\" \/>\n\t<meta property=\"og:image:height\" content=\"824\" \/>\n\t<meta property=\"og:image:type\" content=\"image\/jpeg\" \/>\n<meta name=\"twitter:card\" content=\"summary_large_image\" \/>\n<meta name=\"twitter:label1\" content=\"Est. reading time\" \/>\n\t<meta name=\"twitter:data1\" content=\"1 minute\" \/>\n<script type=\"application\/ld+json\" class=\"yoast-schema-graph\">{\"@context\":\"https:\/\/schema.org\",\"@graph\":[{\"@type\":\"WebPage\",\"@id\":\"https:\/\/librairie7l.com\/en\/produit\/marcel-duchamp-la-magie-de-lart-2\/\",\"url\":\"https:\/\/librairie7l.com\/en\/produit\/marcel-duchamp-la-magie-de-lart-2\/\",\"name\":\"Marcel Duchamp : La magie de l'art - Librairie 7L\",\"isPartOf\":{\"@id\":\"https:\/\/librairie7l.com\/en\/#website\"},\"datePublished\":\"2024-12-06T08:18:05+00:00\",\"dateModified\":\"2026-04-04T13:38:33+00:00\",\"breadcrumb\":{\"@id\":\"https:\/\/librairie7l.com\/en\/produit\/marcel-duchamp-la-magie-de-lart-2\/#breadcrumb\"},\"inLanguage\":\"en-US\",\"potentialAction\":[{\"@type\":\"ReadAction\",\"target\":[\"https:\/\/librairie7l.com\/en\/produit\/marcel-duchamp-la-magie-de-lart-2\/\"]}]},{\"@type\":\"BreadcrumbList\",\"@id\":\"https:\/\/librairie7l.com\/en\/produit\/marcel-duchamp-la-magie-de-lart-2\/#breadcrumb\",\"itemListElement\":[{\"@type\":\"ListItem\",\"position\":1,\"name\":\"Accueil\",\"item\":\"https:\/\/librairie7l.com\/en\/\"},{\"@type\":\"ListItem\",\"position\":2,\"name\":\"Shop\",\"item\":\"https:\/\/librairie7l.com\/en\/shop\/\"},{\"@type\":\"ListItem\",\"position\":3,\"name\":\"MARCEL DUCHAMP : LA MAGIE DE L&#8217;ART\"}]},{\"@type\":\"WebSite\",\"@id\":\"https:\/\/librairie7l.com\/en\/#website\",\"url\":\"https:\/\/librairie7l.com\/en\/\",\"name\":\"Librairie 7L\",\"description\":\"Librairie fond\u00e9e en 1999 par Karl Lagerfeld \u00e0 Paris\",\"publisher\":{\"@id\":\"https:\/\/librairie7l.com\/en\/#organization\"},\"potentialAction\":[{\"@type\":\"SearchAction\",\"target\":{\"@type\":\"EntryPoint\",\"urlTemplate\":\"https:\/\/librairie7l.com\/en\/?s={search_term_string}\"},\"query-input\":\"required name=search_term_string\"}],\"inLanguage\":\"en-US\"},{\"@type\":\"Organization\",\"@id\":\"https:\/\/librairie7l.com\/en\/#organization\",\"name\":\"Librairie 7L\",\"url\":\"https:\/\/librairie7l.com\/en\/\",\"logo\":{\"@type\":\"ImageObject\",\"inLanguage\":\"en-US\",\"@id\":\"https:\/\/librairie7l.com\/en\/#\/schema\/logo\/image\/\",\"url\":\"https:\/\/librairie7l.com\/wp-content\/uploads\/2022\/08\/logo-1.png\",\"contentUrl\":\"https:\/\/librairie7l.com\/wp-content\/uploads\/2022\/08\/logo-1.png\",\"width\":227,\"height\":301,\"caption\":\"Librairie 7L\"},\"image\":{\"@id\":\"https:\/\/librairie7l.com\/en\/#\/schema\/logo\/image\/\"}}]}<\/script>\n<!-- \/ Yoast SEO plugin. -->","yoast_head_json":{"title":"Marcel Duchamp : La magie de l'art - Librairie 7L","robots":{"index":"index","follow":"follow","max-snippet":"max-snippet:-1","max-image-preview":"max-image-preview:large","max-video-preview":"max-video-preview:-1"},"canonical":"https:\/\/librairie7l.com\/en\/produit\/marcel-duchamp-la-magie-de-lart-2\/","og_locale":"en_US","og_type":"article","og_title":"Marcel Duchamp : La magie de l'art - Librairie 7L","og_description":"Figure incontournable de l&#8217;avant-garde du XX? si\u00e8cle, connu pour le geste iconoclaste du ready-made, Marcel Duchamp a trop vite \u00e9t\u00e9 lu et interpr\u00e9t\u00e9 comme un artiste de la fin de l&#8217;art. Duchamp serait celui qui voulait, selon ses propres mots, \u00abliquider compl\u00e8tement l&#8217;art\u00bb ou \u00abtourner l&#8217;art en d\u00e9rision\u00bb. Mais, \u00e0 le suivre dans ses oeuvres [&hellip;]","og_url":"https:\/\/librairie7l.com\/en\/produit\/marcel-duchamp-la-magie-de-lart-2\/","og_site_name":"Librairie 7L","article_modified_time":"2026-04-04T13:38:33+00:00","og_image":[{"width":600,"height":824,"url":"https:\/\/librairie7l.com\/wp-content\/uploads\/2024\/05\/9782073057518_1_75.jpg","type":"image\/jpeg"}],"twitter_card":"summary_large_image","twitter_misc":{"Est. reading time":"1 minute"},"schema":{"@context":"https:\/\/schema.org","@graph":[{"@type":"WebPage","@id":"https:\/\/librairie7l.com\/en\/produit\/marcel-duchamp-la-magie-de-lart-2\/","url":"https:\/\/librairie7l.com\/en\/produit\/marcel-duchamp-la-magie-de-lart-2\/","name":"Marcel Duchamp : La magie de l'art - Librairie 7L","isPartOf":{"@id":"https:\/\/librairie7l.com\/en\/#website"},"datePublished":"2024-12-06T08:18:05+00:00","dateModified":"2026-04-04T13:38:33+00:00","breadcrumb":{"@id":"https:\/\/librairie7l.com\/en\/produit\/marcel-duchamp-la-magie-de-lart-2\/#breadcrumb"},"inLanguage":"en-US","potentialAction":[{"@type":"ReadAction","target":["https:\/\/librairie7l.com\/en\/produit\/marcel-duchamp-la-magie-de-lart-2\/"]}]},{"@type":"BreadcrumbList","@id":"https:\/\/librairie7l.com\/en\/produit\/marcel-duchamp-la-magie-de-lart-2\/#breadcrumb","itemListElement":[{"@type":"ListItem","position":1,"name":"Accueil","item":"https:\/\/librairie7l.com\/en\/"},{"@type":"ListItem","position":2,"name":"Shop","item":"https:\/\/librairie7l.com\/en\/shop\/"},{"@type":"ListItem","position":3,"name":"MARCEL DUCHAMP : LA MAGIE DE L&#8217;ART"}]},{"@type":"WebSite","@id":"https:\/\/librairie7l.com\/en\/#website","url":"https:\/\/librairie7l.com\/en\/","name":"Librairie 7L","description":"Librairie fond\u00e9e en 1999 par Karl Lagerfeld \u00e0 Paris","publisher":{"@id":"https:\/\/librairie7l.com\/en\/#organization"},"potentialAction":[{"@type":"SearchAction","target":{"@type":"EntryPoint","urlTemplate":"https:\/\/librairie7l.com\/en\/?s={search_term_string}"},"query-input":"required name=search_term_string"}],"inLanguage":"en-US"},{"@type":"Organization","@id":"https:\/\/librairie7l.com\/en\/#organization","name":"Librairie 7L","url":"https:\/\/librairie7l.com\/en\/","logo":{"@type":"ImageObject","inLanguage":"en-US","@id":"https:\/\/librairie7l.com\/en\/#\/schema\/logo\/image\/","url":"https:\/\/librairie7l.com\/wp-content\/uploads\/2022\/08\/logo-1.png","contentUrl":"https:\/\/librairie7l.com\/wp-content\/uploads\/2022\/08\/logo-1.png","width":227,"height":301,"caption":"Librairie 7L"},"image":{"@id":"https:\/\/librairie7l.com\/en\/#\/schema\/logo\/image\/"}}]}},"_links":{"self":[{"href":"https:\/\/librairie7l.com\/en\/wp-json\/wp\/v2\/product\/44910"}],"collection":[{"href":"https:\/\/librairie7l.com\/en\/wp-json\/wp\/v2\/product"}],"about":[{"href":"https:\/\/librairie7l.com\/en\/wp-json\/wp\/v2\/types\/product"}],"wp:featuredmedia":[{"embeddable":true,"href":"https:\/\/librairie7l.com\/en\/wp-json\/wp\/v2\/media\/44908"}],"wp:attachment":[{"href":"https:\/\/librairie7l.com\/en\/wp-json\/wp\/v2\/media?parent=44910"}],"wp:term":[{"taxonomy":"product_cat","embeddable":true,"href":"https:\/\/librairie7l.com\/en\/wp-json\/wp\/v2\/product_cat?post=44910"},{"taxonomy":"product_tag","embeddable":true,"href":"https:\/\/librairie7l.com\/en\/wp-json\/wp\/v2\/product_tag?post=44910"}],"curies":[{"name":"wp","href":"https:\/\/api.w.org\/{rel}","templated":true}]}}