{"id":44914,"date":"2024-12-06T10:15:17","date_gmt":"2024-12-06T09:15:17","guid":{"rendered":"https:\/\/librairie7l.com\/?post_type=product&#038;p=44914"},"modified":"2026-05-03T00:45:02","modified_gmt":"2026-05-02T22:45:02","slug":"lartiste-chercheur-un-reve-americain-au-prisme-de-donald-judd-2","status":"publish","type":"product","link":"https:\/\/librairie7l.com\/en\/produit\/lartiste-chercheur-un-reve-americain-au-prisme-de-donald-judd-2\/","title":{"rendered":"L&#8217;ARTISTE-CHERCHEUR : UN R\u00caVE AM\u00c9RICAIN AU PRISME DE DONALD JUDD"},"content":{"rendered":"<p>Fruit de recherches men\u00e9es essentiellement aux \u00c9tats- Unis, cet ouvrage propose de revenir sur les d\u00e9cennies au cours desquelles est apparue la figure de l&#8217;\u00ab artisteuniversitaire \u00bb. D\u00e9cri\u00e9 en 1972 par Harold Rosenberg, ce fameux academic turn s&#8217;est depuis consid\u00e9rablement popularis\u00e9, normalis\u00e9 et internationalis\u00e9. Toutefois, les facteurs id\u00e9ologiques qui l&#8217;ont favoris\u00e9 restaient \u00e0 ce jour m\u00e9connus, tout comme les enjeux politiques, socio-\u00e9conomiques et \u00e9pist\u00e9mologiques qui l&#8217;ont port\u00e9.<br \/>\nL&#8217;investigation men\u00e9e dans Go to college.<br \/>\nDonald Judd et la fabrique de l&#8217;artiste-universitaire consiste \u00e0 d\u00e9terminer comment une autorit\u00e9 intellectuelle longtemps refus\u00e9e aux artistes am\u00e9ricains leur a \u00e9t\u00e9 si soudainement et si ostensiblement reconnue. M\u00ealant sociologie, culture visuelle, histoire politique, culturelle, \u00e9ducative, universitaire, m\u00e9diatique mais aussi militaire, syndicale, et populaire cette recherche met en lumi\u00e8re les conditions dans lesquelles ont germ\u00e9 de nouveaux id\u00e9aux pour la nation am\u00e9ricaine d\u00e8s la Seconde Guerre mondiale. \u00c9minemment politique, la figure de l&#8217;artisteuniversitaire est c\u00e9l\u00e9br\u00e9e pour la premi\u00e8re fois dans les ann\u00e9es 1960, d\u00e9pr\u00e9ci\u00e9e au cours des ann\u00e9es 1980 et 1990, avant d&#8217;\u00eatre valoris\u00e9e avec une nouvelle insistance depuis les ann\u00e9es 2000 alors que les r\u00e9formes de l&#8217;enseignement artistique europ\u00e9en s&#8217;alignent sur un mod\u00e8le universitaire devenu internationalement pr\u00e9dominant. Parce qu&#8217;elle est directement li\u00e9e \u00e0 la naissance du capitalisme cognitif et \u00e0 l&#8217;essor du paradigme de \u00ab recherche cr\u00e9ative \u00bb, la figure de l&#8217;artisteuniversitaire n&#8217;est en rien une construction appartenant au pass\u00e9.<br \/>\nCet ouvrage s&#8217;organise en trois chapitres qui, suivant un axe chronologique, explorent l&#8217;imaginaire o\u00f9 s&#8217;est foment\u00e9 ce r\u00eave universitaire am\u00e9ricain, puis s&#8217;attachent aux politiques plus pragmatiques de sa mise en oeuvre, avant d&#8217;\u00e9tudier par le biais sp\u00e9cifique de Donald Judd la mani\u00e8re dont il s&#8217;est m\u00e9tamorphos\u00e9. Bien que n&#8217;ayant jamais exerc\u00e9 de fonction universitaire, Donald Judd a vu sa notori\u00e9t\u00e9 directement li\u00e9e au r\u00e9cit qui faisait de lui un h\u00e9raut de \u00ab l&#8217;art \u00e9duqu\u00e9 \u00bb. L&#8217;autorit\u00e9 symbolique qui lui fut ainsi accord\u00e9e est largement sup\u00e9rieure \u00e0 celle dont a b\u00e9n\u00e9fici\u00e9 sa r\u00e9flexion sur la structure d\u00e9sordonn\u00e9e de l&#8217;histoire et sur la nature politique des r\u00e9gimes du visible.<br \/>\nAinsi, en se penchant sur des textes et fonds d&#8217;archives peu explor\u00e9s, et en se basant sur des entretiens men\u00e9s avec ceux qui furent ses proches et collaborateurs, ce livre propose de d\u00e9placer l&#8217;angle par lequel est traditionnellement appr\u00e9hend\u00e9e son oeuvre et d&#8217;analyser sous un jour nouveau l&#8217;\u00e9mergence de la figure de l&#8217;artisteuniveritaire.<\/p>\n","protected":false},"excerpt":{"rendered":"<p>Fruit de recherches men\u00e9es essentiellement aux \u00c9tats- Unis, cet ouvrage propose de revenir sur les d\u00e9cennies au cours desquelles est apparue la figure de l&#8217;\u00ab artisteuniversitaire \u00bb. D\u00e9cri\u00e9 en 1972 par Harold Rosenberg, ce fameux academic turn s&#8217;est depuis consid\u00e9rablement popularis\u00e9, normalis\u00e9 et internationalis\u00e9. Toutefois, les facteurs id\u00e9ologiques qui l&#8217;ont favoris\u00e9 restaient \u00e0 ce jour [&hellip;]<\/p>\n","protected":false},"featured_media":44912,"template":"","meta":[],"product_cat":[7364,2948],"product_tag":[],"acf":[],"yoast_head":"<!-- This site is optimized with the Yoast SEO plugin v20.11 - https:\/\/yoast.com\/wordpress\/plugins\/seo\/ -->\n<title>L&#039;artiste-chercheur : un r\u00eave am\u00e9ricain au prisme de Donald Judd - Librairie 7L<\/title>\n<meta name=\"robots\" content=\"index, follow, max-snippet:-1, max-image-preview:large, max-video-preview:-1\" \/>\n<link rel=\"canonical\" href=\"https:\/\/librairie7l.com\/en\/produit\/lartiste-chercheur-un-reve-americain-au-prisme-de-donald-judd-2\/\" \/>\n<meta property=\"og:locale\" content=\"en_US\" \/>\n<meta property=\"og:type\" content=\"article\" \/>\n<meta property=\"og:title\" content=\"L&#039;artiste-chercheur : un r\u00eave am\u00e9ricain au prisme de Donald Judd - Librairie 7L\" \/>\n<meta property=\"og:description\" content=\"Fruit de recherches men\u00e9es essentiellement aux \u00c9tats- Unis, cet ouvrage propose de revenir sur les d\u00e9cennies au cours desquelles est apparue la figure de l&#8217;\u00ab artisteuniversitaire \u00bb. D\u00e9cri\u00e9 en 1972 par Harold Rosenberg, ce fameux academic turn s&#8217;est depuis consid\u00e9rablement popularis\u00e9, normalis\u00e9 et internationalis\u00e9. Toutefois, les facteurs id\u00e9ologiques qui l&#8217;ont favoris\u00e9 restaient \u00e0 ce jour [&hellip;]\" \/>\n<meta property=\"og:url\" content=\"https:\/\/librairie7l.com\/en\/produit\/lartiste-chercheur-un-reve-americain-au-prisme-de-donald-judd-2\/\" \/>\n<meta property=\"og:site_name\" content=\"Librairie 7L\" \/>\n<meta property=\"article:modified_time\" content=\"2026-05-02T22:45:02+00:00\" \/>\n<meta property=\"og:image\" content=\"https:\/\/librairie7l.com\/wp-content\/uploads\/2018\/12\/9782490077113_1_75.jpg\" \/>\n\t<meta property=\"og:image:width\" content=\"600\" \/>\n\t<meta property=\"og:image:height\" content=\"896\" \/>\n\t<meta property=\"og:image:type\" content=\"image\/jpeg\" \/>\n<meta name=\"twitter:card\" content=\"summary_large_image\" \/>\n<meta name=\"twitter:label1\" content=\"Est. reading time\" \/>\n\t<meta name=\"twitter:data1\" content=\"2 minutes\" \/>\n<script type=\"application\/ld+json\" class=\"yoast-schema-graph\">{\"@context\":\"https:\/\/schema.org\",\"@graph\":[{\"@type\":\"WebPage\",\"@id\":\"https:\/\/librairie7l.com\/en\/produit\/lartiste-chercheur-un-reve-americain-au-prisme-de-donald-judd-2\/\",\"url\":\"https:\/\/librairie7l.com\/en\/produit\/lartiste-chercheur-un-reve-americain-au-prisme-de-donald-judd-2\/\",\"name\":\"L'artiste-chercheur : un r\u00eave am\u00e9ricain au prisme de Donald Judd - Librairie 7L\",\"isPartOf\":{\"@id\":\"https:\/\/librairie7l.com\/en\/#website\"},\"datePublished\":\"2024-12-06T09:15:17+00:00\",\"dateModified\":\"2026-05-02T22:45:02+00:00\",\"breadcrumb\":{\"@id\":\"https:\/\/librairie7l.com\/en\/produit\/lartiste-chercheur-un-reve-americain-au-prisme-de-donald-judd-2\/#breadcrumb\"},\"inLanguage\":\"en-US\",\"potentialAction\":[{\"@type\":\"ReadAction\",\"target\":[\"https:\/\/librairie7l.com\/en\/produit\/lartiste-chercheur-un-reve-americain-au-prisme-de-donald-judd-2\/\"]}]},{\"@type\":\"BreadcrumbList\",\"@id\":\"https:\/\/librairie7l.com\/en\/produit\/lartiste-chercheur-un-reve-americain-au-prisme-de-donald-judd-2\/#breadcrumb\",\"itemListElement\":[{\"@type\":\"ListItem\",\"position\":1,\"name\":\"Accueil\",\"item\":\"https:\/\/librairie7l.com\/en\/\"},{\"@type\":\"ListItem\",\"position\":2,\"name\":\"Shop\",\"item\":\"https:\/\/librairie7l.com\/en\/shop\/\"},{\"@type\":\"ListItem\",\"position\":3,\"name\":\"L&#8217;ARTISTE-CHERCHEUR : UN R\u00caVE AM\u00c9RICAIN AU PRISME DE DONALD JUDD\"}]},{\"@type\":\"WebSite\",\"@id\":\"https:\/\/librairie7l.com\/en\/#website\",\"url\":\"https:\/\/librairie7l.com\/en\/\",\"name\":\"Librairie 7L\",\"description\":\"Librairie fond\u00e9e en 1999 par Karl Lagerfeld \u00e0 Paris\",\"publisher\":{\"@id\":\"https:\/\/librairie7l.com\/en\/#organization\"},\"potentialAction\":[{\"@type\":\"SearchAction\",\"target\":{\"@type\":\"EntryPoint\",\"urlTemplate\":\"https:\/\/librairie7l.com\/en\/?s={search_term_string}\"},\"query-input\":\"required name=search_term_string\"}],\"inLanguage\":\"en-US\"},{\"@type\":\"Organization\",\"@id\":\"https:\/\/librairie7l.com\/en\/#organization\",\"name\":\"Librairie 7L\",\"url\":\"https:\/\/librairie7l.com\/en\/\",\"logo\":{\"@type\":\"ImageObject\",\"inLanguage\":\"en-US\",\"@id\":\"https:\/\/librairie7l.com\/en\/#\/schema\/logo\/image\/\",\"url\":\"https:\/\/librairie7l.com\/wp-content\/uploads\/2022\/08\/logo-1.png\",\"contentUrl\":\"https:\/\/librairie7l.com\/wp-content\/uploads\/2022\/08\/logo-1.png\",\"width\":227,\"height\":301,\"caption\":\"Librairie 7L\"},\"image\":{\"@id\":\"https:\/\/librairie7l.com\/en\/#\/schema\/logo\/image\/\"}}]}<\/script>\n<!-- \/ Yoast SEO plugin. -->","yoast_head_json":{"title":"L'artiste-chercheur : un r\u00eave am\u00e9ricain au prisme de Donald Judd - Librairie 7L","robots":{"index":"index","follow":"follow","max-snippet":"max-snippet:-1","max-image-preview":"max-image-preview:large","max-video-preview":"max-video-preview:-1"},"canonical":"https:\/\/librairie7l.com\/en\/produit\/lartiste-chercheur-un-reve-americain-au-prisme-de-donald-judd-2\/","og_locale":"en_US","og_type":"article","og_title":"L'artiste-chercheur : un r\u00eave am\u00e9ricain au prisme de Donald Judd - Librairie 7L","og_description":"Fruit de recherches men\u00e9es essentiellement aux \u00c9tats- Unis, cet ouvrage propose de revenir sur les d\u00e9cennies au cours desquelles est apparue la figure de l&#8217;\u00ab artisteuniversitaire \u00bb. D\u00e9cri\u00e9 en 1972 par Harold Rosenberg, ce fameux academic turn s&#8217;est depuis consid\u00e9rablement popularis\u00e9, normalis\u00e9 et internationalis\u00e9. Toutefois, les facteurs id\u00e9ologiques qui l&#8217;ont favoris\u00e9 restaient \u00e0 ce jour [&hellip;]","og_url":"https:\/\/librairie7l.com\/en\/produit\/lartiste-chercheur-un-reve-americain-au-prisme-de-donald-judd-2\/","og_site_name":"Librairie 7L","article_modified_time":"2026-05-02T22:45:02+00:00","og_image":[{"width":600,"height":896,"url":"https:\/\/librairie7l.com\/wp-content\/uploads\/2018\/12\/9782490077113_1_75.jpg","type":"image\/jpeg"}],"twitter_card":"summary_large_image","twitter_misc":{"Est. reading time":"2 minutes"},"schema":{"@context":"https:\/\/schema.org","@graph":[{"@type":"WebPage","@id":"https:\/\/librairie7l.com\/en\/produit\/lartiste-chercheur-un-reve-americain-au-prisme-de-donald-judd-2\/","url":"https:\/\/librairie7l.com\/en\/produit\/lartiste-chercheur-un-reve-americain-au-prisme-de-donald-judd-2\/","name":"L'artiste-chercheur : un r\u00eave am\u00e9ricain au prisme de Donald Judd - Librairie 7L","isPartOf":{"@id":"https:\/\/librairie7l.com\/en\/#website"},"datePublished":"2024-12-06T09:15:17+00:00","dateModified":"2026-05-02T22:45:02+00:00","breadcrumb":{"@id":"https:\/\/librairie7l.com\/en\/produit\/lartiste-chercheur-un-reve-americain-au-prisme-de-donald-judd-2\/#breadcrumb"},"inLanguage":"en-US","potentialAction":[{"@type":"ReadAction","target":["https:\/\/librairie7l.com\/en\/produit\/lartiste-chercheur-un-reve-americain-au-prisme-de-donald-judd-2\/"]}]},{"@type":"BreadcrumbList","@id":"https:\/\/librairie7l.com\/en\/produit\/lartiste-chercheur-un-reve-americain-au-prisme-de-donald-judd-2\/#breadcrumb","itemListElement":[{"@type":"ListItem","position":1,"name":"Accueil","item":"https:\/\/librairie7l.com\/en\/"},{"@type":"ListItem","position":2,"name":"Shop","item":"https:\/\/librairie7l.com\/en\/shop\/"},{"@type":"ListItem","position":3,"name":"L&#8217;ARTISTE-CHERCHEUR : UN R\u00caVE AM\u00c9RICAIN AU PRISME DE DONALD JUDD"}]},{"@type":"WebSite","@id":"https:\/\/librairie7l.com\/en\/#website","url":"https:\/\/librairie7l.com\/en\/","name":"Librairie 7L","description":"Librairie fond\u00e9e en 1999 par Karl Lagerfeld \u00e0 Paris","publisher":{"@id":"https:\/\/librairie7l.com\/en\/#organization"},"potentialAction":[{"@type":"SearchAction","target":{"@type":"EntryPoint","urlTemplate":"https:\/\/librairie7l.com\/en\/?s={search_term_string}"},"query-input":"required name=search_term_string"}],"inLanguage":"en-US"},{"@type":"Organization","@id":"https:\/\/librairie7l.com\/en\/#organization","name":"Librairie 7L","url":"https:\/\/librairie7l.com\/en\/","logo":{"@type":"ImageObject","inLanguage":"en-US","@id":"https:\/\/librairie7l.com\/en\/#\/schema\/logo\/image\/","url":"https:\/\/librairie7l.com\/wp-content\/uploads\/2022\/08\/logo-1.png","contentUrl":"https:\/\/librairie7l.com\/wp-content\/uploads\/2022\/08\/logo-1.png","width":227,"height":301,"caption":"Librairie 7L"},"image":{"@id":"https:\/\/librairie7l.com\/en\/#\/schema\/logo\/image\/"}}]}},"_links":{"self":[{"href":"https:\/\/librairie7l.com\/en\/wp-json\/wp\/v2\/product\/44914"}],"collection":[{"href":"https:\/\/librairie7l.com\/en\/wp-json\/wp\/v2\/product"}],"about":[{"href":"https:\/\/librairie7l.com\/en\/wp-json\/wp\/v2\/types\/product"}],"wp:featuredmedia":[{"embeddable":true,"href":"https:\/\/librairie7l.com\/en\/wp-json\/wp\/v2\/media\/44912"}],"wp:attachment":[{"href":"https:\/\/librairie7l.com\/en\/wp-json\/wp\/v2\/media?parent=44914"}],"wp:term":[{"taxonomy":"product_cat","embeddable":true,"href":"https:\/\/librairie7l.com\/en\/wp-json\/wp\/v2\/product_cat?post=44914"},{"taxonomy":"product_tag","embeddable":true,"href":"https:\/\/librairie7l.com\/en\/wp-json\/wp\/v2\/product_tag?post=44914"}],"curies":[{"name":"wp","href":"https:\/\/api.w.org\/{rel}","templated":true}]}}